{"id":7690,"date":"2022-05-25T12:04:36","date_gmt":"2022-05-25T10:04:36","guid":{"rendered":"https:\/\/www1.kkl.si\/?page_id=7690"},"modified":"2022-05-25T12:06:04","modified_gmt":"2022-05-25T10:06:04","slug":"a-lendvai-ketnyelvu-kozepiskola-diakjainak-es-tanarainak-filmestje","status":"publish","type":"page","link":"https:\/\/www1.kkl.si\/hu\/a-lendvai-ketnyelvu-kozepiskola-diakjainak-es-tanarainak-filmestje\/","title":{"rendered":"A Lendvai K\u00e9tnyelv\u0171 K\u00f6z\u00e9piskola di\u00e1kjainak \u00e9s tan\u00e1rainak filmestje"},"content":{"rendered":"<div class=\"opis\"><strong><img loading=\"lazy\" decoding=\"async\" class=\"wp-image-1588 alignright\" title=\"Ingyenes rendezv\u00e9ny\" src=\"https:\/\/www1.kkl.si\/wp-content\/uploads\/\/2020\/07\/spored_simb_brezplacna-1.svg\" alt=\"brezplacna\" width=\"40\" height=\"40\" srcset=\"https:\/\/www1.kkl.si\/wp-content\/uploads\/\/2020\/07\/spored_simb_brezplacna-1.svg 150w, https:\/\/www1.kkl.si\/wp-content\/uploads\/\/2020\/07\/spored_simb_brezplacna-1.svg 400w, https:\/\/www1.kkl.si\/wp-content\/uploads\/\/2020\/07\/spored_simb_brezplacna-1.svg 1500w, https:\/\/www1.kkl.si\/wp-content\/uploads\/\/2020\/07\/spored_simb_brezplacna-1.svg 100w\" sizes=\"auto, (max-width: 40px) 100vw, 40px\" \/><\/strong>\u00a0<i class=\"fas fa-calendar\"><\/i> <strong>2022. m\u00e1jus 27. p\u00e9ntek | <span class=\"zanr\">film<\/span><br \/>\n<\/strong><i class=\"fas fa-clock\"><\/i> <strong>18.00<\/strong> <br \/>\n<i class=\"fas fa-map-marker\"><\/i> Helysz\u00edn: Lendvai Sz\u00ednh\u00e1z- \u00e9s Hangversenyterem<br \/>\n<i class=\"fas fa-chevron-circle-right\"><\/i> Szervez\u0151: <a href=\"https:\/\/www.dssl.si\/\">DS\u0160 Lendava\/KKI, Lendva<\/a><\/div>\n<p>Szeretettel megh\u00edvjuk \u00d6n\u00f6ket a Lendvai K\u00e9tnyelv\u0171 K\u00f6z\u00e9piskola di\u00e1kjainak \u00e9s tan\u00e1rainak filmestj\u00e9re, amely 2022. m\u00e1jus 27-\u00e9n, p\u00e9nteken 18 \u00f3rakor lesz a Lendvai Sz\u00ednh\u00e1z- \u00e9s Hangversenyteremben.<\/p>\n<p>Filmklubunk 2014-ben indult, amikor a di\u00e1kok \u00e9s a tan\u00e1rok Nyikolaj Vasziljevics Gogol <em>A revizor<\/em> c\u00edm\u0171 v\u00edgj\u00e1t\u00e9ka alapj\u00e1n elk\u00e9sz\u00edtett\u00e9k az <em><strong>\u201eIn\u0161pektor\u201d<\/strong><\/em> c\u00edm\u0171 j\u00e1t\u00e9kfilmet.<\/p>\n<p>Az\u00f3ta t\u00f6bb tucatnyi film k\u00e9sz\u00fclt, mi pedig n\u00e9gy olyan r\u00f6vid j\u00e1t\u00e9kfilmet v\u00e1logattunk \u00f6ssze, amelyek 1. helyez\u00e9st vagy k\u00fcl\u00f6nd\u00edjat nyertek az <em>Irodalom a filmen<\/em> c\u00edm\u0171 orsz\u00e1gos, valamint a fent eml\u00edtett \u00fatt\u00f6r\u0151 filmet, az \u201eIn\u0161pektort\u201d, vagyis Ellen\u0151rt.<\/p>\n<p>Lehetetlen lenne felsorolni mindazokat, akik az elm\u00falt nyolc \u00e9v sor\u00e1n r\u00e9szt vettek a filmk\u00f6rben, de megragadn\u00e1nk az alkalmat, hogy k\u00fcl\u00f6n megeml\u00edts\u00fck a n\u00e9hai <em>Marko Ko\u010dar<\/em> k\u00f6lt\u0151t \u00e9s humorist\u00e1t, aki az <em><strong>In\u0161pektor<\/strong><\/em> c\u00edm\u0171 film f\u0151szerep\u00e9t j\u00e1tszotta.<\/p>\n<p>Szeretettel megh\u00edvjuk \u00d6n\u00f6ket, hogy csatlakozzanak hozz\u00e1nk \u00e9s tekints\u00e9k meg filmjeinket.<\/p>\n<div>\u00a0<\/div>\n<div><a href=\"https:\/\/www1.kkl.si\/wp-content\/uploads\/2022\/05\/filmski_vecer_igranih_filmov_DSSL_2022_hu.jpg\" data-lbwps-width=\"1768\" data-lbwps-height=\"2500\" data-lbwps-srcsmall=\"https:\/\/www1.kkl.si\/wp-content\/uploads\/2022\/05\/filmski_vecer_igranih_filmov_DSSL_2022_hu-283x400.jpg\"><img loading=\"lazy\" decoding=\"async\" class=\"slika alignnone wp-image-7636 size-large\" src=\"https:\/\/www1.kkl.si\/wp-content\/uploads\/2022\/05\/filmski_vecer_igranih_filmov_DSSL_2022_hu-1061x1500.jpg\" alt=\"\" width=\"1061\" height=\"1500\" srcset=\"https:\/\/www1.kkl.si\/wp-content\/uploads\/2022\/05\/filmski_vecer_igranih_filmov_DSSL_2022_hu-1061x1500.jpg 1061w, https:\/\/www1.kkl.si\/wp-content\/uploads\/2022\/05\/filmski_vecer_igranih_filmov_DSSL_2022_hu-283x400.jpg 283w, https:\/\/www1.kkl.si\/wp-content\/uploads\/2022\/05\/filmski_vecer_igranih_filmov_DSSL_2022_hu.jpg 1768w\" sizes=\"auto, (max-width: 1061px) 100vw, 1061px\" \/><\/a><\/div>\n","protected":false},"excerpt":{"rendered":"<p>\u00a0 2022. m\u00e1jus 27. p\u00e9ntek | film 18.00 Helysz\u00edn: Lendvai Sz\u00ednh\u00e1z- \u00e9s Hangversenyterem Szervez\u0151: DS\u0160 Lendava\/KKI, Lendva Szeretettel megh\u00edvjuk \u00d6n\u00f6ket a Lendvai K\u00e9tnyelv\u0171 K\u00f6z\u00e9piskola di\u00e1kjainak \u00e9s tan\u00e1rainak filmestj\u00e9re, amely 2022. m\u00e1jus 27-\u00e9n, p\u00e9nteken 18 \u00f3rakor lesz a Lendvai Sz\u00ednh\u00e1z- \u00e9s Hangversenyteremben. Filmklubunk 2014-ben indult, amikor a di\u00e1kok \u00e9s a tan\u00e1rok Nyikolaj Vasziljevics Gogol A revizor [&hellip;]<\/p>\n","protected":false},"author":2,"featured_media":7636,"parent":0,"menu_order":0,"comment_status":"closed","ping_status":"closed","template":"","meta":{"footnotes":""},"class_list":["post-7690","page","type-page","status-publish","has-post-thumbnail","hentry","post","post-with-thumbnail","post-with-thumbnail-icon"],"_links":{"self":[{"href":"https:\/\/www1.kkl.si\/hu\/wp-json\/wp\/v2\/pages\/7690","targetHints":{"allow":["GET"]}}],"collection":[{"href":"https:\/\/www1.kkl.si\/hu\/wp-json\/wp\/v2\/pages"}],"about":[{"href":"https:\/\/www1.kkl.si\/hu\/wp-json\/wp\/v2\/types\/page"}],"author":[{"embeddable":true,"href":"https:\/\/www1.kkl.si\/hu\/wp-json\/wp\/v2\/users\/2"}],"replies":[{"embeddable":true,"href":"https:\/\/www1.kkl.si\/hu\/wp-json\/wp\/v2\/comments?post=7690"}],"version-history":[{"count":3,"href":"https:\/\/www1.kkl.si\/hu\/wp-json\/wp\/v2\/pages\/7690\/revisions"}],"predecessor-version":[{"id":7693,"href":"https:\/\/www1.kkl.si\/hu\/wp-json\/wp\/v2\/pages\/7690\/revisions\/7693"}],"wp:featuredmedia":[{"embeddable":true,"href":"https:\/\/www1.kkl.si\/hu\/wp-json\/wp\/v2\/media\/7636"}],"wp:attachment":[{"href":"https:\/\/www1.kkl.si\/hu\/wp-json\/wp\/v2\/media?parent=7690"}],"curies":[{"name":"wp","href":"https:\/\/api.w.org\/{rel}","templated":true}]}}