{"id":7940,"date":"2022-06-21T09:30:38","date_gmt":"2022-06-21T07:30:38","guid":{"rendered":"https:\/\/www1.kkl.si\/?page_id=7940"},"modified":"2023-12-12T11:59:49","modified_gmt":"2023-12-12T10:59:49","slug":"az-allamisag-napja-2022-es-balett-a-csillagok-alatt","status":"publish","type":"page","link":"https:\/\/www1.kkl.si\/hu\/az-allamisag-napja-2022-es-balett-a-csillagok-alatt\/","title":{"rendered":"Az \u00e1llamis\u00e1g napja 2022 \u00e9s Balett a csillagok alatt"},"content":{"rendered":"<div class=\"opis\"><strong><img loading=\"lazy\" decoding=\"async\" class=\"wp-image-1588 alignright\" title=\"Ingyenes rendezv\u00e9ny\" src=\"https:\/\/www1.kkl.si\/wp-content\/uploads\/\/2020\/07\/spored_simb_brezplacna-1.svg\" alt=\"brezplacna\" width=\"40\" height=\"40\" srcset=\"https:\/\/www1.kkl.si\/wp-content\/uploads\/\/2020\/07\/spored_simb_brezplacna-1.svg 150w, https:\/\/www1.kkl.si\/wp-content\/uploads\/\/2020\/07\/spored_simb_brezplacna-1.svg 400w, https:\/\/www1.kkl.si\/wp-content\/uploads\/\/2020\/07\/spored_simb_brezplacna-1.svg 1500w, https:\/\/www1.kkl.si\/wp-content\/uploads\/\/2020\/07\/spored_simb_brezplacna-1.svg 100w\" sizes=\"auto, (max-width: 40px) 100vw, 40px\" \/><i class=\"fas fa-calendar\"><\/i> <\/strong><strong>2022. j\u00fanius 23. cs\u00fct\u00f6rt\u00f6k | <span class=\"zanr\">kultur\u00e1lis rendezv\u00e9ny \u00e9s balett<\/span><br \/>\n<i class=\"fas fa-clock\"><\/i> <\/strong><strong>20<\/strong><strong>.00<br \/>\n<i class=\"fas fa-clock\"><\/i> 21.00<\/strong> (balett)<br \/>\n<i class=\"fas fa-map-marker\"><\/i> Helysz\u00edn: A Lendvai Sz\u00ednh\u00e1z- \u00e9s Hangversenyterem szabadt\u00e9ri sz\u00ednpada<br \/>\n<i class=\"fas fa-chevron-circle-right\"><\/i> Szervez\u0151k: <a href=\"https:\/\/www.lendava.si\/\">Ob\u010dina Lendava\/Lendva K\u00f6zs\u00e9g<\/a>, <a href=\"http:\/\/www.zvvs.si\/\">Obmo\u010dno zdru\u017eenje veteranov vojne za Slovenijo Lendava<\/a>, <a href=\"http:\/\/www.zsc.si\/location\/ozsc-lendava\/\">Obmo\u010dno zdru\u017eenje slovenskih \u010dastnikov Lendava<\/a>, <a href=\"https:\/\/www.sever-pomurje.si\/\">Policijsko veteransko dru\u0161tvo \u201cSEVER\u201d za Pomurje<\/a>, <a href=\"https:\/\/www.kkl.si\/\">Knji\u017enica \u2013 Kulturni center Lendava \u2013 Lendvai K\u00f6nyvt\u00e1r \u00e9s Kultur\u00e1lis K\u00f6zpont<\/a>, <a href=\"https:\/\/www.dbus.si\/\">DBUS \u2013 Dru\u0161tvo baletnih umetnikov Slovenije<\/a><\/div>\n<div>\u00a0<\/div>\n<div>\n<p><a href=\"https:\/\/www1.kkl.si\/wp-content\/uploads\/2022\/06\/plakat_dan_drzavnosti_2022_70cm_B.png\" data-lbwps-width=\"2857\" data-lbwps-height=\"4000\" data-lbwps-srcsmall=\"https:\/\/www1.kkl.si\/wp-content\/uploads\/2022\/06\/plakat_dan_drzavnosti_2022_70cm_B-286x400.png\"><img loading=\"lazy\" decoding=\"async\" class=\"slika alignright wp-image-7906\" src=\"https:\/\/www1.kkl.si\/wp-content\/uploads\/2022\/06\/plakat_dan_drzavnosti_2022_70cm_B-1071x1500.png\" alt=\"\" width=\"600\" height=\"840\" srcset=\"https:\/\/www1.kkl.si\/wp-content\/uploads\/2022\/06\/plakat_dan_drzavnosti_2022_70cm_B-1071x1500.png 1071w, https:\/\/www1.kkl.si\/wp-content\/uploads\/2022\/06\/plakat_dan_drzavnosti_2022_70cm_B-286x400.png 286w\" sizes=\"auto, (max-width: 600px) 100vw, 600px\" \/><\/a>Megh\u00edvjuk \u00f6n\u00f6ket az \u00e1llamis\u00e1g napja alkalm\u00e1b\u00f3l, a lendvai Sz\u00ednh\u00e1z- \u00e9s Hangversenyterem ny\u00e1ri sz\u00ednpad\u00e1n, <strong>2022. j\u00fanius 23-i, 20 \u00f3rakor<\/strong> kezd\u0151d\u0151 k\u00f6zponti \u00fcnnepi rendezv\u00e9nyre.<\/p>\n<p>Az esem\u00e9ny \u00fcnnepi sz\u00f3noka <em>Branko Bratkovi\u010d<\/em>, a szlov\u00e9n fegyveres er\u0151k nyugalmazott \u0151rnagya, a Szlov\u00e9ni\u00e1\u00e9rt v\u00edvott h\u00e1bor\u00fa veter\u00e1nja lesz.<\/p>\n<p>A hagyom\u00e1nyokhoz h\u00edven, az \u00e1llamis\u00e1g napj\u00e1hoz kapcsol\u00f3d\u00f3an, a lendvai Sz\u00ednh\u00e1z- \u00e9s Hangversenyterem ny\u00e1ri sz\u00ednpad\u00e1n, a <strong>21 \u00f3rakor<\/strong> kezd\u0151d\u0151, <strong>Balett a csillagok<\/strong> alatt el\u0151ad\u00e1st l\u00e1tjuk vend\u00e9g\u00fcl.<\/p>\n<p>&nbsp;<\/p>\n<p><span style=\"font-size: 28px;\">Balett a csillagok alatt<\/span><br \/>\n<span style=\"font-size: 28px;\">PROGRAM<\/span><\/p>\n<p><strong>BALETT-KONCERT LENDV\u00c1N, 2022. 6. 23.<\/strong><\/p>\n<p>\n<span style=\"color: #c00000;\"><strong>DON KIHOT, Grand pas de deux<\/strong><\/span><br \/>\nZene: Ludwig Minkus<br \/>\nKoreogr\u00e1fia: Marius Petipa<br \/>\n<strong>Asami Nakashima, Jan Trnini\u010d<\/strong><\/p>\n<p><span style=\"color: #c00000;\"><strong>POMLADNA RAZIGRANOST\/TAVASZI J\u00c1T\u00c9KOSS\u00c1G<\/strong><\/span> <br \/>\nZene: Pjotr Iljics Csajkovszkij<br \/>\nKoreogr\u00e1fia: Brina Gerebic <br \/>\n<strong>Brina Gerebic<\/strong><\/p>\n<p><span style=\"color: #c00000;\"><strong>BRINDISI<\/strong><\/span><br \/>\nZene: Giuseppe Verdi<br \/>\nKoreogr\u00e1fia: Toma\u017e Golub<br \/>\n<strong>Satomi Netsu Pilca, Toma\u017e Golub<\/strong><\/p>\n<p><span style=\"color: #c00000;\"><strong>SYLVIA, variacija<\/strong><\/span><br \/>\nZene: Leo Delibes<br \/>\nKoreogr\u00e1fia: Marius Petipa<br \/>\n<strong>Yuya Omaki<\/strong><\/p>\n<p><span style=\"color: #c00000;\"><strong>PAQUITA, variacija<\/strong><\/span><br \/>\nZene: Ludwig Minkus<br \/>\nKoreogr\u00e1fia: Marius Petipa<br \/>\n<strong>Beatrice Bartolomei<\/strong><\/p>\n<div id=\"attachment_7959\" style=\"width: 610px\" class=\"wp-caption alignright\"><a href=\"https:\/\/www1.kkl.si\/wp-content\/uploads\/2022\/06\/Balet_pod-zvezdami_Miran_Dominko.jpg\" data-lbwps-width=\"2000\" data-lbwps-height=\"1328\" data-lbwps-srcsmall=\"https:\/\/www1.kkl.si\/wp-content\/uploads\/2022\/06\/Balet_pod-zvezdami_Miran_Dominko-400x266.jpg\"><img loading=\"lazy\" decoding=\"async\" aria-describedby=\"caption-attachment-7959\" class=\"wp-image-7959\" src=\"https:\/\/www1.kkl.si\/wp-content\/uploads\/2022\/06\/Balet_pod-zvezdami_Miran_Dominko-1500x996.jpg\" alt=\"\" width=\"600\" height=\"398\" srcset=\"https:\/\/www1.kkl.si\/wp-content\/uploads\/2022\/06\/Balet_pod-zvezdami_Miran_Dominko-1500x996.jpg 1500w, https:\/\/www1.kkl.si\/wp-content\/uploads\/2022\/06\/Balet_pod-zvezdami_Miran_Dominko-400x266.jpg 400w, https:\/\/www1.kkl.si\/wp-content\/uploads\/2022\/06\/Balet_pod-zvezdami_Miran_Dominko.jpg 2000w\" sizes=\"auto, (max-width: 600px) 100vw, 600px\" \/><\/a><p id=\"caption-attachment-7959\" class=\"wp-caption-text\">Foto\/fot\u00f3: Miran Dominko<\/p><\/div>\n<p><span style=\"color: #c00000;\"><strong>SATANELLA, variacija<\/strong><\/span><br \/>\nZene: Cesare Pugni<br \/>\nKoreogr\u00e1fia: Marius Petipa<br \/>\n<strong>Matteo Magalotti<\/strong><\/p>\n<p><span style=\"color: #c00000;\"><strong>NOT OUR TIME<\/strong><\/span><br \/>\nZene: Frederic Chopin<br \/>\nKoreogr\u00e1fia: Toma\u017e Golub<br \/>\n<strong>Satomi Netsu Pilca, Toma\u017e Golub<\/strong><\/p>\n<p><span style=\"color: #c00000;\"><strong>LJUBEZEN\/SZERELEM<\/strong><\/span> <br \/>\nZene: Adele<br \/>\nKoreogr\u00e1fia: Brina Gerebic <br \/>\n<strong>Brina Gerebic<\/strong><\/p>\n<p><span style=\"color: #c00000;\"><strong>CARMEN<\/strong><\/span><br \/>\nZene: Georges Bizet<br \/>\nKoreogr\u00e1fia: Valentina Turcu<br \/>\n<strong>Beatrice Bartolomei, Andrea Schifano<\/strong><\/p>\n<p><span style=\"color: #c00000;\"><strong>GUSAR, Pas de trois<\/strong><\/span><br \/>\nZene: Adolph Adam<br \/>\nKoreogr\u00e1fia: Marius Petipa<br \/>\n<strong>Asami Nakashima, Monja Obrul, Yuya Omaki<\/strong><\/p>\n<\/div>\n","protected":false},"excerpt":{"rendered":"<p>2022. j\u00fanius 23. cs\u00fct\u00f6rt\u00f6k | kultur\u00e1lis rendezv\u00e9ny \u00e9s balett 20.00 21.00 (balett) Helysz\u00edn: A Lendvai Sz\u00ednh\u00e1z- \u00e9s Hangversenyterem szabadt\u00e9ri sz\u00ednpada Szervez\u0151k: Ob\u010dina Lendava\/Lendva K\u00f6zs\u00e9g, Obmo\u010dno zdru\u017eenje veteranov vojne za Slovenijo Lendava, Obmo\u010dno zdru\u017eenje slovenskih \u010dastnikov Lendava, Policijsko veteransko dru\u0161tvo \u201cSEVER\u201d za Pomurje, Knji\u017enica \u2013 Kulturni center Lendava \u2013 Lendvai K\u00f6nyvt\u00e1r \u00e9s Kultur\u00e1lis K\u00f6zpont, DBUS \u2013 [&hellip;]<\/p>\n","protected":false},"author":2,"featured_media":13177,"parent":0,"menu_order":0,"comment_status":"closed","ping_status":"closed","template":"","meta":{"footnotes":""},"class_list":["post-7940","page","type-page","status-publish","has-post-thumbnail","hentry","post","post-with-thumbnail","post-with-thumbnail-icon"],"_links":{"self":[{"href":"https:\/\/www1.kkl.si\/hu\/wp-json\/wp\/v2\/pages\/7940","targetHints":{"allow":["GET"]}}],"collection":[{"href":"https:\/\/www1.kkl.si\/hu\/wp-json\/wp\/v2\/pages"}],"about":[{"href":"https:\/\/www1.kkl.si\/hu\/wp-json\/wp\/v2\/types\/page"}],"author":[{"embeddable":true,"href":"https:\/\/www1.kkl.si\/hu\/wp-json\/wp\/v2\/users\/2"}],"replies":[{"embeddable":true,"href":"https:\/\/www1.kkl.si\/hu\/wp-json\/wp\/v2\/comments?post=7940"}],"version-history":[{"count":6,"href":"https:\/\/www1.kkl.si\/hu\/wp-json\/wp\/v2\/pages\/7940\/revisions"}],"predecessor-version":[{"id":7957,"href":"https:\/\/www1.kkl.si\/hu\/wp-json\/wp\/v2\/pages\/7940\/revisions\/7957"}],"wp:featuredmedia":[{"embeddable":true,"href":"https:\/\/www1.kkl.si\/hu\/wp-json\/wp\/v2\/media\/13177"}],"wp:attachment":[{"href":"https:\/\/www1.kkl.si\/hu\/wp-json\/wp\/v2\/media?parent=7940"}],"curies":[{"name":"wp","href":"https:\/\/api.w.org\/{rel}","templated":true}]}}