{"id":8101,"date":"2022-07-04T15:45:09","date_gmt":"2022-07-04T13:45:09","guid":{"rendered":"https:\/\/www1.kkl.si\/?page_id=8101"},"modified":"2022-07-04T15:48:50","modified_gmt":"2022-07-04T13:48:50","slug":"zsido-lelek-utazas-a-zsido-kantori-haszid-es-jiddis-zene-vilagaba","status":"publish","type":"page","link":"https:\/\/www1.kkl.si\/hu\/zsido-lelek-utazas-a-zsido-kantori-haszid-es-jiddis-zene-vilagaba\/","title":{"rendered":"Zsid\u00f3 l\u00e9lek \u2013 utaz\u00e1s a zsid\u00f3 k\u00e1ntori, haszid \u00e9s jiddis zene vil\u00e1g\u00e1ba"},"content":{"rendered":"<div class=\"opis\"><strong><img loading=\"lazy\" decoding=\"async\" class=\"wp-image-1588 alignright\" title=\"Ingyenes rendezv\u00e9ny\" src=\"https:\/\/www1.kkl.si\/wp-content\/uploads\/\/2020\/07\/spored_simb_brezplacna-1.svg\" alt=\"brezplacna\" width=\"40\" height=\"40\" srcset=\"https:\/\/www1.kkl.si\/wp-content\/uploads\/\/2020\/07\/spored_simb_brezplacna-1.svg 150w, https:\/\/www1.kkl.si\/wp-content\/uploads\/\/2020\/07\/spored_simb_brezplacna-1.svg 400w, https:\/\/www1.kkl.si\/wp-content\/uploads\/\/2020\/07\/spored_simb_brezplacna-1.svg 1500w, https:\/\/www1.kkl.si\/wp-content\/uploads\/\/2020\/07\/spored_simb_brezplacna-1.svg 100w\" sizes=\"auto, (max-width: 40px) 100vw, 40px\" \/><i class=\"fas fa-calendar\"><\/i> <\/strong><strong>2022. j\u00falius 4. h\u00e9tf\u0151 | <span class=\"zanr\">koncert<\/span><br \/>\n<i class=\"fas fa-clock\"><\/i> <\/strong><strong>19<\/strong><strong>.00<\/strong><br \/>\n<i class=\"fas fa-map-marker\"><\/i> Helysz\u00edn: Lendvai Zsinag\u00f3ga<br \/>\n<i class=\"fas fa-chevron-circle-right\"><\/i> Szervez\u0151: <a href=\"https:\/\/judovskozdruzenje.si\/\">Judovsko zdru\u017eenje Slovenije \u2013 skupnost tradicionalnih Judov\/Szlov\u00e9niai Zsid\u00f3 sz\u00f6vets\u00e9g \u2013 ortodox Zsid\u00f3 k\u00f6z\u00f6ss\u00e9g<\/a> \u00e9s <a href=\"https:\/\/www.lendava.si\/\">Ob\u010dina Lendava\/Lendva K\u00f6zs\u00e9g<\/a><\/div>\n<p><a href=\"https:\/\/www1.kkl.si\/wp-content\/uploads\/2022\/07\/Vabilo_Judovska_dusa_koncert_04_07_2022_SI-HU.jpg\" data-lbwps-width=\"1748\" data-lbwps-height=\"1748\" data-lbwps-srcsmall=\"https:\/\/www1.kkl.si\/wp-content\/uploads\/2022\/07\/Vabilo_Judovska_dusa_koncert_04_07_2022_SI-HU-400x400.jpg\"><img loading=\"lazy\" decoding=\"async\" class=\"alignright wp-image-8089 size-thumbnail\" src=\"https:\/\/www1.kkl.si\/wp-content\/uploads\/2022\/07\/Vabilo_Judovska_dusa_koncert_04_07_2022_SI-HU-150x150.jpg\" alt=\"\" width=\"150\" height=\"150\" srcset=\"https:\/\/www1.kkl.si\/wp-content\/uploads\/2022\/07\/Vabilo_Judovska_dusa_koncert_04_07_2022_SI-HU-150x150.jpg 150w, https:\/\/www1.kkl.si\/wp-content\/uploads\/2022\/07\/Vabilo_Judovska_dusa_koncert_04_07_2022_SI-HU-400x400.jpg 400w, https:\/\/www1.kkl.si\/wp-content\/uploads\/2022\/07\/Vabilo_Judovska_dusa_koncert_04_07_2022_SI-HU-1500x1500.jpg 1500w, https:\/\/www1.kkl.si\/wp-content\/uploads\/2022\/07\/Vabilo_Judovska_dusa_koncert_04_07_2022_SI-HU.jpg 1748w\" sizes=\"auto, (max-width: 150px) 100vw, 150px\" \/><\/a>Tisztelettel megh\u00edvjuk \u00d6n\u00f6ket a <strong>\u201eZSID\u00d3 L\u00c9LEK\u201d utaz\u00e1s a zsid\u00f3 k\u00e1ntori, haszid \u00e9s jiddis zene vil\u00e1g\u00e1ba<\/strong> c\u00edm\u0171 koncertre, amely 2022. j\u00falius 4-\u00e9n 19 \u00f3rakor lesz a Lendvai Zsinag\u00f3g\u00e1ban.<\/p>\n<p>K\u00f6zrem\u0171k\u00f6dnek:<br \/>\n<strong>Shmuel Barzilai<\/strong>, a b\u00e9csi nagyzsinag\u00f3ga f\u0151k\u00e1ntora \u00e9s <strong>Elias Meiri<\/strong>, zongora<\/p>\n<p><span style=\"font-size: 12px;\">T\u00e1j\u00e9koztatjuk \u00d6n\u00f6ket, hogy a koncertr\u0151l k\u00e9p- \u00e9s hangfelv\u00e9tel k\u00e9sz\u00fcl. Az esem\u00e9nyen val\u00f3 r\u00e9szv\u00e9tellel enged\u00e9lyezik f\u00e9nyk\u00e9pek, felv\u00e9telek k\u00e9sz\u00edt\u00e9s\u00e9t \u00d6n\u00f6kr\u0151l, valamint beleegyeznek az esem\u00e9nyen k\u00e9sz\u00fclt k\u00e9p-, hang- \u00e9s vide\u00f3anyag valamennyi m\u00e9di\u00e1ban t\u00f6rt\u00e9n\u0151 felhaszn\u00e1l\u00e1s\u00e1ba.<\/span><\/p>\n<hr \/>\n<p>VIDE\u00d3: Shmuel Barzilai<\/p>\n<p><iframe loading=\"lazy\" src=\"\/\/www.youtube.com\/embed\/GiRCqvr5Xm8\" width=\"560\" height=\"314\" allowfullscreen=\"allowfullscreen\" data-mce-fragment=\"1\"><\/iframe><\/p>\n<p><iframe loading=\"lazy\" src=\"\/\/www.youtube.com\/embed\/BdWpZtfM_kU\" width=\"560\" height=\"314\" allowfullscreen=\"allowfullscreen\" data-mce-fragment=\"1\"><\/iframe><\/p>\n<p>VIDE\u00d3: Elias Meiri<\/p>\n<p><iframe loading=\"lazy\" src=\"\/\/www.youtube.com\/embed\/Eqcz0OLb0XA\" width=\"560\" height=\"314\" allowfullscreen=\"allowfullscreen\" data-mce-fragment=\"1\"><\/iframe><\/p>\n<p><img loading=\"lazy\" decoding=\"async\" class=\"alignnone wp-image-8103 size-full\" src=\"https:\/\/www1.kkl.si\/wp-content\/uploads\/2022\/07\/logotipi_judovski_koncert.svg\" alt=\"\" width=\"500\" height=\"150\" \/><\/p>\n<p>&nbsp;<\/p>\n","protected":false},"excerpt":{"rendered":"<p>2022. j\u00falius 4. h\u00e9tf\u0151 | koncert 19.00 Helysz\u00edn: Lendvai Zsinag\u00f3ga Szervez\u0151: Judovsko zdru\u017eenje Slovenije \u2013 skupnost tradicionalnih Judov\/Szlov\u00e9niai Zsid\u00f3 sz\u00f6vets\u00e9g \u2013 ortodox Zsid\u00f3 k\u00f6z\u00f6ss\u00e9g \u00e9s Ob\u010dina Lendava\/Lendva K\u00f6zs\u00e9g Tisztelettel megh\u00edvjuk \u00d6n\u00f6ket a \u201eZSID\u00d3 L\u00c9LEK\u201d utaz\u00e1s a zsid\u00f3 k\u00e1ntori, haszid \u00e9s jiddis zene vil\u00e1g\u00e1ba c\u00edm\u0171 koncertre, amely 2022. j\u00falius 4-\u00e9n 19 \u00f3rakor lesz a Lendvai Zsinag\u00f3g\u00e1ban. [&hellip;]<\/p>\n","protected":false},"author":2,"featured_media":8089,"parent":0,"menu_order":0,"comment_status":"closed","ping_status":"closed","template":"","meta":{"footnotes":""},"class_list":["post-8101","page","type-page","status-publish","has-post-thumbnail","hentry","post","post-with-thumbnail","post-with-thumbnail-icon"],"_links":{"self":[{"href":"https:\/\/www1.kkl.si\/hu\/wp-json\/wp\/v2\/pages\/8101","targetHints":{"allow":["GET"]}}],"collection":[{"href":"https:\/\/www1.kkl.si\/hu\/wp-json\/wp\/v2\/pages"}],"about":[{"href":"https:\/\/www1.kkl.si\/hu\/wp-json\/wp\/v2\/types\/page"}],"author":[{"embeddable":true,"href":"https:\/\/www1.kkl.si\/hu\/wp-json\/wp\/v2\/users\/2"}],"replies":[{"embeddable":true,"href":"https:\/\/www1.kkl.si\/hu\/wp-json\/wp\/v2\/comments?post=8101"}],"version-history":[{"count":4,"href":"https:\/\/www1.kkl.si\/hu\/wp-json\/wp\/v2\/pages\/8101\/revisions"}],"predecessor-version":[{"id":8109,"href":"https:\/\/www1.kkl.si\/hu\/wp-json\/wp\/v2\/pages\/8101\/revisions\/8109"}],"wp:featuredmedia":[{"embeddable":true,"href":"https:\/\/www1.kkl.si\/hu\/wp-json\/wp\/v2\/media\/8089"}],"wp:attachment":[{"href":"https:\/\/www1.kkl.si\/hu\/wp-json\/wp\/v2\/media?parent=8101"}],"curies":[{"name":"wp","href":"https:\/\/api.w.org\/{rel}","templated":true}]}}