{"id":8165,"date":"2022-07-11T13:48:55","date_gmt":"2022-07-11T11:48:55","guid":{"rendered":"https:\/\/www1.kkl.si\/?page_id=8165"},"modified":"2022-07-11T13:57:05","modified_gmt":"2022-07-11T11:57:05","slug":"gledalisce-smejcek-carodejka-binka-in-njena-velika-carodejska-predstava","status":"publish","type":"page","link":"https:\/\/www1.kkl.si\/hu\/gledalisce-smejcek-carodejka-binka-in-njena-velika-carodejska-predstava\/","title":{"rendered":"Gledali\u0161\u010de Smej\u010dek: \u010carodejka Binka in njena velika \u010darodejska predstava"},"content":{"rendered":"<div class=\"opis\"><strong><img loading=\"lazy\" decoding=\"async\" class=\"wp-image-1588 alignright\" title=\"Ingyenes rendezv\u00e9ny\" src=\"https:\/\/www1.kkl.si\/wp-content\/uploads\/\/2020\/07\/spored_simb_brezplacna-1.svg\" sizes=\"auto, (max-width: 40px) 100vw, 40px\" srcset=\"https:\/\/www1.kkl.si\/wp-content\/uploads\/\/2020\/07\/spored_simb_brezplacna-1.svg 150w, https:\/\/www1.kkl.si\/wp-content\/uploads\/\/2020\/07\/spored_simb_brezplacna-1.svg 400w, https:\/\/www1.kkl.si\/wp-content\/uploads\/\/2020\/07\/spored_simb_brezplacna-1.svg 1500w, https:\/\/www1.kkl.si\/wp-content\/uploads\/\/2020\/07\/spored_simb_brezplacna-1.svg 100w\" alt=\"brezplacna\" width=\"40\" height=\"40\" \/><i class=\"fas fa-calendar\"><\/i> <\/strong><strong>2022. j\u00falius 16. szombat | <span class=\"zanr\">gyermekel\u0151d\u00e1s<\/span><br \/>\n<i class=\"fas fa-clock\"><\/i> <\/strong><strong>19<\/strong><strong>.00<\/strong><br \/>\n<i class=\"fas fa-map-marker\"><\/i> Helysz\u00edn: A Lendvai Sz\u00ednh\u00e1z- \u00e9s Hangversenyterem szabadt\u00e9ri sz\u00ednpada<br \/>\n<i class=\"fas fa-chevron-circle-right\"><\/i> Szervez\u0151: <a href=\"https:\/\/www.kkl.si\/\">Knji\u017enica \u2013 Kulturni center Lendava \u2013 Lendvai K\u00f6nyvt\u00e1r \u00e9s Kultur\u00e1lis K\u00f6zpont<\/a><\/div>\n<p><a href=\"https:\/\/www1.kkl.si\/wp-content\/uploads\/2022\/07\/carodejka_binka_splet.jpg\" data-lbwps-width=\"1125\" data-lbwps-height=\"1500\" data-lbwps-srcsmall=\"https:\/\/www1.kkl.si\/wp-content\/uploads\/2022\/07\/carodejka_binka_splet-300x400.jpg\"><img loading=\"lazy\" decoding=\"async\" class=\"slika alignright wp-image-8120 size-medium\" src=\"https:\/\/www1.kkl.si\/wp-content\/uploads\/2022\/07\/carodejka_binka_splet-300x400.jpg\" alt=\"\" width=\"300\" height=\"400\" srcset=\"https:\/\/www1.kkl.si\/wp-content\/uploads\/2022\/07\/carodejka_binka_splet-300x400.jpg 300w, https:\/\/www1.kkl.si\/wp-content\/uploads\/2022\/07\/carodejka_binka_splet.jpg 1125w\" sizes=\"auto, (max-width: 300px) 100vw, 300px\" \/><\/a><em>Szlov\u00e9n le\u00edr\u00e1s:<\/em><\/p>\n<p>O PREDSTAVI<\/p>\n<p>Binka je deklica, ki si \u017eeli postati \u010darodejka. A kot se v\u010dasih pri otrocih zgodi, ji hitro zmanjka volje tako za doma\u010de naloge, kot tudi za vajo \u010darodejskih vragolij. Ker je slabe volje, se odlo\u010di, da bo raje nagajala sosedi Betki. Morda jo pa ona lahko nau\u010di, da si zares sre\u010den, \u010de se za tisto, kar si \u017eeli\u0161, tudi sam potrudi\u0161.<\/p>\n<p>Predstava, ki je polna zabave in seveda tudi \u010darovnij, hkrati krepi naslednje vrednote: vztrajanje, sodelovanje, pomo\u010d so\u010dloveku, odpu\u0161\u010danje, vera vase in v svoje sposobnosti.<\/p>\n<p><i class=\"fas fa-link\"><\/i> <a href=\"http:\/\/www.gledalisce-smejcek.si\/otroske-predstave\/\">http:\/\/www.gledalisce-smejcek.si\/otroske-predstave\/<\/a><\/p>\n<p>&nbsp;<\/p>\n<p>O GLEDALI\u0160\u010cU SMEJ\u010cEK<\/p>\n<p>Predstave Gledali\u0161\u010da Smej\u010dek so obogatene z animacijo, veselimi pesmicami in vrednotami, ki gradijo \u017eivljenje! So tudi u\u010dno-stimulacijske in polne humorja. Obiskujemo vrtce, \u0161ole, knji\u017enice, kulturne ustanove, centre, podjetja, festivale, zabave za rojstni dan (oz. za kak\u0161no drugo prilo\u017enost) ali pa katerikoli kraje, kjer se ljudje \u017eelijo smejati in zabavati.<\/p>\n<hr \/>\n<p><strong><em><a href=\"https:\/\/www1.kkl.si\/wp-content\/uploads\/2022\/07\/plakat_B2_KKCL_poleti_v_lendavo_2022_splet.jpg\" data-lbwps-width=\"1437\" data-lbwps-height=\"2000\" data-lbwps-srcsmall=\"https:\/\/www1.kkl.si\/wp-content\/uploads\/2022\/07\/plakat_B2_KKCL_poleti_v_lendavo_2022_splet-287x400.jpg\"><img loading=\"lazy\" decoding=\"async\" class=\"slika alignleft wp-image-8113\" src=\"https:\/\/www1.kkl.si\/wp-content\/uploads\/2022\/07\/plakat_B2_KKCL_poleti_v_lendavo_2022_splet.jpg\" alt=\"\" width=\"500\" height=\"696\" srcset=\"https:\/\/www1.kkl.si\/wp-content\/uploads\/2022\/07\/plakat_B2_KKCL_poleti_v_lendavo_2022_splet.jpg 1437w, https:\/\/www1.kkl.si\/wp-content\/uploads\/2022\/07\/plakat_B2_KKCL_poleti_v_lendavo_2022_splet-287x400.jpg 287w, https:\/\/www1.kkl.si\/wp-content\/uploads\/2022\/07\/plakat_B2_KKCL_poleti_v_lendavo_2022_splet-1078x1500.jpg 1078w\" sizes=\"auto, (max-width: 500px) 100vw, 500px\" \/><\/a>NY\u00c1RON LENDV\u00c1RA 2022<br \/>\n<\/em><em>Kultur\u00e1lis rendezv\u00e9nyek a Lendvai Sz\u00ednh\u00e1z- \u00e9s Hangversenyterem szabadt\u00e9ri sz\u00ednpad\u00e1n<br \/>\n<\/em><\/strong><\/p>\n<p><em>Szervez\u0151: Lendavi K\u00f6nyvt\u00e1r \u00e9s Kultur\u00e1lis K\u00f6zpont. <\/em><br \/>\n<em>Minden rendezv\u00e9ny ingyenes. <\/em><\/p>\n<p><em>A m\u0171sorv\u00e1ltoz\u00e1s jog\u00e1t fenntartjuk.<\/em><\/p>\n","protected":false},"excerpt":{"rendered":"<p>2022. j\u00falius 16. szombat | gyermekel\u0151d\u00e1s 19.00 Helysz\u00edn: A Lendvai Sz\u00ednh\u00e1z- \u00e9s Hangversenyterem szabadt\u00e9ri sz\u00ednpada Szervez\u0151: Knji\u017enica \u2013 Kulturni center Lendava \u2013 Lendvai K\u00f6nyvt\u00e1r \u00e9s Kultur\u00e1lis K\u00f6zpont Szlov\u00e9n le\u00edr\u00e1s: O PREDSTAVI Binka je deklica, ki si \u017eeli postati \u010darodejka. A kot se v\u010dasih pri otrocih zgodi, ji hitro zmanjka volje tako za doma\u010de naloge, kot [&hellip;]<\/p>\n","protected":false},"author":2,"featured_media":0,"parent":0,"menu_order":0,"comment_status":"closed","ping_status":"closed","template":"","meta":{"footnotes":""},"class_list":["post-8165","page","type-page","status-publish","hentry","post"],"_links":{"self":[{"href":"https:\/\/www1.kkl.si\/hu\/wp-json\/wp\/v2\/pages\/8165","targetHints":{"allow":["GET"]}}],"collection":[{"href":"https:\/\/www1.kkl.si\/hu\/wp-json\/wp\/v2\/pages"}],"about":[{"href":"https:\/\/www1.kkl.si\/hu\/wp-json\/wp\/v2\/types\/page"}],"author":[{"embeddable":true,"href":"https:\/\/www1.kkl.si\/hu\/wp-json\/wp\/v2\/users\/2"}],"replies":[{"embeddable":true,"href":"https:\/\/www1.kkl.si\/hu\/wp-json\/wp\/v2\/comments?post=8165"}],"version-history":[{"count":4,"href":"https:\/\/www1.kkl.si\/hu\/wp-json\/wp\/v2\/pages\/8165\/revisions"}],"predecessor-version":[{"id":8170,"href":"https:\/\/www1.kkl.si\/hu\/wp-json\/wp\/v2\/pages\/8165\/revisions\/8170"}],"wp:attachment":[{"href":"https:\/\/www1.kkl.si\/hu\/wp-json\/wp\/v2\/media?parent=8165"}],"curies":[{"name":"wp","href":"https:\/\/api.w.org\/{rel}","templated":true}]}}