{"id":8494,"date":"2022-08-21T12:00:38","date_gmt":"2022-08-21T10:00:38","guid":{"rendered":"https:\/\/www1.kkl.si\/?page_id=8494"},"modified":"2022-08-21T15:30:56","modified_gmt":"2022-08-21T13:30:56","slug":"vinarium-fesztival-2022-szloven-muravideki-etno-est","status":"publish","type":"page","link":"https:\/\/www1.kkl.si\/hu\/vinarium-fesztival-2022-szloven-muravideki-etno-est\/","title":{"rendered":"VINARIUM FESZTIV\u00c1L 2022: Szlov\u00e9n \u2013 Muravid\u00e9ki etno est"},"content":{"rendered":"<div class=\"opis\"><strong><img loading=\"lazy\" decoding=\"async\" class=\"wp-image-1588 alignright\" title=\"Ingyenes rendezv\u00e9ny\" src=\"https:\/\/www1.kkl.si\/wp-content\/uploads\/\/2020\/07\/spored_simb_brezplacna-1.svg\" sizes=\"auto, (max-width: 40px) 100vw, 40px\" srcset=\"https:\/\/www1.kkl.si\/wp-content\/uploads\/\/2020\/07\/spored_simb_brezplacna-1.svg 150w, https:\/\/www1.kkl.si\/wp-content\/uploads\/\/2020\/07\/spored_simb_brezplacna-1.svg 400w, https:\/\/www1.kkl.si\/wp-content\/uploads\/\/2020\/07\/spored_simb_brezplacna-1.svg 1500w, https:\/\/www1.kkl.si\/wp-content\/uploads\/\/2020\/07\/spored_simb_brezplacna-1.svg 100w\" alt=\"brezplacna\" width=\"40\" height=\"40\" \/><i class=\"fas fa-calendar\"><\/i> <\/strong><strong>2022. augusztus 29. h\u00e9tf\u0151 | <span class=\"zanr\">etno-kultur\u00e1lis rendezv\u00e9ny<\/span><br \/>\n<i class=\"fas fa-clock\"><\/i> <\/strong><strong>18.<\/strong><strong>00<\/strong><br \/>\n<i class=\"fas fa-map-marker\"><\/i> Helysz\u00edn: A Lendvai Sz\u00ednh\u00e1z- \u00e9s Hangversenyterem szabadt\u00e9ri sz\u00ednpada<br \/>\n<i class=\"fas fa-chevron-circle-right\"><\/i> Szervez\u0151: <a href=\"http:\/\/ztr.si\/\">Zavod za turizem in razvoj Lendava \u2013 Turisztikai \u00e9s Fejleszt\u00e9si K\u00f6zint\u00e9zet Lendva<\/a><br \/>\n<i class=\"fas fa-chevron-circle-right\"><\/i> a Lendvai V\u00e1rosi K\u00f6z\u00f6ss\u00e9g, a Szlov\u00e9n Kultur\u00e1lis K\u00f6zalap\u00edtv\u00e1ny Lendvai Ter\u00fcleti Kirendelts\u00e9ge, \u00e9s a <a href=\"http:\/\/www.zkd-lendava.com\/\">Lendvai Kult\u00faregyes\u00fcletek K\u00f6zs\u00e9gi Sz\u00f6vets\u00e9ge<\/a> t\u00e1rsszervez\u00e9s\u00e9ben<\/div>\n<p><a href=\"https:\/\/www1.kkl.si\/wp-content\/uploads\/2022\/08\/plakat_100cm_slov_etno_vecer_Lendava_2022.jpg\" data-lbwps-width=\"2100\" data-lbwps-height=\"3000\" data-lbwps-srcsmall=\"https:\/\/www1.kkl.si\/wp-content\/uploads\/2022\/08\/plakat_100cm_slov_etno_vecer_Lendava_2022.jpg\"><img loading=\"lazy\" decoding=\"async\" class=\"slika alignright wp-image-8418\" src=\"https:\/\/www1.kkl.si\/wp-content\/uploads\/2022\/08\/plakat_100cm_slov_etno_vecer_Lendava_2022-scaled-1050x1500.jpg\" alt=\"\" width=\"400\" height=\"571\" srcset=\"https:\/\/www1.kkl.si\/wp-content\/uploads\/2022\/08\/plakat_100cm_slov_etno_vecer_Lendava_2022-scaled-1050x1500.jpg 1050w, https:\/\/www1.kkl.si\/wp-content\/uploads\/2022\/08\/plakat_100cm_slov_etno_vecer_Lendava_2022-scaled-280x400.jpg 280w, https:\/\/www1.kkl.si\/wp-content\/uploads\/2022\/08\/plakat_100cm_slov_etno_vecer_Lendava_2022-scaled.jpg 1792w\" sizes=\"auto, (max-width: 400px) 100vw, 400px\" \/><\/a>VINARIUM FESZTIV\u00c1L 2022 \u2013 LENDVA<br \/>\n<strong>Szlov\u00e9n \u2013 Muravid\u00e9ki etno est<\/strong><\/p>\n<p>2022. augusztus 29-\u00e9n, h\u00e9tf\u0151n, 18 \u00f3r\u00e1t\u00f3l a Lendvai Sz\u00ednh\u00e1z- \u00e9s Hangversenyterem szabadt\u00e9ri sz\u00ednpad\u00e1n.<\/p>\n<p><strong>Fell\u00e9pnek:<\/strong><\/p>\n<ul>\n<li>Matej Banov\u0161ek zenekara<\/li>\n<li>Mo\u0161\u010danci MTE n\u00e9pt\u00e1ncegy\u00fcttese<\/li>\n<li>Gombos Harmonik\u00e1n J\u00e1tsz\u00f3k Zenekara<\/li>\n<li>Vita Kamarak\u00f3rus Lendva<\/li>\n<li>Perica Jerkovi\u010d stand-up komikus<\/li>\n<li>Veseli Vandrovci, Lipa ME<\/li>\n<\/ul>\n<p>A programot <strong>Nata\u0161a Tom\u0161i\u010d<\/strong> vezeti.<\/p>\n<p><em>Gasztron\u00f3miai k\u00edn\u00e1lat: pecsenye pereccel, pir\u00edtott keny\u00e9r hagym\u00e1val.<br \/>\nA bel\u00e9p\u00e9s d\u00edjtalan. Minden \u00e9rdkel\u0151d\u0151t szeretettel v\u00e1runk!<br \/>\n<\/em><\/p>\n<p><em>Rossz id\u0151 eset\u00e9n a rendezv\u00e9ny a teremben lesz.<\/em><\/p>\n<p><i class=\"fas fa-link\"><\/i> <a href=\"https:\/\/www.lendava-lendva.si\/\">https:\/\/www.lendava-lendva.si<\/a><br \/>\n<i class=\"fas fa-link\"><\/i> <a href=\"http:\/\/ztr.si\/\">http:\/\/ztr.si\/<\/a><\/p>\n<hr \/>\n<p>R\u00e9szletes szlov\u00e9n le\u00edr\u00e1s:<\/p>\n<p><span style=\"font-size: 24px;\"><strong>Ansambel Mateja Banov\u0161ka<\/strong><\/span><\/p>\n<div class=\"col-sm-6\">\n<div id=\"attachment_8419\" style=\"width: 410px\" class=\"wp-caption alignright\"><a href=\"https:\/\/www1.kkl.si\/wp-content\/uploads\/2022\/08\/banovsek.jpg\" data-lbwps-width=\"800\" data-lbwps-height=\"386\" data-lbwps-srcsmall=\"https:\/\/www1.kkl.si\/wp-content\/uploads\/2022\/08\/banovsek-400x193.jpg\"><img loading=\"lazy\" decoding=\"async\" aria-describedby=\"caption-attachment-8419\" class=\"slika wp-image-8420 size-medium\" src=\"https:\/\/www1.kkl.si\/wp-content\/uploads\/2022\/08\/banovsek-400x193.jpg\" alt=\"\" width=\"400\" height=\"193\" srcset=\"https:\/\/www1.kkl.si\/wp-content\/uploads\/2022\/08\/banovsek-400x193.jpg 400w, https:\/\/www1.kkl.si\/wp-content\/uploads\/2022\/08\/banovsek.jpg 800w\" sizes=\"auto, (max-width: 400px) 100vw, 400px\" \/><\/a><p id=\"caption-attachment-8419\" class=\"wp-caption-text\">Foto: banovsek.si<\/p><\/div><\/p>\n<p class=\"lead\">Ansambel Banov\u0161ek je pri\u010del z delovanjem leta 2013, natan\u010dneje meseca decembra, na pobudo vodja ansambla Mateja Banov\u0161ka in njegove sestre Venese Brglez. \u017delela sta namre\u010d nadaljevati pot njunih star\u0161ev, ki sta prav tako skupaj ustanovila ansambel. Poleg Venese in Mateja ansambel sestavljajo \u0161e Rok Zbi\u010danjik, Andrej Su\u0161ec, Matej Turinek in Barbara Leber Turinek.<\/p>\n<p class=\"lead\">Ansambel je leta 2015 posnel svoj prvi videospot za prav tako njihovo prvo lastno skladbo z naslovom Pod Konji\u0161ko goro, katere avtorja sta Matej Banov\u0161ek in njegova mama Danica Banov\u0161ek. Istega leta so posneli \u0161e spot za skladbo Drobtinica kruha, za katero sta avtorja prav tako Matej in Danica Banov\u0161ek. V letu 2016 pa so ponovno obudili skladbo Dvigni zlato kupico, avtorja Mira Klinca. V tem \u010dasu so na kanal Youtube nanizali kar nekaj narodnih in zabavnih projektov v \u017eivo.<\/p>\n<\/div>\n<p><i class=\"fas fa-link\"><\/i> <a href=\"http:\/\/www.banovsek.si\/\">http:\/\/www.banovsek.si\/<\/a><\/p>\n<p><iframe loading=\"lazy\" src=\"\/\/www.youtube.com\/embed\/I7aVbQBQGtc\" width=\"560\" height=\"314\" allowfullscreen=\"allowfullscreen\" data-mce-fragment=\"1\"><\/iframe><\/p>\n<p><span style=\"font-size: 24px;\"><strong>Folklorna skupina KTD Mo\u0161\u010danci<\/strong><\/span><\/p>\n<div id=\"attachment_8421\" style=\"width: 410px\" class=\"wp-caption alignright\"><a href=\"https:\/\/www1.kkl.si\/wp-content\/uploads\/2022\/08\/KTD-Moscanci.jpg\" data-lbwps-width=\"2000\" data-lbwps-height=\"1334\" data-lbwps-srcsmall=\"https:\/\/www1.kkl.si\/wp-content\/uploads\/2022\/08\/KTD-Moscanci-400x267.jpg\"><img loading=\"lazy\" decoding=\"async\" aria-describedby=\"caption-attachment-8421\" class=\"wp-image-8422 size-medium\" src=\"https:\/\/www1.kkl.si\/wp-content\/uploads\/2022\/08\/KTD-Moscanci-400x267.jpg\" alt=\"\" width=\"400\" height=\"267\" srcset=\"https:\/\/www1.kkl.si\/wp-content\/uploads\/2022\/08\/KTD-Moscanci-400x267.jpg 400w, https:\/\/www1.kkl.si\/wp-content\/uploads\/2022\/08\/KTD-Moscanci-1500x1001.jpg 1500w, https:\/\/www1.kkl.si\/wp-content\/uploads\/2022\/08\/KTD-Moscanci.jpg 2000w\" sizes=\"auto, (max-width: 400px) 100vw, 400px\" \/><\/a><p id=\"caption-attachment-8421\" class=\"wp-caption-text\">Foto: arhiv KTD Mo\u0161\u010danci<\/p><\/div>\n<p>Folklorna skupina trenutno \u0161teje 6 plesnih parov, katerih obla\u010dilni videz izhaja iz obdobja, ko so se plesali svatovski plesi, in je narejen na osnovi strokovnih raziskav. Je namre\u010d rekonstrukcija prazni\u010dnega obla\u010dilnega videza obmo\u010dja ob\u010dine iz obdobja okoli leta 1920. Prav tako uporabljamo \u0161e delovna obla\u010dila in zadnji nekaj let \u0161e sodobna obla\u010dila, ki se lepo podajo k sodobnim plesom. Delujemo \u017ee 24 let in ple\u0161emo gori\u010dke plese, saj poisku\u0161amo z razli\u010dnimi idejami in projekti aktivno sodelovati na podro\u010dju kulture s poudarkom na ohranjanju plesne kulturne dedi\u0161\u010dine Gori\u010dkega, prav tako pa gremo s \u010dasom naprej in se izobra\u017eujemo ter izvajamo \u0161e sodobne plese.<\/p>\n<p>Na\u0161i muzikanti so: Niko Pelc \u2013 harmonika, Davorin Kianec \u2013 klarinet, Zora Vre\u010di\u010d \u2013 violina in Borut Kianec \u2013 kontrabas.<\/p>\n<p>Mentorica: Dragica Kolari\u010d<\/p>\n<p>Vodja skupine: Sandi Srko\u010d<\/p>\n<p><i class=\"fas fa-link\"><\/i> <a href=\"https:\/\/www.ktd-moscanci.com\/\">https:\/\/www.ktd-moscanci.com\/<\/a><\/p>\n<p><iframe loading=\"lazy\" src=\"\/\/www.youtube.com\/embed\/XFJs2ZevC5I\" width=\"560\" height=\"314\" allowfullscreen=\"allowfullscreen\" data-mce-fragment=\"1\"><\/iframe><\/p>\n<p><span style=\"font-size: 24px;\"><strong>Komorni pevski zbor Vita Lendava<\/strong><\/span><\/p>\n<div class=\"mYVXT\">\n<div class=\"LS81yb VICjCf j5pSsc db35Fc\" tabindex=\"-1\">\n<div class=\"hJDwNd-AhqUyc-uQSCkd Ft7HRd-AhqUyc-uQSCkd purZT-AhqUyc-II5mzb ZcASvf-AhqUyc-II5mzb pSzOP-AhqUyc-qWD73c Ktthjf-AhqUyc-qWD73c JNdkSc SQVYQc\">\n<div class=\"JNdkSc-SmKAyb LkDMRd\">\n<div class=\"\">\n<div class=\"oKdM2c ZZyype Kzv0Me\">\n<div id=\"h.13d67590d31ee970_45\" class=\"hJDwNd-AhqUyc-uQSCkd Ft7HRd-AhqUyc-uQSCkd jXK9ad D2fZ2 zu5uec OjCsFc dmUFtb wHaque g5GTcb GNzUNc\">\n<div class=\"jXK9ad-SmKAyb\">\n<div class=\"tyJCtd mGzaTb Depvyb baZpAe\">\n<div id=\"attachment_8425\" style=\"width: 410px\" class=\"wp-caption alignright\"><a href=\"https:\/\/www1.kkl.si\/wp-content\/uploads\/2022\/08\/vita_GEO_5199.jpg\" data-lbwps-width=\"2000\" data-lbwps-height=\"999\" data-lbwps-srcsmall=\"https:\/\/www1.kkl.si\/wp-content\/uploads\/2022\/08\/vita_GEO_5199-400x200.jpg\" data-lbwps-caption=\"Foto: Toma\u017e Gali\u010d\"><img loading=\"lazy\" decoding=\"async\" aria-describedby=\"caption-attachment-8425\" class=\"size-medium wp-image-8426\" src=\"https:\/\/www1.kkl.si\/wp-content\/uploads\/2022\/08\/vita_GEO_5199-400x200.jpg\" alt=\"\" width=\"400\" height=\"200\" srcset=\"https:\/\/www1.kkl.si\/wp-content\/uploads\/2022\/08\/vita_GEO_5199-400x200.jpg 400w, https:\/\/www1.kkl.si\/wp-content\/uploads\/2022\/08\/vita_GEO_5199-1500x749.jpg 1500w, https:\/\/www1.kkl.si\/wp-content\/uploads\/2022\/08\/vita_GEO_5199.jpg 2000w\" sizes=\"auto, (max-width: 400px) 100vw, 400px\" \/><\/a><p id=\"caption-attachment-8425\" class=\"wp-caption-text\">Foto: Toma\u017e Gali\u010d<\/p><\/div><\/p>\n<p class=\"CDt4Ke zfr3Q\" dir=\"ltr\">Vita pomeni \u017eivljenje. Ime smo izbrali z mislijo na vitalnost in \u017eivljenjsko energijo, ki naj bi jo zbor odseval skozi petje.<\/p>\n<p class=\"CDt4Ke zfr3Q\" dir=\"ltr\"><strong>Komorni pevski zbor Vita iz Lendave <\/strong>v letu 2021 praznuje svojo 18. obletnico in \u0161teje 24 \u010dlanov, zborovodja je Danijel Berden.<\/p>\n<p class=\"CDt4Ke zfr3Q\" dir=\"ltr\">Repertoar zbora sestavljajo skladbe razli\u010dnih \u017eanrov: od renesan\u010dnih, romanti\u010dnih skladb, ljudskih pesmi do jazza, popa in rocka, petje v razli\u010dnih jezikih nam ne predstavlja ovire. Na\u0161 zborovodja je zelo ustvarjalen in rad napi\u0161e priredbe, zato pogosto pojemo tudi aktualne hite ali pa vedno priljubljene zimzelene melodije. Obiskovalci koncertov pravijo, da si Vito zapomnijo po tem, da med petjem iz\u017earevajo dobro voljo in veselje do petja.<\/p>\n<p class=\"CDt4Ke zfr3Q\" dir=\"ltr\">Za nami je precej glasbenih projektov: turneja v Mostarju (2009), sodelovanje s Slovenci v Novem Sadu (2014, 2015) in seveda na mednarodnih tekmovanjih, kot so: <em>Praga Cantat<\/em> v Pragi (2007, srebrno priznanje), ter na tekmovanju v sklopu <em>Musice Mundi<\/em>, kjer smo tako v Budimpe\u0161ti (2009) kot v Benetkah (2012) dosegli zlato priznanje.<\/p>\n<p class=\"CDt4Ke zfr3Q\" dir=\"ltr\">Posebna izku\u0161nja je bilo tudi sodelovanje s triom <em>Eroika<\/em>, s katerim so zapeli tudi tri skladbe na koncertu ob njihovi 10. obletnici delovanja (2016) in nastop z glasbeno zasedbo S\u00e1rik P\u00e9ter Tri\u00f3 (2017), eno vodilnih mad\u017earskih jazz skupin.<\/p>\n<p class=\"CDt4Ke zfr3Q\" dir=\"ltr\">Z drugimi zbori sodelujemo tako, da jih povabimo na skupini koncert z imenom <em>Pomladno pevsko prebujanje<\/em>, sicer pa pomenita na\u0161emu zboru v vsaki sezoni vrhunec dva nastopa: <em>Pomladno pevsko prebujanje<\/em> v sinagogi ter <em>Bo\u017ei\u010dni koncert<\/em>, ki je vsako leto zelo obiskan.<\/p>\n<p class=\"CDt4Ke zfr3Q\" dir=\"ltr\">Do sedaj smo izdali tri zgo\u0161\u010denke: San se \u0161etao (2007), Bo\u017ei\u010dni koncert (2011) in Jubilejni CD (2013), ki je bil dodan bro\u0161uri ob praznovanju 10. obletnice zbora. V letu 2017 smo sodelovali tudi pri snemanju pesmi za novi album \u017dana Ser\u010di\u010da. Lendavo in s tem Slovenijo smo zastopali v Zagrebu, in sicer na 2. festivalu bo\u017ei\u010dnih pesmi 2017.<\/p>\n<p class=\"CDt4Ke zfr3Q\" dir=\"ltr\">V zadnjih dveh letih smo se odlo\u010dili prenoviti vizualno podobo zbora in posneti nekaj priredb.<\/p>\n<p><i class=\"fas fa-link\"><\/i> <a href=\"https:\/\/sites.google.com\/site\/kpzvitalendava\/\">https:\/\/sites.google.com\/site\/kpzvitalendava\/<\/a><\/p>\n<\/div>\n<p><iframe loading=\"lazy\" src=\"\/\/www.youtube.com\/embed\/wG4ISMB4GlY\" width=\"560\" height=\"314\" allowfullscreen=\"allowfullscreen\" data-mce-fragment=\"1\"><\/iframe><\/p>\n<p><strong><span style=\"font-size: 24px;\">StandUp komik Perica Jerkovi\u010d<\/span><\/strong><\/p>\n<div id=\"attachment_8429\" style=\"width: 410px\" class=\"wp-caption alignright\"><a href=\"https:\/\/www1.kkl.si\/wp-content\/uploads\/2022\/08\/jerkovic_foto.jpg\" data-lbwps-width=\"1169\" data-lbwps-height=\"1000\" data-lbwps-srcsmall=\"https:\/\/www1.kkl.si\/wp-content\/uploads\/2022\/08\/jerkovic_foto-400x342.jpg\" data-lbwps-caption=\"Foto: www.hramkulture.si\"><img loading=\"lazy\" decoding=\"async\" aria-describedby=\"caption-attachment-8429\" class=\"size-medium wp-image-8430\" src=\"https:\/\/www1.kkl.si\/wp-content\/uploads\/2022\/08\/jerkovic_foto-400x342.jpg\" alt=\"\" width=\"400\" height=\"342\" srcset=\"https:\/\/www1.kkl.si\/wp-content\/uploads\/2022\/08\/jerkovic_foto-400x342.jpg 400w, https:\/\/www1.kkl.si\/wp-content\/uploads\/2022\/08\/jerkovic_foto.jpg 1169w\" sizes=\"auto, (max-width: 400px) 100vw, 400px\" \/><\/a><p id=\"caption-attachment-8429\" class=\"wp-caption-text\">Foto: www.hramkulture.si<\/p><\/div>\n<p>Perica Jerkovi\u0107 je eden najizku\u0161enej\u0161ih stand-up komikov pri nas. Od leta 2003 je zabele\u017eil okrog 2000 nastopov v Sloveniji, na Hrva\u0161kem, v Srbiji, Bosni in Hercegovini, \u010crni Gori, pa tudi v Gr\u010diji in Angliji.<\/p>\n<p>Gostoval je na vseh ve\u010djih festivalih stand-up komedije v tem delu Evrope <em>(Festival Pan\u010d Ljubljana, Festival Pan\u010d Zagreb, Lent Maribor, Standupfest Beograd, Instant ExYu in Opu\u010d Podgorica)<\/em>. Izvedel je vrsto delavnic stand-up komedije (Ljubljana, Koper, Velenje, Zagreb) in posnel avtobiografski dokumentarni film <strong>Leto<\/strong>, ki prikazuje leto dni v \u017eivljenju stand-up komika.<\/p>\n<p>Najve\u010djo prepoznavnost je dosegel s celove\u010derno stand-up komedijo <strong>Rojen v Jugi<\/strong>, svoj drugi solo \u0161ov je poimenoval <strong>Homo Selfiens: Zgodovina selfi butla<\/strong>. Na televizijo je uvrstil tudi kraj\u0161i comedy special s star\u0161evsko tematiko, <strong>Stendap predstavlja: Perica Jerkovi\u0107<\/strong>.<\/p>\n<p>Nastopil je na roastih Vida Vali\u010da in Lada Bizovi\u010darja, kmalu pa se je na \u017earu zna\u0161el tudi sam. Z Uro\u0161em Kuzmanom je soustvaril predstavo <strong>Profesor Kuzman mlaj\u0161i<\/strong> ter kasneje nastopil tudi na njegovem roastu. Z Ga\u0161perjem Bergantom in Bo\u0161tjanom Gorencem &#8211; Pi\u017eamo je smeh izvabljal v \u0161ovu <strong>Brade<\/strong>, z Ale\u0161em Novakom pa to trenutno po\u010dne v komediji <strong>Slovenec in pol<\/strong>.<\/p>\n<p><i class=\"fas fa-link\"><\/i> <a href=\"https:\/\/www.pericajerkovic.si\/\">https:\/\/www.pericajerkovic.si\/<\/a><\/p>\n<p><iframe loading=\"lazy\" src=\"\/\/www.youtube.com\/embed\/mlquCIi6yVU\" width=\"560\" height=\"314\" allowfullscreen=\"allowfullscreen\" data-mce-fragment=\"1\"><\/iframe><\/p>\n<p><strong><span style=\"font-size: 24px;\">Veseli Vandrovci KD Lipa<\/span><\/strong><\/p>\n<p>Veseli Vandrovci Kulturnega Dru\u0161tva Lipa iz Lipe (Ob\u010dina Beltinci) vedno zabavajo svoje ob\u010dinstvo z raznovrstnimi ske\u010di, komedijami in drugimi gledali\u0161kimi igrami.<br \/>\nTokrat bodo prikazali ske\u010d v povezavi z gledali\u0161\u010dem.<\/p>\n<p><i class=\"fab fa-facebook-square\"><\/i> <a href=\"https:\/\/www.facebook.com\/Kulturno-dru%C5%A1tvo-Lipa-611132045745906\/\">https:\/\/www.facebook.com\/Kulturno-dru%C5%A1tvo-Lipa-611132045745906\/<\/a><\/p>\n<p><a href=\"https:\/\/www1.kkl.si\/wp-content\/uploads\/2022\/08\/veseli_vandrovci_kd_lipa.jpg\" data-lbwps-width=\"1500\" data-lbwps-height=\"809\" data-lbwps-srcsmall=\"https:\/\/www1.kkl.si\/wp-content\/uploads\/2022\/08\/veseli_vandrovci_kd_lipa-400x216.jpg\"><img loading=\"lazy\" decoding=\"async\" class=\"alignnone size-full wp-image-8433\" src=\"https:\/\/www1.kkl.si\/wp-content\/uploads\/2022\/08\/veseli_vandrovci_kd_lipa.jpg\" alt=\"\" width=\"1500\" height=\"809\" srcset=\"https:\/\/www1.kkl.si\/wp-content\/uploads\/2022\/08\/veseli_vandrovci_kd_lipa.jpg 1500w, https:\/\/www1.kkl.si\/wp-content\/uploads\/2022\/08\/veseli_vandrovci_kd_lipa-400x216.jpg 400w\" sizes=\"auto, (max-width: 1500px) 100vw, 1500px\" \/><\/a><\/p>\n<p>Vljudno vabljeni!<\/p>\n<hr \/>\n<p><a href=\"https:\/\/www1.kkl.si\/wp-content\/uploads\/2022\/08\/banner_Festival_vinarium_2022_hu.jpg\" data-lbwps-width=\"1500\" data-lbwps-height=\"400\" data-lbwps-srcsmall=\"https:\/\/www1.kkl.si\/wp-content\/uploads\/2022\/08\/banner_Festival_vinarium_2022_hu-400x107.jpg\"><img loading=\"lazy\" decoding=\"async\" class=\"alignnone size-full wp-image-8444\" src=\"https:\/\/www1.kkl.si\/wp-content\/uploads\/2022\/08\/banner_Festival_vinarium_2022_hu.jpg\" alt=\"\" width=\"1500\" height=\"400\" srcset=\"https:\/\/www1.kkl.si\/wp-content\/uploads\/2022\/08\/banner_Festival_vinarium_2022_hu.jpg 1500w, https:\/\/www1.kkl.si\/wp-content\/uploads\/2022\/08\/banner_Festival_vinarium_2022_hu-400x107.jpg 400w\" sizes=\"auto, (max-width: 1500px) 100vw, 1500px\" \/><\/a><\/p>\n<p>VINARIUM FESZTIV\u00c1L 2022 \u2013 LENDVA<\/p>\n<p><em>Vinarium Fesztiv\u00e1l: Etno-estek kultur\u00e1lis- \u00e9s gasztron\u00f3miai programmal<br \/>\n<\/em><em>Az etno-estek keret\u00e9n bel\u00fcl horv\u00e1t, szlov\u00e9n, szerb \u00e9s magyar egyes\u00fcletek mutatkoznak be, \u00e9s k\u00edn\u00e1lj\u00e1k fel a l\u00e1togat\u00f3knak hagyom\u00e1nyos \u00e9teleiket. K\u00f6zben pedig sz\u00ednes zen\u00e9s-kultur\u00e1lis m\u0171sorr\u00f3l is gondoskodnak.<\/em><\/p>\n<\/div>\n<\/div>\n<\/div>\n<\/div>\n<\/div>\n<\/div>\n<\/div>\n<\/div>\n","protected":false},"excerpt":{"rendered":"<p>2022. augusztus 29. h\u00e9tf\u0151 | etno-kultur\u00e1lis rendezv\u00e9ny 18.00 Helysz\u00edn: A Lendvai Sz\u00ednh\u00e1z- \u00e9s Hangversenyterem szabadt\u00e9ri sz\u00ednpada Szervez\u0151: Zavod za turizem in razvoj Lendava \u2013 Turisztikai \u00e9s Fejleszt\u00e9si K\u00f6zint\u00e9zet Lendva a Lendvai V\u00e1rosi K\u00f6z\u00f6ss\u00e9g, a Szlov\u00e9n Kultur\u00e1lis K\u00f6zalap\u00edtv\u00e1ny Lendvai Ter\u00fcleti Kirendelts\u00e9ge, \u00e9s a Lendvai Kult\u00faregyes\u00fcletek K\u00f6zs\u00e9gi Sz\u00f6vets\u00e9ge t\u00e1rsszervez\u00e9s\u00e9ben VINARIUM FESZTIV\u00c1L 2022 \u2013 LENDVA Szlov\u00e9n \u2013 Muravid\u00e9ki [&hellip;]<\/p>\n","protected":false},"author":2,"featured_media":8417,"parent":0,"menu_order":0,"comment_status":"closed","ping_status":"closed","template":"","meta":{"footnotes":""},"class_list":["post-8494","page","type-page","status-publish","has-post-thumbnail","hentry","post","post-with-thumbnail","post-with-thumbnail-icon"],"_links":{"self":[{"href":"https:\/\/www1.kkl.si\/hu\/wp-json\/wp\/v2\/pages\/8494","targetHints":{"allow":["GET"]}}],"collection":[{"href":"https:\/\/www1.kkl.si\/hu\/wp-json\/wp\/v2\/pages"}],"about":[{"href":"https:\/\/www1.kkl.si\/hu\/wp-json\/wp\/v2\/types\/page"}],"author":[{"embeddable":true,"href":"https:\/\/www1.kkl.si\/hu\/wp-json\/wp\/v2\/users\/2"}],"replies":[{"embeddable":true,"href":"https:\/\/www1.kkl.si\/hu\/wp-json\/wp\/v2\/comments?post=8494"}],"version-history":[{"count":7,"href":"https:\/\/www1.kkl.si\/hu\/wp-json\/wp\/v2\/pages\/8494\/revisions"}],"predecessor-version":[{"id":8563,"href":"https:\/\/www1.kkl.si\/hu\/wp-json\/wp\/v2\/pages\/8494\/revisions\/8563"}],"wp:featuredmedia":[{"embeddable":true,"href":"https:\/\/www1.kkl.si\/hu\/wp-json\/wp\/v2\/media\/8417"}],"wp:attachment":[{"href":"https:\/\/www1.kkl.si\/hu\/wp-json\/wp\/v2\/media?parent=8494"}],"curies":[{"name":"wp","href":"https:\/\/api.w.org\/{rel}","templated":true}]}}