{"id":8547,"date":"2022-08-21T14:29:59","date_gmt":"2022-08-21T12:29:59","guid":{"rendered":"https:\/\/www1.kkl.si\/?page_id=8547"},"modified":"2022-08-24T08:22:03","modified_gmt":"2022-08-24T06:22:03","slug":"festival-vinarium-2022-madzarski-etno-vecer","status":"publish","type":"page","link":"https:\/\/www1.kkl.si\/hu\/festival-vinarium-2022-madzarski-etno-vecer\/","title":{"rendered":"VINARIUM FESZTIV\u00c1L 2022: Magyar etno est"},"content":{"rendered":"<div class=\"opis\"><strong><img loading=\"lazy\" decoding=\"async\" class=\"wp-image-1588 alignright\" title=\"Ingyenes rendezv\u00e9ny\" src=\"https:\/\/www1.kkl.si\/wp-content\/uploads\/\/2020\/07\/spored_simb_brezplacna-1.svg\" alt=\"brezplacna\" width=\"40\" height=\"40\" srcset=\"https:\/\/www1.kkl.si\/wp-content\/uploads\/\/2020\/07\/spored_simb_brezplacna-1.svg 150w, https:\/\/www1.kkl.si\/wp-content\/uploads\/\/2020\/07\/spored_simb_brezplacna-1.svg 400w, https:\/\/www1.kkl.si\/wp-content\/uploads\/\/2020\/07\/spored_simb_brezplacna-1.svg 1500w, https:\/\/www1.kkl.si\/wp-content\/uploads\/\/2020\/07\/spored_simb_brezplacna-1.svg 100w\" sizes=\"auto, (max-width: 40px) 100vw, 40px\" \/><i class=\"fas fa-calendar\"><\/i> <\/strong><strong>2022. augusztus 30. kedd | <span class=\"zanr\">etno-kultur\u00e1lis rendezv\u00e9ny<\/span><br \/>\n<i class=\"fas fa-clock\"><\/i> <\/strong><strong>19<\/strong><strong>.00<\/strong><br \/>\n<i class=\"fas fa-map-marker\"><\/i> Helysz\u00edn: A Lendvai Sz\u00ednh\u00e1z- \u00e9s Hangversenyterem szabadt\u00e9ri sz\u00ednpada<br \/>\n<i class=\"fas fa-chevron-circle-right\"><\/i> Szervez\u0151: <a href=\"http:\/\/ztr.si\/\">Zavod za turizem in razvoj Lendava \u2013 Turisztikai \u00e9s Fejleszt\u00e9si K\u00f6zint\u00e9zet Lendva<\/a><br \/>\n<i class=\"fas fa-chevron-circle-right\"><\/i> Szervez\u0151: <a href=\"https:\/\/www.mnmi-zkmn.si\/\">MNMI-ZKMN<\/a><\/div>\n<p><a href=\"https:\/\/www1.kkl.si\/wp-content\/uploads\/2022\/08\/szorolap_magyar_etno_est.jpg\" data-lbwps-width=\"3507\" data-lbwps-height=\"2480\" data-lbwps-srcsmall=\"https:\/\/www1.kkl.si\/wp-content\/uploads\/2022\/08\/szorolap_magyar_etno_est.jpg\"><img loading=\"lazy\" decoding=\"async\" class=\"alignnone size-full wp-image-8622\" src=\"https:\/\/www1.kkl.si\/wp-content\/uploads\/2022\/08\/szorolap_magyar_etno_est-scaled.jpg\" alt=\"\" width=\"2560\" height=\"1810\" srcset=\"https:\/\/www1.kkl.si\/wp-content\/uploads\/2022\/08\/szorolap_magyar_etno_est-scaled.jpg 2560w, https:\/\/www1.kkl.si\/wp-content\/uploads\/2022\/08\/szorolap_magyar_etno_est-scaled-400x283.jpg 400w, https:\/\/www1.kkl.si\/wp-content\/uploads\/2022\/08\/szorolap_magyar_etno_est-scaled-1500x1061.jpg 1500w\" sizes=\"auto, (max-width: 2560px) 100vw, 2560px\" \/><\/a><\/p>\n<p><a href=\"https:\/\/www1.kkl.si\/wp-content\/uploads\/2022\/08\/magyar_etno_est_plakat.jpg\" data-lbwps-width=\"987\" data-lbwps-height=\"1244\" data-lbwps-srcsmall=\"https:\/\/www1.kkl.si\/wp-content\/uploads\/2022\/08\/magyar_etno_est_plakat-317x400.jpg\"><img loading=\"lazy\" decoding=\"async\" class=\"slika alignright wp-image-8476 size-medium\" src=\"https:\/\/www1.kkl.si\/wp-content\/uploads\/2022\/08\/magyar_etno_est_plakat-317x400.jpg\" alt=\"\" width=\"317\" height=\"400\" srcset=\"https:\/\/www1.kkl.si\/wp-content\/uploads\/2022\/08\/magyar_etno_est_plakat-317x400.jpg 317w, https:\/\/www1.kkl.si\/wp-content\/uploads\/2022\/08\/magyar_etno_est_plakat.jpg 987w\" sizes=\"auto, (max-width: 317px) 100vw, 317px\" \/><\/a>VINARIUM FESZTIV\u00c1L 2022 \u2013 LENDVA<br \/>\n<strong>Magyar etno est<\/strong><\/p>\n<p><em>a Magyar Nemzetis\u00e9gi M\u0171vel\u0151d\u00e9si Int\u00e9zet szervez\u00e9s\u00e9ben<\/em><\/p>\n<p><strong>19.00<\/strong> <br \/>\nA Pupilla B\u00e1bsz\u00ednh\u00e1z el\u0151ad\u00e1sa: <br \/>\n<strong>Utaz\u00f3k<\/strong><\/p>\n<p><strong>20.00<br \/>\n<\/strong>A Liliom Produkci\u00f3 fergeteges zen\u00e9s sz\u00f3rakoztat\u00f3 el\u0151ad\u00e1sa \u2013 Cs\u00edk Csaba: <br \/>\n<strong>\u00d6regl\u00e1nyok<\/strong><\/p>\n<p><em>A Csentei Sz\u0151l\u0151termel\u0151k Egyes\u00fclete \u00e1ltal biztos\u00edtott gazdag gasztron\u00f3miai k\u00edn\u00e1lat.<\/em><\/p>\n<p><em>A bel\u00e9p\u00e9s d\u00edjtalan!<br \/>\n<\/em><\/p>\n<p><i class=\"fas fa-link\"><\/i> <a href=\"https:\/\/www.lendava-lendva.si\/\">https:\/\/www.lendava-lendva.si<\/a><br \/>\n<i class=\"fas fa-link\"><\/i> <a href=\"http:\/\/ztr.si\/\">http:\/\/ztr.si\/<\/a><br \/>\n<i class=\"fas fa-link\"><\/i> <a href=\"https:\/\/www.mnmi-zkmn.si\/\">MNMI-ZKMN<\/a><\/p>\n<hr \/>\n<p>Pupilla B\u00e1bsz\u00ednh\u00e1z:<\/p>\n<p><span style=\"font-size: 24px;\"><strong>Utaz\u00f3k<\/strong><\/span><span style=\"font-size: 24px;\"><strong><br \/>\n<\/strong><\/span><\/p>\n<p><a href=\"https:\/\/www1.kkl.si\/wp-content\/uploads\/2022\/08\/zoopotniki.jpg\" data-lbwps-width=\"694\" data-lbwps-height=\"456\" data-lbwps-srcsmall=\"https:\/\/www1.kkl.si\/wp-content\/uploads\/2022\/08\/zoopotniki-400x263.jpg\"><img loading=\"lazy\" decoding=\"async\" class=\"alignright size-medium wp-image-8527\" src=\"https:\/\/www1.kkl.si\/wp-content\/uploads\/2022\/08\/zoopotniki-400x263.jpg\" alt=\"\" width=\"400\" height=\"263\" srcset=\"https:\/\/www1.kkl.si\/wp-content\/uploads\/2022\/08\/zoopotniki-400x263.jpg 400w, https:\/\/www1.kkl.si\/wp-content\/uploads\/2022\/08\/zoopotniki.jpg 694w\" sizes=\"auto, (max-width: 400px) 100vw, 400px\" \/><\/a>Utaztatok m\u00e1r vonattal? Hallgattad m\u00e1r a kerekek monoton z\u00f6rg\u00e9s\u00e9t \u00e9s ritmikus z\u00fag\u00e1s\u00e1t? N\u00e9zt\u00e9tek a felh\u0151ket \u00e9s a t\u00e1jat, ahogy elvonulnak? A hossz\u00fa utaz\u00e1sok unalmasak lehetnek, de a k\u00e9pzelet \u00e9s a j\u00e1t\u00e9k izgalmas kalandokat var\u00e1zsolhat. K\u00e9t utas, egy fi\u00fa \u00e9s egy l\u00e1ny, egy vonat f\u00fclk\u00e9j\u00e9ben tal\u00e1lja mag\u00e1t. Hamarosan r\u00e1j\u00f6nnek, hogy nincsenek egyed\u00fcl, mert a poggy\u00e1szukban apr\u00f3, szokatlan \u00e1llatok vannak, amelyek az utaz\u00e1st \u00e1llatpar\u00e1d\u00e9v\u00e1 v\u00e1ltoztatj\u00e1k.<\/p>\n<p>Az utaz\u00e1s v\u00e9g\u00e9n az idegenb\u0151l j\u00f3 bar\u00e1t lesz, vagy ak\u00e1r t\u00f6bb is.<\/p>\n<p>Az Utaz\u00f3ok egy szavak n\u00e9lk\u00fcli b\u00e1bel\u0151ad\u00e1s, amely a mindennapi t\u00e1rgyak anim\u00e1ci\u00f3j\u00e1ra \u00f6sszpontos\u00edt, \u00e9s minden koroszt\u00e1ly sz\u00e1m\u00e1ra k\u00e9sz\u00fclt. A m\u0171sor rendk\u00edv\u00fcl n\u00e9zhet\u0151, tele van humorral \u00e9s fant\u00e1zi\u00e1val.<\/p>\n<p><strong>Rendez\u0151:<\/strong> Bartal Kiss Rita<br \/>\n<strong>Zene:<\/strong> Miha Malek<\/p>\n<p><strong>D\u00edszlet:<\/strong> Sabina \u0160inko<br \/>\n<strong>Szerepl\u0151k:<\/strong> Petra Kava\u0161 \u00e9s Vitomir Vratari\u010d<\/p>\n<hr \/>\n<p><a href=\"https:\/\/www1.kkl.si\/wp-content\/uploads\/2022\/08\/oreglanyok.jpg\" data-lbwps-width=\"669\" data-lbwps-height=\"421\" data-lbwps-srcsmall=\"https:\/\/www1.kkl.si\/wp-content\/uploads\/2022\/08\/oreglanyok-400x252.jpg\"><img loading=\"lazy\" decoding=\"async\" class=\"size-medium wp-image-8523 alignright\" src=\"https:\/\/www1.kkl.si\/wp-content\/uploads\/2022\/08\/oreglanyok-400x252.jpg\" alt=\"\" width=\"400\" height=\"252\" srcset=\"https:\/\/www1.kkl.si\/wp-content\/uploads\/2022\/08\/oreglanyok-400x252.jpg 400w, https:\/\/www1.kkl.si\/wp-content\/uploads\/2022\/08\/oreglanyok.jpg 669w\" sizes=\"auto, (max-width: 400px) 100vw, 400px\" \/><\/a>A Liliom Produkci\u00f3 bemutatja<\/p>\n<p><strong> Cs\u00edk Csaba:<\/strong><\/p>\n<p><span style=\"font-size: 24px;\"><strong>\u00d6regl\u00e1nyok<\/strong><\/span><\/p>\n<p>\u00d6regl\u00e1nyok, akik \u00fagy j\u00e1tszanak, mint a gyerekek a j\u00e1tsz\u00f3t\u00e9ren. Nevetnek isteneken, szerelmeken, betegs\u00e9geken, a t\u00e1rsadalom korl\u00e1tain. Olyan n\u0151k, akikhez az \u00e9let nem mindig volt kegyes\u2026 m\u00e9gis minden porcik\u00e1jukkal azt \u00fczenik: NEVESS \u00c9S \u00c9LJ!<\/p>\n<p><strong>Szerepl\u0151k:<\/strong><br \/>\nPapadimitriu Athina<br \/>\nKov\u00e1ts Kriszta<br \/>\nOszvald Marika<br \/>\nHorv\u00e1th Zsuzsa<\/p>\n<p><a href=\"https:\/\/www1.kkl.si\/wp-content\/uploads\/2022\/08\/oreglanyok_plakat.jpg\" data-lbwps-width=\"1024\" data-lbwps-height=\"722\" data-lbwps-srcsmall=\"https:\/\/www1.kkl.si\/wp-content\/uploads\/2022\/08\/oreglanyok_plakat-400x282.jpg\"><img loading=\"lazy\" decoding=\"async\" class=\"wp-image-8540 size-medium alignnone\" src=\"https:\/\/www1.kkl.si\/wp-content\/uploads\/2022\/08\/oreglanyok_plakat-400x282.jpg\" alt=\"\" width=\"400\" height=\"282\" srcset=\"https:\/\/www1.kkl.si\/wp-content\/uploads\/2022\/08\/oreglanyok_plakat-400x282.jpg 400w, https:\/\/www1.kkl.si\/wp-content\/uploads\/2022\/08\/oreglanyok_plakat.jpg 1024w\" sizes=\"auto, (max-width: 400px) 100vw, 400px\" \/><\/a><\/p>\n<hr \/>\n<div class=\"mYVXT\">\n<div class=\"LS81yb VICjCf j5pSsc db35Fc\" tabindex=\"-1\">\n<div class=\"hJDwNd-AhqUyc-uQSCkd Ft7HRd-AhqUyc-uQSCkd purZT-AhqUyc-II5mzb ZcASvf-AhqUyc-II5mzb pSzOP-AhqUyc-qWD73c Ktthjf-AhqUyc-qWD73c JNdkSc SQVYQc\">\n<div class=\"JNdkSc-SmKAyb LkDMRd\">\n<div class=\"\">\n<div class=\"oKdM2c ZZyype Kzv0Me\">\n<div id=\"h.13d67590d31ee970_45\" class=\"hJDwNd-AhqUyc-uQSCkd Ft7HRd-AhqUyc-uQSCkd jXK9ad D2fZ2 zu5uec OjCsFc dmUFtb wHaque g5GTcb GNzUNc\">\n<div>\u00a0<\/div>\n<div><a href=\"https:\/\/www1.kkl.si\/wp-content\/uploads\/2022\/08\/banner_Festival_vinarium_2022_hu.jpg\" data-lbwps-width=\"1500\" data-lbwps-height=\"400\" data-lbwps-srcsmall=\"https:\/\/www1.kkl.si\/wp-content\/uploads\/2022\/08\/banner_Festival_vinarium_2022_hu-400x107.jpg\"><img loading=\"lazy\" decoding=\"async\" class=\"alignnone size-full wp-image-8444\" src=\"https:\/\/www1.kkl.si\/wp-content\/uploads\/2022\/08\/banner_Festival_vinarium_2022_hu.jpg\" alt=\"\" width=\"1500\" height=\"400\" srcset=\"https:\/\/www1.kkl.si\/wp-content\/uploads\/2022\/08\/banner_Festival_vinarium_2022_hu.jpg 1500w, https:\/\/www1.kkl.si\/wp-content\/uploads\/2022\/08\/banner_Festival_vinarium_2022_hu-400x107.jpg 400w\" sizes=\"auto, (max-width: 1500px) 100vw, 1500px\" \/><\/a><\/div>\n<div class=\"jXK9ad-SmKAyb\">VINARIUM FESZTIV\u00c1L 2022 \u2013 LENDVA<\/p>\n<p><em>Vinarium Fesztiv\u00e1l: Etno-estek kultur\u00e1lis- \u00e9s gasztron\u00f3miai programmal<br \/>\n<\/em><em>Az etno-estek keret\u00e9n bel\u00fcl horv\u00e1t, szlov\u00e9n, szerb \u00e9s magyar egyes\u00fcletek mutatkoznak be, \u00e9s k\u00edn\u00e1lj\u00e1k fel a l\u00e1togat\u00f3knak hagyom\u00e1nyos \u00e9teleiket. K\u00f6zben pedig sz\u00ednes zen\u00e9s-kultur\u00e1lis m\u0171sorr\u00f3l is gondoskodnak.<\/em><\/p>\n<p><em>\u00a0<\/em><\/p>\n<\/div>\n<\/div>\n<\/div>\n<\/div>\n<\/div>\n<\/div>\n<\/div>\n<\/div>\n","protected":false},"excerpt":{"rendered":"<p>2022. augusztus 30. kedd | etno-kultur\u00e1lis rendezv\u00e9ny 19.00 Helysz\u00edn: A Lendvai Sz\u00ednh\u00e1z- \u00e9s Hangversenyterem szabadt\u00e9ri sz\u00ednpada Szervez\u0151: Zavod za turizem in razvoj Lendava \u2013 Turisztikai \u00e9s Fejleszt\u00e9si K\u00f6zint\u00e9zet Lendva Szervez\u0151: MNMI-ZKMN VINARIUM FESZTIV\u00c1L 2022 \u2013 LENDVA Magyar etno est a Magyar Nemzetis\u00e9gi M\u0171vel\u0151d\u00e9si Int\u00e9zet szervez\u00e9s\u00e9ben 19.00 A Pupilla B\u00e1bsz\u00ednh\u00e1z el\u0151ad\u00e1sa: Utaz\u00f3k 20.00 A Liliom Produkci\u00f3 [&hellip;]<\/p>\n","protected":false},"author":2,"featured_media":0,"parent":0,"menu_order":0,"comment_status":"closed","ping_status":"closed","template":"","meta":{"footnotes":""},"class_list":["post-8547","page","type-page","status-publish","hentry","post"],"_links":{"self":[{"href":"https:\/\/www1.kkl.si\/hu\/wp-json\/wp\/v2\/pages\/8547","targetHints":{"allow":["GET"]}}],"collection":[{"href":"https:\/\/www1.kkl.si\/hu\/wp-json\/wp\/v2\/pages"}],"about":[{"href":"https:\/\/www1.kkl.si\/hu\/wp-json\/wp\/v2\/types\/page"}],"author":[{"embeddable":true,"href":"https:\/\/www1.kkl.si\/hu\/wp-json\/wp\/v2\/users\/2"}],"replies":[{"embeddable":true,"href":"https:\/\/www1.kkl.si\/hu\/wp-json\/wp\/v2\/comments?post=8547"}],"version-history":[{"count":8,"href":"https:\/\/www1.kkl.si\/hu\/wp-json\/wp\/v2\/pages\/8547\/revisions"}],"predecessor-version":[{"id":8626,"href":"https:\/\/www1.kkl.si\/hu\/wp-json\/wp\/v2\/pages\/8547\/revisions\/8626"}],"wp:attachment":[{"href":"https:\/\/www1.kkl.si\/hu\/wp-json\/wp\/v2\/media?parent=8547"}],"curies":[{"name":"wp","href":"https:\/\/api.w.org\/{rel}","templated":true}]}}