{"id":8636,"date":"2022-08-24T13:25:25","date_gmt":"2022-08-24T11:25:25","guid":{"rendered":"https:\/\/www1.kkl.si\/?page_id=8636"},"modified":"2022-08-24T13:25:38","modified_gmt":"2022-08-24T11:25:38","slug":"kultival-2022-karpat-medencei-kulturalis-ifjusagi-fesztival","status":"publish","type":"page","link":"https:\/\/www1.kkl.si\/hu\/kultival-2022-karpat-medencei-kulturalis-ifjusagi-fesztival\/","title":{"rendered":"KULTIV\u00c1L 2022 \u2013 K\u00e1rp\u00e1t-medencei Kultur\u00e1lis Ifj\u00fas\u00e1gi Fesztiv\u00e1l"},"content":{"rendered":"<div class=\"opis\"><strong><img loading=\"lazy\" decoding=\"async\" class=\"wp-image-1588 alignright\" title=\"Ingyenes rendezv\u00e9ny\" src=\"https:\/\/www1.kkl.si\/wp-content\/uploads\/\/2020\/07\/spored_simb_brezplacna-1.svg\" sizes=\"auto, (max-width: 40px) 100vw, 40px\" srcset=\"https:\/\/www1.kkl.si\/wp-content\/uploads\/\/2020\/07\/spored_simb_brezplacna-1.svg 150w, https:\/\/www1.kkl.si\/wp-content\/uploads\/\/2020\/07\/spored_simb_brezplacna-1.svg 400w, https:\/\/www1.kkl.si\/wp-content\/uploads\/\/2020\/07\/spored_simb_brezplacna-1.svg 1500w, https:\/\/www1.kkl.si\/wp-content\/uploads\/\/2020\/07\/spored_simb_brezplacna-1.svg 100w\" alt=\"brezplacna\" width=\"40\" height=\"40\" \/><i class=\"fas fa-calendar\"><\/i> <\/strong><strong>2022. augusztus 26. p\u00e9ntek | <span class=\"zanr\">etno-kultur\u00e1lis rendezv\u00e9ny, koncert<\/span><br \/>\n<i class=\"fas fa-clock\"><\/i> <\/strong><strong>17<\/strong><strong>.00<\/strong><br \/>\n<i class=\"fas fa-map-marker\"><\/i> Helysz\u00edn: A Lendvai Sz\u00ednh\u00e1z- \u00e9s Hangversenyterem szabadt\u00e9ri sz\u00ednpada<br \/>\n<i class=\"fas fa-chevron-circle-right\"><\/i> Szervez\u0151k: <a href=\"https:\/\/www.mnmi-zkmn.si\/\">MNMI-ZKMN<\/a>, <a href=\"https:\/\/www.kkl.si\/\">Knji\u017enica \u2013 Kulturni center Lendava \u2013 Lendvai K\u00f6nyvt\u00e1r \u00e9s Kultur\u00e1lis K\u00f6zpont<\/a><\/div>\n<p><a href=\"https:\/\/www1.kkl.si\/wp-content\/uploads\/2022\/08\/kultival.jpg\" data-lbwps-width=\"2271\" data-lbwps-height=\"622\" data-lbwps-srcsmall=\"https:\/\/www1.kkl.si\/wp-content\/uploads\/2022\/08\/kultival-400x110.jpg\"><img loading=\"lazy\" decoding=\"async\" class=\"alignnone size-large wp-image-8632\" src=\"https:\/\/www1.kkl.si\/wp-content\/uploads\/2022\/08\/kultival-1500x411.jpg\" alt=\"\" width=\"1500\" height=\"661\" \/><\/a><\/p>\n<p>A K\u00e1p\u00e1t-medencei K\u00f6zm\u0171vel\u0151d\u00e9si Kerekasztal tagjai 2015-t\u0151l minden \u00e9vben megszervezz\u00fck a K\u00e1rp\u00e1t-medencei Kultur\u00e1lis Ifj\u00fas\u00e1gi Fesztiv\u00e1lt, r\u00f6viden a Kultiv\u00e1lt. Az id\u00e9n az a megtiszteltet\u00e9s \u00e9rt benn\u00fcnket, hogy 2016 ut\u00e1n ism\u00e9t vend\u00e9g\u00fcl l\u00e1thatjuk a K\u00e1rp\u00e1t-medencei alkot\u00f3 fiatalokat itt a Muravid\u00e9ken, Lendv\u00e1n.<\/p>\n<p>Mindenkit sok szeretettel v\u00e1runk <strong>2022. 8. 26-\u00e1n, p\u00e9nteken<\/strong> a d\u00e9lut\u00e1n folyam\u00e1n \u00e9s <strong>szombaton<\/strong> a k\u00f6z\u00f6s standunkhoz is a Bogr\u00e1csfeszt keretein bel\u00fcl, amikor a <strong>B\u00e1nffy K\u00f6zpontban k\u00e9zm\u0171ves foglalkoz\u00e1sokkal v\u00e1rjuk a gyerekeket.<\/strong><\/p>\n<p>&nbsp;<\/p>\n<div id=\"attachment_8629\" style=\"width: 410px\" class=\"wp-caption alignright\"><a href=\"https:\/\/www1.kkl.si\/wp-content\/uploads\/2022\/08\/st_longinus.jpg\" data-lbwps-width=\"2048\" data-lbwps-height=\"1365\" data-lbwps-srcsmall=\"https:\/\/www1.kkl.si\/wp-content\/uploads\/2022\/08\/st_longinus-400x267.jpg\"><img loading=\"lazy\" decoding=\"async\" aria-describedby=\"caption-attachment-8629\" class=\"wp-image-8630 size-medium\" src=\"https:\/\/www1.kkl.si\/wp-content\/uploads\/2022\/08\/st_longinus-400x267.jpg\" alt=\"\" width=\"400\" height=\"267\" srcset=\"https:\/\/www1.kkl.si\/wp-content\/uploads\/2022\/08\/st_longinus-400x267.jpg 400w, https:\/\/www1.kkl.si\/wp-content\/uploads\/2022\/08\/st_longinus-1500x1000.jpg 1500w, https:\/\/www1.kkl.si\/wp-content\/uploads\/2022\/08\/st_longinus.jpg 2048w\" sizes=\"auto, (max-width: 400px) 100vw, 400px\" \/><\/a><p id=\"caption-attachment-8629\" class=\"wp-caption-text\">A vajdas\u00e1gi St. Longinus K\u00f6z\u00e9pkori hagyom\u00e1ny\u0151rz\u0151 egyes\u00fclet<\/p><\/div>\n<p><em><strong><span style=\"font-size: 24px;\">Lendvai park<\/span><\/strong><\/em><\/p>\n<p><strong>17:00<\/strong> \u2013 a <em>vajdas\u00e1gi St. Longinus K\u00f6z\u00e9pkori hagyom\u00e1ny\u0151rz\u0151 egyes\u00fclet<\/em> k\u00f6z\u00e9pkori hagyom\u00e1nyok bemutat\u00f3ja korh\u0171 ruh\u00e1zatban \u00e9s fegyverzettel. A m\u0171sor alatt a l\u00e1togat\u00f3k megismerkedhetnek a k\u00f6z\u00e9pkori lovagi virtussal, ahol bemutatj\u00e1k a kor t\u00e1mad\u00f3- \u00e9s v\u00e9d\u0151fegyvereit, v\u00e9rtezet\u00e9t is haszn\u00e1lat k\u00f6zben rendhagy\u00f3 t\u00f6rt\u00e9nelem\u00f3ra keretein bel\u00fcl.<\/p>\n<p>&nbsp;<\/p>\n<p><span style=\"font-size: 24px;\"><em><strong>A lendvai Sz\u00ednh\u00e1z- \u00e9s Hangversenyterem ny\u00e1ri sz\u00ednpada<\/strong><\/em><\/span><\/p>\n<p><strong>18:00<\/strong> \u2013 az erd\u00e9lyi <em>Ampelopsis Verssz\u00ednh\u00e1z<\/em> bemutatja Szab\u00f3 L\u0151rinc-estet <em>F\u00e9nysz\u00e1rny\u00fa<\/em> sz\u00f3 c\u00edmen.<\/p>\n<p><strong>18:50<\/strong> \u2013 az <em>\u00daj Muravid\u00e9k Citerazenekar<\/em> m\u0171sora<\/p>\n<p><strong>19:10<\/strong> \u2013 a vajdas\u00e1gi <em>Skand\u00e1lum<\/em> megzen\u00e9s\u00edtett verses m\u0171sora.<\/p>\n<p><strong>19:50<\/strong> \u2013 <em>Fricska T\u00e1ncegy\u00fcttes<\/em> m\u0171sora k\u00e9t r\u00e9szben \u2013 A vil\u00e1g legf\u00fcrg\u00e9bb l\u00e1btemp\u00f3j\u00fa fi\u00fak \u00e9rkeznek Lendv\u00e1ra, akik bebizony\u00edtott\u00e1k, hogy \u0151k a vil\u00e1g leggyorsabb n\u00e9pt\u00e1ncosai, nemcsak l\u00e1bbal, hanem k\u00e9zzel is a leggyorsabb ritmust \u00fctik a vil\u00e1gon. Az igen energikus t\u00e1ncl\u00e9p\u00e9sek sz\u00ednes sz\u00ednfoltja lesznek a Bogr\u00e1csfeszt el\u0151estj\u00e9nen, a KULTIV\u00c1L fesztiv\u00e1l sz\u00ednes\u00edt\u00e9se k\u00e9pp.<\/p>\n<p><strong>20:10<\/strong> \u2013 <em>\u0160etar Luci<\/em> \u00e9nek \u00e9s git\u00e1r el\u0151ad\u00e1sa<\/p>\n<p><strong>20:20<\/strong> \u2013 <em>Fricska T\u00e1ncegy\u00fcttes<\/em><\/p>\n<p><strong>20:30<\/strong> \u2013 <em>Hot Club of Lendava<\/em> koncert \u2013 A Kultiv\u00e1l egyik f\u0151 szempontja, hogy a K\u00e1rp\u00e1t-medencei fiatalok megismerkednek egym\u00e1ssal, \u00e9s kapcsolatokat \u00e9p\u00edtsnek ki egym\u00e1s k\u00f6zt. Hogy sikeres az ilyen fajta kapcsolat\u00e9p\u00edt\u00e9s, azt az is bizony\u00edtja, hogy az egyik el\u0151z\u0151 Kultiv\u00e1lon ismerkedett meg az Hot Club of Lendava n\u00e9h\u00e1ny tagja, \u00e9s az\u00f3ta is \u00e1polj\u00e1k a kapcsolatukat valamint minden \u00e9ven n\u00e9h\u00e1ny szerepl\u00e9st v\u00e1llalnak Hot Club of Lendava n\u00e9ven. Muravid\u00e9ki, felvid\u00e9ki \u00e9s egy\u00e9b m\u00e1s ter\u00fcletr\u0151l tev\u0151dik \u00f6ssze a csapat, akik gipsy swinggel v\u00e1rj\u00e1k a l\u00e1togat\u00f3kat.<\/p>\n<div class=\"mYVXT\">\n<div class=\"LS81yb VICjCf j5pSsc db35Fc\" tabindex=\"-1\">\n<div class=\"hJDwNd-AhqUyc-uQSCkd Ft7HRd-AhqUyc-uQSCkd purZT-AhqUyc-II5mzb ZcASvf-AhqUyc-II5mzb pSzOP-AhqUyc-qWD73c Ktthjf-AhqUyc-qWD73c JNdkSc SQVYQc\">\n<div class=\"JNdkSc-SmKAyb LkDMRd\">\n<div class=\"\">\n<div class=\"oKdM2c ZZyype Kzv0Me\">\n<div id=\"h.13d67590d31ee970_45\" class=\"hJDwNd-AhqUyc-uQSCkd Ft7HRd-AhqUyc-uQSCkd jXK9ad D2fZ2 zu5uec OjCsFc dmUFtb wHaque g5GTcb GNzUNc\">\n<div class=\"jXK9ad-SmKAyb\">\n<p>Sok szeretettel v\u00e1runk minden \u00e9rdekl\u0151d\u0151t!<\/p>\n<hr \/>\n<p><a href=\"https:\/\/www1.kkl.si\/wp-content\/uploads\/2022\/08\/banner_Festival_vinarium_2022_hu.jpg\" data-lbwps-width=\"1500\" data-lbwps-height=\"400\" data-lbwps-srcsmall=\"https:\/\/www1.kkl.si\/wp-content\/uploads\/2022\/08\/banner_Festival_vinarium_2022_hu-400x107.jpg\"><img loading=\"lazy\" decoding=\"async\" class=\"alignnone size-large wp-image-8444\" src=\"https:\/\/www1.kkl.si\/wp-content\/uploads\/2022\/08\/banner_Festival_vinarium_2022_hu-1500x400.jpg\" alt=\"\" width=\"1500\" height=\"400\" srcset=\"https:\/\/www1.kkl.si\/wp-content\/uploads\/2022\/08\/banner_Festival_vinarium_2022_hu.jpg 1500w, https:\/\/www1.kkl.si\/wp-content\/uploads\/2022\/08\/banner_Festival_vinarium_2022_hu-400x107.jpg 400w\" sizes=\"auto, (max-width: 1500px) 100vw, 1500px\" \/><\/a><\/p>\n<p>VINARIUM FESZTIV\u00c1L 2022 \u2013 LENDVA<\/p>\n<p><em>Vinarium Fesztiv\u00e1l: Etno-estek kultur\u00e1lis- \u00e9s gasztron\u00f3miai programmal<br \/>\n<\/em><em>Az etno-estek keret\u00e9n bel\u00fcl horv\u00e1t, szlov\u00e9n, szerb \u00e9s magyar egyes\u00fcletek mutatkoznak be, \u00e9s k\u00edn\u00e1lj\u00e1k fel a l\u00e1togat\u00f3knak hagyom\u00e1nyos \u00e9teleiket. K\u00f6zben pedig sz\u00ednes zen\u00e9s-kultur\u00e1lis m\u0171sorr\u00f3l is gondoskodnak.<\/em><\/p>\n<\/div>\n<\/div>\n<\/div>\n<\/div>\n<\/div>\n<\/div>\n<\/div>\n<\/div>\n","protected":false},"excerpt":{"rendered":"<p>2022. augusztus 26. p\u00e9ntek | etno-kultur\u00e1lis rendezv\u00e9ny, koncert 17.00 Helysz\u00edn: A Lendvai Sz\u00ednh\u00e1z- \u00e9s Hangversenyterem szabadt\u00e9ri sz\u00ednpada Szervez\u0151k: MNMI-ZKMN, Knji\u017enica \u2013 Kulturni center Lendava \u2013 Lendvai K\u00f6nyvt\u00e1r \u00e9s Kultur\u00e1lis K\u00f6zpont A K\u00e1p\u00e1t-medencei K\u00f6zm\u0171vel\u0151d\u00e9si Kerekasztal tagjai 2015-t\u0151l minden \u00e9vben megszervezz\u00fck a K\u00e1rp\u00e1t-medencei Kultur\u00e1lis Ifj\u00fas\u00e1gi Fesztiv\u00e1lt, r\u00f6viden a Kultiv\u00e1lt. Az id\u00e9n az a megtiszteltet\u00e9s \u00e9rt benn\u00fcnket, hogy [&hellip;]<\/p>\n","protected":false},"author":2,"featured_media":8632,"parent":0,"menu_order":0,"comment_status":"closed","ping_status":"closed","template":"","meta":{"footnotes":""},"class_list":["post-8636","page","type-page","status-publish","has-post-thumbnail","hentry","post","post-with-thumbnail","post-with-thumbnail-icon"],"_links":{"self":[{"href":"https:\/\/www1.kkl.si\/hu\/wp-json\/wp\/v2\/pages\/8636","targetHints":{"allow":["GET"]}}],"collection":[{"href":"https:\/\/www1.kkl.si\/hu\/wp-json\/wp\/v2\/pages"}],"about":[{"href":"https:\/\/www1.kkl.si\/hu\/wp-json\/wp\/v2\/types\/page"}],"author":[{"embeddable":true,"href":"https:\/\/www1.kkl.si\/hu\/wp-json\/wp\/v2\/users\/2"}],"replies":[{"embeddable":true,"href":"https:\/\/www1.kkl.si\/hu\/wp-json\/wp\/v2\/comments?post=8636"}],"version-history":[{"count":2,"href":"https:\/\/www1.kkl.si\/hu\/wp-json\/wp\/v2\/pages\/8636\/revisions"}],"predecessor-version":[{"id":8638,"href":"https:\/\/www1.kkl.si\/hu\/wp-json\/wp\/v2\/pages\/8636\/revisions\/8638"}],"wp:featuredmedia":[{"embeddable":true,"href":"https:\/\/www1.kkl.si\/hu\/wp-json\/wp\/v2\/media\/8632"}],"wp:attachment":[{"href":"https:\/\/www1.kkl.si\/hu\/wp-json\/wp\/v2\/media?parent=8636"}],"curies":[{"name":"wp","href":"https:\/\/api.w.org\/{rel}","templated":true}]}}