{"id":8704,"date":"2022-08-26T15:25:09","date_gmt":"2022-08-26T13:25:09","guid":{"rendered":"https:\/\/www1.kkl.si\/?page_id=8704"},"modified":"2022-08-26T15:33:20","modified_gmt":"2022-08-26T13:33:20","slug":"vinarium-fesztival-2022-szerb-ujvideki-etno-est","status":"publish","type":"page","link":"https:\/\/www1.kkl.si\/hu\/vinarium-fesztival-2022-szerb-ujvideki-etno-est\/","title":{"rendered":"VINARIUM FESZTIV\u00c1L 2022: Szerb \u2013 \u00dajvid\u00e9ki etno est"},"content":{"rendered":"<div class=\"opis\"><strong><img loading=\"lazy\" decoding=\"async\" class=\"wp-image-1588 alignright\" title=\"Ingyenes rendezv\u00e9ny\" src=\"https:\/\/www1.kkl.si\/wp-content\/uploads\/\/2020\/07\/spored_simb_brezplacna-1.svg\" sizes=\"auto, (max-width: 40px) 100vw, 40px\" srcset=\"https:\/\/www1.kkl.si\/wp-content\/uploads\/\/2020\/07\/spored_simb_brezplacna-1.svg 150w, https:\/\/www1.kkl.si\/wp-content\/uploads\/\/2020\/07\/spored_simb_brezplacna-1.svg 400w, https:\/\/www1.kkl.si\/wp-content\/uploads\/\/2020\/07\/spored_simb_brezplacna-1.svg 1500w, https:\/\/www1.kkl.si\/wp-content\/uploads\/\/2020\/07\/spored_simb_brezplacna-1.svg 100w\" alt=\"brezplacna\" width=\"40\" height=\"40\" \/><i class=\"fas fa-calendar\"><\/i> <\/strong><strong>2022. szeptember 1. cs\u00fct\u00f6rt\u00f6k | <span class=\"zanr\">etno-kultur\u00e1lis rendezv\u00e9ny<\/span><br \/>\n<i class=\"fas fa-clock\"><\/i> <\/strong><strong>19<\/strong><strong>.00<\/strong><br \/>\n<i class=\"fas fa-map-marker\"><\/i> Helysz\u00edn: A Lendvai Sz\u00ednh\u00e1z- \u00e9s Hangversenyterem szabadt\u00e9ri sz\u00ednpada<br \/>\n<i class=\"fas fa-chevron-circle-right\"><\/i> Szervez\u0151: <a href=\"http:\/\/ztr.si\/\">Zavod za turizem in razvoj Lendava \u2013 Turisztikai \u00e9s Fejleszt\u00e9si K\u00f6zint\u00e9zet Lendva<\/a><br \/>\n<i class=\"fas fa-chevron-circle-right\"><\/i> a <a href=\"https:\/\/www.facebook.com\/KTD-Novi-Sad-Lendava-2118558985074165\/\">Novi Sad KTE<\/a> \u00e9s a <a href=\"https:\/\/www.facebook.com\/Srpsko-kulturno-dru%C5%A1tvo-Jovan-Jovanovi%C4%87-Zmaj-Lendava-143183865777424\/\">Jovan Jovanovi\u0107 Zmaj Szerb KE<\/a>, valamint a Petesh\u00e1zi TKE t\u00e1rsszervez\u00e9s\u00e9ben<\/div>\n<p><a href=\"https:\/\/www1.kkl.si\/wp-content\/uploads\/2022\/08\/plakat2022_novosadski_srbski_vecer.jpg\" data-lbwps-width=\"3508\" data-lbwps-height=\"4961\" data-lbwps-srcsmall=\"https:\/\/www1.kkl.si\/wp-content\/uploads\/2022\/08\/plakat2022_novosadski_srbski_vecer.jpg\"><img loading=\"lazy\" decoding=\"async\" class=\"slika alignright wp-image-8659\" src=\"https:\/\/www1.kkl.si\/wp-content\/uploads\/2022\/08\/plakat2022_novosadski_srbski_vecer-scaled-1061x1500.jpg\" alt=\"\" width=\"500\" height=\"707\" srcset=\"https:\/\/www1.kkl.si\/wp-content\/uploads\/2022\/08\/plakat2022_novosadski_srbski_vecer-scaled-1061x1500.jpg 1061w, https:\/\/www1.kkl.si\/wp-content\/uploads\/2022\/08\/plakat2022_novosadski_srbski_vecer-scaled-283x400.jpg 283w, https:\/\/www1.kkl.si\/wp-content\/uploads\/2022\/08\/plakat2022_novosadski_srbski_vecer-scaled.jpg 1810w\" sizes=\"auto, (max-width: 500px) 100vw, 500px\" \/><\/a>VINARIUM FESZTIV\u00c1L 2022 \u2013 LENDVA<br \/>\n<strong>Szerb \u2013 \u00dajvid\u00e9ki etno est<\/strong><\/p>\n<p><strong>Fell\u00e9pnek:<\/strong><\/p>\n<ul>\n<li>Vila tamburazenekar<\/li>\n<li>\u017deljezni\u010dar ME<\/li>\n<li>a <em>Kulturno blago Novega Sada<\/em> c. k\u00f6nyv prom\u00f3ci\u00f3ja \u00e9s versfelolvas\u00e1s<\/li>\n<li>Beseda Petrovaradina Szerb-Cseh Egyes\u00fclet<\/li>\n<\/ul>\n<p><strong>Vend\u00e9gek<\/strong><\/p>\n<ul>\n<li>Prof. Svetlana Tomin (Kulturno Blago),<\/li>\n<li>Tambura\u0161ki orkester Vila &#8211; Novi Sad,<\/li>\n<li>Slavica Ni\u0107iforovi\u0107 Veselinovi\u0107,<\/li>\n<li>Hana Goldner,<\/li>\n<li>Jelica Ble\u010di\u0107<\/li>\n<\/ul>\n<p><em>Gasztron\u00f3miai k\u00edn\u00e1lat: l\u00e1ngos, paszuly.<br \/>\n<\/em><\/p>\n<p><em>A bel\u00e9p\u00e9s d\u00edjtalan!<\/em><\/p>\n<p><i class=\"fas fa-link\"><\/i> <a href=\"https:\/\/www.lendava-lendva.si\/\">https:\/\/www.lendava-lendva.si<\/a><br \/>\n<i class=\"fas fa-link\"><\/i> <a href=\"http:\/\/ztr.si\/\">http:\/\/ztr.si\/<\/a><br \/>\n<i class=\"fab fa-facebook-square\"><\/i> <a href=\"https:\/\/www.facebook.com\/KTD-Novi-Sad-Lendava-2118558985074165\/\">https:\/\/www.facebook.com\/KTD-Novi-Sad-Lendava-2118558985074165\/<\/a><\/p>\n<hr \/>\n<p><span style=\"font-size: 24px;\"><strong>Tambura\u0161ki orkester Vila (Vila tamburazenekar)<\/strong><\/span><strong><br \/>\n<\/strong><\/p>\n<p><iframe loading=\"lazy\" src=\"\/\/www.youtube.com\/embed\/4t9BHDD7hzE\" width=\"560\" height=\"314\" allowfullscreen=\"allowfullscreen\" data-mce-fragment=\"1\"><\/iframe><\/p>\n<p><iframe loading=\"lazy\" src=\"\/\/www.youtube.com\/embed\/8fJ89zEAmlc\" width=\"560\" height=\"314\" allowfullscreen=\"allowfullscreen\" data-mce-fragment=\"1\"><\/iframe><\/p>\n<hr \/>\n<div class=\"mYVXT\">\n<div class=\"LS81yb VICjCf j5pSsc db35Fc\" tabindex=\"-1\">\n<div class=\"hJDwNd-AhqUyc-uQSCkd Ft7HRd-AhqUyc-uQSCkd purZT-AhqUyc-II5mzb ZcASvf-AhqUyc-II5mzb pSzOP-AhqUyc-qWD73c Ktthjf-AhqUyc-qWD73c JNdkSc SQVYQc\">\n<div class=\"JNdkSc-SmKAyb LkDMRd\">\n<div class=\"\">\n<div class=\"oKdM2c ZZyype Kzv0Me\">\n<div id=\"h.13d67590d31ee970_45\" class=\"hJDwNd-AhqUyc-uQSCkd Ft7HRd-AhqUyc-uQSCkd jXK9ad D2fZ2 zu5uec OjCsFc dmUFtb wHaque g5GTcb GNzUNc\">\n<div>\u00a0<\/div>\n<div>\n<div><img loading=\"lazy\" decoding=\"async\" class=\"alignnone size-full wp-image-8444\" src=\"https:\/\/www1.kkl.si\/wp-content\/uploads\/2022\/08\/banner_Festival_vinarium_2022_hu.jpg\" sizes=\"auto, (max-width: 1500px) 100vw, 1500px\" srcset=\"https:\/\/www1.kkl.si\/wp-content\/uploads\/2022\/08\/banner_Festival_vinarium_2022_hu.jpg 1500w, https:\/\/www1.kkl.si\/wp-content\/uploads\/2022\/08\/banner_Festival_vinarium_2022_hu-400x107.jpg 400w\" alt=\"\" width=\"1500\" height=\"400\" \/><\/div>\n<div class=\"jXK9ad-SmKAyb\">\n<p>VINARIUM FESZTIV\u00c1L 2022 \u2013 LENDVA<\/p>\n<p>Vinarium Fesztiv\u00e1l: Etno-estek kultur\u00e1lis- \u00e9s gasztron\u00f3miai programmal<br \/>\nAz etno-estek keret\u00e9n bel\u00fcl horv\u00e1t, szlov\u00e9n, szerb \u00e9s magyar egyes\u00fcletek mutatkoznak be, \u00e9s k\u00edn\u00e1lj\u00e1k fel a l\u00e1togat\u00f3knak hagyom\u00e1nyos \u00e9teleiket. K\u00f6zben pedig sz\u00ednes zen\u00e9s-kultur\u00e1lis m\u0171sorr\u00f3l is gondoskodnak.<\/p>\n<\/div>\n<\/div>\n<\/div>\n<\/div>\n<\/div>\n<\/div>\n<\/div>\n<\/div>\n<\/div>\n","protected":false},"excerpt":{"rendered":"<p>2022. szeptember 1. cs\u00fct\u00f6rt\u00f6k | etno-kultur\u00e1lis rendezv\u00e9ny 19.00 Helysz\u00edn: A Lendvai Sz\u00ednh\u00e1z- \u00e9s Hangversenyterem szabadt\u00e9ri sz\u00ednpada Szervez\u0151: Zavod za turizem in razvoj Lendava \u2013 Turisztikai \u00e9s Fejleszt\u00e9si K\u00f6zint\u00e9zet Lendva a Novi Sad KTE \u00e9s a Jovan Jovanovi\u0107 Zmaj Szerb KE, valamint a Petesh\u00e1zi TKE t\u00e1rsszervez\u00e9s\u00e9ben VINARIUM FESZTIV\u00c1L 2022 \u2013 LENDVA Szerb \u2013 \u00dajvid\u00e9ki etno est [&hellip;]<\/p>\n","protected":false},"author":2,"featured_media":0,"parent":0,"menu_order":0,"comment_status":"closed","ping_status":"closed","template":"","meta":{"footnotes":""},"class_list":["post-8704","page","type-page","status-publish","hentry","post"],"_links":{"self":[{"href":"https:\/\/www1.kkl.si\/hu\/wp-json\/wp\/v2\/pages\/8704","targetHints":{"allow":["GET"]}}],"collection":[{"href":"https:\/\/www1.kkl.si\/hu\/wp-json\/wp\/v2\/pages"}],"about":[{"href":"https:\/\/www1.kkl.si\/hu\/wp-json\/wp\/v2\/types\/page"}],"author":[{"embeddable":true,"href":"https:\/\/www1.kkl.si\/hu\/wp-json\/wp\/v2\/users\/2"}],"replies":[{"embeddable":true,"href":"https:\/\/www1.kkl.si\/hu\/wp-json\/wp\/v2\/comments?post=8704"}],"version-history":[{"count":9,"href":"https:\/\/www1.kkl.si\/hu\/wp-json\/wp\/v2\/pages\/8704\/revisions"}],"predecessor-version":[{"id":8715,"href":"https:\/\/www1.kkl.si\/hu\/wp-json\/wp\/v2\/pages\/8704\/revisions\/8715"}],"wp:attachment":[{"href":"https:\/\/www1.kkl.si\/hu\/wp-json\/wp\/v2\/media?parent=8704"}],"curies":[{"name":"wp","href":"https:\/\/api.w.org\/{rel}","templated":true}]}}