{"id":8747,"date":"2022-08-28T12:35:52","date_gmt":"2022-08-28T10:35:52","guid":{"rendered":"https:\/\/www1.kkl.si\/?page_id=8747"},"modified":"2022-09-02T11:46:50","modified_gmt":"2022-09-02T09:46:50","slug":"joze-plecnik-es-praga","status":"publish","type":"page","link":"https:\/\/www1.kkl.si\/hu\/joze-plecnik-es-praga\/","title":{"rendered":"Jo\u017ee Ple\u010dnik \u00e9s Pr\u00e1ga"},"content":{"rendered":"<div class=\"opis\"><strong><img loading=\"lazy\" decoding=\"async\" class=\"wp-image-1588 alignright\" title=\"Ingyenes rendezv\u00e9ny\" src=\"https:\/\/www1.kkl.si\/wp-content\/uploads\/\/2020\/07\/spored_simb_brezplacna-1.svg\" sizes=\"auto, (max-width: 40px) 100vw, 40px\" srcset=\"https:\/\/www1.kkl.si\/wp-content\/uploads\/\/2020\/07\/spored_simb_brezplacna-1.svg 150w, https:\/\/www1.kkl.si\/wp-content\/uploads\/\/2020\/07\/spored_simb_brezplacna-1.svg 400w, https:\/\/www1.kkl.si\/wp-content\/uploads\/\/2020\/07\/spored_simb_brezplacna-1.svg 1500w, https:\/\/www1.kkl.si\/wp-content\/uploads\/\/2020\/07\/spored_simb_brezplacna-1.svg 100w\" alt=\"brezplacna\" width=\"40\" height=\"40\" \/><i class=\"fas fa-calendar\"><\/i> <\/strong><strong>2022. szeptember 5. h\u00e9tf\u0151 | <span class=\"zanr\">ki\u00e1ll\u00edt\u00e1s<\/span><br \/>\n<i class=\"fas fa-clock\"><\/i> <\/strong><strong>16.00<\/strong><br \/>\n<i class=\"fas fa-map-marker\"><\/i> Helysz\u00edn: A Lendvai Sz\u00ednh\u00e1z- \u00e9s Hangversenyterem el\u0151tere<br \/>\n<i class=\"fas fa-chevron-circle-right\"><\/i> Szervez\u0151: <a href=\"https:\/\/www.mzv.cz\/ljubljana\/en\/index.html\">Veleposlani\u0161tvo \u010ce\u0161ke republike v Sloveniji<\/a>, <a href=\"https:\/\/www.lendava.si\/\">Ob\u010dina Lendava \u2013 Lendva K\u00f6zs\u00e9g<\/a> in <a href=\"https:\/\/www.kkl.si\/\">Knji\u017enica \u2013 Kulturni center Lendava \u2013 Lendvai K\u00f6nyvt\u00e1r \u00e9s Kultur\u00e1lis K\u00f6zpont<\/a><\/div>\n<p><a href=\"https:\/\/www1.kkl.si\/wp-content\/uploads\/2022\/08\/plakat_JozePlecnik_Praga_GKDLend_2022_web.jpg\" data-lbwps-width=\"2500\" data-lbwps-height=\"3500\" data-lbwps-srcsmall=\"https:\/\/www1.kkl.si\/wp-content\/uploads\/2022\/08\/plakat_JozePlecnik_Praga_GKDLend_2022_web.jpg\"><img loading=\"lazy\" decoding=\"async\" class=\"slika alignright wp-image-8663 size-medium\" src=\"https:\/\/www1.kkl.si\/wp-content\/uploads\/2022\/08\/plakat_JozePlecnik_Praga_GKDLend_2022_web-scaled-286x400.jpg\" alt=\"\" width=\"286\" height=\"400\" srcset=\"https:\/\/www1.kkl.si\/wp-content\/uploads\/2022\/08\/plakat_JozePlecnik_Praga_GKDLend_2022_web-scaled-286x400.jpg 286w, https:\/\/www1.kkl.si\/wp-content\/uploads\/2022\/08\/plakat_JozePlecnik_Praga_GKDLend_2022_web-scaled-1072x1500.jpg 1072w, https:\/\/www1.kkl.si\/wp-content\/uploads\/2022\/08\/plakat_JozePlecnik_Praga_GKDLend_2022_web-scaled.jpg 1829w\" sizes=\"auto, (max-width: 286px) 100vw, 286px\" \/><\/a>Tisztelettel megh\u00edvjuk \u00d6nt a<br \/>\n<span style=\"font-size: 32px;\">Jo\u017ee Ple\u010dnik \u00e9s Pr\u00e1ga<\/span><br \/>\nc\u00edm\u0171 ki\u00e1ll\u00edt\u00e1s megnyit\u00f3j\u00e1ra,<br \/>\nami 2022. szeptember 5-\u00e9n<br \/>\n16 \u00f3rakor lesz a Lendvai Sz\u00ednh\u00e1z- \u00e9s<br \/>\nHangversenyterem el\u0151ter\u00e9ben.<\/p>\n<p>A ki\u00e1ll\u00edt\u00e1st megny\u00edtj\u00e1k:<br \/>\n<strong>Juraj Chmiel<\/strong>, a Cseh K\u00f6zt\u00e1rsas\u00e1g nagyk\u00f6vete Szlov\u00e9ni\u00e1ban \u00e9s<br \/>\n<strong>Ivan Koncut<\/strong>, Lendva K\u00f6zs\u00e9g polg\u00e1rmesteri tiszts\u00e9g\u00e9t ideiglenesen bet\u00f6lt\u0151 alpolg\u00e1rmester.<\/p>\n<p><em>A ki\u00e1ll\u00edt\u00e1s 2022. szeptember 30-ig tekinthet\u0151 meg.<\/em><\/p>\n<p>&nbsp;<\/p>\n<p>A KI\u00c1LL\u00cdT\u00c1SR\u00d3L<\/p>\n<p>Jo\u017ee Ple\u010dnik kit\u00f6r\u00f6lhetetlen nyomot hagyott Pr\u00e1ga \u00e9s a cseh \u00e9p\u00edt\u00e9szet t\u00f6rt\u00e9net\u00e9ben &#8211; a pr\u00e1gai v\u00e1r \u00e9s a Vinohrady ker\u00fcletben tal\u00e1lhat\u00f3 J\u00e9zus Sz\u00edve templom \u00e9p\u00edt\u00e9szek\u00e9nt, valamint a pr\u00e1gai M\u0171v\u00e9szeti \u00e9s K\u00e9zm\u0171ves Iskola tan\u00e1rak\u00e9nt, ahol t\u00f6bb mint \u00f6tven vezet\u0151 cseh \u00e9p\u00edt\u00e9szt k\u00e9pzett ki. Ple\u010dnik \u00e9let\u00e9nek \u00e9s munk\u00e1ss\u00e1g\u00e1nak ezt a fontos fejezet\u00e9t id\u00e9zi fel a ki\u00e1ll\u00edt\u00e1s, amely 22 t\u00e1bl\u00e1n ker\u00fcl bemutat\u00e1sra. Szeptember 30-ig rendk\u00edv\u00fcli f\u00e9nyk\u00e9pek, r\u00f6vid le\u00edr\u00e1sok \u00e9s id\u00e9zetek kort\u00e1rsakt\u00f3l \u00e9s Ple\u010dnik tolm\u00e1csol\u00f3it\u00f3l gazdag\u00edtj\u00e1k a l\u00e1togat\u00f3k \u00e9lm\u00e9nyeit \u00e9s ismereteit Jo\u017ee Ple\u010dnik \u00e9p\u00edt\u00e9szr\u0151l.<\/p>\n<p>A ki\u00e1ll\u00edt\u00e1s elej\u00e9n a tabl\u00f3k eml\u00e9keztetnek Ple\u010dnik \u00e9s Jan Kot\u011bra, a cseh modernizmus megalap\u00edt\u00f3j\u00e1nak bar\u00e1ts\u00e1g\u00e1ra, amely a b\u00e9csi K\u00e9pz\u0151m\u0171v\u00e9szeti Akad\u00e9mi\u00e1n Otto Wagner professzor mesteriskol\u00e1j\u00e1ban folytatott tanulm\u00e1nyaik sor\u00e1n sz\u00fcletett, valamint arra az \u00e9letm\u0171re, amelyet Ple\u010dnik 1911-ig tart\u00f3 b\u00e9csi tart\u00f3zkod\u00e1sa alatt alkotott.<\/p>\n<p>A ki\u00e1ll\u00edt\u00e1s legnagyobb r\u00e9sz\u00e9t az \u00e9p\u00edt\u00e9sz \u00e1ltal a pr\u00e1gai v\u00e1r csod\u00e1latos fel\u00faj\u00edt\u00e1s\u00e1nak szenteli, ahol a k\u00f6zt\u00e1rsas\u00e1gi eln\u00f6kkel \u00e9s alap\u00edt\u00f3val, Tom\u00e1\u0161 Garrigue Masarykkal \u00e9s l\u00e1ny\u00e1val, Dr. Alice Masarykov\u00e1val p\u00e1rbesz\u00e9det folytatva alak\u00edtotta \u00e1t a k\u00fcls\u0151t \u00e9s a v\u00e1rkertet, \u00e9s kiemeli azokat a beavatkoz\u00e1sokat is, amelyekkel Ple\u010dnik hozz\u00e1j\u00e1rult az eln\u00f6k ny\u00e1ri rezidenci\u00e1j\u00e1n l\u00e9v\u0151 ker\u00edt\u00e9s mai megjelen\u00e9s\u00e9hez.<\/p>\n<p>Figyelmet szentel\u00fcnk a Vinohradyban tal\u00e1lhat\u00f3 J\u00e9zus Szent Sz\u00edve templom monument\u00e1lis szakr\u00e1lis \u00e9p\u00fclet\u00e9nek is, amely Ple\u010dnik pr\u00e1gai tev\u00e9kenys\u00e9g\u00e9nek v\u00e9g\u00e9t jelentette. V\u00e9g\u00fcl eml\u00edt\u00e9st tesz\u00fcnk Ple\u010dnik cseh tan\u00edtv\u00e1nyair\u00f3l, akik t\u00f6bbnyire h\u00edres h\u00e1bor\u00fa el\u0151tti \u00e9s ut\u00e1ni \u00e9p\u00edt\u00e9szek, \u00e9s akik a szocialista id\u0151szak neh\u00e9z id\u0151szak\u00e1ban is h\u0171s\u00e9ges \u0151rz\u0151i \u00e9s t\u00e1mogat\u00f3i maradtak Ple\u010dnik \u00f6r\u00f6ks\u00e9g\u00e9nek, valamint Ple\u010dnik szlov\u00e9n tan\u00edtv\u00e1nyair\u00f3l a Ljubljanai Egyetemen, akik mester\u00fck szellem\u00e9ben alkotva hozz\u00e1j\u00e1rultak Ljubljana f\u0151v\u00e1ros\u00e1nak h\u00e1bor\u00fa ut\u00e1ni arculat\u00e1hoz. Az utols\u00f3 t\u00e1bla Ljubljana t\u00e1j\u00e9koz\u00f3d\u00e1si t\u00e9rk\u00e9p\u00e9t k\u00edn\u00e1lja, megjel\u00f6lve Ple\u010dnik \u00e9p\u00fcleteit a szlov\u00e9n f\u0151v\u00e1rosban, mik\u00f6zben eml\u00e9keztet minket Ple\u010dnik munk\u00e1ss\u00e1g\u00e1nak szokatlan visszhangj\u00e1ra az eg\u00e9sz vil\u00e1gon.<\/p>\n<p>A ki\u00e1ll\u00edt\u00e1s a Cseh K\u00f6zt\u00e1rsas\u00e1g ljubljanai nagyk\u00f6vets\u00e9ge, a pr\u00e1gai v\u00e1r k\u00f6zigazgat\u00e1sa \u00e9s a Cseh K\u00f6zt\u00e1rsas\u00e1g Eln\u00f6ki Hivatala kezdem\u00e9nyez\u00e9s\u00e9re, a Ple\u010dnik H\u00e1zzal, a Cseh \u00c9p\u00edt\u00e9szeti H\u00e9ttel, a FOIBOS BOOKS-szal \u00e9s a Kot\u011brovo centrum architekturyval egy\u00fcttm\u0171k\u00f6d\u00e9sben j\u00f6tt l\u00e9tre.<\/p>\n<p>A ki\u00e1ll\u00edt\u00e1s szerz\u0151je Vladim\u00edr \u0160lapeta \u00e9p\u00edt\u00e9sz-tan\u00e1r, az egyik legismertebb cseh \u00e9p\u00edt\u00e9sz, aki t\u00f6bbek k\u00f6z\u00f6tt 2003-ban a ljubljanai egyetem vend\u00e9ge volt, \u00e9s kor\u00e1bban r\u00e9szt vett k\u00fcl\u00f6nb\u00f6z\u0151 szlov\u00e9niai \u00e9p\u00edt\u00e9szeti rendezv\u00e9nyeken.<\/p>\n","protected":false},"excerpt":{"rendered":"<p>2022. szeptember 5. h\u00e9tf\u0151 | ki\u00e1ll\u00edt\u00e1s 16.00 Helysz\u00edn: A Lendvai Sz\u00ednh\u00e1z- \u00e9s Hangversenyterem el\u0151tere Szervez\u0151: Veleposlani\u0161tvo \u010ce\u0161ke republike v Sloveniji, Ob\u010dina Lendava \u2013 Lendva K\u00f6zs\u00e9g in Knji\u017enica \u2013 Kulturni center Lendava \u2013 Lendvai K\u00f6nyvt\u00e1r \u00e9s Kultur\u00e1lis K\u00f6zpont Tisztelettel megh\u00edvjuk \u00d6nt a Jo\u017ee Ple\u010dnik \u00e9s Pr\u00e1ga c\u00edm\u0171 ki\u00e1ll\u00edt\u00e1s megnyit\u00f3j\u00e1ra, ami 2022. szeptember 5-\u00e9n 16 \u00f3rakor lesz [&hellip;]<\/p>\n","protected":false},"author":2,"featured_media":0,"parent":0,"menu_order":0,"comment_status":"closed","ping_status":"closed","template":"","meta":{"footnotes":""},"class_list":["post-8747","page","type-page","status-publish","hentry","post"],"_links":{"self":[{"href":"https:\/\/www1.kkl.si\/hu\/wp-json\/wp\/v2\/pages\/8747","targetHints":{"allow":["GET"]}}],"collection":[{"href":"https:\/\/www1.kkl.si\/hu\/wp-json\/wp\/v2\/pages"}],"about":[{"href":"https:\/\/www1.kkl.si\/hu\/wp-json\/wp\/v2\/types\/page"}],"author":[{"embeddable":true,"href":"https:\/\/www1.kkl.si\/hu\/wp-json\/wp\/v2\/users\/2"}],"replies":[{"embeddable":true,"href":"https:\/\/www1.kkl.si\/hu\/wp-json\/wp\/v2\/comments?post=8747"}],"version-history":[{"count":8,"href":"https:\/\/www1.kkl.si\/hu\/wp-json\/wp\/v2\/pages\/8747\/revisions"}],"predecessor-version":[{"id":8788,"href":"https:\/\/www1.kkl.si\/hu\/wp-json\/wp\/v2\/pages\/8747\/revisions\/8788"}],"wp:attachment":[{"href":"https:\/\/www1.kkl.si\/hu\/wp-json\/wp\/v2\/media?parent=8747"}],"curies":[{"name":"wp","href":"https:\/\/api.w.org\/{rel}","templated":true}]}}