{"id":8862,"date":"2022-09-07T12:36:29","date_gmt":"2022-09-07T10:36:29","guid":{"rendered":"https:\/\/www1.kkl.si\/?page_id=8862"},"modified":"2022-09-18T16:19:56","modified_gmt":"2022-09-18T14:19:56","slug":"a-kontrabant-zenei-egyuttes-cd-bemutato-koncertje","status":"publish","type":"page","link":"https:\/\/www1.kkl.si\/hu\/a-kontrabant-zenei-egyuttes-cd-bemutato-koncertje\/","title":{"rendered":"A Kontrabant zenei egy\u00fcttes CD-bemutat\u00f3 koncertje"},"content":{"rendered":"<div class=\"opis\"><strong><img loading=\"lazy\" decoding=\"async\" class=\"wp-image-1588 alignright\" title=\"Ingyenes rendezv\u00e9ny\" src=\"https:\/\/www1.kkl.si\/wp-content\/uploads\/\/2020\/07\/spored_simb_brezplacna-1.svg\" sizes=\"auto, (max-width: 40px) 100vw, 40px\" srcset=\"https:\/\/www1.kkl.si\/wp-content\/uploads\/\/2020\/07\/spored_simb_brezplacna-1.svg 150w, https:\/\/www1.kkl.si\/wp-content\/uploads\/\/2020\/07\/spored_simb_brezplacna-1.svg 400w, https:\/\/www1.kkl.si\/wp-content\/uploads\/\/2020\/07\/spored_simb_brezplacna-1.svg 1500w, https:\/\/www1.kkl.si\/wp-content\/uploads\/\/2020\/07\/spored_simb_brezplacna-1.svg 100w\" alt=\"brezplacna\" width=\"40\" height=\"40\" \/><i class=\"fas fa-calendar\"><\/i> <\/strong><strong>2022. szeptember 18. vas\u00e1rnap | <span class=\"zanr\">koncert<\/span><br \/>\n<i class=\"fas fa-clock\"><\/i> <\/strong><strong>20<\/strong><strong>.00<\/strong><br \/>\n<i class=\"fas fa-map-marker\"><\/i> Helysz\u00edn: A Lendvai Sz\u00ednh\u00e1z- \u00e9s Hangversenyterem szabadt\u00e9ri sz\u00ednpada<br \/>\n<i class=\"fas fa-chevron-circle-right\"><\/i> Szervez\u0151: <a href=\"https:\/\/www.kkl.si\/\">Knji\u017enica \u2013 Kulturni center Lendava \u2013 Lendvai K\u00f6nyvt\u00e1r \u00e9s Kultur\u00e1lis K\u00f6zpont<\/a><br \/>\n<strong><br \/>\n<span style=\"color: #ff0000;\">\u00c9RTES\u00cdT\u00c9S: a koncert a teremben lesz!<\/span><\/strong><\/div>\n<p><a href=\"https:\/\/www1.kkl.si\/wp-content\/uploads\/2022\/09\/plakat_B2_kontrabant_2022.jpg\" data-lbwps-width=\"2500\" data-lbwps-height=\"3500\" data-lbwps-srcsmall=\"https:\/\/www1.kkl.si\/wp-content\/uploads\/2022\/09\/plakat_B2_kontrabant_2022.jpg\"><img loading=\"lazy\" decoding=\"async\" class=\"slika alignright wp-image-8804 size-medium\" src=\"https:\/\/www1.kkl.si\/wp-content\/uploads\/2022\/09\/plakat_B2_kontrabant_2022-scaled-286x400.jpg\" alt=\"\" width=\"286\" height=\"400\" srcset=\"https:\/\/www1.kkl.si\/wp-content\/uploads\/2022\/09\/plakat_B2_kontrabant_2022-scaled-286x400.jpg 286w, https:\/\/www1.kkl.si\/wp-content\/uploads\/2022\/09\/plakat_B2_kontrabant_2022-scaled-1072x1500.jpg 1072w, https:\/\/www1.kkl.si\/wp-content\/uploads\/2022\/09\/plakat_B2_kontrabant_2022-scaled.jpg 1829w\" sizes=\"auto, (max-width: 286px) 100vw, 286px\" \/><\/a><strong>B\u00e9la Szomi Kralj<\/strong>, harmonika, klasszikus git\u00e1r, bouzouki, \u00e9nek<br \/>\n<strong>Toma\u017e Juvan\u010di\u010d<\/strong>, git\u00e1r, mandolin, \u00e9nek<br \/>\n<strong>P\u00e1l Szomi<\/strong>, dobok, cajon, git\u00e1r, \u00e9nek<br \/>\n<strong>Klemen Juvan\u010di\u010d<\/strong>, \u00fct\u0151hangszerek, nagyb\u0151g\u0151<br \/>\n<strong>Ga\u0161per Pov\u0161e<\/strong>, heged\u0171, mandolin, \u00e9nek<br \/>\n<strong>Matijas Severhen<\/strong>, basszus csell\u00f3, basszus git\u00e1r, dob, \u00e9nek<br \/>\n<strong>\u0160pela Hribar<\/strong> \u00e9nek, blockfl\u00f6te, fuvola<\/p>\n<p><a href=\"https:\/\/www1.kkl.si\/wp-content\/uploads\/2022\/07\/kontrabant_logo2_smuggling_quality.svg\" data-lbwps-width=\"1456\" data-lbwps-height=\"450\" data-lbwps-srcsmall=\"https:\/\/www1.kkl.si\/wp-content\/uploads\/2022\/07\/kontrabant_logo2_smuggling_quality.svg\"><img loading=\"lazy\" decoding=\"async\" class=\"alignnone wp-image-8255\" src=\"https:\/\/www1.kkl.si\/wp-content\/uploads\/2022\/07\/kontrabant_logo2_smuggling_quality.svg\" alt=\"\" width=\"500\" height=\"155\" \/><\/a><\/p>\n<p><em>A zenekar vil\u00e1gzen\u00e9t, moderniz\u00e1lt akusztikus \u00e9s st\u00edlusban nagyon vegyes zen\u00e9t j\u00e1tszik. A dalsz\u00f6vegekben szlov\u00e9n \u00e9s magyar k\u00f6lt\u0151k versei szerepelnek. Legal\u00e1bb \u00f6t nyelven \u00e9nekelnek.<\/em><\/p>\n<p><iframe loading=\"lazy\" src=\"\/\/www.youtube.com\/embed\/pv0TZO4MJ9E\" width=\"560\" height=\"314\" allowfullscreen=\"allowfullscreen\" data-mce-fragment=\"1\"><\/iframe><\/p>\n<p>A <strong>KONTRABANT<\/strong> 1994 \u00f3ta tev\u00e9kenykedik. \u00c1polja \u00e9s \u00f6tv\u00f6zi a magas sz\u00ednvonal\u00fa akusztikus etno, folk, country \u00e9s m\u00e1s zenei m\u0171fajokat szlov\u00e9n, magyar, szerb-horv\u00e1t, rom\u00e1n, zsid\u00f3, angol nyelven \u00e9s egyben st\u00edlus\u00e1t ezen k\u00fcl\u00f6nb\u00f6z\u0151 kult\u00far\u00e1k ihlet\u00e9s\u00e9vel teszi egyediv\u00e9. A kompoz\u00edci\u00f3ik sz\u00f6vegei szlov\u00e9niai k\u00f6lt\u0151k eredeti m\u0171vei, akik szlov\u00e9n, magyar, roma \u00e9s vend\/muravid\u00e9ki t\u00e1jnyelven \u00edrnak.<\/p>\n<p>A Kontrabant sz\u00e1mos albummal \u00e9s sl\u00e1gerrel hagyott nyomot a szlov\u00e9n zen\u00e9ben, amelyek k\u00f6z\u00fcl n\u00e9h\u00e1nyat kiemel\u00fcnk, p\u00e9ld\u00e1ul a <em>Regrat v salat<\/em> \u00e9s a <em>Prekmurje, moje Prekmurje (Muravid\u00e9k, Muravid\u00e9k)<\/em> c\u00edm\u0171 darabbal. A Kontrabant munk\u00e1ss\u00e1ga t\u00f6bb jel\u00f6l\u00e9st is hozott neki a szlov\u00e9n Arany Kakas zenei d\u00edjra.<\/p>\n<p><strong><em><a href=\"https:\/\/www1.kkl.si\/wp-content\/uploads\/2022\/07\/kontrabant_SPB_6292_splet.jpg\" data-lbwps-width=\"2000\" data-lbwps-height=\"1188\" data-lbwps-srcsmall=\"https:\/\/www1.kkl.si\/wp-content\/uploads\/2022\/07\/kontrabant_SPB_6292_splet-400x238.jpg\"><img loading=\"lazy\" decoding=\"async\" class=\"alignright size-medium wp-image-8237\" src=\"https:\/\/www1.kkl.si\/wp-content\/uploads\/2022\/07\/kontrabant_SPB_6292_splet-400x238.jpg\" alt=\"\" width=\"400\" height=\"238\" srcset=\"https:\/\/www1.kkl.si\/wp-content\/uploads\/2022\/07\/kontrabant_SPB_6292_splet-400x238.jpg 400w, https:\/\/www1.kkl.si\/wp-content\/uploads\/2022\/07\/kontrabant_SPB_6292_splet-1500x891.jpg 1500w, https:\/\/www1.kkl.si\/wp-content\/uploads\/2022\/07\/kontrabant_SPB_6292_splet.jpg 2000w\" sizes=\"auto, (max-width: 400px) 100vw, 400px\" \/><\/a>Nepridiprav<\/em><\/strong> n\u00e9ven k\u00e9t nagyon n\u00e9pszer\u0171 gyermek CD-t is kiadtak, valamint producerk\u00e9nt \u00e9s zen\u00e9szk\u00e9nt k\u00e9t szlov\u00e9n n\u00e9pzenei CD elk\u00e9sz\u00edt\u00e9s\u00e9ben is r\u00e9szt vettek. Eddig 13 albumot \u00e9s 1 LP-t adtak ki.<\/p>\n<p>Az egy\u00fcttes megalakul\u00e1sa \u00f3ta t\u00f6bb tagot is cser\u00e9lt, jelenleg h\u00e9t zen\u00e9szb\u0151l \u00e1ll.<\/p>\n<p>Valamennyi tag zeneszerz\u0151 is, B\u00e9la t\u00f6bb mint 220 dal-kompoz\u00edci\u00f3, h\u00e1rom versesk\u00f6tet szerz\u0151je, sz\u00e1mos k\u00f6lt\u0151 m\u0171ford\u00edt\u00f3ja, valamint t\u00f6bb csillag\u00e1szati, logikai \u00e9s egy\u00e9b tudom\u00e1nyos k\u00f6nyv szerz\u0151je. B\u00e9la \u00edrta a Victory egy\u00fcttes \u00e1ltal el\u0151adott <em>Zelena de\u017eela<\/em> (Z\u00f6ld f\u00f6ld) c\u00edm\u0171 h\u00edres szlov\u00e9n dal sz\u00f6veg\u00e9t is.<\/p>\n<p>2022-ben a csoport \u00faj CD-t adott ki <strong><em>Vidno je nevidno<\/em><\/strong> c\u00edmmel, amelyen 14 sz\u00e1m szerepel, ebb\u0151l 12 megzen\u00e9s\u00edtett k\u00f6ltem\u00e9ny.<\/p>\n<hr \/>\n<p><strong>KAPCSOLATOK<\/strong><\/p>\n<p><strong><img loading=\"lazy\" decoding=\"async\" class=\"alignright wp-image-8239 size-medium\" src=\"https:\/\/www1.kkl.si\/wp-content\/uploads\/2022\/07\/kontrabant_SPB_6352_splet-400x226.jpg\" alt=\"\" width=\"400\" height=\"226\" srcset=\"https:\/\/www1.kkl.si\/wp-content\/uploads\/2022\/07\/kontrabant_SPB_6352_splet-400x226.jpg 400w, https:\/\/www1.kkl.si\/wp-content\/uploads\/2022\/07\/kontrabant_SPB_6352_splet-1500x846.jpg 1500w, https:\/\/www1.kkl.si\/wp-content\/uploads\/2022\/07\/kontrabant_SPB_6352_splet.jpg 2000w\" sizes=\"auto, (max-width: 400px) 100vw, 400px\" \/><\/strong>Lendvai k\u00f6nyv\u00e1r, 2022. m\u00e1jus 13., Hidak (15:05-t\u0151l)<br \/>\n<i class=\"fas fa-link\"><\/i> <a href=\"https:\/\/www.rtvslo.si\/rtv365\/arhiv\/174872240?s=tv\">https:\/\/www.rtvslo.si\/rtv365\/arhiv\/174872240?s=tv<\/a><\/p>\n<p>Lendvai k\u00f6nyv\u00e1r, 2022. m\u00e1jus, cikk a N\u00e9p\u00fajs\u00e1gban<br \/>\n<i class=\"fas fa-link\"><\/i> <a href=\"https:\/\/www.nepujsag.net\/kultura\/12285-%C3%A9desapja-nyomdokain.html\">https:\/\/www.nepujsag.net\/kultura\/12285-%C3%A9desapja-nyomdokain.html<\/a><\/p>\n<p>2021 decembere, Slamnik, k\u00e9t oldal a Kultura c\u00edm\u0171 rovatban<br \/>\n<i class=\"fas fa-link\"><\/i> <a href=\"https:\/\/www.domzale.si\/objava\/581626\">https:\/\/www.domzale.si\/objava\/581626<\/a><\/p>\n<p>Felv\u00e9tel a szlov\u00e9n ARS-r\u00e1di\u00f3n 2019:<br \/>\n<i class=\"fas fa-link\"><\/i> <a href=\"https:\/\/ars.rtvslo.si\/2019\/07\/srce-sansona-63\/\">https:\/\/ars.rtvslo.si\/2019\/07\/srce-sansona-63\/<\/a><\/p>\n<p>2019. 11. 18., RTV SLO, h\u00edrad\u00f3, 17.21-19.19<br \/>\n<i class=\"fas fa-link\"><\/i> <a href=\"https:\/\/4d.rtvslo.si\/arhiv\/prvi-dnevnik\/174652178\">https:\/\/4d.rtvslo.si\/arhiv\/prvi-dnevnik\/174652178<\/a><\/p>\n<p>2019. 11. 18., Dom\u017ealec, posnetek celotnega koncerta\/a teljes koncert felv\u00e9tele<br \/>\n<i class=\"fas fa-link\"><\/i> <a href=\"https:\/\/www.youtube.com\/watch?v=970YXvWYVqQ\">https:\/\/www.youtube.com\/watch?v=970YXvWYVqQ<\/a><\/p>\n<p><strong>Hivatalos honlap:<\/strong><br \/>\n<i class=\"fas fa-link\"><\/i> <a href=\"https:\/\/kontrabant.net\/\">https:\/\/kontrabant.net\/<\/a><\/p>\n<p><strong>Youtube-csatorna:<\/strong><br \/>\n<i class=\"fas fa-link\"><\/i> <a href=\"https:\/\/www.youtube.com\/channel\/UCrdAN5MjTEOXhywtdN4kkOQ\">https:\/\/www.youtube.com\/channel\/UCrdAN5MjTEOXhywtdN4kkOQ<\/a><\/p>\n<hr \/>\n<p><strong>VIDE\u00d3<\/strong><\/p>\n<p><iframe loading=\"lazy\" src=\"\/\/www.youtube.com\/embed\/-5WCd6HTYnI\" width=\"560\" height=\"314\" allowfullscreen=\"allowfullscreen\" data-mce-fragment=\"1\"><\/iframe><\/p>\n<p><iframe loading=\"lazy\" src=\"\/\/www.youtube.com\/embed\/uSvwMmtqyM0\" width=\"560\" height=\"314\" allowfullscreen=\"allowfullscreen\" data-mce-fragment=\"1\"><\/iframe><\/p>\n<p><iframe loading=\"lazy\" src=\"\/\/www.youtube.com\/embed\/ZDWATODqbKg\" width=\"560\" height=\"314\" allowfullscreen=\"allowfullscreen\" data-mce-fragment=\"1\"><\/iframe><\/p>\n","protected":false},"excerpt":{"rendered":"<p>2022. szeptember 18. vas\u00e1rnap | koncert 20.00 Helysz\u00edn: A Lendvai Sz\u00ednh\u00e1z- \u00e9s Hangversenyterem szabadt\u00e9ri sz\u00ednpada Szervez\u0151: Knji\u017enica \u2013 Kulturni center Lendava \u2013 Lendvai K\u00f6nyvt\u00e1r \u00e9s Kultur\u00e1lis K\u00f6zpont \u00c9RTES\u00cdT\u00c9S: a koncert a teremben lesz! B\u00e9la Szomi Kralj, harmonika, klasszikus git\u00e1r, bouzouki, \u00e9nek Toma\u017e Juvan\u010di\u010d, git\u00e1r, mandolin, \u00e9nek P\u00e1l Szomi, dobok, cajon, git\u00e1r, \u00e9nek Klemen Juvan\u010di\u010d, \u00fct\u0151hangszerek, [&hellip;]<\/p>\n","protected":false},"author":2,"featured_media":8804,"parent":0,"menu_order":0,"comment_status":"closed","ping_status":"closed","template":"","meta":{"footnotes":""},"class_list":["post-8862","page","type-page","status-publish","has-post-thumbnail","hentry","post","post-with-thumbnail","post-with-thumbnail-icon"],"_links":{"self":[{"href":"https:\/\/www1.kkl.si\/hu\/wp-json\/wp\/v2\/pages\/8862","targetHints":{"allow":["GET"]}}],"collection":[{"href":"https:\/\/www1.kkl.si\/hu\/wp-json\/wp\/v2\/pages"}],"about":[{"href":"https:\/\/www1.kkl.si\/hu\/wp-json\/wp\/v2\/types\/page"}],"author":[{"embeddable":true,"href":"https:\/\/www1.kkl.si\/hu\/wp-json\/wp\/v2\/users\/2"}],"replies":[{"embeddable":true,"href":"https:\/\/www1.kkl.si\/hu\/wp-json\/wp\/v2\/comments?post=8862"}],"version-history":[{"count":4,"href":"https:\/\/www1.kkl.si\/hu\/wp-json\/wp\/v2\/pages\/8862\/revisions"}],"predecessor-version":[{"id":8947,"href":"https:\/\/www1.kkl.si\/hu\/wp-json\/wp\/v2\/pages\/8862\/revisions\/8947"}],"wp:featuredmedia":[{"embeddable":true,"href":"https:\/\/www1.kkl.si\/hu\/wp-json\/wp\/v2\/media\/8804"}],"wp:attachment":[{"href":"https:\/\/www1.kkl.si\/hu\/wp-json\/wp\/v2\/media?parent=8862"}],"curies":[{"name":"wp","href":"https:\/\/api.w.org\/{rel}","templated":true}]}}