{"id":8999,"date":"2022-09-25T15:32:27","date_gmt":"2022-09-25T13:32:27","guid":{"rendered":"https:\/\/www1.kkl.si\/?page_id=8999"},"modified":"2022-09-25T15:35:21","modified_gmt":"2022-09-25T13:35:21","slug":"veres-1-szinhaz-1-x-3-neha-4","status":"publish","type":"page","link":"https:\/\/www1.kkl.si\/hu\/veres-1-szinhaz-1-x-3-neha-4\/","title":{"rendered":"Veres 1 Sz\u00ednh\u00e1z: 1 x 3 n\u00e9ha 4"},"content":{"rendered":"<div class=\"opis\"><strong><img loading=\"lazy\" decoding=\"async\" class=\"wp-image-1592 alignright\" title=\"Fizet\u0151s rendezv\u00e9ny\" src=\"https:\/\/www1.kkl.si\/wp-content\/uploads\/\/2020\/07\/spored_simb_placljiva-1.svg\" sizes=\"auto, (max-width: 40px) 100vw, 40px\" srcset=\"https:\/\/www1.kkl.si\/wp-content\/uploads\/\/2020\/07\/spored_simb_placljiva-1.svg 150w, https:\/\/www1.kkl.si\/wp-content\/uploads\/\/2020\/07\/spored_simb_placljiva-1.svg 400w, https:\/\/www1.kkl.si\/wp-content\/uploads\/\/2020\/07\/spored_simb_placljiva-1.svg 1500w, https:\/\/www1.kkl.si\/wp-content\/uploads\/\/2020\/07\/spored_simb_placljiva-1.svg 100w\" alt=\"placljiva\" width=\"40\" height=\"40\" \/><img loading=\"lazy\" decoding=\"async\" class=\"wp-image-1584 alignright\" title=\"Magyar b\u00e9rlet\" src=\"https:\/\/www1.kkl.si\/wp-content\/uploads\/\/2020\/07\/spored_simb_abonma_hu-1.svg\" sizes=\"auto, (max-width: 40px) 100vw, 40px\" srcset=\"https:\/\/www1.kkl.si\/wp-content\/uploads\/\/2020\/07\/spored_simb_abonma_hu-1.svg 150w, https:\/\/www1.kkl.si\/wp-content\/uploads\/\/2020\/07\/spored_simb_abonma_hu-1.svg 400w, https:\/\/www1.kkl.si\/wp-content\/uploads\/\/2020\/07\/spored_simb_abonma_hu-1.svg 1500w, https:\/\/www1.kkl.si\/wp-content\/uploads\/\/2020\/07\/spored_simb_abonma_hu-1.svg 100w\" alt=\"abonma_hu\" width=\"40\" height=\"40\" \/><i class=\"fas fa-calendar\"><\/i> <\/strong><strong>2022. szeptember 27. kedd | <span class=\"zanr\">boh\u00f3zat k\u00e9t r\u00e9szben<\/span><br \/>\n<i class=\"fas fa-clock\"><\/i> <\/strong><strong>19<\/strong><strong>.00<br \/>\n<\/strong><i class=\"fas fa-ticket-alt\"><\/i> Bel\u00e9p\u0151jegy \u00e1ra: <strong>15 \u20ac<\/strong> feln\u0151tteknek, <strong>12 \u20ac<\/strong> di\u00e1koknak \u00e9s egyetemist\u00e1knak. <br \/>\nTov\u00e1bbi inform\u00e1ci\u00f3k a <a href=\"https:\/\/www.mnmi-zkmn.si\/\">B\u00e1nffy K\u00f6zpontban<\/a> kaphat\u00f3k a (0)2 577 66 60 telefonsz\u00e1mon. <br \/>\n<strong>A jegyeket a Sz\u00ednh\u00e1z- \u00e9s Hangversenyterem el\u0151ter\u00e9ben v\u00e1s\u00e1rolhatj\u00e1k meg az el\u0151ad\u00e1s el\u0151tt egy \u00f3r\u00e1val!<\/strong><br \/>\n<i class=\"fas fa-map-marker\"><\/i> Helysz\u00edn: Lendvai Sz\u00ednh\u00e1z- \u00e9s Hangversenyterem<br \/>\n<i class=\"fas fa-chevron-circle-right\"><\/i> Szervez\u0151: <a href=\"https:\/\/www.mnmi-zkmn.si\/\">MNMI-ZKMN<\/a><\/div>\n<p><a href=\"https:\/\/www1.kkl.si\/wp-content\/uploads\/2022\/09\/1x3-neha-5-berlet-1.jpg\" data-lbwps-width=\"686\" data-lbwps-height=\"977\" data-lbwps-srcsmall=\"https:\/\/www1.kkl.si\/wp-content\/uploads\/2022\/09\/1x3-neha-5-berlet-1-281x400.jpg\"><img loading=\"lazy\" decoding=\"async\" class=\"sliks alignright wp-image-8971 size-large\" src=\"https:\/\/www1.kkl.si\/wp-content\/uploads\/2022\/09\/1x3-neha-5-berlet-1-686x977.jpg\" alt=\"\" width=\"686\" height=\"977\" srcset=\"https:\/\/www1.kkl.si\/wp-content\/uploads\/2022\/09\/1x3-neha-5-berlet-1.jpg 686w, https:\/\/www1.kkl.si\/wp-content\/uploads\/2022\/09\/1x3-neha-5-berlet-1-281x400.jpg 281w\" sizes=\"auto, (max-width: 686px) 100vw, 686px\" \/><\/a>A Lendvai Magyar Nemzetis\u00e9gi M\u0171vel\u0151d\u00e9si Int\u00e9zet els\u0151 b\u00e9rletben lev\u0151 el\u0151ad\u00e1sa lesz l\u00e1that\u00f3 <strong>2022. szeptember 27-\u00e9n este 19. \u00f3r\u00e1t\u00f3l<\/strong> a Lendvai Sz\u00ednh\u00e1z- \u00e9s Hangversenyteremben.<\/p>\n<p>A Veres1 Sz\u00ednh\u00e1z bemutata Ray Cooney \u00e9s Tony Hilton:<\/p>\n<p><strong><span style=\"font-size: 28px;\">1 X 3 N\u00c9HA 4<\/span><\/strong><\/p>\n<p>boh\u00f3zatot k\u00e9t r\u00e9szben.<\/p>\n<p><strong>Ford\u00edtotta:<\/strong> Hamvai Korn\u00e9l<\/p>\n<p>Elhunyt c\u00e9gt\u00e1rsa egyetlen \u00f6r\u00f6k\u00f6s\u00e9t, Billyt keresi az id\u0151s, d\u00fasgazdag Jonathan Hardcastle. 100 ezer font a t\u00e9t: ekkora \u00f6sszeget sz\u00e1nd\u00e9kozik Billynek aj\u00e1nd\u00e9kozni azzal a felt\u00e9tellel, hogy a fi\u00fan k\u00edv\u00fcl ne jelentkezzen m\u00e1s \u00f6r\u00f6k\u00f6s. Billy \u00e9s \u00fcgyv\u00e9dje egy sz\u00fclet\u00e9snapi \u00f6sszej\u00f6vetel kell\u0151s k\u00f6zep\u00e9n jelennek meg a csal\u00e1di kast\u00e9lyban. Ha azt hinn\u00e9nk, hogy az \u00f6r\u00f6ks\u00e9g sim\u00e1n eljut a c\u00edmzetthez, itt ak\u00e1r v\u00e9ge is lehetne a darabnak. Ha viszont arra tippel\u00fcnk, hogy nem Billy az egyetlen jelentkez\u0151, illet\u0151leg nem Billy az egyetlen Billy, akkor k\u00f6zelebb j\u00e1runk a v\u00edgj\u00e1t\u00e9ki igazs\u00e1ghoz, mely az \u00f6r\u00f6ks\u00e9g megszerz\u00e9s\u00e9nek fordulatos, olykor az eszeveszett \u00e1mokfut\u00e1s hat\u00e1rait s\u00farol\u00f3 kom\u00e9di\u00e1ja fel\u00e9 l\u00f6ki a megj\u00f3solhatatlan v\u00e9gkifejletet\u2026<\/p>\n<p>Ray Cooney boh\u00f3zatai a klasszikus angol t\u00e1rsalg\u00e1si v\u00edgj\u00e1t\u00e9k hagyom\u00e1nyait k\u00f6vetik, a r\u00e1 jellemz\u0151 virtu\u00f3z cselekm\u00e9nyvezet\u00e9ssel, a k\u00fcl\u00f6nb\u00f6z\u0151 f\u00e9lre\u00e9rt\u00e9sek \u00e9s helycser\u00e9k m\u00e1r-m\u00e1r az abszurdit\u00e1sig val\u00f3 elt\u00falz\u00e1s\u00e1val, a sz\u00e1lak v\u00e9gletes \u00f6sszekusz\u00e1l\u00e1s\u00e1val. Szerz\u0151t\u00e1rsa ez\u00fattal Tony Hilton sz\u00edn\u00e9sz \u00e9s \u00edr\u00f3, aki szint\u00e9n a m\u0171faj jelent\u0151s k\u00e9pvisel\u0151je.<\/p>\n<p><strong>Szerepl\u0151k:<\/strong><\/p>\n<p><a href=\"https:\/\/www1.kkl.si\/wp-content\/uploads\/2022\/09\/1x3neha4_05.jpg\" data-lbwps-width=\"750\" data-lbwps-height=\"350\" data-lbwps-srcsmall=\"https:\/\/www1.kkl.si\/wp-content\/uploads\/2022\/09\/1x3neha4_05-400x187.jpg\"><img loading=\"lazy\" decoding=\"async\" class=\"alignright wp-image-8994\" src=\"https:\/\/www1.kkl.si\/wp-content\/uploads\/2022\/09\/1x3neha4_05-750x350.jpg\" alt=\"\" width=\"686\" height=\"320\" srcset=\"https:\/\/www1.kkl.si\/wp-content\/uploads\/2022\/09\/1x3neha4_05.jpg 750w, https:\/\/www1.kkl.si\/wp-content\/uploads\/2022\/09\/1x3neha4_05-400x187.jpg 400w\" sizes=\"auto, (max-width: 686px) 100vw, 686px\" \/><\/a>Billy Hickory Wood \u2013 MOHAI TAM\u00c1S<br \/>\nJonathan Hardcastle \u2013 KEREKES J\u00d3ZSEF<br \/>\nJugg \u2013 BELEZNAY ENDRE<br \/>\nCharlie \u2013 MIH\u00c1LYFI BAL\u00c1ZS<br \/>\nAmy Hardcastle \u2013 ZORGEL ENIK\u0150<br \/>\nCynthia \u2013 MOLN\u00c1R GY\u00d6NGYI<br \/>\nWinnie \u2013 CS\u00c1KI EDINA<br \/>\nPiper \u2013 JANIK L\u00c1SZL\u00d3<br \/>\nClifton \u2013 FELLINGER DOMONKOS<\/p>\n<p>Rendez\u0151asszisztens: Cs\u00e1nyi Erika<br \/>\nS\u00fag\u00f3: \u00c1d\u00e1m Dorka<br \/>\nL\u00e1tv\u00e1ny: Kov\u00e1cs Yvette Alida<\/p>\n<p><strong>Rendez\u0151:<\/strong> NAGY S\u00c1NDOR<\/p>\n<hr \/>\n<p>F\u00c9NYK\u00c9PEK<\/p>\n\n\t\t<style type=\"text\/css\">\n\t\t\t#gallery-1 {\n\t\t\t\tmargin: auto;\n\t\t\t}\n\t\t\t#gallery-1 .gallery-item {\n\t\t\t\tfloat: left;\n\t\t\t\tmargin-top: 10px;\n\t\t\t\ttext-align: center;\n\t\t\t\twidth: 16%;\n\t\t\t}\n\t\t\t#gallery-1 img {\n\t\t\t\tborder: 2px solid #cfcfcf;\n\t\t\t}\n\t\t\t#gallery-1 .gallery-caption {\n\t\t\t\tmargin-left: 0;\n\t\t\t}\n\t\t\t\/* see gallery_shortcode() in wp-includes\/media.php *\/\n\t\t<\/style>\n\t\t<div id='gallery-1' class='gallery galleryid-8999 gallery-columns-6 gallery-size-thumbnail'><dl class='gallery-item'>\n\t\t\t<dt class='gallery-icon landscape'>\n\t\t\t\t<a href='https:\/\/www1.kkl.si\/wp-content\/uploads\/2022\/09\/1x3neha4_01.jpg'><img loading=\"lazy\" decoding=\"async\" width=\"150\" height=\"150\" src=\"https:\/\/www1.kkl.si\/wp-content\/uploads\/2022\/09\/1x3neha4_01-150x150.jpg\" class=\"attachment-thumbnail size-thumbnail\" alt=\"\" \/><\/a>\n\t\t\t<\/dt><\/dl><dl class='gallery-item'>\n\t\t\t<dt class='gallery-icon landscape'>\n\t\t\t\t<a href='https:\/\/www1.kkl.si\/wp-content\/uploads\/2022\/09\/1x3neha4_02.jpg'><img loading=\"lazy\" decoding=\"async\" width=\"150\" height=\"150\" src=\"https:\/\/www1.kkl.si\/wp-content\/uploads\/2022\/09\/1x3neha4_02-150x150.jpg\" class=\"attachment-thumbnail size-thumbnail\" alt=\"\" \/><\/a>\n\t\t\t<\/dt><\/dl><dl class='gallery-item'>\n\t\t\t<dt class='gallery-icon landscape'>\n\t\t\t\t<a href='https:\/\/www1.kkl.si\/wp-content\/uploads\/2022\/09\/1x3neha4_03.jpg'><img loading=\"lazy\" decoding=\"async\" width=\"150\" height=\"150\" src=\"https:\/\/www1.kkl.si\/wp-content\/uploads\/2022\/09\/1x3neha4_03-150x150.jpg\" class=\"attachment-thumbnail size-thumbnail\" alt=\"\" \/><\/a>\n\t\t\t<\/dt><\/dl><dl class='gallery-item'>\n\t\t\t<dt class='gallery-icon landscape'>\n\t\t\t\t<a href='https:\/\/www1.kkl.si\/wp-content\/uploads\/2022\/09\/1x3neha4_04.jpg'><img loading=\"lazy\" decoding=\"async\" width=\"150\" height=\"150\" src=\"https:\/\/www1.kkl.si\/wp-content\/uploads\/2022\/09\/1x3neha4_04-150x150.jpg\" class=\"attachment-thumbnail size-thumbnail\" alt=\"\" \/><\/a>\n\t\t\t<\/dt><\/dl>\n\t\t\t<br style='clear: both' \/>\n\t\t<\/div>\n\n<hr \/>\n<p>VIDE\u00d3<\/p>\n<p><iframe loading=\"lazy\" src=\"\/\/www.youtube.com\/embed\/oKRDAIYXa3U\" width=\"560\" height=\"314\" allowfullscreen=\"allowfullscreen\" data-mce-fragment=\"1\"><\/iframe><\/p>\n<hr \/>\n<p>KAPCSOLATOK<\/p>\n<p><i class=\"fas fa-link\"><\/i> <a href=\"https:\/\/veres1szinhaz.hu\/cooney-hilton-1x3-neha-4\/\">https:\/\/veres1szinhaz.hu\/cooney-hilton-1&#215;3-neha-4\/<\/a><\/p>\n<blockquote class=\"wp-embedded-content\" data-secret=\"KxrmI6XSnj\"><p><a href=\"https:\/\/www.mnmi-zkmn.si\/event\/veres-1-szinhaz-1x3-neha-4\/\">Veres 1 Sz\u00ednh\u00e1z &#8211; 1&#215;3 n\u00e9ha 4<\/a><\/p><\/blockquote>\n<p><iframe loading=\"lazy\" class=\"wp-embedded-content\" sandbox=\"allow-scripts\" security=\"restricted\" style=\"position: absolute; clip: rect(1px, 1px, 1px, 1px);\" title=\"&#8220;Veres 1 Sz\u00ednh\u00e1z &#8211; 1&#215;3 n\u00e9ha 4&#8221; &#8212; MNMI - ZKMN\" src=\"https:\/\/www.mnmi-zkmn.si\/event\/veres-1-szinhaz-1x3-neha-4\/embed\/#?secret=KxrmI6XSnj\" data-secret=\"KxrmI6XSnj\" width=\"600\" height=\"338\" frameborder=\"0\" marginwidth=\"0\" marginheight=\"0\" scrolling=\"no\"><\/iframe><\/p>\n","protected":false},"excerpt":{"rendered":"<p>2022. szeptember 27. kedd | boh\u00f3zat k\u00e9t r\u00e9szben 19.00 Bel\u00e9p\u0151jegy \u00e1ra: 15 \u20ac feln\u0151tteknek, 12 \u20ac di\u00e1koknak \u00e9s egyetemist\u00e1knak. Tov\u00e1bbi inform\u00e1ci\u00f3k a B\u00e1nffy K\u00f6zpontban kaphat\u00f3k a (0)2 577 66 60 telefonsz\u00e1mon. A jegyeket a Sz\u00ednh\u00e1z- \u00e9s Hangversenyterem el\u0151ter\u00e9ben v\u00e1s\u00e1rolhatj\u00e1k meg az el\u0151ad\u00e1s el\u0151tt egy \u00f3r\u00e1val! Helysz\u00edn: Lendvai Sz\u00ednh\u00e1z- \u00e9s Hangversenyterem Szervez\u0151: MNMI-ZKMN A Lendvai Magyar [&hellip;]<\/p>\n","protected":false},"author":2,"featured_media":8972,"parent":0,"menu_order":0,"comment_status":"closed","ping_status":"closed","template":"","meta":{"footnotes":""},"class_list":["post-8999","page","type-page","status-publish","has-post-thumbnail","hentry","post","post-with-thumbnail","post-with-thumbnail-icon"],"_links":{"self":[{"href":"https:\/\/www1.kkl.si\/hu\/wp-json\/wp\/v2\/pages\/8999","targetHints":{"allow":["GET"]}}],"collection":[{"href":"https:\/\/www1.kkl.si\/hu\/wp-json\/wp\/v2\/pages"}],"about":[{"href":"https:\/\/www1.kkl.si\/hu\/wp-json\/wp\/v2\/types\/page"}],"author":[{"embeddable":true,"href":"https:\/\/www1.kkl.si\/hu\/wp-json\/wp\/v2\/users\/2"}],"replies":[{"embeddable":true,"href":"https:\/\/www1.kkl.si\/hu\/wp-json\/wp\/v2\/comments?post=8999"}],"version-history":[{"count":3,"href":"https:\/\/www1.kkl.si\/hu\/wp-json\/wp\/v2\/pages\/8999\/revisions"}],"predecessor-version":[{"id":9007,"href":"https:\/\/www1.kkl.si\/hu\/wp-json\/wp\/v2\/pages\/8999\/revisions\/9007"}],"wp:featuredmedia":[{"embeddable":true,"href":"https:\/\/www1.kkl.si\/hu\/wp-json\/wp\/v2\/media\/8972"}],"wp:attachment":[{"href":"https:\/\/www1.kkl.si\/hu\/wp-json\/wp\/v2\/media?parent=8999"}],"curies":[{"name":"wp","href":"https:\/\/api.w.org\/{rel}","templated":true}]}}