{"id":9468,"date":"2022-10-17T07:59:37","date_gmt":"2022-10-17T05:59:37","guid":{"rendered":"https:\/\/www1.kkl.si\/?page_id=9468"},"modified":"2022-10-17T08:01:06","modified_gmt":"2022-10-17T06:01:06","slug":"lendva-kozseg-26-unnepe","status":"publish","type":"page","link":"https:\/\/www1.kkl.si\/hu\/lendva-kozseg-26-unnepe\/","title":{"rendered":"Lendva K\u00f6zs\u00e9g 26. \u00fcnnepe"},"content":{"rendered":"<div class=\"opis\"><img loading=\"lazy\" decoding=\"async\" class=\"wp-image-1588 alignright\" title=\"Ingyenes rendezv\u00e9ny\" src=\"https:\/\/www1.kkl.si\/wp-content\/uploads\/\/2020\/07\/spored_simb_brezplacna-1.svg\" sizes=\"auto, (max-width: 40px) 100vw, 40px\" srcset=\"https:\/\/www1.kkl.si\/wp-content\/uploads\/\/2020\/07\/spored_simb_brezplacna-1.svg 150w, https:\/\/www1.kkl.si\/wp-content\/uploads\/\/2020\/07\/spored_simb_brezplacna-1.svg 400w, https:\/\/www1.kkl.si\/wp-content\/uploads\/\/2020\/07\/spored_simb_brezplacna-1.svg 1500w, https:\/\/www1.kkl.si\/wp-content\/uploads\/\/2020\/07\/spored_simb_brezplacna-1.svg 100w\" alt=\"brezplacna\" width=\"40\" height=\"40\" \/><i class=\"fas fa-calendar\"><\/i> <strong><strong><strong>2022. okt\u00f3ber 27. cs\u00fct\u00f6rt\u00f6k | <span class=\"zanr\">kultur\u00e1lis rendezv\u00e9ny<\/span><br \/>\n<\/strong><\/strong><\/strong><i class=\"fas fa-clock\"><\/i> <strong><strong><strong>18.00<\/strong><\/strong><\/strong><strong><strong><br \/>\n<\/strong><\/strong><i class=\"fas fa-map-marker\"><\/i> Helysz\u00edn: Lendvai Sz\u00ednh\u00e1z- \u00e9s Hangversenyterem<strong><strong><br \/>\n<\/strong><\/strong><i class=\"fas fa-chevron-circle-right\"><\/i> Szervez\u0151k: <a href=\"https:\/\/www.lendava.si\/\">Ob\u010dina Lendava\/Lendva K\u00f6zs\u00e9g<\/a>, <a href=\"https:\/\/www.kkl.si\/\">Knji\u017enica \u2013 Kulturni center Lendava \u2013 Lendvai K\u00f6nyvt\u00e1r \u00e9s Kultur\u00e1lis K\u00f6zpont<\/a><\/div>\n<p><a href=\"https:\/\/www1.kkl.si\/wp-content\/uploads\/2022\/10\/plakat_26praznik_OL_2022_splet.jpg\" data-lbwps-width=\"1400\" data-lbwps-height=\"2000\" data-lbwps-srcsmall=\"https:\/\/www1.kkl.si\/wp-content\/uploads\/2022\/10\/plakat_26praznik_OL_2022_splet-280x400.jpg\"><img loading=\"lazy\" decoding=\"async\" class=\"slika alignright wp-image-9430 size-medium\" src=\"https:\/\/www1.kkl.si\/wp-content\/uploads\/2022\/10\/plakat_26praznik_OL_2022_splet-280x400.jpg\" alt=\"\" width=\"280\" height=\"400\" srcset=\"https:\/\/www1.kkl.si\/wp-content\/uploads\/2022\/10\/plakat_26praznik_OL_2022_splet-280x400.jpg 280w, https:\/\/www1.kkl.si\/wp-content\/uploads\/2022\/10\/plakat_26praznik_OL_2022_splet-1050x1500.jpg 1050w, https:\/\/www1.kkl.si\/wp-content\/uploads\/2022\/10\/plakat_26praznik_OL_2022_splet.jpg 1400w\" sizes=\"auto, (max-width: 280px) 100vw, 280px\" \/><\/a>M E G H \u00cd V \u00d3<\/p>\n<p>Lendva K\u00f6zs\u00e9g 26. \u00fcnnepe alkalm\u00e1b\u00f3l tisztelettel megh\u00edvjuk \u00d6n\u00f6ket a <strong>2022. okt\u00f3ber 27-\u00e9n<\/strong> a lendvai sz\u00ednh\u00e1z- \u00e9s hangversenyteremben <strong>18 \u00f3rakor<\/strong> kezd\u0151d\u0151, elismer\u00e9sek kioszt\u00e1s\u00e1val egybek\u00f6t\u00f6tt k\u00f6zponti rendezv\u00e9ny\u00fcnkre.<\/p>\n<p>A kult\u00farm\u0171sorban, amelynek az \u00c9LET K\u00d6RHINT\u00c1JA c\u00edmet adtuk, Lendva K\u00f6zs\u00e9g oktat\u00e1si-nevel\u00e9si int\u00e9zm\u00e9nyeinek n\u00f6vend\u00e9kei, tanul\u00f3i \u00e9s di\u00e1kjai vesznek r\u00e9szt.<\/p>\n<p><em>\u00d6r\u00fcl\u00fcnk a tal\u00e1lkoz\u00e1snak!<\/em><\/p>\n<p><i class=\"fas fa-link\"><\/i> <a href=\"https:\/\/www.lendava.si\/objava\/688045\">https:\/\/www.lendava.si\/objava\/688045<\/a><\/p>\n","protected":false},"excerpt":{"rendered":"<p>2022. okt\u00f3ber 27. cs\u00fct\u00f6rt\u00f6k | kultur\u00e1lis rendezv\u00e9ny 18.00 Helysz\u00edn: Lendvai Sz\u00ednh\u00e1z- \u00e9s Hangversenyterem Szervez\u0151k: Ob\u010dina Lendava\/Lendva K\u00f6zs\u00e9g, Knji\u017enica \u2013 Kulturni center Lendava \u2013 Lendvai K\u00f6nyvt\u00e1r \u00e9s Kultur\u00e1lis K\u00f6zpont M E G H \u00cd V \u00d3 Lendva K\u00f6zs\u00e9g 26. \u00fcnnepe alkalm\u00e1b\u00f3l tisztelettel megh\u00edvjuk \u00d6n\u00f6ket a 2022. okt\u00f3ber 27-\u00e9n a lendvai sz\u00ednh\u00e1z- \u00e9s hangversenyteremben 18 \u00f3rakor kezd\u0151d\u0151, [&hellip;]<\/p>\n","protected":false},"author":2,"featured_media":9431,"parent":0,"menu_order":0,"comment_status":"closed","ping_status":"closed","template":"","meta":{"footnotes":""},"class_list":["post-9468","page","type-page","status-publish","has-post-thumbnail","hentry","post","post-with-thumbnail","post-with-thumbnail-icon"],"_links":{"self":[{"href":"https:\/\/www1.kkl.si\/hu\/wp-json\/wp\/v2\/pages\/9468","targetHints":{"allow":["GET"]}}],"collection":[{"href":"https:\/\/www1.kkl.si\/hu\/wp-json\/wp\/v2\/pages"}],"about":[{"href":"https:\/\/www1.kkl.si\/hu\/wp-json\/wp\/v2\/types\/page"}],"author":[{"embeddable":true,"href":"https:\/\/www1.kkl.si\/hu\/wp-json\/wp\/v2\/users\/2"}],"replies":[{"embeddable":true,"href":"https:\/\/www1.kkl.si\/hu\/wp-json\/wp\/v2\/comments?post=9468"}],"version-history":[{"count":4,"href":"https:\/\/www1.kkl.si\/hu\/wp-json\/wp\/v2\/pages\/9468\/revisions"}],"predecessor-version":[{"id":9472,"href":"https:\/\/www1.kkl.si\/hu\/wp-json\/wp\/v2\/pages\/9468\/revisions\/9472"}],"wp:featuredmedia":[{"embeddable":true,"href":"https:\/\/www1.kkl.si\/hu\/wp-json\/wp\/v2\/media\/9431"}],"wp:attachment":[{"href":"https:\/\/www1.kkl.si\/hu\/wp-json\/wp\/v2\/media?parent=9468"}],"curies":[{"name":"wp","href":"https:\/\/api.w.org\/{rel}","templated":true}]}}