{"id":10074,"date":"2022-11-25T15:21:20","date_gmt":"2022-11-25T14:21:20","guid":{"rendered":"https:\/\/www1.kkl.si\/?page_id=10074"},"modified":"2023-12-12T12:00:55","modified_gmt":"2023-12-12T11:00:55","slug":"drustvo-baletnih-umetnikov-slovenije-dbus-svecani-baletni-koncert","status":"publish","type":"page","link":"https:\/\/www1.kkl.si\/sl\/drustvo-baletnih-umetnikov-slovenije-dbus-svecani-baletni-koncert\/","title":{"rendered":"Dru\u0161tvo baletnih umetnikov Slovenije (DBUS): Sve\u010dani baletni koncert"},"content":{"rendered":"<div class=\"opis\"><img loading=\"lazy\" decoding=\"async\" class=\"wp-image-1587 alignright\" title=\"Brezpla\u010dna prireditev\" src=\"https:\/\/www1.kkl.si\/wp-content\/uploads\/2020\/07\/spored_simb_brezplacna-1.svg\" sizes=\"auto, (max-width: 30px) 100vw, 30px\" srcset=\"https:\/\/www1.kkl.si\/wp-content\/uploads\/\/2020\/07\/spored_simb_brezplacna-1.svg 150w, https:\/\/www1.kkl.si\/wp-content\/uploads\/\/2020\/07\/spored_simb_brezplacna-1.svg 400w, https:\/\/www1.kkl.si\/wp-content\/uploads\/\/2020\/07\/spored_simb_brezplacna-1.svg 1500w, https:\/\/www1.kkl.si\/wp-content\/uploads\/\/2020\/07\/spored_simb_brezplacna-1.svg 100w\" alt=\"brezplacna\" width=\"30\" height=\"30\" \/><i class=\"fas fa-clock\"><\/i> <strong>nedelja, 4. december 2022, ob 19.00<\/strong> | Gledali\u0161ka in koncertna dvorana Lendava<br \/>\n<i class=\"fas fa-chevron-circle-right\"><\/i> <strong>balet<\/strong><br \/>\nOrganizator: <a href=\"https:\/\/www.kkl.si\/\">Knji\u017enica \u2013 Kulturni center Lendava \u2013 Lendvai K\u00f6nyvt\u00e1r \u00e9s Kultur\u00e1lis K\u00f6zpont<\/a>, <a href=\"https:\/\/www.dbus.si\/\">Dru\u0161tvo baletnih umetnikov Slovenije<\/a><\/p>\n<p><i class=\"fas fa-info-circle\"><\/i> <strong>VSTOP PROST.<\/strong> Brezpla\u010dne vstopnice se lahko prevzamejo na blagajni Gledali\u0161ke in koncertne dvorane Lendava.<\/div>\n<p>Predprazni\u010dni Sve\u010dani baletni koncert bo predstavil najlep\u0161e in za ob\u010dinstvo najbolj mamljive divertissmane is najlep\u0161ih in najbolj znanih klasi\u010dnih baletov, ob tem pa tudi nekaj neoklasi\u010dnih in sodobnih koreografij, ki naravnost navdu\u0161ujejo s svojo izvornostjo. U\u017eivali boste lahko ob znamenitih duetih (pas de deuxih) iz romanti\u010dnega baleta Labodje jezero, iz sila priljubljenega Don Kihota, pa Talismana, Gusarja, v izjemnih sodobnej\u0161ih stvaritvah Hore in \u0160avrina, v duetu iz Carmen in drugih.<\/p>\n<p>Nastopajo izvrstni slovenski in tuji baletni plesalci Asami Nakashima, Beatrice Bartolomei, Nina Kramberger, Emilie Tassinari, Satomi Netsu, Petar \u0110or\u010devski, Filip Juri\u010d, Yuya Omaki, Toma\u017e Golub in Sini\u0161a Bukinac.<\/p>\n<p>Organizacija in izvedba: <a href=\"https:\/\/www.dbus.si\/\">Dru\u0161tvo baletnih umetnikov Slovenije<\/a><\/p>\n\n\t\t<style type=\"text\/css\">\n\t\t\t#gallery-1 {\n\t\t\t\tmargin: auto;\n\t\t\t}\n\t\t\t#gallery-1 .gallery-item {\n\t\t\t\tfloat: left;\n\t\t\t\tmargin-top: 10px;\n\t\t\t\ttext-align: center;\n\t\t\t\twidth: 50%;\n\t\t\t}\n\t\t\t#gallery-1 img {\n\t\t\t\tborder: 2px solid #cfcfcf;\n\t\t\t}\n\t\t\t#gallery-1 .gallery-caption {\n\t\t\t\tmargin-left: 0;\n\t\t\t}\n\t\t\t\/* see gallery_shortcode() in wp-includes\/media.php *\/\n\t\t<\/style>\n\t\t<div id='gallery-1' class='gallery galleryid-10074 gallery-columns-2 gallery-size-medium'><dl class='gallery-item'>\n\t\t\t<dt class='gallery-icon landscape'>\n\t\t\t\t<a href='https:\/\/www1.kkl.si\/wp-content\/uploads\/2022\/11\/Balet_-december_foto_Mirjana_Srot1.jpg'><img loading=\"lazy\" decoding=\"async\" width=\"400\" height=\"257\" src=\"https:\/\/www1.kkl.si\/wp-content\/uploads\/2022\/11\/Balet_-december_foto_Mirjana_Srot1-400x257.jpg\" class=\"attachment-medium size-medium\" alt=\"\" aria-describedby=\"gallery-1-10075\" srcset=\"https:\/\/www1.kkl.si\/wp-content\/uploads\/2022\/11\/Balet_-december_foto_Mirjana_Srot1-400x257.jpg 400w, https:\/\/www1.kkl.si\/wp-content\/uploads\/2022\/11\/Balet_-december_foto_Mirjana_Srot1-1500x965.jpg 1500w, https:\/\/www1.kkl.si\/wp-content\/uploads\/2022\/11\/Balet_-december_foto_Mirjana_Srot1.jpg 2000w\" sizes=\"auto, (max-width: 400px) 100vw, 400px\" \/><\/a>\n\t\t\t<\/dt>\n\t\t\t\t<dd class='wp-caption-text gallery-caption' id='gallery-1-10075'>\n\t\t\t\tFoto: Mirjana \u0160rot\n\t\t\t\t<\/dd><\/dl><dl class='gallery-item'>\n\t\t\t<dt class='gallery-icon landscape'>\n\t\t\t\t<a href='https:\/\/www1.kkl.si\/wp-content\/uploads\/2022\/11\/Balet_-december_foto_Mirjana_Srot2.jpg'><img loading=\"lazy\" decoding=\"async\" width=\"400\" height=\"267\" src=\"https:\/\/www1.kkl.si\/wp-content\/uploads\/2022\/11\/Balet_-december_foto_Mirjana_Srot2-400x267.jpg\" class=\"attachment-medium size-medium\" alt=\"\" aria-describedby=\"gallery-1-10077\" srcset=\"https:\/\/www1.kkl.si\/wp-content\/uploads\/2022\/11\/Balet_-december_foto_Mirjana_Srot2-400x267.jpg 400w, https:\/\/www1.kkl.si\/wp-content\/uploads\/2022\/11\/Balet_-december_foto_Mirjana_Srot2-1500x1000.jpg 1500w, https:\/\/www1.kkl.si\/wp-content\/uploads\/2022\/11\/Balet_-december_foto_Mirjana_Srot2.jpg 2000w\" sizes=\"auto, (max-width: 400px) 100vw, 400px\" \/><\/a>\n\t\t\t<\/dt>\n\t\t\t\t<dd class='wp-caption-text gallery-caption' id='gallery-1-10077'>\n\t\t\t\tFoto: Mirjana \u0160rot\n\t\t\t\t<\/dd><\/dl><br style=\"clear: both\" \/>\n\t\t<\/div>\n\n<p><em>Dogodek v Gledali\u0161ki in koncertni dvorani Lendava je podprlo <a href=\"https:\/\/www.gov.si\/drzavni-organi\/ministrstva\/ministrstvo-za-kulturo\/\">Ministrstvo za kulturo Republike Slovenije<\/a>.<\/em><\/p>\n<p><a href=\"https:\/\/www1.kkl.si\/wp-content\/uploads\/2022\/11\/plakat_70cm_december-GKDLend_2022_DVOJ.jpg\" data-lbwps-width=\"2143\" data-lbwps-height=\"3000\" data-lbwps-srcsmall=\"https:\/\/www1.kkl.si\/wp-content\/uploads\/2022\/11\/plakat_70cm_december-GKDLend_2022_DVOJ.jpg\"><img loading=\"lazy\" decoding=\"async\" class=\"slika alignnone wp-image-10282 size-large\" src=\"https:\/\/www1.kkl.si\/wp-content\/uploads\/2022\/11\/plakat_70cm_december-GKDLend_2022_DVOJ-scaled-1072x1500.jpg\" alt=\"\" width=\"1072\" height=\"1500\" srcset=\"https:\/\/www1.kkl.si\/wp-content\/uploads\/2022\/11\/plakat_70cm_december-GKDLend_2022_DVOJ-scaled-1072x1500.jpg 1072w, https:\/\/www1.kkl.si\/wp-content\/uploads\/2022\/11\/plakat_70cm_december-GKDLend_2022_DVOJ-scaled-286x400.jpg 286w, https:\/\/www1.kkl.si\/wp-content\/uploads\/2022\/11\/plakat_70cm_december-GKDLend_2022_DVOJ-scaled.jpg 1829w\" sizes=\"auto, (max-width: 1072px) 100vw, 1072px\" \/><\/a><\/p>\n","protected":false},"excerpt":{"rendered":"<p>nedelja, 4. december 2022, ob 19.00 | Gledali\u0161ka in koncertna dvorana Lendava balet Organizator: Knji\u017enica \u2013 Kulturni center Lendava \u2013 Lendvai K\u00f6nyvt\u00e1r \u00e9s Kultur\u00e1lis K\u00f6zpont, Dru\u0161tvo baletnih umetnikov Slovenije VSTOP PROST. Brezpla\u010dne vstopnice se lahko prevzamejo na blagajni Gledali\u0161ke in koncertne dvorane Lendava. Predprazni\u010dni Sve\u010dani baletni koncert bo predstavil najlep\u0161e in za ob\u010dinstvo najbolj mamljive [&hellip;]<\/p>\n","protected":false},"author":2,"featured_media":10282,"parent":0,"menu_order":0,"comment_status":"closed","ping_status":"closed","template":"","meta":{"footnotes":""},"class_list":["post-10074","page","type-page","status-publish","has-post-thumbnail","hentry","post","post-with-thumbnail","post-with-thumbnail-icon"],"_links":{"self":[{"href":"https:\/\/www1.kkl.si\/sl\/wp-json\/wp\/v2\/pages\/10074","targetHints":{"allow":["GET"]}}],"collection":[{"href":"https:\/\/www1.kkl.si\/sl\/wp-json\/wp\/v2\/pages"}],"about":[{"href":"https:\/\/www1.kkl.si\/sl\/wp-json\/wp\/v2\/types\/page"}],"author":[{"embeddable":true,"href":"https:\/\/www1.kkl.si\/sl\/wp-json\/wp\/v2\/users\/2"}],"replies":[{"embeddable":true,"href":"https:\/\/www1.kkl.si\/sl\/wp-json\/wp\/v2\/comments?post=10074"}],"version-history":[{"count":24,"href":"https:\/\/www1.kkl.si\/sl\/wp-json\/wp\/v2\/pages\/10074\/revisions"}],"predecessor-version":[{"id":10080,"href":"https:\/\/www1.kkl.si\/sl\/wp-json\/wp\/v2\/pages\/10074\/revisions\/10080"}],"wp:featuredmedia":[{"embeddable":true,"href":"https:\/\/www1.kkl.si\/sl\/wp-json\/wp\/v2\/media\/10282"}],"wp:attachment":[{"href":"https:\/\/www1.kkl.si\/sl\/wp-json\/wp\/v2\/media?parent=10074"}],"curies":[{"name":"wp","href":"https:\/\/api.w.org\/{rel}","templated":true}]}}