{"id":10095,"date":"2022-11-26T08:09:12","date_gmt":"2022-11-26T07:09:12","guid":{"rendered":"https:\/\/www1.kkl.si\/?page_id=10095"},"modified":"2022-12-08T09:11:35","modified_gmt":"2022-12-08T08:11:35","slug":"a-vadak-ura-the-covenant-gospodar-divjine","status":"publish","type":"page","link":"https:\/\/www1.kkl.si\/sl\/a-vadak-ura-the-covenant-gospodar-divjine\/","title":{"rendered":"A Vadak Ura \u2013 The Covenant (Gospodar divjine)"},"content":{"rendered":"<div class=\"opis\"><strong><img loading=\"lazy\" decoding=\"async\" class=\"wp-image-1591 alignright\" title=\"Pla\u010dljiva prireditev\" src=\"https:\/\/www1.kkl.si\/wp-content\/uploads\/2020\/07\/spored_simb_placljiva-1.svg\" sizes=\"auto, (max-width: 30px) 100vw, 30px\" srcset=\"https:\/\/www1.kkl.si\/wp-content\/uploads\/\/2020\/07\/spored_simb_placljiva-1.svg 150w, https:\/\/www1.kkl.si\/wp-content\/uploads\/\/2020\/07\/spored_simb_placljiva-1.svg 400w, https:\/\/www1.kkl.si\/wp-content\/uploads\/\/2020\/07\/spored_simb_placljiva-1.svg 1500w, https:\/\/www1.kkl.si\/wp-content\/uploads\/\/2020\/07\/spored_simb_placljiva-1.svg 100w\" alt=\"placljiva\" width=\"30\" height=\"30\" \/><\/strong><strong><img loading=\"lazy\" decoding=\"async\" class=\"wp-image-1583 alignright\" title=\"Mad\u017earski abonma\" src=\"https:\/\/www1.kkl.si\/wp-content\/uploads\/2020\/07\/spored_simb_abonma_hu-1.svg\" sizes=\"auto, (max-width: 30px) 100vw, 30px\" srcset=\"https:\/\/www1.kkl.si\/wp-content\/uploads\/\/2020\/07\/spored_simb_abonma_hu-1.svg 150w, https:\/\/www1.kkl.si\/wp-content\/uploads\/\/2020\/07\/spored_simb_abonma_hu-1.svg 400w, https:\/\/www1.kkl.si\/wp-content\/uploads\/\/2020\/07\/spored_simb_abonma_hu-1.svg 1500w, https:\/\/www1.kkl.si\/wp-content\/uploads\/\/2020\/07\/spored_simb_abonma_hu-1.svg 100w\" alt=\"abonma_hu\" width=\"30\" height=\"30\" \/><\/strong><i class=\"fas fa-clock\"><\/i> <strong>\u010detrtek, 8. december 2022, ob 18.00<\/strong> | Gledali\u0161ka in koncertna dvorana Lendava<br \/>\n<i class=\"fas fa-chevron-circle-right\"><\/i> <strong>muzikal<br \/>\n<\/strong><i class=\"fas fa-ticket-alt\"><\/i> Vstopnina: <strong>25 \u20ac<br \/>\n<\/strong><i class=\"fas fa-ticket-alt\"><\/i> Vstopnina za abonente: <strong>20 \u20ac<br \/>\n<\/strong>Vstopnice se dobijo v Centru B\u00e1nffy v Lendavi (Glavna ulica 32, <i class=\"fas fa-phone-alt\"><\/i> (0)2 577 66 60)<strong>.<br \/>\n<\/strong>Organizator: <a href=\"https:\/\/www.mnmi-zkmn.si\/\">MNMI-ZKMN<\/a><\/div>\n<p><a href=\"https:\/\/www1.kkl.si\/wp-content\/uploads\/2022\/11\/Vadak_ura_plakat.jpg\" data-lbwps-width=\"2121\" data-lbwps-height=\"3000\" data-lbwps-srcsmall=\"https:\/\/www1.kkl.si\/wp-content\/uploads\/2022\/11\/Vadak_ura_plakat.jpg\"><img loading=\"lazy\" decoding=\"async\" class=\"slika wp-image-10043 size-medium alignright\" src=\"https:\/\/www1.kkl.si\/wp-content\/uploads\/2022\/11\/Vadak_ura_plakat-scaled-283x400.jpg\" alt=\"\" width=\"283\" height=\"400\" srcset=\"https:\/\/www1.kkl.si\/wp-content\/uploads\/2022\/11\/Vadak_ura_plakat-scaled-283x400.jpg 283w, https:\/\/www1.kkl.si\/wp-content\/uploads\/2022\/11\/Vadak_ura_plakat-scaled-1061x1500.jpg 1061w, https:\/\/www1.kkl.si\/wp-content\/uploads\/2022\/11\/Vadak_ura_plakat-scaled.jpg 1810w\" sizes=\"auto, (max-width: 283px) 100vw, 283px\" \/><\/a>Avtor: Zolt\u00e1n Egressy<br \/>\nBesedilo pesmi: P\u00e9ter M\u00fcller Siam\u0161\u010dina<br \/>\nSkladatelj: \u00c1ron Sebesty\u00e9n<br \/>\nRe\u017eiser: Andr\u00e1s Pataki<br \/>\nKreativni direktor: Tibor Vona<\/p>\n<p>Po slikoviti glasbeni predstavi Nikola Tesla, ki smo si jo lahko ogledali lani, se TBG Productions vra\u010da v Lendavo. Tokrat bodo majhne in velike popeljali v kraljestvo \u017eivali.<\/p>\n<p>Celove\u010derni muzikal po vzoru Levjega kralja in Knjige o d\u017eungli bo s spektakularnimi kostumi, spevnimi melodijami, osupljivimi koreografijami in fantasti\u010dno vizualno podobo ob\u010dinstvo popeljalo v svet \u017eivali, ki presenetljivo spominja na ljubezni in sprejemanja \u017eeljni svet ljudi.<\/p>\n<p>Novi celove\u010derni muzikal ustvarjalcev muzikla Tesla sledi tradiciji velikih klasi\u010dnih dru\u017einskih muzikalov, ki ustvarjajo vrednote, s spektakularno kostumografijo (Csilla Zs\u00e9li), neverjetno dinami\u010dnimi pesmimi in koreografijo (Re-Production, D\u00e1vid Benk\u0151, Veronika Benk\u0151-Morvai) ter s pomo\u010djo vizualnih elementov iz 21. stoletja: z LED-stenami in realisti\u010dnimi animacijami (Forward Productions) prikazuje \u017eivljenje v gozdu, ki ga vodijo \u00bbklan volkov\u00ab, \u00bbklan lisic\u00ab in \u00bbklan medvedov\u00ab, ki se borijo za \u017eeleno mo\u010d, v\u010dasih s svojo mo\u010djo, v\u010dasih s svojim \u0161armom ali premetenostjo, vsak s svojo sposobnostjo.<\/p>\n<p><em>Predstava je primerna za otroke.<\/em><\/p>\n<p><a href=\"https:\/\/www1.kkl.si\/wp-content\/uploads\/2022\/11\/vad1_kicsi_crop.jpg\" data-lbwps-width=\"1200\" data-lbwps-height=\"522\" data-lbwps-srcsmall=\"https:\/\/www1.kkl.si\/wp-content\/uploads\/2022\/11\/vad1_kicsi_crop-400x174.jpg\"><img loading=\"lazy\" decoding=\"async\" class=\"alignnone wp-image-10101 size-large\" src=\"https:\/\/www1.kkl.si\/wp-content\/uploads\/2022\/11\/vad1_kicsi_crop-1200x522.jpg\" alt=\"\" width=\"1200\" height=\"522\" srcset=\"https:\/\/www1.kkl.si\/wp-content\/uploads\/2022\/11\/vad1_kicsi_crop.jpg 1200w, https:\/\/www1.kkl.si\/wp-content\/uploads\/2022\/11\/vad1_kicsi_crop-400x174.jpg 400w\" sizes=\"auto, (max-width: 1200px) 100vw, 1200px\" \/><\/a><\/p>\n<p><strong>Muzikal Gospodar divjine \u2013 The Covenant bo na sporedu 8. decembra 2022 ob 18.00 uri v Gledali\u0161ki in koncertni dvorani Lendava. <\/strong><\/p>\n<p><strong>Vstopnice lahko kupite v Centru B\u00e1nffy. <br \/>\n<\/strong><strong>Cena vstopnic: 25,00 evrov, za abonente 20,00 evrov.<\/strong><\/p>\n<hr \/>\n<p>VIDEO NAPOVEDNIK<\/p>\n<p><iframe loading=\"lazy\" src=\"\/\/www.youtube.com\/embed\/BCU5rXb24KY\" width=\"560\" height=\"314\" allowfullscreen=\"allowfullscreen\"><\/iframe><\/p>\n<p><i class=\"fas fa-link\"><\/i> <a href=\"https:\/\/www.tbgprod.hu\/event\/8\">https:\/\/www.tbgprod.hu\/event\/8<\/a><\/p>\n","protected":false},"excerpt":{"rendered":"<p>\u010detrtek, 8. december 2022, ob 18.00 | Gledali\u0161ka in koncertna dvorana Lendava muzikal Vstopnina: 25 \u20ac Vstopnina za abonente: 20 \u20ac Vstopnice se dobijo v Centru B\u00e1nffy v Lendavi (Glavna ulica 32, (0)2 577 66 60). Organizator: MNMI-ZKMN Avtor: Zolt\u00e1n Egressy Besedilo pesmi: P\u00e9ter M\u00fcller Siam\u0161\u010dina Skladatelj: \u00c1ron Sebesty\u00e9n Re\u017eiser: Andr\u00e1s Pataki Kreativni direktor: Tibor [&hellip;]<\/p>\n","protected":false},"author":2,"featured_media":10101,"parent":0,"menu_order":0,"comment_status":"closed","ping_status":"closed","template":"","meta":{"footnotes":""},"class_list":["post-10095","page","type-page","status-publish","has-post-thumbnail","hentry","post","post-with-thumbnail","post-with-thumbnail-icon"],"_links":{"self":[{"href":"https:\/\/www1.kkl.si\/sl\/wp-json\/wp\/v2\/pages\/10095","targetHints":{"allow":["GET"]}}],"collection":[{"href":"https:\/\/www1.kkl.si\/sl\/wp-json\/wp\/v2\/pages"}],"about":[{"href":"https:\/\/www1.kkl.si\/sl\/wp-json\/wp\/v2\/types\/page"}],"author":[{"embeddable":true,"href":"https:\/\/www1.kkl.si\/sl\/wp-json\/wp\/v2\/users\/2"}],"replies":[{"embeddable":true,"href":"https:\/\/www1.kkl.si\/sl\/wp-json\/wp\/v2\/comments?post=10095"}],"version-history":[{"count":27,"href":"https:\/\/www1.kkl.si\/sl\/wp-json\/wp\/v2\/pages\/10095\/revisions"}],"predecessor-version":[{"id":10602,"href":"https:\/\/www1.kkl.si\/sl\/wp-json\/wp\/v2\/pages\/10095\/revisions\/10602"}],"wp:featuredmedia":[{"embeddable":true,"href":"https:\/\/www1.kkl.si\/sl\/wp-json\/wp\/v2\/media\/10101"}],"wp:attachment":[{"href":"https:\/\/www1.kkl.si\/sl\/wp-json\/wp\/v2\/media?parent=10095"}],"curies":[{"name":"wp","href":"https:\/\/api.w.org\/{rel}","templated":true}]}}