{"id":10374,"date":"2022-12-02T09:39:15","date_gmt":"2022-12-02T08:39:15","guid":{"rendered":"https:\/\/www1.kkl.si\/?page_id=10374"},"modified":"2022-12-02T10:25:23","modified_gmt":"2022-12-02T09:25:23","slug":"xvii-mednarodno-srecanje-zbirateljev-v-lendavi","status":"publish","type":"page","link":"https:\/\/www1.kkl.si\/sl\/xvii-mednarodno-srecanje-zbirateljev-v-lendavi\/","title":{"rendered":"XVII. Mednarodno sre\u010danje zbirateljev v Lendavi"},"content":{"rendered":"<div class=\"opis\"><img loading=\"lazy\" decoding=\"async\" class=\"wp-image-1587 alignright\" title=\"Brezpla\u010dna prireditev\" src=\"https:\/\/www1.kkl.si\/wp-content\/uploads\/2020\/07\/spored_simb_brezplacna-1.svg\" sizes=\"auto, (max-width: 30px) 100vw, 30px\" srcset=\"https:\/\/www1.kkl.si\/wp-content\/uploads\/\/2020\/07\/spored_simb_brezplacna-1.svg 150w, https:\/\/www1.kkl.si\/wp-content\/uploads\/\/2020\/07\/spored_simb_brezplacna-1.svg 400w, https:\/\/www1.kkl.si\/wp-content\/uploads\/\/2020\/07\/spored_simb_brezplacna-1.svg 1500w, https:\/\/www1.kkl.si\/wp-content\/uploads\/\/2020\/07\/spored_simb_brezplacna-1.svg 100w\" alt=\"brezplacna\" width=\"30\" height=\"30\" \/><i class=\"fas fa-clock\"><\/i> <strong>sobota, 3. december 2022, 9.00\u201313.00<\/strong> | preddverje Gledali\u0161ke in koncertne dvorane Lendava<br \/>\n<i class=\"fas fa-chevron-circle-right\"><\/i> <strong>sejem in razstava<\/strong><br \/>\nOrganizator: <a href=\"https:\/\/www.facebook.com\/Lindva.drustvozbirateljevPomurja\/\">Dru\u0161tvo zbirateljev Pomurja \u2013 Lindva \u2013 Muravid\u00e9ki r\u00e9gis\u00e9ggy\u0171jt\u00f6k egyes\u00fclete<\/a><\/div>\n<div class=\"\" dir=\"auto\">\n<div id=\"jsc_c_8r\" class=\"x1iorvi4 x1pi30zi x1l90r2v x1swvt13\" data-ad-comet-preview=\"message\" data-ad-preview=\"message\">\n<div class=\"x78zum5 xdt5ytf xz62fqu x16ldp7u\">\n<div class=\"xu06os2 x1ok221b\">\n<div class=\"x11i5rnm xat24cr x1mh8g0r x1vvkbs xdj266r x126k92a\">\n<div dir=\"auto\">\u00a0<\/div>\n<div dir=\"auto\">Vabljeni na dru\u017eenje med zbiralce vrednot, ki ne poznajo inflacije, recesije, stagnacije &#8230;<\/div>\n<div dir=\"auto\">Tretji december je pravi datum za nalo\u017ebe v stvari, ki so nam jih zapustili na\u0161i predniki za na\u0161e vnuke.<\/div>\n<div dir=\"auto\">\u00a0<\/div>\n<div dir=\"auto\">\n\n\t\t<style type=\"text\/css\">\n\t\t\t#gallery-1 {\n\t\t\t\tmargin: auto;\n\t\t\t}\n\t\t\t#gallery-1 .gallery-item {\n\t\t\t\tfloat: left;\n\t\t\t\tmargin-top: 10px;\n\t\t\t\ttext-align: center;\n\t\t\t\twidth: 50%;\n\t\t\t}\n\t\t\t#gallery-1 img {\n\t\t\t\tborder: 2px solid #cfcfcf;\n\t\t\t}\n\t\t\t#gallery-1 .gallery-caption {\n\t\t\t\tmargin-left: 0;\n\t\t\t}\n\t\t\t\/* see gallery_shortcode() in wp-includes\/media.php *\/\n\t\t<\/style>\n\t\t<div id='gallery-1' class='gallery galleryid-10374 gallery-columns-2 gallery-size-medium'><dl class='gallery-item'>\n\t\t\t<dt class='gallery-icon portrait'>\n\t\t\t\t<a href='https:\/\/www1.kkl.si\/wp-content\/uploads\/2022\/12\/zbiratelji_2022dec_str1.jpg'><img loading=\"lazy\" decoding=\"async\" width=\"282\" height=\"400\" src=\"https:\/\/www1.kkl.si\/wp-content\/uploads\/2022\/12\/zbiratelji_2022dec_str1-282x400.jpg\" class=\"attachment-medium size-medium\" alt=\"\" srcset=\"https:\/\/www1.kkl.si\/wp-content\/uploads\/2022\/12\/zbiratelji_2022dec_str1-282x400.jpg 282w, https:\/\/www1.kkl.si\/wp-content\/uploads\/2022\/12\/zbiratelji_2022dec_str1.jpg 677w\" sizes=\"auto, (max-width: 282px) 100vw, 282px\" \/><\/a>\n\t\t\t<\/dt><\/dl><dl class='gallery-item'>\n\t\t\t<dt class='gallery-icon portrait'>\n\t\t\t\t<a href='https:\/\/www1.kkl.si\/wp-content\/uploads\/2022\/12\/zbiratelji_2022dec_str2.jpg'><img loading=\"lazy\" decoding=\"async\" width=\"283\" height=\"400\" src=\"https:\/\/www1.kkl.si\/wp-content\/uploads\/2022\/12\/zbiratelji_2022dec_str2-283x400.jpg\" class=\"attachment-medium size-medium\" alt=\"\" srcset=\"https:\/\/www1.kkl.si\/wp-content\/uploads\/2022\/12\/zbiratelji_2022dec_str2-283x400.jpg 283w, https:\/\/www1.kkl.si\/wp-content\/uploads\/2022\/12\/zbiratelji_2022dec_str2.jpg 678w\" sizes=\"auto, (max-width: 283px) 100vw, 283px\" \/><\/a>\n\t\t\t<\/dt><\/dl><br style=\"clear: both\" \/>\n\t\t<\/div>\n\n<div dir=\"auto\">\n<p>IZPOSTAVLJEN PREDMET NA RAZSTAVI<\/p>\n<p><strong>TEHTNICA IZ RIMSKIH \u010cASOV TRGOVCEV Z DENARJEM<\/strong><\/p>\n<p>Ko je Jezus leta 33. n. \u0161t. na osli\u010dku prijahal v Jeruzalem, je ob navdu\u0161enju mno\u017eice najprej v bli\u017enjem templju prevrnil mize judovskih trgovcev z denarjem in s tem povzro\u010dil eno od dejanj \u00bbreformacije\u00ab judovske vere v kr\u0161\u010danstvo, ki svojim vernikom vse do renesanse ni ve\u010d dovoljevala okori\u0161\u010danja na ra\u010dun posojanja in menjave. denarja. Na omenjenih mizah je kot obvezen pripomo\u010dek stala tudi tehtnica, prikazana na zgornji sliki, za tehtanje in menjavo denarja.<\/p>\n<p>Rimljani, ki so takrat imeli oblast nad celotnim Sredozemljem, so imeli ves \u010das svojega obstoja urejen monetarni sistem s predpisanimi te\u017eami, \u010distino in vrednostmi vseh kovancev v denarnem obtoku, ki so jih kovali. Svin\u010deni obro\u010dki, ki so bili umerjeni. in potrjeni z vtisnjenim \u017eigom s strani upravne oblasti so odgovarjali te\u017ei kovanca dolo\u010dene vrednosti. Na ta na\u010din so potrjevali pristnost kovanca, kajti ponaredki so \u017ee takrat predstavljali no\u010dno moro trgovcev in tudi ostalih prebivalcev. Kot lahko vidimo je na eni strani tehtnice. na ponvici sesterec, ki je v prvem stoletju tehtal okrog 27,50 gramov in katerega te\u017ea je odgovarjala te\u017ei obe\u0161enega obro\u010dka na kavelj\u010dku na drugi strani tehtnice. Tovrstne tehtnice so prav tako uporabljali za menjavo denarja na obmejnih obmo\u010djih, kjer so med trgovanjem prihajali v stik z denarjem ostalih civiliziranih narodov (Grkov, Perzijcev, llirov itd.).<\/p>\n<p>Na podro\u010dju dana\u0161nje Slovenije so to bila Keltska plemena (Noriki na Koro\u0161kem, Tavriski v osrednji Sloveniji, Boii na podro\u010dju Prekmurja), katera so kovala denar iz razli\u010dnih zlitin, ki se je razlikoval po te\u017ei in velikosti (med navedenimi plemeni je te\u017ea srebrnih tetradrachem variirala od 8,5 do 17 gramov).<\/p>\n<p>Prikazana tehtnica na zgornji sliki, ki se je kot grobna najdba pred davnimi leti, ohranila v celoti, je slu\u017eila med drugim tudi za preverjanje te\u017ee in prera\u010dunavanje vrednosti v procesu trgovanja med Rimljani in doma\u010dini. Uporabljali so jo tudi za tehtanje \u017elahtnih kovin in drugih dragocenih izdelkov, kot so prstani, uhani in podobno. Je ena redkih kompletno ohranjenih na podro\u010dju Evrope in predstavlja del\u010dek bogate kulturne dedi\u0161\u010dine na\u0161ega obmo\u010dja.<\/p>\n<\/div>\n<p>Franc Koren, predsednik DZP Lindva<\/p>\n<\/div>\n<\/div>\n<\/div>\n<\/div>\n<\/div>\n<\/div>\n","protected":false},"excerpt":{"rendered":"<p>sobota, 3. december 2022, 9.00\u201313.00 | preddverje Gledali\u0161ke in koncertne dvorane Lendava sejem in razstava Organizator: Dru\u0161tvo zbirateljev Pomurja \u2013 Lindva \u2013 Muravid\u00e9ki r\u00e9gis\u00e9ggy\u0171jt\u00f6k egyes\u00fclete \u00a0 Vabljeni na dru\u017eenje med zbiralce vrednot, ki ne poznajo inflacije, recesije, stagnacije &#8230; Tretji december je pravi datum za nalo\u017ebe v stvari, ki so nam jih zapustili na\u0161i predniki [&hellip;]<\/p>\n","protected":false},"author":2,"featured_media":10360,"parent":0,"menu_order":0,"comment_status":"closed","ping_status":"closed","template":"","meta":{"footnotes":""},"class_list":["post-10374","page","type-page","status-publish","has-post-thumbnail","hentry","post","post-with-thumbnail","post-with-thumbnail-icon"],"_links":{"self":[{"href":"https:\/\/www1.kkl.si\/sl\/wp-json\/wp\/v2\/pages\/10374","targetHints":{"allow":["GET"]}}],"collection":[{"href":"https:\/\/www1.kkl.si\/sl\/wp-json\/wp\/v2\/pages"}],"about":[{"href":"https:\/\/www1.kkl.si\/sl\/wp-json\/wp\/v2\/types\/page"}],"author":[{"embeddable":true,"href":"https:\/\/www1.kkl.si\/sl\/wp-json\/wp\/v2\/users\/2"}],"replies":[{"embeddable":true,"href":"https:\/\/www1.kkl.si\/sl\/wp-json\/wp\/v2\/comments?post=10374"}],"version-history":[{"count":5,"href":"https:\/\/www1.kkl.si\/sl\/wp-json\/wp\/v2\/pages\/10374\/revisions"}],"predecessor-version":[{"id":10397,"href":"https:\/\/www1.kkl.si\/sl\/wp-json\/wp\/v2\/pages\/10374\/revisions\/10397"}],"wp:featuredmedia":[{"embeddable":true,"href":"https:\/\/www1.kkl.si\/sl\/wp-json\/wp\/v2\/media\/10360"}],"wp:attachment":[{"href":"https:\/\/www1.kkl.si\/sl\/wp-json\/wp\/v2\/media?parent=10374"}],"curies":[{"name":"wp","href":"https:\/\/api.w.org\/{rel}","templated":true}]}}