{"id":10505,"date":"2022-12-05T17:52:37","date_gmt":"2022-12-05T16:52:37","guid":{"rendered":"https:\/\/www1.kkl.si\/?page_id=10505"},"modified":"2022-12-09T11:24:48","modified_gmt":"2022-12-09T10:24:48","slug":"silence-slovar-norosti","status":"publish","type":"page","link":"https:\/\/www1.kkl.si\/sl\/silence-slovar-norosti\/","title":{"rendered":"Silence: Slovar norosti"},"content":{"rendered":"<div class=\"opis\"><img loading=\"lazy\" decoding=\"async\" class=\"wp-image-1587 alignright\" title=\"Brezpla\u010dna prireditev\" src=\"https:\/\/www1.kkl.si\/wp-content\/uploads\/2020\/07\/spored_simb_brezplacna-1.svg\" sizes=\"auto, (max-width: 30px) 100vw, 30px\" srcset=\"https:\/\/www1.kkl.si\/wp-content\/uploads\/\/2020\/07\/spored_simb_brezplacna-1.svg 150w, https:\/\/www1.kkl.si\/wp-content\/uploads\/\/2020\/07\/spored_simb_brezplacna-1.svg 400w, https:\/\/www1.kkl.si\/wp-content\/uploads\/\/2020\/07\/spored_simb_brezplacna-1.svg 1500w, https:\/\/www1.kkl.si\/wp-content\/uploads\/\/2020\/07\/spored_simb_brezplacna-1.svg 100w\" alt=\"brezplacna\" width=\"30\" height=\"30\" \/><i class=\"fas fa-clock\"><\/i> <strong>nedelja, 11. december 2022, ob 19.00<\/strong> | Gledali\u0161ka in koncertna dvorana Lendava<br \/>\n<i class=\"fas fa-chevron-circle-right\"><\/i> <strong>koncert<\/strong><strong><br \/>\n<\/strong>Organizator: <a href=\"https:\/\/www.kkl.si\/\">Knji\u017enica \u2013 Kulturni center Lendava \u2013 Lendvai K\u00f6nyvt\u00e1r \u00e9s Kultur\u00e1lis K\u00f6zpont<\/a><\/p>\n<p><i class=\"fas fa-info-circle\"><\/i> <strong>VSTOP PROST.<\/strong> Brezpla\u010dne vstopnice se lahko prevzamejo na blagajni Gledali\u0161ke in koncertne dvorane Lendava.<\/div>\n<p>OPIS<\/p>\n<div id=\"attachment_10509\" style=\"width: 410px\" class=\"wp-caption alignright\"><a href=\"https:\/\/www1.kkl.si\/wp-content\/uploads\/2022\/12\/Silence_Borut_Peterlin_splet.jpg\" data-lbwps-width=\"2362\" data-lbwps-height=\"1417\" data-lbwps-srcsmall=\"https:\/\/www1.kkl.si\/wp-content\/uploads\/2022\/12\/Silence_Borut_Peterlin_splet-400x240.jpg\" data-lbwps-caption=\"Foto: Borut Peterlin\"><img loading=\"lazy\" decoding=\"async\" aria-describedby=\"caption-attachment-10509\" class=\"size-medium wp-image-10509\" src=\"https:\/\/www1.kkl.si\/wp-content\/uploads\/2022\/12\/Silence_Borut_Peterlin_splet-400x240.jpg\" alt=\"\" width=\"400\" height=\"240\" srcset=\"https:\/\/www1.kkl.si\/wp-content\/uploads\/2022\/12\/Silence_Borut_Peterlin_splet-400x240.jpg 400w, https:\/\/www1.kkl.si\/wp-content\/uploads\/2022\/12\/Silence_Borut_Peterlin_splet-1500x900.jpg 1500w\" sizes=\"auto, (max-width: 400px) 100vw, 400px\" \/><\/a><p id=\"caption-attachment-10509\" class=\"wp-caption-text\">Foto: Borut Peterlin<\/p><\/div>\n<p>Akira Kurosava je bil mnenja, da so v norem svetu le norci zdravi. Zato vas \u2013 iz preventivnih, zdravstvenih razlogov \u2013 vabimo na kratek te\u010daj norosti. Duet Silence bo 11. decembra v Gledali\u0161ki in koncertni dvorani Lendava predstavil plo\u0161\u010do <em>The Vocabulary of Madness<\/em> (Slovar norosti), prvi studijski album dueta v desetih letih. Duet bo predstavil celoten novi album in izbor starej\u0161ih del.<\/p>\n<p>Primo\u017e Hladnik (klaviature)<br \/>\nBoris Benko (vokal)<br \/>\nIgor Vi\u0107enti\u0107 (klavir)<br \/>\nJure Vlahovi\u010d (zvok)<\/p>\n<hr \/>\n<p>VIDEO<\/p>\n<p><iframe loading=\"lazy\" src=\"\/\/www.youtube.com\/embed\/AVBQ0Mu2020\" width=\"560\" height=\"314\" allowfullscreen=\"allowfullscreen\"><\/iframe><\/p>\n<p><iframe loading=\"lazy\" src=\"\/\/www.youtube.com\/embed\/9T_3sWh0N9M\" width=\"560\" height=\"314\" allowfullscreen=\"allowfullscreen\"><\/iframe><\/p>\n<p><iframe loading=\"lazy\" src=\"\/\/www.youtube.com\/embed\/FBVQJ-52i0c\" width=\"560\" height=\"314\" allowfullscreen=\"allowfullscreen\"><\/iframe><\/p>\n<p><iframe loading=\"lazy\" src=\"\/\/www.youtube.com\/embed\/pxB-CSeWhxo\" width=\"560\" height=\"314\" allowfullscreen=\"allowfullscreen\"><\/iframe><\/p>\n<p><iframe loading=\"lazy\" src=\"\/\/www.youtube.com\/embed\/O4fwcxlx0ys\" width=\"560\" height=\"314\" allowfullscreen=\"allowfullscreen\"><\/iframe><\/p>\n<p><iframe loading=\"lazy\" src=\"\/\/www.youtube.com\/embed\/K0kVBEGMlv4\" width=\"560\" height=\"314\" allowfullscreen=\"allowfullscreen\"><\/iframe><\/p>\n<p><iframe loading=\"lazy\" src=\"\/\/www.youtube.com\/embed\/GbFbplxvAN8\" width=\"560\" height=\"314\" allowfullscreen=\"allowfullscreen\"><\/iframe><\/p>\n<p>Uradna spletna stran:<br \/>\n<i class=\"fas fa-link\"><\/i> <a href=\"https:\/\/www.silence-zone.org\/\">https:\/\/www.silence-zone.org\/<\/a><br \/>\n<i class=\"fab fa-youtube\"><\/i> <a href=\"https:\/\/www.youtube.com\/user\/FinalMinutesChannel\/videos\">https:\/\/www.youtube.com\/user\/FinalMinutesChannel\/videos<\/a><\/p>\n<hr \/>\n<p><em>Dogodek v Gledali\u0161ki in koncertni dvorani Lendava je podprlo <a href=\"https:\/\/www.gov.si\/drzavni-organi\/ministrstva\/ministrstvo-za-kulturo\/\">Ministrstvo za kulturo Republike Slovenije<\/a>.<\/em><\/p>\n<p><a href=\"https:\/\/www1.kkl.si\/wp-content\/uploads\/2022\/11\/plakat_70cm_december-GKDLend_2022_DVOJ.jpg\" data-lbwps-width=\"2143\" data-lbwps-height=\"3000\" data-lbwps-srcsmall=\"https:\/\/www1.kkl.si\/wp-content\/uploads\/2022\/11\/plakat_70cm_december-GKDLend_2022_DVOJ.jpg\"><img loading=\"lazy\" decoding=\"async\" class=\"slika alignnone wp-image-10282 size-large\" src=\"https:\/\/www1.kkl.si\/wp-content\/uploads\/2022\/11\/plakat_70cm_december-GKDLend_2022_DVOJ-scaled-1072x1500.jpg\" alt=\"\" width=\"1072\" height=\"1500\" srcset=\"https:\/\/www1.kkl.si\/wp-content\/uploads\/2022\/11\/plakat_70cm_december-GKDLend_2022_DVOJ-scaled-1072x1500.jpg 1072w, https:\/\/www1.kkl.si\/wp-content\/uploads\/2022\/11\/plakat_70cm_december-GKDLend_2022_DVOJ-scaled-286x400.jpg 286w, https:\/\/www1.kkl.si\/wp-content\/uploads\/2022\/11\/plakat_70cm_december-GKDLend_2022_DVOJ-scaled.jpg 1829w\" sizes=\"auto, (max-width: 1072px) 100vw, 1072px\" \/><\/a><\/p>\n","protected":false},"excerpt":{"rendered":"<p>nedelja, 11. december 2022, ob 19.00 | Gledali\u0161ka in koncertna dvorana Lendava koncert Organizator: Knji\u017enica \u2013 Kulturni center Lendava \u2013 Lendvai K\u00f6nyvt\u00e1r \u00e9s Kultur\u00e1lis K\u00f6zpont VSTOP PROST. Brezpla\u010dne vstopnice se lahko prevzamejo na blagajni Gledali\u0161ke in koncertne dvorane Lendava. OPIS Akira Kurosava je bil mnenja, da so v norem svetu le norci zdravi. Zato vas [&hellip;]<\/p>\n","protected":false},"author":2,"featured_media":10509,"parent":0,"menu_order":0,"comment_status":"closed","ping_status":"closed","template":"","meta":{"footnotes":""},"class_list":["post-10505","page","type-page","status-publish","has-post-thumbnail","hentry","post","post-with-thumbnail","post-with-thumbnail-icon"],"_links":{"self":[{"href":"https:\/\/www1.kkl.si\/sl\/wp-json\/wp\/v2\/pages\/10505","targetHints":{"allow":["GET"]}}],"collection":[{"href":"https:\/\/www1.kkl.si\/sl\/wp-json\/wp\/v2\/pages"}],"about":[{"href":"https:\/\/www1.kkl.si\/sl\/wp-json\/wp\/v2\/types\/page"}],"author":[{"embeddable":true,"href":"https:\/\/www1.kkl.si\/sl\/wp-json\/wp\/v2\/users\/2"}],"replies":[{"embeddable":true,"href":"https:\/\/www1.kkl.si\/sl\/wp-json\/wp\/v2\/comments?post=10505"}],"version-history":[{"count":10,"href":"https:\/\/www1.kkl.si\/sl\/wp-json\/wp\/v2\/pages\/10505\/revisions"}],"predecessor-version":[{"id":10652,"href":"https:\/\/www1.kkl.si\/sl\/wp-json\/wp\/v2\/pages\/10505\/revisions\/10652"}],"wp:featuredmedia":[{"embeddable":true,"href":"https:\/\/www1.kkl.si\/sl\/wp-json\/wp\/v2\/media\/10509"}],"wp:attachment":[{"href":"https:\/\/www1.kkl.si\/sl\/wp-json\/wp\/v2\/media?parent=10505"}],"curies":[{"name":"wp","href":"https:\/\/api.w.org\/{rel}","templated":true}]}}