{"id":10557,"date":"2022-12-06T16:44:28","date_gmt":"2022-12-06T15:44:28","guid":{"rendered":"https:\/\/www1.kkl.si\/?page_id=10557"},"modified":"2022-12-06T16:45:07","modified_gmt":"2022-12-06T15:45:07","slug":"griff-babszinhaz-teli-szonett-zimski-sonet","status":"publish","type":"page","link":"https:\/\/www1.kkl.si\/sl\/griff-babszinhaz-teli-szonett-zimski-sonet\/","title":{"rendered":"Griff B\u00e1bsz\u00ednh\u00e1z: T\u00e9li Szonett (Zimski sonet)"},"content":{"rendered":"<div class=\"opis\"><img loading=\"lazy\" decoding=\"async\" class=\"wp-image-1587 alignright\" title=\"Brezpla\u010dna prireditev\" src=\"https:\/\/www1.kkl.si\/wp-content\/uploads\/\/2020\/07\/spored_simb_brezplacna-1.svg\" sizes=\"auto, (max-width: 30px) 100vw, 30px\" srcset=\"https:\/\/www1.kkl.si\/wp-content\/uploads\/\/2020\/07\/spored_simb_brezplacna-1.svg 150w, https:\/\/www1.kkl.si\/wp-content\/uploads\/\/2020\/07\/spored_simb_brezplacna-1.svg 400w, https:\/\/www1.kkl.si\/wp-content\/uploads\/\/2020\/07\/spored_simb_brezplacna-1.svg 1500w, https:\/\/www1.kkl.si\/wp-content\/uploads\/\/2020\/07\/spored_simb_brezplacna-1.svg 100w\" alt=\"brezplacna\" width=\"30\" height=\"30\" \/><i class=\"fas fa-clock\"><\/i> <strong>ponedeljek, 12. december 2022, ob 17. uri<\/strong> | Gledali\u0161ka in koncertna dvorana Lendava<br \/>\n<i class=\"fas fa-chevron-circle-right\"><\/i> <strong><strong>otro\u0161ka predstava v mad\u017earskem jeziku<\/strong><\/strong><\/p>\n<p>Predstavi bo sledila ustvarjalna delavnica za otroke \u2013 <em><strong>Pravlji\u010dna svetilka<\/strong>.<\/em><\/p>\n<p>Organizator: <a href=\"https:\/\/www.kkl.si\/\">Knji\u017enica \u2013 Kulturni center Lendava \u2013 Lendvai K\u00f6nyvt\u00e1r \u00e9s Kultur\u00e1lis K\u00f6zpont<\/a><\/p>\n<\/div>\n<div class=\"\" dir=\"auto\">\n<div id=\"jsc_c_8r\" class=\"x1iorvi4 x1pi30zi x1l90r2v x1swvt13\" data-ad-comet-preview=\"message\" data-ad-preview=\"message\">\n<div class=\"x78zum5 xdt5ytf xz62fqu x16ldp7u\">\n<div class=\"xu06os2 x1ok221b\">\n<div class=\"x11i5rnm xat24cr x1mh8g0r x1vvkbs xdj266r x126k92a\">\n<p><a href=\"https:\/\/www1.kkl.si\/wp-content\/uploads\/2022\/12\/teli_szonett_cimkep.jpg\" data-lbwps-width=\"1500\" data-lbwps-height=\"821\" data-lbwps-srcsmall=\"https:\/\/www1.kkl.si\/wp-content\/uploads\/2022\/12\/teli_szonett_cimkep-400x219.jpg\"><img loading=\"lazy\" decoding=\"async\" class=\"alignnone size-large wp-image-10453\" src=\"https:\/\/www1.kkl.si\/wp-content\/uploads\/2022\/12\/teli_szonett_cimkep-1500x821.jpg\" alt=\"\" width=\"1500\" height=\"821\" srcset=\"https:\/\/www1.kkl.si\/wp-content\/uploads\/2022\/12\/teli_szonett_cimkep.jpg 1500w, https:\/\/www1.kkl.si\/wp-content\/uploads\/2022\/12\/teli_szonett_cimkep-400x219.jpg 400w\" sizes=\"auto, (max-width: 1500px) 100vw, 1500px\" \/><\/a><\/p>\n<p><a href=\"https:\/\/www1.kkl.si\/wp-content\/uploads\/2022\/12\/plakat_teli_szonett_2022_splet.jpg\" data-lbwps-width=\"2143\" data-lbwps-height=\"3000\" data-lbwps-srcsmall=\"https:\/\/www1.kkl.si\/wp-content\/uploads\/2022\/12\/plakat_teli_szonett_2022_splet.jpg\"><img loading=\"lazy\" decoding=\"async\" class=\"alignright size-medium wp-image-10554\" src=\"https:\/\/www1.kkl.si\/wp-content\/uploads\/2022\/12\/plakat_teli_szonett_2022_splet-scaled.jpg\" alt=\"\" width=\"286\" height=\"400\" srcset=\"https:\/\/www1.kkl.si\/wp-content\/uploads\/2022\/12\/plakat_teli_szonett_2022_splet-scaled.jpg 1829w, https:\/\/www1.kkl.si\/wp-content\/uploads\/2022\/12\/plakat_teli_szonett_2022_splet-scaled-286x400.jpg 286w, https:\/\/www1.kkl.si\/wp-content\/uploads\/2022\/12\/plakat_teli_szonett_2022_splet-scaled-1072x1500.jpg 1072w\" sizes=\"auto, (max-width: 286px) 100vw, 286px\" \/><\/a>Szab\u00f3 Attila:<br \/>\n<strong>T\u00c9LI SZONETT (ZIMSKI SONET)<\/strong><br \/>\n\u2013 avagy t\u00e9li \u00e1lmot alszik a t\u00e9l \u2013 (ali Zima na zimskem spanju)<\/p>\n<p><strong>Igrajo:<\/strong><br \/>\nCsepregi Napsug\u00e1r<br \/>\nKassay M\u00e1rton<br \/>\nStekbauer-Hanzi R\u00e9ka<br \/>\nSzilinyi Arnold<br \/>\nV\u00e1ri Vivien<\/p>\n<p>Scenografska zasnova\/avtorice likovne podobe: Varjas Zs\u00f3fia<br \/>\nGlasba: Csern\u00e1k Zolt\u00e1n Samu<br \/>\nKoreografija: Varga Ren\u00e1ta<br \/>\nSodelavka re\u017eiserja: Szolnok \u00c1gnes<br \/>\n<strong>Re\u017eiser:<\/strong> Halasi D\u00e1niel<\/p>\n<p>Skupina mladih se odpravi v gore, da bi zimske po\u010ditnice pre\u017eivela na smu\u010danju. Vendar ni snega. Kaj se je zgodilo? Kam je \u0161la Zima? Majhna skupina se ga odpravi iskat, ga prebuditi, stresati njegovo veliko brado in poskrbeti za hrustljav, kristalno \u010dist sneg! Na sre\u010do nista sama, saj si na pomo\u010d pri re\u0161evanju Zime povabita Sanje in \u010carovnijo.<\/p>\n<p><em>Predstava je primerna za otroke od 4. leta starosti.<br \/>\n<\/em><\/p>\n\n\t\t<style type=\"text\/css\">\n\t\t\t#gallery-1 {\n\t\t\t\tmargin: auto;\n\t\t\t}\n\t\t\t#gallery-1 .gallery-item {\n\t\t\t\tfloat: left;\n\t\t\t\tmargin-top: 10px;\n\t\t\t\ttext-align: center;\n\t\t\t\twidth: 16%;\n\t\t\t}\n\t\t\t#gallery-1 img {\n\t\t\t\tborder: 2px solid #cfcfcf;\n\t\t\t}\n\t\t\t#gallery-1 .gallery-caption {\n\t\t\t\tmargin-left: 0;\n\t\t\t}\n\t\t\t\/* see gallery_shortcode() in wp-includes\/media.php *\/\n\t\t<\/style>\n\t\t<div id='gallery-1' class='gallery galleryid-10557 gallery-columns-6 gallery-size-thumbnail'><dl class='gallery-item'>\n\t\t\t<dt class='gallery-icon landscape'>\n\t\t\t\t<a href='https:\/\/www1.kkl.si\/wp-content\/uploads\/2022\/12\/teli_szonet01.jpg'><img loading=\"lazy\" decoding=\"async\" width=\"150\" height=\"150\" src=\"https:\/\/www1.kkl.si\/wp-content\/uploads\/2022\/12\/teli_szonet01-150x150.jpg\" class=\"attachment-thumbnail size-thumbnail\" alt=\"\" \/><\/a>\n\t\t\t<\/dt><\/dl><dl class='gallery-item'>\n\t\t\t<dt class='gallery-icon landscape'>\n\t\t\t\t<a href='https:\/\/www1.kkl.si\/wp-content\/uploads\/2022\/12\/teli_szonet02.jpg'><img loading=\"lazy\" decoding=\"async\" width=\"150\" height=\"150\" src=\"https:\/\/www1.kkl.si\/wp-content\/uploads\/2022\/12\/teli_szonet02-150x150.jpg\" class=\"attachment-thumbnail size-thumbnail\" alt=\"\" \/><\/a>\n\t\t\t<\/dt><\/dl><dl class='gallery-item'>\n\t\t\t<dt class='gallery-icon portrait'>\n\t\t\t\t<a href='https:\/\/www1.kkl.si\/wp-content\/uploads\/2022\/12\/teli_szonet03.jpg'><img loading=\"lazy\" decoding=\"async\" width=\"150\" height=\"150\" src=\"https:\/\/www1.kkl.si\/wp-content\/uploads\/2022\/12\/teli_szonet03-150x150.jpg\" class=\"attachment-thumbnail size-thumbnail\" alt=\"\" \/><\/a>\n\t\t\t<\/dt><\/dl><dl class='gallery-item'>\n\t\t\t<dt class='gallery-icon landscape'>\n\t\t\t\t<a href='https:\/\/www1.kkl.si\/wp-content\/uploads\/2022\/12\/teli_szonet05.jpg'><img loading=\"lazy\" decoding=\"async\" width=\"150\" height=\"150\" src=\"https:\/\/www1.kkl.si\/wp-content\/uploads\/2022\/12\/teli_szonet05-150x150.jpg\" class=\"attachment-thumbnail size-thumbnail\" alt=\"\" \/><\/a>\n\t\t\t<\/dt><\/dl><dl class='gallery-item'>\n\t\t\t<dt class='gallery-icon landscape'>\n\t\t\t\t<a href='https:\/\/www1.kkl.si\/wp-content\/uploads\/2022\/12\/teli_szonet06.jpg'><img loading=\"lazy\" decoding=\"async\" width=\"150\" height=\"150\" src=\"https:\/\/www1.kkl.si\/wp-content\/uploads\/2022\/12\/teli_szonet06-150x150.jpg\" class=\"attachment-thumbnail size-thumbnail\" alt=\"\" \/><\/a>\n\t\t\t<\/dt><\/dl><dl class='gallery-item'>\n\t\t\t<dt class='gallery-icon landscape'>\n\t\t\t\t<a href='https:\/\/www1.kkl.si\/wp-content\/uploads\/2022\/12\/teli_szonet08.jpg'><img loading=\"lazy\" decoding=\"async\" width=\"150\" height=\"150\" src=\"https:\/\/www1.kkl.si\/wp-content\/uploads\/2022\/12\/teli_szonet08-150x150.jpg\" class=\"attachment-thumbnail size-thumbnail\" alt=\"\" \/><\/a>\n\t\t\t<\/dt><\/dl><br style=\"clear: both\" \/><dl class='gallery-item'>\n\t\t\t<dt class='gallery-icon landscape'>\n\t\t\t\t<a href='https:\/\/www1.kkl.si\/wp-content\/uploads\/2022\/12\/teli_szonet10.jpg'><img loading=\"lazy\" decoding=\"async\" width=\"150\" height=\"150\" src=\"https:\/\/www1.kkl.si\/wp-content\/uploads\/2022\/12\/teli_szonet10-150x150.jpg\" class=\"attachment-thumbnail size-thumbnail\" alt=\"\" \/><\/a>\n\t\t\t<\/dt><\/dl><dl class='gallery-item'>\n\t\t\t<dt class='gallery-icon landscape'>\n\t\t\t\t<a href='https:\/\/www1.kkl.si\/wp-content\/uploads\/2022\/12\/teli_szonet11.jpg'><img loading=\"lazy\" decoding=\"async\" width=\"150\" height=\"150\" src=\"https:\/\/www1.kkl.si\/wp-content\/uploads\/2022\/12\/teli_szonet11-150x150.jpg\" class=\"attachment-thumbnail size-thumbnail\" alt=\"\" \/><\/a>\n\t\t\t<\/dt><\/dl><dl class='gallery-item'>\n\t\t\t<dt class='gallery-icon landscape'>\n\t\t\t\t<a href='https:\/\/www1.kkl.si\/wp-content\/uploads\/2022\/12\/teli_szonet13.jpg'><img loading=\"lazy\" decoding=\"async\" width=\"150\" height=\"150\" src=\"https:\/\/www1.kkl.si\/wp-content\/uploads\/2022\/12\/teli_szonet13-150x150.jpg\" class=\"attachment-thumbnail size-thumbnail\" alt=\"\" \/><\/a>\n\t\t\t<\/dt><\/dl><dl class='gallery-item'>\n\t\t\t<dt class='gallery-icon landscape'>\n\t\t\t\t<a href='https:\/\/www1.kkl.si\/wp-content\/uploads\/2022\/12\/teli_szonet14.jpg'><img loading=\"lazy\" decoding=\"async\" width=\"150\" height=\"150\" src=\"https:\/\/www1.kkl.si\/wp-content\/uploads\/2022\/12\/teli_szonet14-150x150.jpg\" class=\"attachment-thumbnail size-thumbnail\" alt=\"\" \/><\/a>\n\t\t\t<\/dt><\/dl><dl class='gallery-item'>\n\t\t\t<dt class='gallery-icon portrait'>\n\t\t\t\t<a href='https:\/\/www1.kkl.si\/wp-content\/uploads\/2022\/12\/teli_szonet17.jpg'><img loading=\"lazy\" decoding=\"async\" width=\"150\" height=\"150\" src=\"https:\/\/www1.kkl.si\/wp-content\/uploads\/2022\/12\/teli_szonet17-150x150.jpg\" class=\"attachment-thumbnail size-thumbnail\" alt=\"\" \/><\/a>\n\t\t\t<\/dt><\/dl><dl class='gallery-item'>\n\t\t\t<dt class='gallery-icon landscape'>\n\t\t\t\t<a href='https:\/\/www1.kkl.si\/wp-content\/uploads\/2022\/12\/teli_szonet18.jpg'><img loading=\"lazy\" decoding=\"async\" width=\"150\" height=\"150\" src=\"https:\/\/www1.kkl.si\/wp-content\/uploads\/2022\/12\/teli_szonet18-150x150.jpg\" class=\"attachment-thumbnail size-thumbnail\" alt=\"\" \/><\/a>\n\t\t\t<\/dt><\/dl><br style=\"clear: both\" \/><dl class='gallery-item'>\n\t\t\t<dt class='gallery-icon landscape'>\n\t\t\t\t<a href='https:\/\/www1.kkl.si\/wp-content\/uploads\/2022\/12\/teli_szonet19.jpg'><img loading=\"lazy\" decoding=\"async\" width=\"150\" height=\"150\" src=\"https:\/\/www1.kkl.si\/wp-content\/uploads\/2022\/12\/teli_szonet19-150x150.jpg\" class=\"attachment-thumbnail size-thumbnail\" alt=\"\" \/><\/a>\n\t\t\t<\/dt><\/dl><dl class='gallery-item'>\n\t\t\t<dt class='gallery-icon landscape'>\n\t\t\t\t<a href='https:\/\/www1.kkl.si\/wp-content\/uploads\/2022\/12\/teli_szonet20.jpg'><img loading=\"lazy\" decoding=\"async\" width=\"150\" height=\"150\" src=\"https:\/\/www1.kkl.si\/wp-content\/uploads\/2022\/12\/teli_szonet20-150x150.jpg\" class=\"attachment-thumbnail size-thumbnail\" alt=\"\" \/><\/a>\n\t\t\t<\/dt><\/dl><dl class='gallery-item'>\n\t\t\t<dt class='gallery-icon landscape'>\n\t\t\t\t<a href='https:\/\/www1.kkl.si\/wp-content\/uploads\/2022\/12\/teli_szonet21.jpg'><img loading=\"lazy\" decoding=\"async\" width=\"150\" height=\"150\" src=\"https:\/\/www1.kkl.si\/wp-content\/uploads\/2022\/12\/teli_szonet21-150x150.jpg\" class=\"attachment-thumbnail size-thumbnail\" alt=\"\" \/><\/a>\n\t\t\t<\/dt><\/dl>\n\t\t\t<br style='clear: both' \/>\n\t\t<\/div>\n\n<p><span style=\"font-size: 10pt;\">Foto: Pezzetta Umberto<\/span><\/p>\n<hr \/>\n<p><i class=\"fas fa-link\"><\/i> <a href=\"https:\/\/griffbabszinhaz.hu\/teli-szonett\/\">https:\/\/griffbabszinhaz.hu\/teli-szonett\/<\/a><\/p>\n<hr \/>\n<p>Prireditev so podprli:<\/p>\n<p><a href=\"https:\/\/www1.kkl.si\/wp-content\/uploads\/2022\/12\/logo_tamogatok.png\" data-lbwps-width=\"2000\" data-lbwps-height=\"400\" data-lbwps-srcsmall=\"https:\/\/www1.kkl.si\/wp-content\/uploads\/2022\/12\/logo_tamogatok-400x80.png\"><img loading=\"lazy\" decoding=\"async\" class=\"alignnone size-large wp-image-10549\" src=\"https:\/\/www1.kkl.si\/wp-content\/uploads\/2022\/12\/logo_tamogatok.png\" alt=\"\" width=\"1500\" height=\"300\" srcset=\"https:\/\/www1.kkl.si\/wp-content\/uploads\/2022\/12\/logo_tamogatok.png 2000w, https:\/\/www1.kkl.si\/wp-content\/uploads\/2022\/12\/logo_tamogatok-400x80.png 400w, https:\/\/www1.kkl.si\/wp-content\/uploads\/2022\/12\/logo_tamogatok-1500x300.png 1500w\" sizes=\"auto, (max-width: 1500px) 100vw, 1500px\" \/><\/a><\/p>\n<p>&nbsp;<\/p>\n<\/div>\n<\/div>\n<\/div>\n<\/div>\n<\/div>\n","protected":false},"excerpt":{"rendered":"<p>ponedeljek, 12. december 2022, ob 17. uri | Gledali\u0161ka in koncertna dvorana Lendava otro\u0161ka predstava v mad\u017earskem jeziku Predstavi bo sledila ustvarjalna delavnica za otroke \u2013 Pravlji\u010dna svetilka. Organizator: Knji\u017enica \u2013 Kulturni center Lendava \u2013 Lendvai K\u00f6nyvt\u00e1r \u00e9s Kultur\u00e1lis K\u00f6zpont Szab\u00f3 Attila: T\u00c9LI SZONETT (ZIMSKI SONET) \u2013 avagy t\u00e9li \u00e1lmot alszik a t\u00e9l \u2013 (ali [&hellip;]<\/p>\n","protected":false},"author":2,"featured_media":0,"parent":0,"menu_order":0,"comment_status":"closed","ping_status":"closed","template":"","meta":{"footnotes":""},"class_list":["post-10557","page","type-page","status-publish","hentry","post"],"_links":{"self":[{"href":"https:\/\/www1.kkl.si\/sl\/wp-json\/wp\/v2\/pages\/10557","targetHints":{"allow":["GET"]}}],"collection":[{"href":"https:\/\/www1.kkl.si\/sl\/wp-json\/wp\/v2\/pages"}],"about":[{"href":"https:\/\/www1.kkl.si\/sl\/wp-json\/wp\/v2\/types\/page"}],"author":[{"embeddable":true,"href":"https:\/\/www1.kkl.si\/sl\/wp-json\/wp\/v2\/users\/2"}],"replies":[{"embeddable":true,"href":"https:\/\/www1.kkl.si\/sl\/wp-json\/wp\/v2\/comments?post=10557"}],"version-history":[{"count":2,"href":"https:\/\/www1.kkl.si\/sl\/wp-json\/wp\/v2\/pages\/10557\/revisions"}],"predecessor-version":[{"id":10559,"href":"https:\/\/www1.kkl.si\/sl\/wp-json\/wp\/v2\/pages\/10557\/revisions\/10559"}],"wp:attachment":[{"href":"https:\/\/www1.kkl.si\/sl\/wp-json\/wp\/v2\/media?parent=10557"}],"curies":[{"name":"wp","href":"https:\/\/api.w.org\/{rel}","templated":true}]}}