{"id":10692,"date":"2022-12-15T09:30:08","date_gmt":"2022-12-15T08:30:08","guid":{"rendered":"https:\/\/www1.kkl.si\/?page_id=10692"},"modified":"2023-11-28T10:28:37","modified_gmt":"2023-11-28T09:28:37","slug":"spored-2023-01","status":"publish","type":"page","link":"https:\/\/www1.kkl.si\/sl\/spored-2023-01\/","title":{"rendered":"SPORED: januar 2023"},"content":{"rendered":"<p><strong>Leto 2023:<\/strong> <a href=\"https:\/\/www1.kkl.si\/sl\/spored-2023-01\/\">januar<\/a> | <a href=\"https:\/\/www1.kkl.si\/sl\/spored-2023-02\/\">februar<\/a> | <a href=\"https:\/\/www1.kkl.si\/sl\/spored-2023-03\/\">marec<\/a> | <a href=\"https:\/\/www1.kkl.si\/sl\/spored-2023-04\/\">april<\/a> | <a href=\"https:\/\/www1.kkl.si\/sl\/spored-2023-05\/\">maj<\/a> | <a href=\"https:\/\/www1.kkl.si\/sl\/spored-2023-06\/\">junij<\/a> | <a href=\"https:\/\/www1.kkl.si\/sl\/spored-2023-07\/\">julij<\/a> | <a href=\"https:\/\/www1.kkl.si\/sl\/spored-2023-08\/\">avgust <\/a>| <a href=\"https:\/\/www1.kkl.si\/sl\/spored-2023-09\/\">september<\/a> | <a href=\"https:\/\/www1.kkl.si\/sl\/spored-2023-10\/\">oktober<\/a> | <a href=\"https:\/\/www1.kkl.si\/sl\/spored-2023-11\/\">november<\/a> | <a href=\"https:\/\/www1.kkl.si\/sl\/spored-2023-12\/\">december<\/a> | <a href=\"https:\/\/www1.kkl.si\/sl\/arhiv-sporeda\/\">ARHIV<\/a><\/p>\n<table id=\"spored-legenda\" cellspacing=\"0\" cellpadding=\"5\">\n<tbody>\n<tr>\n<td><strong>LEGENDA<br \/>\nSIMBOLOV<\/strong><\/td>\n<td style=\"vertical-align: middle;\"><img loading=\"lazy\" decoding=\"async\" title=\"Slovenski abonma\" src=\"https:\/\/www1.kkl.si\/wp-content\/uploads\/2020\/07\/spored_simb_abonma_si-1.svg\" alt=\"abonma_si\" width=\"30\" height=\"30\" \/><\/td>\n<td>Slovenski<br \/>\nabonma<\/td>\n<td style=\"vertical-align: middle;\"><img loading=\"lazy\" decoding=\"async\" title=\"Mad\u017earski abonma\" src=\"https:\/\/www1.kkl.si\/wp-content\/uploads\/2020\/07\/spored_simb_abonma_hu-1.svg\" alt=\"abonma_hu\" width=\"30\" height=\"30\" \/><\/td>\n<td>Mad\u017earski<br \/>\nabonma<\/td>\n<td style=\"vertical-align: middle;\"><img loading=\"lazy\" decoding=\"async\" title=\"Zaklju\u010dena prireditev\" src=\"https:\/\/www1.kkl.si\/wp-content\/uploads\/2020\/07\/spored_simb_zakljucena-1.svg\" alt=\"zakljucena\" width=\"30\" height=\"30\" \/><\/td>\n<td>Zaklju\u010dena<br \/>\nprireditev<\/td>\n<td style=\"vertical-align: middle;\"><img loading=\"lazy\" decoding=\"async\" title=\"Brezpla\u010dna prireditev\" src=\"https:\/\/www1.kkl.si\/wp-content\/uploads\/2020\/07\/spored_simb_brezplacna-1.svg\" alt=\"brezplacna\" width=\"30\" height=\"30\" \/><\/td>\n<td>Brezpla\u010dna<br \/>\nprireditev<\/td>\n<td style=\"vertical-align: middle;\"><img loading=\"lazy\" decoding=\"async\" title=\"Pla\u010dljiva prireditev\" src=\"https:\/\/www1.kkl.si\/wp-content\/uploads\/2020\/07\/spored_simb_placljiva-1.svg\" alt=\"placljiva\" width=\"30\" height=\"30\" \/><\/td>\n<td>Pla\u010dljiva<br \/>\nprireditev<\/td>\n<td style=\"vertical-align: middle;\"><img loading=\"lazy\" decoding=\"async\" title=\"Novost, sprememba\" src=\"https:\/\/www1.kkl.si\/wp-content\/uploads\/2020\/07\/spored_simb_novost-1.svg\" alt=\"novost\" width=\"30\" height=\"30\" \/><\/td>\n<td>Novost,<br \/>\nsprememba<\/td>\n<\/tr>\n<\/tbody>\n<\/table>\n<table id=\"sporedtabela\" class=\"tablesorter\" style=\"width: 100%;\">\n<thead>\n<tr>\n<th style=\"text-align: center; width: 7.41895%;\">DAN<\/th>\n<th class=\"sortless\" style=\"text-align: left; width: 92.0823%;\">PRIREDITEV<\/th>\n<\/tr>\n<\/thead>\n<tbody>\n<tr>\n<td style=\"width: 7.41895%;\">\n<p style=\"text-align: center;\"><strong><span style=\"font-size: 24pt;\">6.<\/span><br \/>\n<\/strong><\/p>\n<p style=\"text-align: center;\">petek<\/p>\n<\/td>\n<td style=\"width: 92.0823%;\">\n<p><i class=\"fas fa-clock\"><\/i>\u00a0<strong>17.00<\/strong> | avla Gledali\u0161ke in koncertne dvorana Lendava <a href=\"https:\/\/www1.kkl.si\/wp-content\/uploads\/2022\/12\/Razstava_Likovna_dela_ZKD_2023.jpg\" data-lbwps-width=\"1061\" data-lbwps-height=\"1500\" data-lbwps-srcsmall=\"https:\/\/www1.kkl.si\/wp-content\/uploads\/2022\/12\/Razstava_Likovna_dela_ZKD_2023-283x400.jpg\"><img loading=\"lazy\" decoding=\"async\" class=\"slika alignright wp-image-10948 size-thumbnail\" src=\"https:\/\/www1.kkl.si\/wp-content\/uploads\/2022\/12\/Razstava_Likovna_dela_ZKD_2023-150x150.jpg\" alt=\"\" width=\"150\" height=\"150\" \/><\/a><img loading=\"lazy\" decoding=\"async\" class=\"wp-image-1587 alignright\" title=\"Brezpla\u010dna prireditev\" src=\"https:\/\/www1.kkl.si\/wp-content\/uploads\/2020\/07\/spored_simb_brezplacna-1.svg\" alt=\"brezplacna\" width=\"30\" height=\"30\" srcset=\"https:\/\/www1.kkl.si\/wp-content\/uploads\/\/2020\/07\/spored_simb_brezplacna-1.svg 150w, https:\/\/www1.kkl.si\/wp-content\/uploads\/\/2020\/07\/spored_simb_brezplacna-1.svg 400w, https:\/\/www1.kkl.si\/wp-content\/uploads\/\/2020\/07\/spored_simb_brezplacna-1.svg 1500w, https:\/\/www1.kkl.si\/wp-content\/uploads\/\/2020\/07\/spored_simb_brezplacna-1.svg 100w\" sizes=\"auto, (max-width: 30px) 100vw, 30px\" \/><br \/>\n<strong>likovna razstava<br \/>\n<\/strong><\/p>\n<p><span style=\"font-size: 24pt;\"><strong>Razstava likovnih del udele\u017eencev risarsko slikarskih delavnic na ZKD Lendava v letu 2022<\/strong><\/span><\/p>\n<p><span style=\"font-size: 10pt;\">Organizator: <a href=\"http:\/\/www.zkd-lendava.com\/\">Zveza kulturnih dru\u0161tev Lendava &#8211; Kult\u00faregyes\u00fcletek K\u00f6zs\u00e9gi Sz\u00f6vets\u00e9ge Lendva<\/a><\/span><\/p>\n<\/td>\n<\/tr>\n<tr>\n<td style=\"width: 7.41895%;\">\n<p style=\"text-align: center;\"><strong><span style=\"font-size: 24pt;\">12.<\/span><br \/>\n<\/strong><\/p>\n<p style=\"text-align: center;\">\u010detrtek<\/p>\n<\/td>\n<td style=\"width: 92.0823%;\">\n<p><i class=\"fas fa-clock\"><\/i>\u00a0<strong>17.00<\/strong> | Sinagoga Lendava<a href=\"https:\/\/www1.kkl.si\/wp-content\/uploads\/2023\/01\/szunyogh_sandor_megivo_2022.jpg\" data-lbwps-width=\"1772\" data-lbwps-height=\"1242\" data-lbwps-srcsmall=\"https:\/\/www1.kkl.si\/wp-content\/uploads\/2023\/01\/szunyogh_sandor_megivo_2022-400x280.jpg\"><img loading=\"lazy\" decoding=\"async\" class=\"slika alignright wp-image-11055 size-thumbnail\" src=\"https:\/\/www1.kkl.si\/wp-content\/uploads\/2023\/01\/szunyogh_sandor_megivo_2022-150x150.jpg\" alt=\"\" width=\"150\" height=\"150\" \/><\/a><img loading=\"lazy\" decoding=\"async\" class=\"wp-image-1587 alignright\" title=\"Brezpla\u010dna prireditev\" src=\"https:\/\/www1.kkl.si\/wp-content\/uploads\/2020\/07\/spored_simb_brezplacna-1.svg\" alt=\"brezplacna\" width=\"30\" height=\"30\" srcset=\"https:\/\/www1.kkl.si\/wp-content\/uploads\/\/2020\/07\/spored_simb_brezplacna-1.svg 150w, https:\/\/www1.kkl.si\/wp-content\/uploads\/\/2020\/07\/spored_simb_brezplacna-1.svg 400w, https:\/\/www1.kkl.si\/wp-content\/uploads\/\/2020\/07\/spored_simb_brezplacna-1.svg 1500w, https:\/\/www1.kkl.si\/wp-content\/uploads\/\/2020\/07\/spored_simb_brezplacna-1.svg 100w\" sizes=\"auto, (max-width: 30px) 100vw, 30px\" \/><br \/>\n<strong>kulturna prireditev<br \/>\n<\/strong><\/p>\n<p><a href=\"https:\/\/www1.kkl.si\/sl\/spominski-dan-sandorja-szunyogha-z-naslovom-ha-elnemulok-viharok-viszik-tovabb-hangomat\/\"><span style=\"font-size: 24pt;\"><strong>Spominski dan S\u00e1ndorja Sz\u00fanyogha z naslovom \u00bb\u2026ha eln\u00e9mulok, viharok viszik tov\u00e1bb hangomat\u2026\u00ab<\/strong><\/span><\/a><\/p>\n<p><span style=\"font-size: 10pt;\">Organizator: <a href=\"https:\/\/www.mnmi-zkmn.si\/\">MNMI-ZKMN<\/a><\/span><\/p>\n<\/td>\n<\/tr>\n<tr>\n<td style=\"width: 7.41895%;\">\n<p style=\"text-align: center;\"><span style=\"font-size: 24pt;\"><strong>14.<br \/>\n<\/strong><\/span><\/p>\n<p style=\"text-align: center;\">sobota<\/p>\n<\/td>\n<td style=\"width: 92.0823%;\">\n<p><i class=\"fas fa-clock\"><\/i>\u00a0<strong>19.00<\/strong> | Gledali\u0161ka in koncertna dvorana Lendava <a href=\"https:\/\/www1.kkl.si\/wp-content\/uploads\/2023\/01\/plakat_B1_nikoli_ni_prepozno_2022.jpg\" data-lbwps-width=\"2100\" data-lbwps-height=\"3000\" data-lbwps-srcsmall=\"https:\/\/www1.kkl.si\/wp-content\/uploads\/2023\/01\/plakat_B1_nikoli_ni_prepozno_2022.jpg\"><img loading=\"lazy\" decoding=\"async\" class=\"slika alignright wp-image-10974 size-thumbnail\" src=\"https:\/\/www1.kkl.si\/wp-content\/uploads\/2023\/01\/plakat_B1_nikoli_ni_prepozno_2022-scaled-150x150.jpg\" alt=\"\" width=\"150\" height=\"150\" \/><\/a><img loading=\"lazy\" decoding=\"async\" class=\"wp-image-1587 alignright\" title=\"Brezpla\u010dna prireditev\" src=\"https:\/\/www1.kkl.si\/wp-content\/uploads\/2020\/07\/spored_simb_brezplacna-1.svg\" alt=\"brezplacna\" width=\"30\" height=\"30\" srcset=\"https:\/\/www1.kkl.si\/wp-content\/uploads\/\/2020\/07\/spored_simb_brezplacna-1.svg 150w, https:\/\/www1.kkl.si\/wp-content\/uploads\/\/2020\/07\/spored_simb_brezplacna-1.svg 400w, https:\/\/www1.kkl.si\/wp-content\/uploads\/\/2020\/07\/spored_simb_brezplacna-1.svg 1500w, https:\/\/www1.kkl.si\/wp-content\/uploads\/\/2020\/07\/spored_simb_brezplacna-1.svg 100w\" sizes=\"auto, (max-width: 30px) 100vw, 30px\" \/><br \/>\n<strong>monokomedija<br \/>\n<\/strong><\/p>\n<p>SiTi teater:<\/p>\n<p><strong><span style=\"font-size: 24pt;\"><a href=\"https:\/\/www1.kkl.si\/sl\/siti-teater-nikoli-ni-prepozno-2\/\">Nikoli ni prepozno<\/a><\/span><br \/>\n<\/strong>(monokomedija <strong>Mojce Fatur<\/strong>)<\/p>\n<p><i class=\"fas fa-info-circle\"><\/i> <strong>VSTOP PROST.<\/strong> Brezpla\u010dne vstopnice se lahko prevzamejo na blagajni Gledali\u0161ke in koncertne dvorane Lendava.<br \/>\n<em>Predstavo v Gledali\u0161ki in koncertni dvorani Lendava je podprlo Ministrstvo za kulturo Republike Slovenije.<\/em><\/p>\n<p><span style=\"font-size: 10pt;\">Organizator: <a href=\"https:\/\/www.kkl.si\/\">Knji\u017enica \u2013 Kulturni center Lendava \u2013 Lendvai K\u00f6nyvt\u00e1r \u00e9s Kultur\u00e1lis K\u00f6zpont<\/a><\/span><\/p>\n<\/td>\n<\/tr>\n<tr>\n<td style=\"width: 7.41895%;\">\n<p style=\"text-align: center;\"><strong><span style=\"font-size: 24pt;\">21.<\/span><br \/>\n<\/strong><\/p>\n<p style=\"text-align: center;\">sobota<\/p>\n<\/td>\n<td style=\"width: 92.0823%;\">\n<p><a href=\"https:\/\/www1.kkl.si\/wp-content\/uploads\/2023\/01\/magyar_kultura_napja_2023.jpg\" data-lbwps-width=\"1772\" data-lbwps-height=\"1021\" data-lbwps-srcsmall=\"https:\/\/www1.kkl.si\/wp-content\/uploads\/2023\/01\/magyar_kultura_napja_2023-400x230.jpg\"><img loading=\"lazy\" decoding=\"async\" class=\"alignright size-thumbnail wp-image-11068\" src=\"https:\/\/www1.kkl.si\/wp-content\/uploads\/2023\/01\/magyar_kultura_napja_2023-e1673771304232-150x150.jpg\" alt=\"\" width=\"150\" height=\"150\" \/><\/a><i class=\"fas fa-clock\"><\/i>\u00a0<strong>18.00<\/strong> | Gledali\u0161ka in koncertna dvorana Lendava <img loading=\"lazy\" decoding=\"async\" class=\"wp-image-1587 alignright\" title=\"Brezpla\u010dna prireditev\" src=\"https:\/\/www1.kkl.si\/wp-content\/uploads\/2020\/07\/spored_simb_brezplacna-1.svg\" alt=\"brezplacna\" width=\"30\" height=\"30\" srcset=\"https:\/\/www1.kkl.si\/wp-content\/uploads\/\/2020\/07\/spored_simb_brezplacna-1.svg 150w, https:\/\/www1.kkl.si\/wp-content\/uploads\/\/2020\/07\/spored_simb_brezplacna-1.svg 400w, https:\/\/www1.kkl.si\/wp-content\/uploads\/\/2020\/07\/spored_simb_brezplacna-1.svg 1500w, https:\/\/www1.kkl.si\/wp-content\/uploads\/\/2020\/07\/spored_simb_brezplacna-1.svg 100w\" sizes=\"auto, (max-width: 30px) 100vw, 30px\" \/><br \/>\n<strong>kulturna prireditev<br \/>\n<\/strong><\/p>\n<p><strong><a href=\"https:\/\/www1.kkl.si\/sl\/dan-madzarske-kulture-2023\/\"><span style=\"font-size: 24pt;\">Dan mad\u017earske kulture 2023<\/span><\/a><br \/>\n<\/strong>podelitev najvi\u0161jih priznanj s podro\u010dja narodnostne kulture za leto 2023<\/p>\n<p><span style=\"font-size: 10pt;\">Organizator: <a href=\"https:\/\/www.mnmi-zkmn.si\/\">MNMI-ZKMN<\/a><\/span><\/p>\n<\/td>\n<\/tr>\n<tr style=\"width: 100px;\">\n<td style=\"width: 7.41895%;\">\n<p style=\"text-align: center;\"><span style=\"font-size: 24pt;\"><strong>22.<br \/>\n<\/strong><\/span><\/p>\n<p style=\"text-align: center;\">nedelja<\/p>\n<\/td>\n<td style=\"width: 92.0823%;\">\n<p><i class=\"fas fa-clock\"><\/i>\u00a0<strong>19.00<\/strong> | Gledali\u0161ka in koncertna dvorana Lendava <a href=\"https:\/\/www1.kkl.si\/wp-content\/uploads\/2023\/01\/plakat_B2_Lara_2023_SLO.jpg\" data-lbwps-width=\"2143\" data-lbwps-height=\"3000\" data-lbwps-srcsmall=\"https:\/\/www1.kkl.si\/wp-content\/uploads\/2023\/01\/plakat_B2_Lara_2023_SLO.jpg\"><img loading=\"lazy\" decoding=\"async\" class=\"slika alignright wp-image-11047 size-thumbnail\" src=\"https:\/\/www1.kkl.si\/wp-content\/uploads\/2023\/01\/plakat_B2_Lara_2023_SLO-scaled-150x150.jpg\" alt=\"\" width=\"150\" height=\"150\" \/><\/a><img loading=\"lazy\" decoding=\"async\" class=\"wp-image-1591 alignright\" title=\"Pla\u010dljiva prireditev\" src=\"https:\/\/www1.kkl.si\/wp-content\/uploads\/2020\/07\/spored_simb_placljiva-1.svg\" alt=\"placljiva\" width=\"30\" height=\"30\" srcset=\"https:\/\/www1.kkl.si\/wp-content\/uploads\/\/2020\/07\/spored_simb_placljiva-1.svg 150w, https:\/\/www1.kkl.si\/wp-content\/uploads\/\/2020\/07\/spored_simb_placljiva-1.svg 400w, https:\/\/www1.kkl.si\/wp-content\/uploads\/\/2020\/07\/spored_simb_placljiva-1.svg 1500w, https:\/\/www1.kkl.si\/wp-content\/uploads\/\/2020\/07\/spored_simb_placljiva-1.svg 100w\" sizes=\"auto, (max-width: 30px) 100vw, 30px\" \/><strong><img loading=\"lazy\" decoding=\"async\" class=\"wp-image-1585 alignright\" title=\"Slovenski abonma\" src=\"https:\/\/www1.kkl.si\/wp-content\/uploads\/2020\/07\/spored_simb_abonma_si-1.svg\" alt=\"abonma_si\" width=\"30\" height=\"30\" srcset=\"https:\/\/www1.kkl.si\/wp-content\/uploads\/\/2020\/07\/spored_simb_abonma_si-1.svg 150w, https:\/\/www1.kkl.si\/wp-content\/uploads\/\/2020\/07\/spored_simb_abonma_si-1.svg 400w, https:\/\/www1.kkl.si\/wp-content\/uploads\/\/2020\/07\/spored_simb_abonma_si-1.svg 1500w, https:\/\/www1.kkl.si\/wp-content\/uploads\/\/2020\/07\/spored_simb_abonma_si-1.svg 100w\" sizes=\"auto, (max-width: 30px) 100vw, 30px\" \/><\/strong><br \/>\n<strong>predstava<br \/>\n<\/strong><\/p>\n<p>Gledali\u0161ko-glasbeni projekt Lare Jankovi\u010d:<\/p>\n<p><a href=\"https:\/\/www1.kkl.si\/sl\/gledalisko-glasbeni-projekt-lare-jankovic-pesem-za-laro-ujetnica-casa-2\/\"><span style=\"font-size: 24pt;\"><strong>Pesem za Laro \u2013 Ujetnica \u010dasa<\/strong><\/span><\/a><del><strong><br \/>\n<\/strong><\/del><\/p>\n<p><i class=\"fas fa-ticket-alt\"><\/i> Vstopnina: <strong>15 \u20ac<br \/>\n<\/strong><i class=\"fas fa-ticket-alt\"><\/i> Vstopnina za abonente iz sezone 2019\/2020: <strong>12 \u20ac<\/strong><\/p>\n<p><span style=\"font-size: 10pt;\">Organizator: <a href=\"https:\/\/www.kkl.si\/\">Knji\u017enica \u2013 Kulturni center Lendava \u2013 Lendvai K\u00f6nyvt\u00e1r \u00e9s Kultur\u00e1lis K\u00f6zpont<\/a><\/span><\/p>\n<\/td>\n<\/tr>\n<tr>\n<td style=\"width: 7.41895%;\">\n<p style=\"text-align: center;\"><span style=\"font-size: 24pt;\"><strong>24.<br \/>\n<\/strong><\/span><\/p>\n<p style=\"text-align: center;\">torek<\/p>\n<\/td>\n<td style=\"width: 92.0823%;\">\n<p><a href=\"https:\/\/www1.kkl.si\/wp-content\/uploads\/2023\/01\/Vabilo_Meghivo_SOA_2023_web.jpg\" data-lbwps-width=\"2500\" data-lbwps-height=\"1768\" data-lbwps-srcsmall=\"https:\/\/www1.kkl.si\/wp-content\/uploads\/2023\/01\/Vabilo_Meghivo_SOA_2023_web-400x283.jpg\"><img loading=\"lazy\" decoding=\"async\" class=\"slika alignright wp-image-11106 size-thumbnail\" src=\"https:\/\/www1.kkl.si\/wp-content\/uploads\/2023\/01\/Vabilo_Meghivo_SOA_2023_web-e1674294457818-150x150.jpg\" alt=\"\" width=\"150\" height=\"150\" \/><\/a><i class=\"fas fa-clock\"><\/i>\u00a0<strong>18.00<\/strong> | Sinagoga Lendava <img loading=\"lazy\" decoding=\"async\" class=\"wp-image-1587 alignright\" title=\"Brezpla\u010dna prireditev\" src=\"https:\/\/www1.kkl.si\/wp-content\/uploads\/2020\/07\/spored_simb_brezplacna-1.svg\" alt=\"brezplacna\" width=\"30\" height=\"30\" srcset=\"https:\/\/www1.kkl.si\/wp-content\/uploads\/\/2020\/07\/spored_simb_brezplacna-1.svg 150w, https:\/\/www1.kkl.si\/wp-content\/uploads\/\/2020\/07\/spored_simb_brezplacna-1.svg 400w, https:\/\/www1.kkl.si\/wp-content\/uploads\/\/2020\/07\/spored_simb_brezplacna-1.svg 1500w, https:\/\/www1.kkl.si\/wp-content\/uploads\/\/2020\/07\/spored_simb_brezplacna-1.svg 100w\" sizes=\"auto, (max-width: 30px) 100vw, 30px\" \/><br \/>\n<strong>razstava<br \/>\n<\/strong><\/p>\n<p>\u0160OA 2023 \u2013 Spominjajmo se<\/p>\n<p><a href=\"https:\/\/www1.kkl.si\/sl\/vrnitev-domov-zgodbe-stolpersteinov-lendavskih-judovskih-druzin\/\"><strong><span style=\"font-size: 24pt;\">Vrnitev domov: zgodbe stolpersteinov lendavskih judovskih dru\u017ein<\/span><\/strong><\/a><\/p>\n<p><span style=\"font-size: 10pt;\">Organizator: <a href=\"https:\/\/www.gml.si\/\">GML<\/a>, <a href=\"http:\/\/www.sinagogamaribor.si\/\">Sinagoga Maribor<\/a>, <a href=\"https:\/\/www.lendava.si\/\">Ob\u010dina Lendvava-Lendva K\u00f6zs\u00e9g<\/a><\/span><\/p>\n<\/td>\n<\/tr>\n<tr>\n<td style=\"width: 7.41895%;\">\n<p style=\"text-align: center;\"><strong><span style=\"font-size: 24pt;\">25.<\/span><br \/>\n<\/strong><\/p>\n<p style=\"text-align: center;\">sreda<\/p>\n<\/td>\n<td style=\"width: 92.0823%;\">\n<p>Gledali\u0161ka in koncertna dvorana Lendava <img loading=\"lazy\" decoding=\"async\" class=\"alignright\" title=\"Zaklju\u010dena prireditev\" src=\"https:\/\/www1.kkl.si\/wp-content\/uploads\/2020\/07\/spored_simb_zakljucena-1.svg\" alt=\"zakljucena\" width=\"30\" height=\"30\" \/><br \/>\n<strong>zaklju\u010dena prireditev za skupino<br \/>\n<\/strong><\/p>\n<p><span style=\"font-size: 24pt;\"><strong>Gledali\u0161ke skrivnosti<br \/>\n<\/strong><\/span><\/p>\n<p><span style=\"font-size: 10pt;\">Organizator: <a href=\"https:\/\/www.kkl.si\/\">Knji\u017enica \u2013 Kulturni center Lendava \u2013 Lendvai K\u00f6nyvt\u00e1r \u00e9s Kultur\u00e1lis K\u00f6zpont<\/a><\/span><\/p>\n<\/td>\n<\/tr>\n<tr>\n<td style=\"width: 7.41895%;\">\n<p style=\"text-align: center;\"><strong><span style=\"font-size: 24pt;\">27.<\/span><br \/>\n<\/strong><\/p>\n<p style=\"text-align: center;\">petek<\/p>\n<\/td>\n<td style=\"width: 92.0823%;\">\n<p><a href=\"https:\/\/www1.kkl.si\/wp-content\/uploads\/2023\/01\/Plakat_Luc-upanje-ljubezen_2023.jpg\" data-lbwps-width=\"1414\" data-lbwps-height=\"2000\" data-lbwps-srcsmall=\"https:\/\/www1.kkl.si\/wp-content\/uploads\/2023\/01\/Plakat_Luc-upanje-ljubezen_2023-283x400.jpg\"><img loading=\"lazy\" decoding=\"async\" class=\"slika alignright wp-image-11129 size-thumbnail\" src=\"https:\/\/www1.kkl.si\/wp-content\/uploads\/2023\/01\/Plakat_Luc-upanje-ljubezen_2023-150x150.jpg\" alt=\"\" width=\"150\" height=\"150\" \/><\/a><i class=\"fas fa-clock\"><\/i> <strong>18.00<\/strong> | Sinagoga Lendava <img loading=\"lazy\" decoding=\"async\" class=\"wp-image-1587 alignright\" title=\"Brezpla\u010dna prireditev\" src=\"https:\/\/www1.kkl.si\/wp-content\/uploads\/2020\/07\/spored_simb_brezplacna-1.svg\" alt=\"brezplacna\" width=\"30\" height=\"30\" srcset=\"https:\/\/www1.kkl.si\/wp-content\/uploads\/\/2020\/07\/spored_simb_brezplacna-1.svg 150w, https:\/\/www1.kkl.si\/wp-content\/uploads\/\/2020\/07\/spored_simb_brezplacna-1.svg 400w, https:\/\/www1.kkl.si\/wp-content\/uploads\/\/2020\/07\/spored_simb_brezplacna-1.svg 1500w, https:\/\/www1.kkl.si\/wp-content\/uploads\/\/2020\/07\/spored_simb_brezplacna-1.svg 100w\" sizes=\"auto, (max-width: 30px) 100vw, 30px\" \/><br \/>\n<strong>koncert<br \/>\n<\/strong><\/p>\n<p>\u0160OA 2023 \u2013 Spominjajmo se<\/p>\n<p><a href=\"https:\/\/www1.kkl.si\/sl\/koncert-luc-upanje-ljubezen\/\"><span style=\"font-size: 24pt;\"><strong>Lu\u010d, upanje, ljubezen*<\/strong><\/span><\/a><\/p>\n<p>Koncert <strong>Inge Ulokine<\/strong> (violina), <strong>Olge Ulokine<\/strong> (klavir) in <strong>Marine Igritskaya<\/strong> (sopran)<\/p>\n<p><span style=\"font-size: 10pt;\">Organizator: <a href=\"http:\/\/www.zkd-lendava.com\/\">Zveza kulturnih dru\u0161tev Lendava<\/a>, Kulturno in turisti\u010dno dru\u0161tvo Novi Sad Lendava, <a href=\"https:\/\/www.lendava.si\/\">Ob\u010dina Lendvava-Lendva K\u00f6zs\u00e9g<\/a><\/span><\/p>\n<\/td>\n<\/tr>\n<\/tbody>\n<\/table>\n<p style=\"text-align: center;\"><span style=\"font-size: 10pt;\">Organizatorji si pridr\u017eujejo pravico do spremembe programa.<\/span><\/p>\n","protected":false},"excerpt":{"rendered":"<p>Leto 2023: januar | februar | marec | april | maj | junij | julij | avgust | september | oktober | november | december | ARHIV LEGENDA SIMBOLOV Slovenski abonma Mad\u017earski abonma Zaklju\u010dena prireditev Brezpla\u010dna prireditev Pla\u010dljiva prireditev Novost, sprememba DAN PRIREDITEV 6. petek \u00a017.00 | avla Gledali\u0161ke in koncertne dvorana Lendava likovna razstava [&hellip;]<\/p>\n","protected":false},"author":2,"featured_media":0,"parent":0,"menu_order":0,"comment_status":"closed","ping_status":"closed","template":"","meta":{"footnotes":""},"class_list":["post-10692","page","type-page","status-publish","hentry","post"],"_links":{"self":[{"href":"https:\/\/www1.kkl.si\/sl\/wp-json\/wp\/v2\/pages\/10692","targetHints":{"allow":["GET"]}}],"collection":[{"href":"https:\/\/www1.kkl.si\/sl\/wp-json\/wp\/v2\/pages"}],"about":[{"href":"https:\/\/www1.kkl.si\/sl\/wp-json\/wp\/v2\/types\/page"}],"author":[{"embeddable":true,"href":"https:\/\/www1.kkl.si\/sl\/wp-json\/wp\/v2\/users\/2"}],"replies":[{"embeddable":true,"href":"https:\/\/www1.kkl.si\/sl\/wp-json\/wp\/v2\/comments?post=10692"}],"version-history":[{"count":37,"href":"https:\/\/www1.kkl.si\/sl\/wp-json\/wp\/v2\/pages\/10692\/revisions"}],"predecessor-version":[{"id":15415,"href":"https:\/\/www1.kkl.si\/sl\/wp-json\/wp\/v2\/pages\/10692\/revisions\/15415"}],"wp:attachment":[{"href":"https:\/\/www1.kkl.si\/sl\/wp-json\/wp\/v2\/media?parent=10692"}],"curies":[{"name":"wp","href":"https:\/\/api.w.org\/{rel}","templated":true}]}}