{"id":11058,"date":"2023-01-07T18:02:26","date_gmt":"2023-01-07T17:02:26","guid":{"rendered":"https:\/\/www1.kkl.si\/?page_id=11058"},"modified":"2023-01-07T18:02:26","modified_gmt":"2023-01-07T17:02:26","slug":"spominski-dan-sandorja-szunyogha-z-naslovom-ha-elnemulok-viharok-viszik-tovabb-hangomat","status":"publish","type":"page","link":"https:\/\/www1.kkl.si\/sl\/spominski-dan-sandorja-szunyogha-z-naslovom-ha-elnemulok-viharok-viszik-tovabb-hangomat\/","title":{"rendered":"Spominski dan S\u00e1ndorja Sz\u00fanyogha z naslovom \u00bb\u2026ha eln\u00e9mulok, viharok viszik tov\u00e1bb hangomat\u2026\u00ab"},"content":{"rendered":"<div class=\"opis\"><img loading=\"lazy\" decoding=\"async\" class=\"wp-image-1587 alignright\" title=\"Brezpla\u010dna prireditev\" src=\"https:\/\/www1.kkl.si\/wp-content\/uploads\/\/2020\/07\/spored_simb_brezplacna-1.svg\" sizes=\"auto, (max-width: 30px) 100vw, 30px\" srcset=\"https:\/\/www1.kkl.si\/wp-content\/uploads\/\/2020\/07\/spored_simb_brezplacna-1.svg 150w, https:\/\/www1.kkl.si\/wp-content\/uploads\/\/2020\/07\/spored_simb_brezplacna-1.svg 400w, https:\/\/www1.kkl.si\/wp-content\/uploads\/\/2020\/07\/spored_simb_brezplacna-1.svg 1500w, https:\/\/www1.kkl.si\/wp-content\/uploads\/\/2020\/07\/spored_simb_brezplacna-1.svg 100w\" alt=\"brezplacna\" width=\"30\" height=\"30\" \/><i class=\"fas fa-clock\"><\/i> <strong>\u010detrtek, 12. januar 2023, ob 17.00<\/strong> | Sinagoga Lendava <br \/>\n<i class=\"fas fa-chevron-circle-right\"><\/i> <strong><strong>kulturna prireditev<\/strong><\/strong> <br \/>\nOrganizator: <a href=\"https:\/\/www.mnmi-zkmn.si\/\">MNMI-ZKMN<\/a><\/div>\n<div class=\"itemContent\">\n<p>Zavod za kulturo mad\u017earske narodnosti Vas vabi na prireditev ob <br \/>\nSPOMINSKEM DNEVU S\u00c1NDORJA SZ\u00daNYOGHA, <br \/>\nki bo v \u010detrtek,\u00a012. januarja 2023 ob 17. uri\u00a0v Sinagogi Lendava.<\/p>\n<p>Na slovesnosti se bomo spomnili prekmurskega mad\u017earskega pesnika\u00a0S\u00e1ndorja Sz\u00fanyogha, ki je umrl pred 25 leti ter podelili nagrado S\u00e1ndorja Sz\u00fanyogha in priznanja.<\/p>\n<p><a href=\"https:\/\/www1.kkl.si\/wp-content\/uploads\/2023\/01\/szunyogh_sandor_megivo_2022.jpg\" data-lbwps-width=\"1772\" data-lbwps-height=\"1242\" data-lbwps-srcsmall=\"https:\/\/www1.kkl.si\/wp-content\/uploads\/2023\/01\/szunyogh_sandor_megivo_2022-400x280.jpg\"><img loading=\"lazy\" decoding=\"async\" class=\"alignnone size-large wp-image-11055\" src=\"https:\/\/www1.kkl.si\/wp-content\/uploads\/2023\/01\/szunyogh_sandor_megivo_2022-1500x1051.jpg\" alt=\"\" width=\"1500\" height=\"1051\" srcset=\"https:\/\/www1.kkl.si\/wp-content\/uploads\/2023\/01\/szunyogh_sandor_megivo_2022-1500x1051.jpg 1500w, https:\/\/www1.kkl.si\/wp-content\/uploads\/2023\/01\/szunyogh_sandor_megivo_2022-400x280.jpg 400w, https:\/\/www1.kkl.si\/wp-content\/uploads\/2023\/01\/szunyogh_sandor_megivo_2022.jpg 1772w\" sizes=\"auto, (max-width: 1500px) 100vw, 1500px\" \/><\/a><\/div>\n<p><i class=\"fas fa-link\"><\/i> <a href=\"https:\/\/www.mnmi-zkmn.si\/sl\/event\/spominski-dan-sandorja-szunyogha-z-naslovom-ha-elnemulok-viharok-viszik-tovabb-hangomat\/\">https:\/\/www.mnmi-zkmn.si\/sl\/event\/spominski-dan-sandorja-szunyogha-z-naslovom-ha-elnemulok-viharok-viszik-tovabb-hangomat\/<\/a><\/p>\n","protected":false},"excerpt":{"rendered":"<p>\u010detrtek, 12. januar 2023, ob 17.00 | Sinagoga Lendava kulturna prireditev Organizator: MNMI-ZKMN Zavod za kulturo mad\u017earske narodnosti Vas vabi na prireditev ob SPOMINSKEM DNEVU S\u00c1NDORJA SZ\u00daNYOGHA, ki bo v \u010detrtek,\u00a012. januarja 2023 ob 17. uri\u00a0v Sinagogi Lendava. Na slovesnosti se bomo spomnili prekmurskega mad\u017earskega pesnika\u00a0S\u00e1ndorja Sz\u00fanyogha, ki je umrl pred 25 leti ter podelili [&hellip;]<\/p>\n","protected":false},"author":2,"featured_media":11055,"parent":0,"menu_order":0,"comment_status":"closed","ping_status":"closed","template":"","meta":{"footnotes":""},"class_list":["post-11058","page","type-page","status-publish","has-post-thumbnail","hentry","post","post-with-thumbnail","post-with-thumbnail-icon"],"_links":{"self":[{"href":"https:\/\/www1.kkl.si\/sl\/wp-json\/wp\/v2\/pages\/11058","targetHints":{"allow":["GET"]}}],"collection":[{"href":"https:\/\/www1.kkl.si\/sl\/wp-json\/wp\/v2\/pages"}],"about":[{"href":"https:\/\/www1.kkl.si\/sl\/wp-json\/wp\/v2\/types\/page"}],"author":[{"embeddable":true,"href":"https:\/\/www1.kkl.si\/sl\/wp-json\/wp\/v2\/users\/2"}],"replies":[{"embeddable":true,"href":"https:\/\/www1.kkl.si\/sl\/wp-json\/wp\/v2\/comments?post=11058"}],"version-history":[{"count":1,"href":"https:\/\/www1.kkl.si\/sl\/wp-json\/wp\/v2\/pages\/11058\/revisions"}],"predecessor-version":[{"id":11059,"href":"https:\/\/www1.kkl.si\/sl\/wp-json\/wp\/v2\/pages\/11058\/revisions\/11059"}],"wp:featuredmedia":[{"embeddable":true,"href":"https:\/\/www1.kkl.si\/sl\/wp-json\/wp\/v2\/media\/11055"}],"wp:attachment":[{"href":"https:\/\/www1.kkl.si\/sl\/wp-json\/wp\/v2\/media?parent=11058"}],"curies":[{"name":"wp","href":"https:\/\/api.w.org\/{rel}","templated":true}]}}