{"id":11071,"date":"2023-01-15T09:34:57","date_gmt":"2023-01-15T08:34:57","guid":{"rendered":"https:\/\/www1.kkl.si\/?page_id=11071"},"modified":"2023-01-15T09:34:57","modified_gmt":"2023-01-15T08:34:57","slug":"dan-madzarske-kulture-2023","status":"publish","type":"page","link":"https:\/\/www1.kkl.si\/sl\/dan-madzarske-kulture-2023\/","title":{"rendered":"Dan mad\u017earske kulture 2023"},"content":{"rendered":"<div class=\"opis\"><i class=\"fas fa-clock\"><\/i> <strong>sobota, 21. januar 2023, ob 18.00<\/strong> | Gledali\u0161ka in koncertna dvorana Lendava<img loading=\"lazy\" decoding=\"async\" class=\"wp-image-1587 alignright\" title=\"Brezpla\u010dna prireditev\" src=\"https:\/\/www1.kkl.si\/wp-content\/uploads\/2020\/07\/spored_simb_brezplacna-1.svg\" alt=\"brezplacna\" width=\"30\" height=\"30\" srcset=\"https:\/\/www1.kkl.si\/wp-content\/uploads\/\/2020\/07\/spored_simb_brezplacna-1.svg 150w, https:\/\/www1.kkl.si\/wp-content\/uploads\/\/2020\/07\/spored_simb_brezplacna-1.svg 400w, https:\/\/www1.kkl.si\/wp-content\/uploads\/\/2020\/07\/spored_simb_brezplacna-1.svg 1500w, https:\/\/www1.kkl.si\/wp-content\/uploads\/\/2020\/07\/spored_simb_brezplacna-1.svg 100w\" sizes=\"auto, (max-width: 30px) 100vw, 30px\" \/><br \/>\n<i class=\"fas fa-chevron-circle-right\"><\/i> <strong>kulturna prireditev<\/strong><strong><br \/>\n<\/strong>Organizator: <a href=\"https:\/\/www.mnmi-zkmn.si\/\">MNMI-ZKMN<\/a><\/div>\n<p>Vabimo Vas na slavnostno prireditev ob<br \/>\n<strong>DNEVU MAD\u017dARSKE KULTURE,<br \/>\n<\/strong>na kateri bomo podelili najvi\u0161ja priznanja s podro\u010dja narodnostne kulture za leto 2023.<\/p>\n<p>Prireditev bo v soboto, 21. januarja 2023 ob 18. uri v Gledali\u0161ki in koncertni dvorani v Lendavi.<\/p>\n<p>Slavnostna govornica bo Krisztina Csibi, direktorica Hi\u0161e Mad\u017earov v Budimpe\u0161ti.<\/p>\n<p>V kulturnem programu sodelujejo: Ilona Zadravec Szekeres, Lucija \u0160etar, Laura Pal in Emil Pal, ter folklorna skupina Mecsek in ljudski godci Tenkes iz Pecsuha.<\/p>\n<p>Prejemniki priznanj v letu 2023:<\/p>\n<ul>\n<li>J\u00e1nosn\u00e9 Anduska in Lajosn\u00e9 Orb\u00e1n \u2013 zahvalna listina<\/li>\n<li>B\u00e9la Bokor \u2013 posebno kulturno \u00a0priznanje Gy\u00f6rgya Zale<\/li>\n<li>Peter \u0160oo\u0161 &#8211; kulturno priznanje \u00a0Gy\u00f6rgya Zale<\/li>\n<li>Anna Car &#8211; kulturno priznaje Gy\u00f6rgya Zale za \u017eivljensko delo<\/li>\n<\/ul>\n<p>Vabljeni!<\/p>\n<p><i class=\"fas fa-link\"><\/i> <a href=\"https:\/\/www.mnmi-zkmn.si\/sl\/event\/dan-madzarske-kulture\/\">https:\/\/www.mnmi-zkmn.si\/sl\/event\/dan-madzarske-kulture\/<\/a><\/p>\n<p><a href=\"https:\/\/www1.kkl.si\/wp-content\/uploads\/2023\/01\/magyar_kultura_napja_2023.jpg\" data-lbwps-width=\"1772\" data-lbwps-height=\"1021\" data-lbwps-srcsmall=\"https:\/\/www1.kkl.si\/wp-content\/uploads\/2023\/01\/magyar_kultura_napja_2023-400x230.jpg\"><img loading=\"lazy\" decoding=\"async\" class=\"alignnone size-large wp-image-11068\" src=\"https:\/\/www1.kkl.si\/wp-content\/uploads\/2023\/01\/magyar_kultura_napja_2023-1500x864.jpg\" alt=\"\" width=\"1500\" height=\"864\" srcset=\"https:\/\/www1.kkl.si\/wp-content\/uploads\/2023\/01\/magyar_kultura_napja_2023-1500x864.jpg 1500w, https:\/\/www1.kkl.si\/wp-content\/uploads\/2023\/01\/magyar_kultura_napja_2023-400x230.jpg 400w, https:\/\/www1.kkl.si\/wp-content\/uploads\/2023\/01\/magyar_kultura_napja_2023.jpg 1772w\" sizes=\"auto, (max-width: 1500px) 100vw, 1500px\" \/><\/a><\/p>\n","protected":false},"excerpt":{"rendered":"<p>sobota, 21. januar 2023, ob 18.00 | Gledali\u0161ka in koncertna dvorana Lendava kulturna prireditev Organizator: MNMI-ZKMN Vabimo Vas na slavnostno prireditev ob DNEVU MAD\u017dARSKE KULTURE, na kateri bomo podelili najvi\u0161ja priznanja s podro\u010dja narodnostne kulture za leto 2023. Prireditev bo v soboto, 21. januarja 2023 ob 18. uri v Gledali\u0161ki in koncertni dvorani v Lendavi. [&hellip;]<\/p>\n","protected":false},"author":2,"featured_media":11068,"parent":0,"menu_order":0,"comment_status":"closed","ping_status":"closed","template":"","meta":{"footnotes":""},"class_list":["post-11071","page","type-page","status-publish","has-post-thumbnail","hentry","post","post-with-thumbnail","post-with-thumbnail-icon"],"_links":{"self":[{"href":"https:\/\/www1.kkl.si\/sl\/wp-json\/wp\/v2\/pages\/11071","targetHints":{"allow":["GET"]}}],"collection":[{"href":"https:\/\/www1.kkl.si\/sl\/wp-json\/wp\/v2\/pages"}],"about":[{"href":"https:\/\/www1.kkl.si\/sl\/wp-json\/wp\/v2\/types\/page"}],"author":[{"embeddable":true,"href":"https:\/\/www1.kkl.si\/sl\/wp-json\/wp\/v2\/users\/2"}],"replies":[{"embeddable":true,"href":"https:\/\/www1.kkl.si\/sl\/wp-json\/wp\/v2\/comments?post=11071"}],"version-history":[{"count":1,"href":"https:\/\/www1.kkl.si\/sl\/wp-json\/wp\/v2\/pages\/11071\/revisions"}],"predecessor-version":[{"id":11072,"href":"https:\/\/www1.kkl.si\/sl\/wp-json\/wp\/v2\/pages\/11071\/revisions\/11072"}],"wp:featuredmedia":[{"embeddable":true,"href":"https:\/\/www1.kkl.si\/sl\/wp-json\/wp\/v2\/media\/11068"}],"wp:attachment":[{"href":"https:\/\/www1.kkl.si\/sl\/wp-json\/wp\/v2\/media?parent=11071"}],"curies":[{"name":"wp","href":"https:\/\/api.w.org\/{rel}","templated":true}]}}