{"id":11128,"date":"2023-01-23T09:27:23","date_gmt":"2023-01-23T08:27:23","guid":{"rendered":"https:\/\/www1.kkl.si\/?page_id=11128"},"modified":"2023-01-24T09:42:38","modified_gmt":"2023-01-24T08:42:38","slug":"koncert-luc-upanje-ljubezen","status":"publish","type":"page","link":"https:\/\/www1.kkl.si\/sl\/koncert-luc-upanje-ljubezen\/","title":{"rendered":"KONCERT: Lu\u010d, upanje, ljubezen"},"content":{"rendered":"<div class=\"opis\"><i class=\"fas fa-clock\"><\/i> <strong>petek, 27. januar 2023, ob 18.00<\/strong> | Sinagoga Lendava <img loading=\"lazy\" decoding=\"async\" class=\"wp-image-1587 alignright\" title=\"Brezpla\u010dna prireditev\" src=\"https:\/\/www1.kkl.si\/wp-content\/uploads\/2020\/07\/spored_simb_brezplacna-1.svg\" alt=\"brezplacna\" width=\"30\" height=\"30\" srcset=\"https:\/\/www1.kkl.si\/wp-content\/uploads\/\/2020\/07\/spored_simb_brezplacna-1.svg 150w, https:\/\/www1.kkl.si\/wp-content\/uploads\/\/2020\/07\/spored_simb_brezplacna-1.svg 400w, https:\/\/www1.kkl.si\/wp-content\/uploads\/\/2020\/07\/spored_simb_brezplacna-1.svg 1500w, https:\/\/www1.kkl.si\/wp-content\/uploads\/\/2020\/07\/spored_simb_brezplacna-1.svg 100w\" sizes=\"auto, (max-width: 30px) 100vw, 30px\" \/><br \/>\n<i class=\"fas fa-chevron-circle-right\"><\/i> <strong>koncert<br \/>\n<\/strong>Organizator: <a href=\"http:\/\/www.zkd-lendava.com\/\">Zveza kulturnih dru\u0161tev Lendava<\/a>, Kulturno in turisti\u010dno dru\u0161tvo Novi Sad Lendava, <a href=\"https:\/\/www.lendava.si\/\">Ob\u010dina Lendvava-Lendva K\u00f6zs\u00e9g<\/a><\/div>\n<p><strong>\u0160OA 2023 \u2013 Spominjajmo se<\/strong><\/p>\n<p><strong> KONCERT \u00bbLU\u010c, UPANJE, LJUBEZEN\u00ab V LENDAVSKI SINAGOGI<\/strong><\/p>\n<p>Vstopnina: Vstop prost<br \/>\nNaslov: Sinagoga Lendava, Spodnja ulica 5, 9220 Lendava\/Lendva<\/p>\n<p>V sklopu obele\u017eite mednarodnega dneva spomina na \u017ertve holokavsta, se bodo v Lendavi tudi letos zvrstili dogodki, ki nagovarjajo javnost k trajnemu pomnjenju in spominjanju na najve\u010dje zlo 20. stoletja.<\/p>\n<p>Vljudno vabljeni na koncert <strong>Inge Ulokine<\/strong> (violina), <strong>Olge Ulokine<\/strong> (klavir) in <strong>Marine Igritskaya<\/strong> (sopran), ki bo v sinagogi, 27. januarja 2023, ob 18. uri.<\/p>\n<p><strong><a href=\"https:\/\/www1.kkl.si\/wp-content\/uploads\/2023\/01\/Plakat_Luc-upanje-ljubezen_2023.jpg\" data-lbwps-width=\"1414\" data-lbwps-height=\"2000\" data-lbwps-srcsmall=\"https:\/\/www1.kkl.si\/wp-content\/uploads\/2023\/01\/Plakat_Luc-upanje-ljubezen_2023-283x400.jpg\"><img loading=\"lazy\" decoding=\"async\" class=\"slika alignnone wp-image-11129 size-large\" src=\"https:\/\/www1.kkl.si\/wp-content\/uploads\/2023\/01\/Plakat_Luc-upanje-ljubezen_2023-1061x1500.jpg\" alt=\"\" width=\"1061\" height=\"1500\" srcset=\"https:\/\/www1.kkl.si\/wp-content\/uploads\/2023\/01\/Plakat_Luc-upanje-ljubezen_2023-1061x1500.jpg 1061w, https:\/\/www1.kkl.si\/wp-content\/uploads\/2023\/01\/Plakat_Luc-upanje-ljubezen_2023-283x400.jpg 283w, https:\/\/www1.kkl.si\/wp-content\/uploads\/2023\/01\/Plakat_Luc-upanje-ljubezen_2023.jpg 1414w\" sizes=\"auto, (max-width: 1061px) 100vw, 1061px\" \/><\/a><\/strong><\/p>\n<p><i class=\"fas fa-link\"><\/i> <a href=\"https:\/\/www.lendava.si\/post\/721989\">Ob\u010dina Lendava-Lendva K\u00f6zs\u00e9g<\/a><br \/>\n<i class=\"fas fa-link\"><\/i> <a href=\"http:\/\/www.sinagogamaribor.si\/slo\/program\/2023-2\/soa-spominjajmo-se-2023\/\">Sinagoga Maribor<\/a><\/p>\n","protected":false},"excerpt":{"rendered":"<p>petek, 27. januar 2023, ob 18.00 | Sinagoga Lendava koncert Organizator: Zveza kulturnih dru\u0161tev Lendava, Kulturno in turisti\u010dno dru\u0161tvo Novi Sad Lendava, Ob\u010dina Lendvava-Lendva K\u00f6zs\u00e9g \u0160OA 2023 \u2013 Spominjajmo se KONCERT \u00bbLU\u010c, UPANJE, LJUBEZEN\u00ab V LENDAVSKI SINAGOGI Vstopnina: Vstop prost Naslov: Sinagoga Lendava, Spodnja ulica 5, 9220 Lendava\/Lendva V sklopu obele\u017eite mednarodnega dneva spomina na [&hellip;]<\/p>\n","protected":false},"author":2,"featured_media":0,"parent":0,"menu_order":0,"comment_status":"closed","ping_status":"closed","template":"","meta":{"footnotes":""},"class_list":["post-11128","page","type-page","status-publish","hentry","post"],"_links":{"self":[{"href":"https:\/\/www1.kkl.si\/sl\/wp-json\/wp\/v2\/pages\/11128","targetHints":{"allow":["GET"]}}],"collection":[{"href":"https:\/\/www1.kkl.si\/sl\/wp-json\/wp\/v2\/pages"}],"about":[{"href":"https:\/\/www1.kkl.si\/sl\/wp-json\/wp\/v2\/types\/page"}],"author":[{"embeddable":true,"href":"https:\/\/www1.kkl.si\/sl\/wp-json\/wp\/v2\/users\/2"}],"replies":[{"embeddable":true,"href":"https:\/\/www1.kkl.si\/sl\/wp-json\/wp\/v2\/comments?post=11128"}],"version-history":[{"count":5,"href":"https:\/\/www1.kkl.si\/sl\/wp-json\/wp\/v2\/pages\/11128\/revisions"}],"predecessor-version":[{"id":11163,"href":"https:\/\/www1.kkl.si\/sl\/wp-json\/wp\/v2\/pages\/11128\/revisions\/11163"}],"wp:attachment":[{"href":"https:\/\/www1.kkl.si\/sl\/wp-json\/wp\/v2\/media?parent=11128"}],"curies":[{"name":"wp","href":"https:\/\/api.w.org\/{rel}","templated":true}]}}