{"id":11172,"date":"2023-01-25T17:17:17","date_gmt":"2023-01-25T16:17:17","guid":{"rendered":"https:\/\/www1.kkl.si\/?page_id=11172"},"modified":"2023-01-25T18:08:22","modified_gmt":"2023-01-25T17:08:22","slug":"slovenski-kulturni-praznik-2023","status":"publish","type":"page","link":"https:\/\/www1.kkl.si\/sl\/slovenski-kulturni-praznik-2023\/","title":{"rendered":"Slovenski kulturni praznik 2023"},"content":{"rendered":"<div class=\"opis\"><i class=\"fas fa-clock\"><\/i> <strong>ponedeljek, 6. februar 2023, ob 18.00<\/strong> | Gledali\u0161ka in koncertna dvorana Lendava<img loading=\"lazy\" decoding=\"async\" class=\"wp-image-1587 alignright\" title=\"Brezpla\u010dna prireditev\" src=\"https:\/\/www1.kkl.si\/wp-content\/uploads\/2020\/07\/spored_simb_brezplacna-1.svg\" alt=\"brezplacna\" width=\"30\" height=\"30\" srcset=\"https:\/\/www1.kkl.si\/wp-content\/uploads\/\/2020\/07\/spored_simb_brezplacna-1.svg 150w, https:\/\/www1.kkl.si\/wp-content\/uploads\/\/2020\/07\/spored_simb_brezplacna-1.svg 400w, https:\/\/www1.kkl.si\/wp-content\/uploads\/\/2020\/07\/spored_simb_brezplacna-1.svg 1500w, https:\/\/www1.kkl.si\/wp-content\/uploads\/\/2020\/07\/spored_simb_brezplacna-1.svg 100w\" sizes=\"auto, (max-width: 30px) 100vw, 30px\" \/><br \/>\n<i class=\"fas fa-chevron-circle-right\"><\/i> <strong>kulturna prireditev<\/strong><strong><br \/>\n<\/strong>Organizator: <a href=\"https:\/\/www.lendava.si\/\">Ob\u010dina Lendvava-Lendva K\u00f6zs\u00e9g<\/a><br \/>\nSoorganizatorja: <a href=\"https:\/\/www.kkl.si\/\">Knji\u017enica \u2013 Kulturni center Lendava \u2013 Lendvai K\u00f6nyvt\u00e1r \u00e9s Kultur\u00e1lis K\u00f6zpont<\/a>,\u00a0<a href=\"http:\/\/www.gs-lendava.si\/\">Glasbena \u0161ola Lendava\/Zeneiskola Lendva<\/a><\/div>\n<p><a href=\"https:\/\/www1.kkl.si\/wp-content\/uploads\/2023\/01\/pano_SLO_kult_praznik_2023.jpg\" data-lbwps-width=\"1011\" data-lbwps-height=\"2000\" data-lbwps-srcsmall=\"https:\/\/www1.kkl.si\/wp-content\/uploads\/2023\/01\/pano_SLO_kult_praznik_2023-202x400.jpg\"><img loading=\"lazy\" decoding=\"async\" class=\"slika alignright wp-image-11177\" src=\"https:\/\/www1.kkl.si\/wp-content\/uploads\/2023\/01\/pano_SLO_kult_praznik_2023-758x1500.jpg\" alt=\"\" width=\"400\" height=\"791\" srcset=\"https:\/\/www1.kkl.si\/wp-content\/uploads\/2023\/01\/pano_SLO_kult_praznik_2023-758x1500.jpg 758w, https:\/\/www1.kkl.si\/wp-content\/uploads\/2023\/01\/pano_SLO_kult_praznik_2023-202x400.jpg 202w, https:\/\/www1.kkl.si\/wp-content\/uploads\/2023\/01\/pano_SLO_kult_praznik_2023.jpg 1011w\" sizes=\"auto, (max-width: 400px) 100vw, 400px\" \/><\/a>VABILO<\/p>\n<p>Ob slovenskem kulturnem prazniku vas vljudno vabimo na osrednjo slovesnost, ki bo v ponedeljek, <strong>6. februarja 2023<\/strong>, ob <strong>18. uri<\/strong> v Gledali\u0161ki in koncertni dvorani Lendava.<\/p>\n<p>Slavnostna govornica na prireditvi bo lanskoletna nagrajenka Mi\u0161a Geri\u010d \u0160pacapan.<\/p>\n<p>Ob tej prilo\u017enosti bomo podelili tudi priznanje Ob\u010dine Lendava za izredne dose\u017eke na podro\u010dju kulture.<\/p>\n<p>V kulturnem programu bodo nastopili u\u010denci Glasbene \u0161ole Lendava Alja Gal, Karin \u0160\u010dan\u010dar, Borut Jereb Sankovi\u010d, Ma\u0161a Magyar in Alina Gerebic, \u0161tudentka glasbe na gra\u0161ki univerzi Laura Pal ter gledali\u0161ki igralec Rajko Stupar.<\/p>\n<p>V avli Gledali\u0161ke in koncertne dvorane Lendava si boste lahko ogledali tudi razstavo del lanskoletnega nagrajenca Petra Orbana.<\/p>\n","protected":false},"excerpt":{"rendered":"<p>ponedeljek, 6. februar 2023, ob 18.00 | Gledali\u0161ka in koncertna dvorana Lendava kulturna prireditev Organizator: Ob\u010dina Lendvava-Lendva K\u00f6zs\u00e9g Soorganizatorja: Knji\u017enica \u2013 Kulturni center Lendava \u2013 Lendvai K\u00f6nyvt\u00e1r \u00e9s Kultur\u00e1lis K\u00f6zpont,\u00a0Glasbena \u0161ola Lendava\/Zeneiskola Lendva VABILO Ob slovenskem kulturnem prazniku vas vljudno vabimo na osrednjo slovesnost, ki bo v ponedeljek, 6. februarja 2023, ob 18. uri v [&hellip;]<\/p>\n","protected":false},"author":2,"featured_media":11168,"parent":0,"menu_order":0,"comment_status":"closed","ping_status":"closed","template":"","meta":{"footnotes":""},"class_list":["post-11172","page","type-page","status-publish","has-post-thumbnail","hentry","post","post-with-thumbnail","post-with-thumbnail-icon"],"_links":{"self":[{"href":"https:\/\/www1.kkl.si\/sl\/wp-json\/wp\/v2\/pages\/11172","targetHints":{"allow":["GET"]}}],"collection":[{"href":"https:\/\/www1.kkl.si\/sl\/wp-json\/wp\/v2\/pages"}],"about":[{"href":"https:\/\/www1.kkl.si\/sl\/wp-json\/wp\/v2\/types\/page"}],"author":[{"embeddable":true,"href":"https:\/\/www1.kkl.si\/sl\/wp-json\/wp\/v2\/users\/2"}],"replies":[{"embeddable":true,"href":"https:\/\/www1.kkl.si\/sl\/wp-json\/wp\/v2\/comments?post=11172"}],"version-history":[{"count":9,"href":"https:\/\/www1.kkl.si\/sl\/wp-json\/wp\/v2\/pages\/11172\/revisions"}],"predecessor-version":[{"id":11199,"href":"https:\/\/www1.kkl.si\/sl\/wp-json\/wp\/v2\/pages\/11172\/revisions\/11199"}],"wp:featuredmedia":[{"embeddable":true,"href":"https:\/\/www1.kkl.si\/sl\/wp-json\/wp\/v2\/media\/11168"}],"wp:attachment":[{"href":"https:\/\/www1.kkl.si\/sl\/wp-json\/wp\/v2\/media?parent=11172"}],"curies":[{"name":"wp","href":"https:\/\/api.w.org\/{rel}","templated":true}]}}