{"id":11243,"date":"2023-01-26T14:00:05","date_gmt":"2023-01-26T13:00:05","guid":{"rendered":"https:\/\/www1.kkl.si\/?page_id=11243"},"modified":"2023-02-07T15:07:57","modified_gmt":"2023-02-07T14:07:57","slug":"jatekszin-legenybucsu-fantovscina","status":"publish","type":"page","link":"https:\/\/www1.kkl.si\/sl\/jatekszin-legenybucsu-fantovscina\/","title":{"rendered":"J\u00c1T\u00c9KSZ\u00cdN: Leg\u00e9nyb\u00facs\u00fa (Fantov\u0161\u010dina)"},"content":{"rendered":"<div class=\"opis\"><i class=\"fas fa-clock\"><\/i> <strong>10. februar 2023. petek, 19.00<\/strong> | Gledali\u0161ka in koncertna dvorana Lendava <img loading=\"lazy\" decoding=\"async\" class=\"alignright\" title=\"Mad\u017earski abonma\" src=\"https:\/\/www1.kkl.si\/wp-content\/uploads\/\/2020\/07\/spored_simb_abonma_hu-1.svg\" alt=\"abonma_hu\" width=\"30\" height=\"30\" \/><img loading=\"lazy\" decoding=\"async\" class=\"alignright\" title=\"Pla\u010dljiva prireditev\" src=\"https:\/\/www1.kkl.si\/wp-content\/uploads\/\/2020\/07\/spored_simb_placljiva-1.svg\" alt=\"placljiva\" width=\"30\" height=\"30\" \/><br \/>\n<i class=\"fas fa-chevron-circle-right\"><\/i> <strong>mad\u017earska komedija v dveh delih<br \/>\n<\/strong><i class=\"fas fa-ticket-alt\"><\/i> Vstopnina: <strong>15 \u20ac<\/strong> odrasli, <strong>12 \u20ac<\/strong> u\u010denci, upokojenci | Vstopnice se lahko kupijo od 2. februarja 2023 na blagajni GKD Lendava<strong><br \/>\n<\/strong>Organizator: <a href=\"https:\/\/www.mnmi-zkmn.si\/\">MNMI-ZKMN<\/a><\/p>\n<p><span style=\"color: #ff0000;\"><strong><i class=\"fas fa-exclamation-triangle\"><\/i> Spo\u0161tovani, obve\u0161\u010damo vas, da so vstopnice za gledali\u0161ko predstavo v celoti po\u0161le. Hvala za razumevanje.<\/strong><\/span><\/div>\n<p><a href=\"https:\/\/www1.kkl.si\/wp-content\/uploads\/2023\/01\/legbucsu_lendva_2023.jpg\" data-lbwps-width=\"1240\" data-lbwps-height=\"1772\" data-lbwps-srcsmall=\"https:\/\/www1.kkl.si\/wp-content\/uploads\/2023\/01\/legbucsu_lendva_2023-280x400.jpg\"><img loading=\"lazy\" decoding=\"async\" class=\"slika alignright wp-image-11219\" src=\"https:\/\/www1.kkl.si\/wp-content\/uploads\/2023\/01\/legbucsu_lendva_2023.jpg\" alt=\"\" width=\"500\" height=\"715\" srcset=\"https:\/\/www1.kkl.si\/wp-content\/uploads\/2023\/01\/legbucsu_lendva_2023.jpg 1240w, https:\/\/www1.kkl.si\/wp-content\/uploads\/2023\/01\/legbucsu_lendva_2023-280x400.jpg 280w, https:\/\/www1.kkl.si\/wp-content\/uploads\/2023\/01\/legbucsu_lendva_2023-1050x1500.jpg 1050w\" sizes=\"auto, (max-width: 500px) 100vw, 500px\" \/><\/a><strong>LEG\u00c9NYB\u00daCS\u00da (FANTOV\u0160\u010cINA \u2013 in ena \u010dokolada)<\/strong><\/p>\n<p><em>komedija v dveh delih<\/em><\/p>\n<p><strong>Igrajo:<\/strong><\/p>\n<p>SIMON, \u017eenin NAGY S\u00c1NDOR<br \/>\nALEX, njegov prijatelj SZENTE VAJK<br \/>\nCANDY, mlada zvezda B\u00c1LIZS ANETT<br \/>\nPOP, ki bo kmalu kardinal SZEREDNYEY B\u00c9LA<br \/>\nMr. WATT, en gospod CSONKA ANDR\u00c1S<br \/>\nDAISY, dekle na klic KOV\u00c1CS GYOP\u00c1R \/ KOV\u00c1CS PANKA<br \/>\nBOB, varnostnik BARAB\u00c1S KISS ZOLT\u00c1N<br \/>\nPOLICISTKA, ena policistka DOBOS JUDIT<br \/>\nMONA, nevesta L\u00c9VAY VIKT\u00d3RIA \/ B\u00c1TYAI \u00c9VA \/ ZS\u00cdROS LINDA<br \/>\nLONDINER OL\u00c1H B\u00c9LA \/ VARGA \u00c1D\u00c1M<br \/>\nOLAF, de\u010dek ENDR\u0150DI HUBA<\/p>\n<p>Scenografka in kostumografka: Yvett Alida Kov\u00e1cs<br \/>\nDramaturg: Ildik\u00f3 L\u0151k\u00f6s<br \/>\nNadzornik: Nikolasz G\u00e1ncs \/ J\u00e1nos Petyi<br \/>\nPomo\u010dnica: Anita Sajben \/ Erika Dobo\u0161<br \/>\nPomo\u010dnik re\u017eije: J\u00e1nos Petyi<\/p>\n<p>Re\u017eiser: Szente Vajk<\/p>\n<p>Dogajanje je postavljeno v hotelsko sobo, kjer se dva dobra prijatelja, mlada zdravnika splo\u0161ne medicine, pripravljata na divjo fantov\u0161\u010dino. Alex, zvest kolega, se skrbno pripravlja na Simonov zadnji \u201cpobeg\u201d pred poroko, a kljub skrbnemu na\u010drtovanju se stvari ne izidejo vedno tako, kot bi si \u017eeleli. Hotelski apartma je lahko velika past, nih\u010de ni tak, kot si sprva misli\u0161, in vse je vedno bolj zmedeno\u2026 Zdaj pa kdo je kdo in ali bo poroka naslednji dan? Szente Vajk kot pisatelj ne le do skrajnosti nasmeje gledalce, specializirane za smejalne mi\u0161ice, ampak ga \u017ee skoraj parodizira komedijski \u017eaner.<\/p>\n<hr \/>\n<p>FOTOGALERIJA<\/p>\n\n\t\t<style type=\"text\/css\">\n\t\t\t#gallery-1 {\n\t\t\t\tmargin: auto;\n\t\t\t}\n\t\t\t#gallery-1 .gallery-item {\n\t\t\t\tfloat: left;\n\t\t\t\tmargin-top: 10px;\n\t\t\t\ttext-align: center;\n\t\t\t\twidth: 16%;\n\t\t\t}\n\t\t\t#gallery-1 img {\n\t\t\t\tborder: 2px solid #cfcfcf;\n\t\t\t}\n\t\t\t#gallery-1 .gallery-caption {\n\t\t\t\tmargin-left: 0;\n\t\t\t}\n\t\t\t\/* see gallery_shortcode() in wp-includes\/media.php *\/\n\t\t<\/style>\n\t\t<div id='gallery-1' class='gallery galleryid-11243 gallery-columns-6 gallery-size-thumbnail'><dl class='gallery-item'>\n\t\t\t<dt class='gallery-icon landscape'>\n\t\t\t\t<a href='https:\/\/www1.kkl.si\/wp-content\/uploads\/2023\/01\/legenybucsu1.jpg'><img loading=\"lazy\" decoding=\"async\" width=\"150\" height=\"150\" src=\"https:\/\/www1.kkl.si\/wp-content\/uploads\/2023\/01\/legenybucsu1-150x150.jpg\" class=\"attachment-thumbnail size-thumbnail\" alt=\"\" \/><\/a>\n\t\t\t<\/dt><\/dl><dl class='gallery-item'>\n\t\t\t<dt class='gallery-icon landscape'>\n\t\t\t\t<a href='https:\/\/www1.kkl.si\/wp-content\/uploads\/2023\/01\/legenybucsu2.jpg'><img loading=\"lazy\" decoding=\"async\" width=\"150\" height=\"150\" src=\"https:\/\/www1.kkl.si\/wp-content\/uploads\/2023\/01\/legenybucsu2-150x150.jpg\" class=\"attachment-thumbnail size-thumbnail\" alt=\"\" \/><\/a>\n\t\t\t<\/dt><\/dl><dl class='gallery-item'>\n\t\t\t<dt class='gallery-icon landscape'>\n\t\t\t\t<a href='https:\/\/www1.kkl.si\/wp-content\/uploads\/2023\/01\/legenybucsu3.jpg'><img loading=\"lazy\" decoding=\"async\" width=\"150\" height=\"150\" src=\"https:\/\/www1.kkl.si\/wp-content\/uploads\/2023\/01\/legenybucsu3-150x150.jpg\" class=\"attachment-thumbnail size-thumbnail\" alt=\"\" \/><\/a>\n\t\t\t<\/dt><\/dl><dl class='gallery-item'>\n\t\t\t<dt class='gallery-icon landscape'>\n\t\t\t\t<a href='https:\/\/www1.kkl.si\/wp-content\/uploads\/2023\/01\/legenybucsu4.jpg'><img loading=\"lazy\" decoding=\"async\" width=\"150\" height=\"150\" src=\"https:\/\/www1.kkl.si\/wp-content\/uploads\/2023\/01\/legenybucsu4-150x150.jpg\" class=\"attachment-thumbnail size-thumbnail\" alt=\"\" \/><\/a>\n\t\t\t<\/dt><\/dl><dl class='gallery-item'>\n\t\t\t<dt class='gallery-icon landscape'>\n\t\t\t\t<a href='https:\/\/www1.kkl.si\/wp-content\/uploads\/2023\/01\/legenybucsu5.jpg'><img loading=\"lazy\" decoding=\"async\" width=\"150\" height=\"150\" src=\"https:\/\/www1.kkl.si\/wp-content\/uploads\/2023\/01\/legenybucsu5-150x150.jpg\" class=\"attachment-thumbnail size-thumbnail\" alt=\"\" \/><\/a>\n\t\t\t<\/dt><\/dl>\n\t\t\t<br style='clear: both' \/>\n\t\t<\/div>\n\n<hr \/>\n<p>VIDEO<\/p>\n<p><iframe loading=\"lazy\" src=\"\/\/www.youtube.com\/embed\/-LJpkFodlzA\" width=\"560\" height=\"314\" allowfullscreen=\"allowfullscreen\" data-mce-fragment=\"1\"><\/iframe><\/p>\n<p><i class=\"fas fa-link\"><\/i> <a href=\"https:\/\/www.jatekszin.hu\/eloadasok\/leg%C3%A9nyb%C3%BAcs%C3%BA\/\">https:\/\/www.jatekszin.hu\/<\/a><br \/>\n<i class=\"fas fa-link\"><\/i> <a href=\"https:\/\/www.mnmi-zkmn.si\/sl\/event\/gledaliska-predstava-fantovscina\/\">https:\/\/www.mnmi-zkmn.si\/sl\/event\/gledaliska-predstava-fantovscina\/<\/a><\/p>\n","protected":false},"excerpt":{"rendered":"<p>10. februar 2023. petek, 19.00 | Gledali\u0161ka in koncertna dvorana Lendava mad\u017earska komedija v dveh delih Vstopnina: 15 \u20ac odrasli, 12 \u20ac u\u010denci, upokojenci | Vstopnice se lahko kupijo od 2. februarja 2023 na blagajni GKD Lendava Organizator: MNMI-ZKMN Spo\u0161tovani, obve\u0161\u010damo vas, da so vstopnice za gledali\u0161ko predstavo v celoti po\u0161le. Hvala za razumevanje. LEG\u00c9NYB\u00daCS\u00da [&hellip;]<\/p>\n","protected":false},"author":2,"featured_media":0,"parent":0,"menu_order":0,"comment_status":"closed","ping_status":"closed","template":"","meta":{"footnotes":""},"class_list":["post-11243","page","type-page","status-publish","hentry","post"],"_links":{"self":[{"href":"https:\/\/www1.kkl.si\/sl\/wp-json\/wp\/v2\/pages\/11243","targetHints":{"allow":["GET"]}}],"collection":[{"href":"https:\/\/www1.kkl.si\/sl\/wp-json\/wp\/v2\/pages"}],"about":[{"href":"https:\/\/www1.kkl.si\/sl\/wp-json\/wp\/v2\/types\/page"}],"author":[{"embeddable":true,"href":"https:\/\/www1.kkl.si\/sl\/wp-json\/wp\/v2\/users\/2"}],"replies":[{"embeddable":true,"href":"https:\/\/www1.kkl.si\/sl\/wp-json\/wp\/v2\/comments?post=11243"}],"version-history":[{"count":19,"href":"https:\/\/www1.kkl.si\/sl\/wp-json\/wp\/v2\/pages\/11243\/revisions"}],"predecessor-version":[{"id":11408,"href":"https:\/\/www1.kkl.si\/sl\/wp-json\/wp\/v2\/pages\/11243\/revisions\/11408"}],"wp:attachment":[{"href":"https:\/\/www1.kkl.si\/sl\/wp-json\/wp\/v2\/media?parent=11243"}],"curies":[{"name":"wp","href":"https:\/\/api.w.org\/{rel}","templated":true}]}}