{"id":11430,"date":"2023-02-09T09:46:42","date_gmt":"2023-02-09T08:46:42","guid":{"rendered":"https:\/\/www1.kkl.si\/?page_id=11430"},"modified":"2023-11-28T10:28:04","modified_gmt":"2023-11-28T09:28:04","slug":"spored-2023-03","status":"publish","type":"page","link":"https:\/\/www1.kkl.si\/sl\/spored-2023-03\/","title":{"rendered":"SPORED: marec 2023"},"content":{"rendered":"<p><strong>Leto 2023:<\/strong> <a href=\"https:\/\/www1.kkl.si\/sl\/spored-2023-01\/\">januar<\/a> | <a href=\"https:\/\/www1.kkl.si\/sl\/spored-2023-02\/\">februar<\/a> | <a href=\"https:\/\/www1.kkl.si\/sl\/spored-2023-03\/\">marec<\/a> | <a href=\"https:\/\/www1.kkl.si\/sl\/spored-2023-04\/\">april<\/a> | <a href=\"https:\/\/www1.kkl.si\/sl\/spored-2023-05\/\">maj<\/a> | <a href=\"https:\/\/www1.kkl.si\/sl\/spored-2023-06\/\">junij<\/a> | <a href=\"https:\/\/www1.kkl.si\/sl\/spored-2023-07\/\">julij<\/a> | <a href=\"https:\/\/www1.kkl.si\/sl\/spored-2023-08\/\">avgust <\/a>| <a href=\"https:\/\/www1.kkl.si\/sl\/spored-2023-09\/\">september<\/a> | <a href=\"https:\/\/www1.kkl.si\/sl\/spored-2023-10\/\">oktober<\/a> | <a href=\"https:\/\/www1.kkl.si\/sl\/spored-2023-11\/\">november<\/a> | <a href=\"https:\/\/www1.kkl.si\/sl\/spored-2023-12\/\">december<\/a> | <a href=\"https:\/\/www1.kkl.si\/sl\/arhiv-sporeda\/\">ARHIV<\/a><\/p>\n<table id=\"spored-legenda\" cellspacing=\"0\" cellpadding=\"5\">\n<tbody>\n<tr>\n<td><strong>LEGENDA<br \/>\nSIMBOLOV<\/strong><\/td>\n<td style=\"vertical-align: middle;\"><img loading=\"lazy\" decoding=\"async\" title=\"Slovenski abonma\" src=\"https:\/\/www1.kkl.si\/wp-content\/uploads\/2020\/07\/spored_simb_abonma_si-1.svg\" alt=\"abonma_si\" width=\"30\" height=\"30\" \/><\/td>\n<td>Slovenski<br \/>\nabonma<\/td>\n<td style=\"vertical-align: middle;\"><img loading=\"lazy\" decoding=\"async\" title=\"Mad\u017earski abonma\" src=\"https:\/\/www1.kkl.si\/wp-content\/uploads\/2020\/07\/spored_simb_abonma_hu-1.svg\" alt=\"abonma_hu\" width=\"30\" height=\"30\" \/><\/td>\n<td>Mad\u017earski<br \/>\nabonma<\/td>\n<td style=\"vertical-align: middle;\"><img loading=\"lazy\" decoding=\"async\" title=\"Zaklju\u010dena prireditev\" src=\"https:\/\/www1.kkl.si\/wp-content\/uploads\/2020\/07\/spored_simb_zakljucena-1.svg\" alt=\"zakljucena\" width=\"30\" height=\"30\" \/><\/td>\n<td>Zaklju\u010dena<br \/>\nprireditev<\/td>\n<td style=\"vertical-align: middle;\"><img loading=\"lazy\" decoding=\"async\" title=\"Brezpla\u010dna prireditev\" src=\"https:\/\/www1.kkl.si\/wp-content\/uploads\/2020\/07\/spored_simb_brezplacna-1.svg\" alt=\"brezplacna\" width=\"30\" height=\"30\" \/><\/td>\n<td>Brezpla\u010dna<br \/>\nprireditev<\/td>\n<td style=\"vertical-align: middle;\"><img loading=\"lazy\" decoding=\"async\" title=\"Pla\u010dljiva prireditev\" src=\"https:\/\/www1.kkl.si\/wp-content\/uploads\/2020\/07\/spored_simb_placljiva-1.svg\" alt=\"placljiva\" width=\"30\" height=\"30\" \/><\/td>\n<td>Pla\u010dljiva<br \/>\nprireditev<\/td>\n<td style=\"vertical-align: middle;\"><img loading=\"lazy\" decoding=\"async\" title=\"Novost, sprememba\" src=\"https:\/\/www1.kkl.si\/wp-content\/uploads\/2020\/07\/spored_simb_novost-1.svg\" alt=\"novost\" width=\"30\" height=\"30\" \/><\/td>\n<td>Novost,<br \/>\nsprememba<\/td>\n<\/tr>\n<\/tbody>\n<\/table>\n<table id=\"sporedtabela\" class=\"tablesorter\" style=\"width: 100%;\">\n<thead>\n<tr>\n<th style=\"text-align: center; width: 7.41895%;\">DAN<\/th>\n<th class=\"sortless\" style=\"text-align: left; width: 92.0823%;\">PRIREDITEV<\/th>\n<\/tr>\n<\/thead>\n<tbody>\n<tr>\n<td style=\"width: 7.41895%;\">\n<p style=\"text-align: center;\"><span style=\"font-size: 24pt;\"><strong>1.<br \/>\n<\/strong><\/span><\/p>\n<p style=\"text-align: center;\">sreda<\/p>\n<\/td>\n<td style=\"width: 92.0823%;\">\n<p><a href=\"https:\/\/www1.kkl.si\/wp-content\/uploads\/2023\/03\/Rasta_natura_morta3.jpg\" data-lbwps-width=\"2560\" data-lbwps-height=\"1696\" data-lbwps-srcsmall=\"https:\/\/www1.kkl.si\/wp-content\/uploads\/2023\/03\/Rasta_natura_morta3-400x265.jpg\"><img loading=\"lazy\" decoding=\"async\" class=\"slika alignright wp-image-11677 size-thumbnail\" src=\"https:\/\/www1.kkl.si\/wp-content\/uploads\/2023\/03\/Rasta_natura_morta3-150x150.jpg\" alt=\"\" width=\"150\" height=\"150\" \/><\/a><i class=\"fas fa-chevron-circle-right\"><\/i> Avla Gledali\u0161ke in koncertne dvorane Lendava<strong><img loading=\"lazy\" decoding=\"async\" class=\"alignright\" title=\"Brezpla\u010dna prireditev\" src=\"https:\/\/www1.kkl.si\/wp-content\/uploads\/2020\/07\/spored_simb_brezplacna-1.svg\" alt=\"brezplacna\" width=\"30\" height=\"30\" \/><br \/>\nfotografska razstava<\/strong><\/p>\n<p><a href=\"https:\/\/www1.kkl.si\/sl\/fotografska-razstava-natura-morta\/\"><span style=\"font-size: 24pt;\"><strong>Natura morta<\/strong><\/span><\/a><del><\/del><\/p>\n<p>Razstava je na ogled do konca meseca marca 2023 v delovnem \u010dasu GKD Lendava (med tednom od 8.00 do 15.00, oziroma v \u010dasu prireditev)<\/p>\n<p><span style=\"font-size: 10pt;\">Organizator: <a href=\"http:\/\/www.fotoklub-maribor.si\/\">Fotoklub Maribor<\/a><\/span><\/p>\n<\/td>\n<\/tr>\n<tr>\n<td style=\"width: 7.41895%;\">\n<p style=\"text-align: center;\"><strong><span style=\"font-size: 24pt;\">3.<\/span><br \/>\n<\/strong><\/p>\n<p style=\"text-align: center;\">petek<\/p>\n<\/td>\n<td style=\"width: 92.0823%;\">\n<p><a href=\"https:\/\/www1.kkl.si\/wp-content\/uploads\/2023\/02\/plakat_advent_a_hargitan_2023.jpg\" data-lbwps-width=\"2143\" data-lbwps-height=\"3000\" data-lbwps-srcsmall=\"https:\/\/www1.kkl.si\/wp-content\/uploads\/2023\/02\/plakat_advent_a_hargitan_2023.jpg\"><img loading=\"lazy\" decoding=\"async\" class=\"slika alignright wp-image-11438 size-thumbnail\" src=\"https:\/\/www1.kkl.si\/wp-content\/uploads\/2023\/02\/plakat_advent_a_hargitan_2023-scaled-150x150.jpg\" alt=\"\" width=\"150\" height=\"150\" \/><\/a><i class=\"fas fa-clock\"><\/i> <strong>19.00<\/strong> | Gledali\u0161ka in koncertna dvorana Lendava<img loading=\"lazy\" decoding=\"async\" class=\"alignright\" title=\"Pla\u010dljiva prireditev\" src=\"https:\/\/www1.kkl.si\/wp-content\/uploads\/2020\/07\/spored_simb_placljiva-1.svg\" alt=\"placljiva\" width=\"30\" height=\"30\" \/><img loading=\"lazy\" decoding=\"async\" class=\"alignright\" title=\"Mad\u017earski abonma\" src=\"https:\/\/www1.kkl.si\/wp-content\/uploads\/2020\/07\/spored_simb_abonma_hu-1.svg\" alt=\"abonma_hu\" width=\"30\" height=\"30\" \/><br \/>\n<strong>mad\u017earska gledali\u0161ka predstava v dveh delih<\/strong><\/p>\n<p>V sodelovanju gledali\u0161\u010d Zenthe Ferenc Sz\u00ednh\u00e1z in M\u00f3ricz Zsigmond Sz\u00ednh\u00e1z | S\u00fct\u0151 Andr\u00e1s:<\/p>\n<p><a href=\"https:\/\/www1.kkl.si\/sl\/advent-a-hargitan-advent-na-gorovju-hargita\/\"><span style=\"font-size: 24pt;\"><strong>Advent a Hargit\u00e1n<\/strong><\/span><\/a><del><\/del><\/p>\n<p>Re\u017eiser: Ferenc Sus\u00e1n<\/p>\n<p><i class=\"fas fa-ticket-alt\"><\/i> Vstopnina: <strong>15 \u20ac<\/strong> odrasli<strong> | 12 \u20ac<\/strong> u\u010denci, upokojenci<br \/>\n<i class=\"fas fa-info-circle\"><\/i> Vstopnice se lahko kupijo od 24. februarja 2023 na\u00a0 blagajni GKD Lendava<\/p>\n<p><span style=\"font-size: 10pt;\">Organizator: <a href=\"https:\/\/www.mnmi-zkmn.si\/\">MNMI-ZKMN<\/a><\/span><\/p>\n<\/td>\n<\/tr>\n<tr>\n<td style=\"width: 7.41895%;\">\n<p style=\"text-align: center;\"><strong><span style=\"font-size: 24pt;\">14.<\/span><br \/>\n<\/strong><\/p>\n<p style=\"text-align: center;\">torek<\/p>\n<\/td>\n<td style=\"width: 92.0823%;\">\n<p><i class=\"fas fa-clock\"><\/i> ob <strong>11.00<\/strong> in <strong>18.00<\/strong> | Gledali\u0161ka in koncertna dvorana Lendava<a href=\"https:\/\/www1.kkl.si\/wp-content\/uploads\/2023\/03\/meghivo_forradalom1848-49_20230314.jpg\" data-lbwps-width=\"1810\" data-lbwps-height=\"905\" data-lbwps-srcsmall=\"https:\/\/www1.kkl.si\/wp-content\/uploads\/2023\/03\/meghivo_forradalom1848-49_20230314-400x200.jpg\"><img loading=\"lazy\" decoding=\"async\" class=\"alignright size-thumbnail wp-image-11798\" src=\"https:\/\/www1.kkl.si\/wp-content\/uploads\/2023\/03\/meghivo_forradalom1848-49_20230314-e1678695164267-150x150.jpg\" alt=\"\" width=\"150\" height=\"150\" \/><\/a><img loading=\"lazy\" decoding=\"async\" class=\"alignright\" title=\"Brezpla\u010dna prireditev\" src=\"https:\/\/www1.kkl.si\/wp-content\/uploads\/2020\/07\/spored_simb_brezplacna-1.svg\" alt=\"brezplacna\" width=\"30\" height=\"30\" \/><br \/>\n<strong>kulturna prireditev<\/strong><\/p>\n<p><span style=\"font-size: 24pt;\"><strong><a href=\"https:\/\/www1.kkl.si\/sl\/osrednja-prireditev-v-spomin-na-marcno-revolucijo-in-osvobodilni-boj-na-madzarskem-v-letih-1848-49-v-lendavi-v-letu-2023-in-kulturni-program-petofijevi-obrazi\/\">Obrazi Pet\u0151fija<\/a><br \/>\n<\/strong><\/span><del><\/del><\/p>\n<p><span style=\"font-size: 10pt;\">Organizator: <a href=\"https:\/\/www.mnmi-zkmn.si\/\">MNMI-ZKMN<\/a><\/span><\/p>\n<\/td>\n<\/tr>\n<tr>\n<td style=\"width: 7.41895%;\">\n<p style=\"text-align: center;\"><span style=\"font-size: 24pt;\"><strong>24.<br \/>\n<\/strong><\/span><\/p>\n<p style=\"text-align: center;\">petek<\/p>\n<\/td>\n<td style=\"width: 92.0823%;\">\n<p><img loading=\"lazy\" decoding=\"async\" class=\"alignright\" title=\"Brezpla\u010dna prireditev\" src=\"https:\/\/www1.kkl.si\/wp-content\/uploads\/2020\/07\/spored_simb_brezplacna-1.svg\" alt=\"brezplacna\" width=\"30\" height=\"30\" \/><i class=\"fas fa-clock\"><\/i> <strong>18.00<\/strong> | Gledali\u0161ka in koncertna dvorana Lendava<br \/>\n<strong>prireditev<\/strong><\/p>\n<p><strong><span style=\"font-size: 24pt;\">Zaklju\u010dna produkcija delavnic Gremo se gledali\u0161\u010de \u2013 gledali\u0161ki gib<\/span><br \/>\n<\/strong><del><\/del><\/p>\n<p>Mentorica: Eva Na\u0111<\/p>\n<p>Nastopajo\u010di: Aleksander Aladi\u010d, M\u00e1rk G\u00f6nc, Asja Leva\u010di\u010d, Sta\u0161a Pahor, Erik Pavli\u010d, Ksaver Pratnekar, Kaja Vehtersbah<br \/>\nPrireditev podpira <a href=\"https:\/\/www.gov.si\/drzavni-organi\/ministrstva\/ministrstvo-za-kulturo\/\">Ministrstvo za kulturo RS<\/a><\/p>\n<p><span style=\"font-size: 10pt;\">Organizator: <a href=\"https:\/\/www.kkl.si\/\">Knji\u017enica \u2013 Kulturni center Lendava \u2013 Lendvai K\u00f6nyvt\u00e1r \u00e9s Kultur\u00e1lis K\u00f6zpont<\/a><\/span><\/p>\n<\/td>\n<\/tr>\n<tr>\n<td style=\"width: 7.41895%;\">\n<p style=\"text-align: center;\"><strong><span style=\"font-size: 24pt;\">25.<\/span><br \/>\n<\/strong><\/p>\n<p style=\"text-align: center;\">sobota<\/p>\n<\/td>\n<td style=\"width: 92.0823%;\">\n<p><a href=\"https:\/\/www1.kkl.si\/wp-content\/uploads\/2023\/02\/plakat_B2_BOG_MASAKRA_2023.jpg\" data-lbwps-width=\"1429\" data-lbwps-height=\"2000\" data-lbwps-srcsmall=\"https:\/\/www1.kkl.si\/wp-content\/uploads\/2023\/02\/plakat_B2_BOG_MASAKRA_2023-286x400.jpg\"><img loading=\"lazy\" decoding=\"async\" class=\"slika alignright wp-image-11618 size-thumbnail\" src=\"https:\/\/www1.kkl.si\/wp-content\/uploads\/2023\/02\/plakat_B2_BOG_MASAKRA_2023-150x150.jpg\" alt=\"\" width=\"150\" height=\"150\" \/><\/a><i class=\"fas fa-clock\"><\/i> <strong>19.00<\/strong> | Gledali\u0161ka in koncertna dvorana Lendava<img loading=\"lazy\" decoding=\"async\" class=\"alignright\" title=\"Pla\u010dljiva prireditev\" src=\"https:\/\/www1.kkl.si\/wp-content\/uploads\/2020\/07\/spored_simb_placljiva-1.svg\" alt=\"placljiva\" width=\"30\" height=\"30\" \/><img loading=\"lazy\" decoding=\"async\" class=\"alignright\" title=\"Slovenski abonma\" src=\"https:\/\/www1.kkl.si\/wp-content\/uploads\/2020\/07\/spored_simb_abonma_si-1.svg\" alt=\"abonma_si\" width=\"30\" height=\"30\" \/><br \/>\n<strong>\u010drna komedija<\/strong><\/p>\n<p>Mestno gledali\u0161\u010de ljubljansko | Yasmina Reza:<\/p>\n<p><a href=\"https:\/\/www1.kkl.si\/sl\/mestno-gledalisce-ljubljansko-bog-masakra\/\"><span style=\"font-size: 24pt;\"><strong>Bog masakra<\/strong><\/span><\/a><del><\/del><\/p>\n<p>Re\u017eiser: Diego de Brea<br \/>\nNastopajo\u010di: Jana Zupan\u010di\u010d, Uro\u0161 Smolej, Iva Krajnc Bagola, Sebastian Cavazza<\/p>\n<p><i class=\"fas fa-ticket-alt\"><\/i> Vstopnina: <strong>15 \u20ac<\/strong><\/p>\n<p><span style=\"font-size: 10pt;\">Organizator: <a href=\"https:\/\/www.kkl.si\/\">Knji\u017enica \u2013 Kulturni center Lendava \u2013 Lendvai K\u00f6nyvt\u00e1r \u00e9s Kultur\u00e1lis K\u00f6zpont<\/a><\/span><\/p>\n<\/td>\n<\/tr>\n<tr>\n<td style=\"width: 7.41895%;\">\n<p style=\"text-align: center;\"><strong><span style=\"font-size: 24pt;\">27.<\/span><br \/>\n<\/strong><\/p>\n<p style=\"text-align: center;\">ponedeljek<\/p>\n<\/td>\n<td style=\"width: 92.0823%;\">\n<p><i class=\"fas fa-clock\"><\/i>\u00a0<strong>11.00<\/strong> | Gledali\u0161ka in koncertna dvorana Lendava<img loading=\"lazy\" decoding=\"async\" class=\"alignright\" title=\"Zaklju\u010dena prireditev\" src=\"https:\/\/www1.kkl.si\/wp-content\/uploads\/2020\/07\/spored_simb_zakljucena-1.svg\" alt=\"zakljucena\" width=\"30\" height=\"30\" \/><br \/>\n<strong>otro\u0161ka predstava za zalju\u010deno skupino<br \/>\n<\/strong><\/p>\n<p>OB SVETOVNEM DNEVU GLEDALI\u0160\u010cA<\/p>\n<p>Zavod Kuskus | Peter Kus:<br \/>\n<strong><a href=\"https:\/\/www1.kkl.si\/sl\/ob-svetovnem-dnevu-gledalisca-zavod-kuskus-zvocna-kuhna\/\"><span style=\"font-size: 24pt;\">Zvo\u010dna kuhna<\/span><\/a> <span class=\"starost\">5+<\/span><\/strong><\/p>\n<p><span style=\"font-size: 10pt;\">Organizator: <a href=\"https:\/\/www.kkl.si\/\">Knji\u017enica \u2013 Kulturni center Lendava \u2013 Lendvai K\u00f6nyvt\u00e1r \u00e9s Kultur\u00e1lis K\u00f6zpont<\/a><\/span><\/p>\n<\/td>\n<\/tr>\n<tr>\n<td style=\"width: 7.41895%;\">\n<p style=\"text-align: center;\"><strong><span style=\"font-size: 24pt;\">28.<\/span><br \/>\n<\/strong><\/p>\n<p style=\"text-align: center;\">torek<\/p>\n<\/td>\n<td style=\"width: 92.0823%;\">\n<p><a href=\"https:\/\/www1.kkl.si\/wp-content\/uploads\/2023\/03\/MMiska.jpg\" data-lbwps-width=\"1265\" data-lbwps-height=\"1772\" data-lbwps-srcsmall=\"https:\/\/www1.kkl.si\/wp-content\/uploads\/2023\/03\/MMiska-286x400.jpg\"><img loading=\"lazy\" decoding=\"async\" class=\"alignright wp-image-11722 size-thumbnail\" src=\"https:\/\/www1.kkl.si\/wp-content\/uploads\/2023\/03\/MMiska-e1677856322244-150x150.jpg\" alt=\"\" width=\"150\" height=\"150\" \/><\/a><i class=\"fas fa-clock\"><\/i> <strong>19.00<\/strong> | Gledali\u0161ka in koncertna dvorana Lendava<img loading=\"lazy\" decoding=\"async\" class=\"alignright\" title=\"Pla\u010dljiva prireditev\" src=\"https:\/\/www1.kkl.si\/wp-content\/uploads\/2020\/07\/spored_simb_placljiva-1.svg\" alt=\"placljiva\" width=\"30\" height=\"30\" \/><img loading=\"lazy\" decoding=\"async\" class=\"alignright\" title=\"Mad\u017earski abonma\" src=\"https:\/\/www1.kkl.si\/wp-content\/uploads\/2020\/07\/spored_simb_abonma_hu-1.svg\" alt=\"abonma_hu\" width=\"30\" height=\"30\" \/><br \/>\n<strong>opereta v mad\u017earskem jeziku<\/strong><\/p>\n<p>R\u00e1tonyi R\u00f3bert Sz\u00ednh\u00e1z<\/p>\n<p><a href=\"https:\/\/www1.kkl.si\/sl\/ratonyi-robert-szinhaz-magnas-miska\/\"><span style=\"font-size: 24pt;\"><strong>M\u00e1gn\u00e1s Miska<\/strong><\/span><\/a><del><\/del><\/p>\n<p><i class=\"fas fa-ticket-alt\"><\/i> Vstopnina: <strong>15 \u20ac<\/strong> odrasli<strong> | 12 \u20ac<\/strong> u\u010denci, upokojenci<br \/>\n<i class=\"fas fa-info-circle\"><\/i> Vstopnice se lahko kupijo od 21. marca 2023 na blagajni GKD Lendava<\/p>\n<p><span style=\"font-size: 10pt;\">Organizator: <a href=\"https:\/\/www.mnmi-zkmn.si\/\">MNMI-ZKMN<\/a><\/span><\/p>\n<\/td>\n<\/tr>\n<tr>\n<td style=\"width: 7.41895%; text-align: center;\">\n<p style=\"text-align: center;\"><strong><span style=\"font-size: 24pt;\">30.<\/span><br \/>\n<\/strong><\/p>\n<p>\u010detrtek<\/td>\n<td style=\"width: 92.0823%;\">\n<p><img loading=\"lazy\" decoding=\"async\" class=\"alignright\" title=\"Zaklju\u010dena prireditev\" src=\"https:\/\/www1.kkl.si\/wp-content\/uploads\/2020\/07\/spored_simb_zakljucena-1.svg\" alt=\"zakljucena\" width=\"30\" height=\"30\" \/><i class=\"fas fa-clock\"><\/i> <strong>dopoldan<\/strong> | Gledali\u0161ka in koncertna dvorana Lendava<br \/>\n<strong>delavnice za zaklju\u010deno skupino<\/strong><\/p>\n<p><strong><span style=\"font-size: 24pt;\">Gremo se gledali\u0161\u010de \u2013 procesna drama<\/span><br \/>\n<\/strong><del><\/del><\/p>\n<p>Izvajalki: Iva Nemec, Petra Kava\u0161<br \/>\nPrireditev podpira <a href=\"https:\/\/www.gov.si\/drzavni-organi\/ministrstva\/ministrstvo-za-kulturo\/\">Ministrstvo za kulturo RS<\/a><\/p>\n<p><span style=\"font-size: 10pt;\">Organizator: <a href=\"https:\/\/www.kkl.si\/\">Knji\u017enica \u2013 Kulturni center Lendava \u2013 Lendvai K\u00f6nyvt\u00e1r \u00e9s Kultur\u00e1lis K\u00f6zpont<\/a> in <a href=\"https:\/\/kaleido-art.org\/\">Kaleido<\/a><\/span><\/p>\n<\/td>\n<\/tr>\n<tr>\n<td style=\"width: 7.41895%;\">\n<p style=\"text-align: center;\"><strong><span style=\"font-size: 24pt;\">31.<\/span><br \/>\n<\/strong><\/p>\n<p style=\"text-align: center;\">petek<\/p>\n<\/td>\n<td style=\"width: 92.0823%;\">\n<p><i class=\"fas fa-clock\"><\/i> <strong>20.00<\/strong> | Gledali\u0161ka in koncertna dvorana Lendava<a href=\"https:\/\/www1.kkl.si\/wp-content\/uploads\/2023\/03\/LUKA-BASI-KONCERT-OB-MATERINSKEM-DNEVU.jpg\" data-lbwps-width=\"1500\" data-lbwps-height=\"844\" data-lbwps-srcsmall=\"https:\/\/www1.kkl.si\/wp-content\/uploads\/2023\/03\/LUKA-BASI-KONCERT-OB-MATERINSKEM-DNEVU-400x225.jpg\"><img loading=\"lazy\" decoding=\"async\" class=\"alignright size-thumbnail wp-image-11835\" src=\"https:\/\/www1.kkl.si\/wp-content\/uploads\/2023\/03\/LUKA-BASI-KONCERT-OB-MATERINSKEM-DNEVU-150x150.jpg\" alt=\"\" width=\"150\" height=\"150\" \/><\/a><img loading=\"lazy\" decoding=\"async\" class=\"alignright\" title=\"Pla\u010dljiva prireditev\" src=\"https:\/\/www1.kkl.si\/wp-content\/uploads\/2020\/07\/spored_simb_placljiva-1.svg\" alt=\"placljiva\" width=\"30\" height=\"30\" \/><br \/>\n<strong>koncert<br \/>\n<\/strong><\/p>\n<p><a href=\"https:\/\/www1.kkl.si\/sl\/luka-basi-koncert-ob-materinskem-dnevu\/\"><span style=\"font-size: 24pt;\"><strong>Luka Basi \u2013 koncert ob materinskem dnevu<\/strong><\/span><\/a><\/p>\n<p>Luka in ekipa obljubljajo nepozabno do\u017eivetje v \u010dudoviti atmosferi koncertne dvorane LENDAVA. \u0160tevilo vstopnic je MO\u010cNO OMEJENO. Pvih 50 vstopnic po NAJNI\u017dJI CENI! Mame, hvala, ker ste! \u2764\ufe0f<\/p>\n<p><i class=\"fas fa-ticket-alt\"><\/i> Vstopnina: <strong>22,90 \u20ac<\/strong><br \/>\n<i class=\"fas fa-info-circle\"><\/i> Vstopnice se lahko kupijo na <a href=\"https:\/\/lukabasi.com\/izdelek\/luka-basi-ob-materinskem-dnevu-31-3-2023-lendava-2\/\">lukabasi.com<\/a> ter na blagajni GKD Lendava (<i class=\"fas fa-phone\"><\/i> 02 577 60 24)<\/p>\n<p><span style=\"font-size: 10pt;\">Organizator: <a href=\"https:\/\/lukabasi.com\/\">BaLu Music d.o.o.<\/a><br \/>\n<\/span><\/p>\n<\/td>\n<\/tr>\n<\/tbody>\n<\/table>\n<p style=\"text-align: center;\"><span style=\"font-size: 10pt;\">Organizatorji si pridr\u017eujejo pravico do spremembe programa.<\/span><\/p>\n","protected":false},"excerpt":{"rendered":"<p>Leto 2023: januar | februar | marec | april | maj | junij | julij | avgust | september | oktober | november | december | ARHIV LEGENDA SIMBOLOV Slovenski abonma Mad\u017earski abonma Zaklju\u010dena prireditev Brezpla\u010dna prireditev Pla\u010dljiva prireditev Novost, sprememba DAN PRIREDITEV 1. sreda Avla Gledali\u0161ke in koncertne dvorane Lendava fotografska razstava Natura morta [&hellip;]<\/p>\n","protected":false},"author":2,"featured_media":0,"parent":0,"menu_order":0,"comment_status":"closed","ping_status":"closed","template":"","meta":{"footnotes":""},"class_list":["post-11430","page","type-page","status-publish","hentry","post"],"_links":{"self":[{"href":"https:\/\/www1.kkl.si\/sl\/wp-json\/wp\/v2\/pages\/11430","targetHints":{"allow":["GET"]}}],"collection":[{"href":"https:\/\/www1.kkl.si\/sl\/wp-json\/wp\/v2\/pages"}],"about":[{"href":"https:\/\/www1.kkl.si\/sl\/wp-json\/wp\/v2\/types\/page"}],"author":[{"embeddable":true,"href":"https:\/\/www1.kkl.si\/sl\/wp-json\/wp\/v2\/users\/2"}],"replies":[{"embeddable":true,"href":"https:\/\/www1.kkl.si\/sl\/wp-json\/wp\/v2\/comments?post=11430"}],"version-history":[{"count":51,"href":"https:\/\/www1.kkl.si\/sl\/wp-json\/wp\/v2\/pages\/11430\/revisions"}],"predecessor-version":[{"id":15413,"href":"https:\/\/www1.kkl.si\/sl\/wp-json\/wp\/v2\/pages\/11430\/revisions\/15413"}],"wp:attachment":[{"href":"https:\/\/www1.kkl.si\/sl\/wp-json\/wp\/v2\/media?parent=11430"}],"curies":[{"name":"wp","href":"https:\/\/api.w.org\/{rel}","templated":true}]}}