{"id":11496,"date":"2023-02-09T16:15:08","date_gmt":"2023-02-09T15:15:08","guid":{"rendered":"https:\/\/www1.kkl.si\/?page_id=11496"},"modified":"2023-02-09T16:15:08","modified_gmt":"2023-02-09T15:15:08","slug":"daniel-pavlic-potresne-kronike","status":"publish","type":"page","link":"https:\/\/www1.kkl.si\/sl\/daniel-pavlic-potresne-kronike\/","title":{"rendered":"Daniel Pavli\u0107: Potresne kronike"},"content":{"rendered":"<div class=\"opis\"><i class=\"fas fa-clock\"><\/i> <strong>ponedeljek, 13. februar 2023, ob 18.00<\/strong> | Gledali\u0161ka in koncertna dvorana Lendava<img loading=\"lazy\" decoding=\"async\" class=\"wp-image-1587 alignright\" title=\"Brezpla\u010dna prireditev\" src=\"https:\/\/www1.kkl.si\/wp-content\/uploads\/2020\/07\/spored_simb_brezplacna-1.svg\" alt=\"brezplacna\" width=\"30\" height=\"30\" srcset=\"https:\/\/www1.kkl.si\/wp-content\/uploads\/\/2020\/07\/spored_simb_brezplacna-1.svg 150w, https:\/\/www1.kkl.si\/wp-content\/uploads\/\/2020\/07\/spored_simb_brezplacna-1.svg 400w, https:\/\/www1.kkl.si\/wp-content\/uploads\/\/2020\/07\/spored_simb_brezplacna-1.svg 1500w, https:\/\/www1.kkl.si\/wp-content\/uploads\/\/2020\/07\/spored_simb_brezplacna-1.svg 100w\" sizes=\"auto, (max-width: 30px) 100vw, 30px\" \/><br \/>\n<i class=\"fas fa-chevron-circle-right\"><\/i>\u00a0<strong>razstava fotografij in predstavitev knjige<br \/>\n<\/strong>Organizator: <a href=\"https:\/\/www.facebook.com\/hkdpomurje\/\">Hrva\u0161ko kulturno dru\u0161tvo Pomurje<\/a><\/div>\n<p>Spo\u0161tovani,<\/p>\n<p>Vabimo vas na razstavo fotografij in predstavitev knjige POTRESNE KRONIKE Daniela Pavli\u0107a.<\/p>\n<p>Kot humanitarni delavec je Daniel Pavli\u0107 obiskal obmo\u010dje Banije, ki ga je prizadel nedavni ru\u0161ilni potres.<br \/>\nZdaj je izdal knjigo o teh pretresljivih izku\u0161njah.<\/p>\n<p><em>Vljudno vabljeni &#8211; vstop je prost<\/em><\/p>\n<p><a href=\"https:\/\/www1.kkl.si\/wp-content\/uploads\/2023\/02\/potresne_kronike_2023_plakat.jpg\" data-lbwps-width=\"1417\" data-lbwps-height=\"1984\" data-lbwps-srcsmall=\"https:\/\/www1.kkl.si\/wp-content\/uploads\/2023\/02\/potresne_kronike_2023_plakat-286x400.jpg\"><img loading=\"lazy\" decoding=\"async\" class=\"alignnone size-large wp-image-11490\" src=\"https:\/\/www1.kkl.si\/wp-content\/uploads\/2023\/02\/potresne_kronike_2023_plakat-1071x1500.jpg\" alt=\"\" width=\"1071\" height=\"1500\" srcset=\"https:\/\/www1.kkl.si\/wp-content\/uploads\/2023\/02\/potresne_kronike_2023_plakat-1071x1500.jpg 1071w, https:\/\/www1.kkl.si\/wp-content\/uploads\/2023\/02\/potresne_kronike_2023_plakat-286x400.jpg 286w, https:\/\/www1.kkl.si\/wp-content\/uploads\/2023\/02\/potresne_kronike_2023_plakat.jpg 1417w\" sizes=\"auto, (max-width: 1071px) 100vw, 1071px\" \/><\/a><\/p>\n<p>&nbsp;<\/p>\n","protected":false},"excerpt":{"rendered":"<p>ponedeljek, 13. februar 2023, ob 18.00 | Gledali\u0161ka in koncertna dvorana Lendava \u00a0razstava fotografij in predstavitev knjige Organizator: Hrva\u0161ko kulturno dru\u0161tvo Pomurje Spo\u0161tovani, Vabimo vas na razstavo fotografij in predstavitev knjige POTRESNE KRONIKE Daniela Pavli\u0107a. Kot humanitarni delavec je Daniel Pavli\u0107 obiskal obmo\u010dje Banije, ki ga je prizadel nedavni ru\u0161ilni potres. Zdaj je izdal knjigo [&hellip;]<\/p>\n","protected":false},"author":2,"featured_media":11490,"parent":0,"menu_order":0,"comment_status":"closed","ping_status":"closed","template":"","meta":{"footnotes":""},"class_list":["post-11496","page","type-page","status-publish","has-post-thumbnail","hentry","post","post-with-thumbnail","post-with-thumbnail-icon"],"_links":{"self":[{"href":"https:\/\/www1.kkl.si\/sl\/wp-json\/wp\/v2\/pages\/11496","targetHints":{"allow":["GET"]}}],"collection":[{"href":"https:\/\/www1.kkl.si\/sl\/wp-json\/wp\/v2\/pages"}],"about":[{"href":"https:\/\/www1.kkl.si\/sl\/wp-json\/wp\/v2\/types\/page"}],"author":[{"embeddable":true,"href":"https:\/\/www1.kkl.si\/sl\/wp-json\/wp\/v2\/users\/2"}],"replies":[{"embeddable":true,"href":"https:\/\/www1.kkl.si\/sl\/wp-json\/wp\/v2\/comments?post=11496"}],"version-history":[{"count":1,"href":"https:\/\/www1.kkl.si\/sl\/wp-json\/wp\/v2\/pages\/11496\/revisions"}],"predecessor-version":[{"id":11497,"href":"https:\/\/www1.kkl.si\/sl\/wp-json\/wp\/v2\/pages\/11496\/revisions\/11497"}],"wp:featuredmedia":[{"embeddable":true,"href":"https:\/\/www1.kkl.si\/sl\/wp-json\/wp\/v2\/media\/11490"}],"wp:attachment":[{"href":"https:\/\/www1.kkl.si\/sl\/wp-json\/wp\/v2\/media?parent=11496"}],"curies":[{"name":"wp","href":"https:\/\/api.w.org\/{rel}","templated":true}]}}