{"id":11876,"date":"2023-03-23T12:43:40","date_gmt":"2023-03-23T11:43:40","guid":{"rendered":"https:\/\/www1.kkl.si\/?page_id=11876"},"modified":"2023-03-24T11:58:36","modified_gmt":"2023-03-24T10:58:36","slug":"ob-svetovnem-dnevu-gledalisca-zavod-kuskus-zvocna-kuhna","status":"publish","type":"page","link":"https:\/\/www1.kkl.si\/sl\/ob-svetovnem-dnevu-gledalisca-zavod-kuskus-zvocna-kuhna\/","title":{"rendered":"OB SVETOVNEM DNEVU GLEDALI\u0160\u010cA \u2013 Zavod Kuskus: Zvo\u010dna kuhna"},"content":{"rendered":"<div class=\"opis\"><i class=\"fas fa-clock\"><\/i> <strong>ponedeljek, 27. 3. 2023, ob 11.00<\/strong> | Gledali\u0161ka in koncertna dvorana Lendava<img loading=\"lazy\" decoding=\"async\" class=\"alignright\" title=\"Zaklju\u010dena prireditev\" src=\"https:\/\/www1.kkl.si\/wp-content\/uploads\/2020\/07\/spored_simb_zakljucena-1.svg\" alt=\"zakljucena\" width=\"30\" height=\"30\" \/><br \/>\n<i class=\"fas fa-chevron-circle-right\"><\/i> <strong><strong><strong>otro\u0161ka predstava za zaklju\u010deno skupino<\/strong><\/strong><\/strong><strong><br \/>\n<\/strong>Organizator: <a href=\"https:\/\/www.kkl.si\/\">Knji\u017enica \u2013 Kulturni center Lendava \u2013 Lendvai K\u00f6nyvt\u00e1r \u00e9s Kultur\u00e1lis K\u00f6zpont<\/a><\/div>\n<div id=\"attachment_10628\" style=\"width: 1510px\" class=\"wp-caption alignnone\"><a href=\"https:\/\/www1.kkl.si\/wp-content\/uploads\/2022\/12\/zvocna_kuhna04_photo_Aljaz_Sedovsek.jpg\" data-lbwps-width=\"2000\" data-lbwps-height=\"1333\" data-lbwps-srcsmall=\"https:\/\/www1.kkl.si\/wp-content\/uploads\/2022\/12\/zvocna_kuhna04_photo_Aljaz_Sedovsek-400x267.jpg\"><img loading=\"lazy\" decoding=\"async\" aria-describedby=\"caption-attachment-10628\" class=\"wp-image-10628 size-large\" src=\"https:\/\/www1.kkl.si\/wp-content\/uploads\/2022\/12\/zvocna_kuhna04_photo_Aljaz_Sedovsek-1500x1000.jpg\" alt=\"\" width=\"1500\" height=\"1000\" srcset=\"https:\/\/www1.kkl.si\/wp-content\/uploads\/2022\/12\/zvocna_kuhna04_photo_Aljaz_Sedovsek-1500x1000.jpg 1500w, https:\/\/www1.kkl.si\/wp-content\/uploads\/2022\/12\/zvocna_kuhna04_photo_Aljaz_Sedovsek-400x267.jpg 400w, https:\/\/www1.kkl.si\/wp-content\/uploads\/2022\/12\/zvocna_kuhna04_photo_Aljaz_Sedovsek.jpg 2000w\" sizes=\"auto, (max-width: 1500px) 100vw, 1500px\" \/><\/a><p id=\"caption-attachment-10628\" class=\"wp-caption-text\">Foto: Alja\u017e Sedov\u0161ek<\/p><\/div>\n<p><i>Zvo\u010dna kuhna je interaktivni zvo\u010dni performans za otroke nad 5 let in odrasle. V njej ne kuhamo hrane, temve\u010d zvoke.\u2028<\/i><\/p>\n<p>Idejna zasnova in glasba: <b>Peter Kus<\/b><br \/>\nRe\u017eija: <b>Peter Kus, Miha Arh<\/b><br \/>\nKrompirjev song: <b>Bo\u0161tjan Gorenc Pi\u017eama<\/b><\/p>\n<p>Nastopa: <b>Peter Kus<\/b><\/p>\n<p>Produkcija: <b>Kuskus<\/b><br \/>\nPartner: <b>Hi\u0161a otrok in ume<\/b><b>tnosti<\/b><\/p>\n<p><i>Projekt je nastal s podporo MOL in Ministrstva za kulturo RS.<\/i><\/p>\n<p><i>Predstava traja 50 minut in je primerna za starost 5\u201311 let.<\/i><\/p>\n<p><strong>O PREDSTAVI<\/strong><\/p>\n<p>Ideja predstave je ustvariti okolje, v katerem avtor povezuje izku\u0161nje svojih prej\u0161njih projektov \u2013 <em>zvo\u010dnih predstav<\/em>, v katerih je gledalca postavil v polo\u017eaj, da \u201dgleda\u201d na gledali\u0161kem odru uprizorjen zvok in <em>interaktivnih razstav<\/em>, v katerih je gledalcem omogo\u010dil, da se razstavljenih instrumentov oz. zvoka \u201ddotaknejo\u201d. V predstavi se posve\u010da prepletanju razli\u010dnih vlog in na\u010dinov zaznavanja gledalca predstave, obiskovalca razstave in poslu\u0161alca koncerta. Projekt je tako zasnovan kot me\u0161anica <em>gledali\u0161ko-lutkovne predstave<\/em> in <em>delavnice izdelovanja in\u0161trumentov<\/em>. Avtor v predstavi omogo\u010da gledalcem, da v dolo\u010denih delih z igranjem na razli\u010dna zvo\u010dila tudi sami aktivno pose\u017eejo v dogajanje.Predstavo tako ne le gledajo\/poslu\u0161ajo, temve\u010d v njej tudi sodelujejo in imajo z njo neposreden, fizi\u010den stik.<\/p>\n<p>Okvirna tema predstave <em>Zvo\u010dna kuhna <\/em>je <strong>sinestezija<\/strong>, povezava sluha z drugimi ob\u010dutki, predvsem z okusom. Predstava vzpostavlja povezave med glasbo in gastronomijo, ki so prisotna v na\u0161ih \u017eivljenjih in kulturi, ter jih povzema v multisenzorialni gledali\u0161ki izku\u0161nji.<\/p>\n\n\t\t<style type=\"text\/css\">\n\t\t\t#gallery-1 {\n\t\t\t\tmargin: auto;\n\t\t\t}\n\t\t\t#gallery-1 .gallery-item {\n\t\t\t\tfloat: left;\n\t\t\t\tmargin-top: 10px;\n\t\t\t\ttext-align: center;\n\t\t\t\twidth: 25%;\n\t\t\t}\n\t\t\t#gallery-1 img {\n\t\t\t\tborder: 2px solid #cfcfcf;\n\t\t\t}\n\t\t\t#gallery-1 .gallery-caption {\n\t\t\t\tmargin-left: 0;\n\t\t\t}\n\t\t\t\/* see gallery_shortcode() in wp-includes\/media.php *\/\n\t\t<\/style>\n\t\t<div id='gallery-1' class='gallery galleryid-11876 gallery-columns-4 gallery-size-thumbnail'><dl class='gallery-item'>\n\t\t\t<dt class='gallery-icon landscape'>\n\t\t\t\t<a href='https:\/\/www1.kkl.si\/wp-content\/uploads\/2022\/12\/zvocna_kuhna03_photo_Aljaz_Sedovsek.jpg'><img loading=\"lazy\" decoding=\"async\" width=\"150\" height=\"150\" src=\"https:\/\/www1.kkl.si\/wp-content\/uploads\/2022\/12\/zvocna_kuhna03_photo_Aljaz_Sedovsek-150x150.jpg\" class=\"attachment-thumbnail size-thumbnail\" alt=\"\" \/><\/a>\n\t\t\t<\/dt><\/dl><dl class='gallery-item'>\n\t\t\t<dt class='gallery-icon landscape'>\n\t\t\t\t<a href='https:\/\/www1.kkl.si\/wp-content\/uploads\/2022\/12\/zvocna_kuhna02_photo_Aljaz_Sedovsek.jpg'><img loading=\"lazy\" decoding=\"async\" width=\"150\" height=\"150\" src=\"https:\/\/www1.kkl.si\/wp-content\/uploads\/2022\/12\/zvocna_kuhna02_photo_Aljaz_Sedovsek-150x150.jpg\" class=\"attachment-thumbnail size-thumbnail\" alt=\"\" \/><\/a>\n\t\t\t<\/dt><\/dl><dl class='gallery-item'>\n\t\t\t<dt class='gallery-icon landscape'>\n\t\t\t\t<a href='https:\/\/www1.kkl.si\/wp-content\/uploads\/2022\/12\/zvocna_kuhna01_photo_Aljaz_Sedovsek.jpg'><img loading=\"lazy\" decoding=\"async\" width=\"150\" height=\"150\" src=\"https:\/\/www1.kkl.si\/wp-content\/uploads\/2022\/12\/zvocna_kuhna01_photo_Aljaz_Sedovsek-150x150.jpg\" class=\"attachment-thumbnail size-thumbnail\" alt=\"\" \/><\/a>\n\t\t\t<\/dt><\/dl><dl class='gallery-item'>\n\t\t\t<dt class='gallery-icon landscape'>\n\t\t\t\t<a href='https:\/\/www1.kkl.si\/wp-content\/uploads\/2022\/12\/zvocna_kuhna05_photo_Aljaz_Sedovsek.jpg'><img loading=\"lazy\" decoding=\"async\" width=\"150\" height=\"150\" src=\"https:\/\/www1.kkl.si\/wp-content\/uploads\/2022\/12\/zvocna_kuhna05_photo_Aljaz_Sedovsek-150x150.jpg\" class=\"attachment-thumbnail size-thumbnail\" alt=\"\" \/><\/a>\n\t\t\t<\/dt><\/dl><br style=\"clear: both\" \/>\n\t\t<\/div>\n\n<p style=\"text-align: center;\"><span style=\"font-size: 10pt;\">Foto: Alja\u017e Sedov\u0161ek<\/span><\/p>\n<hr \/>\n<p><strong>ZGODBA<\/strong><\/p>\n<p>Dogajanje je ume\u0161\u010deno v kuhinjo, kamor so obiskovalci povabljeni kot gostje. Toda kuharski mojster je izgubil okus. Kako naj potem pripravlja hrano? Odkrije, da bi si lahko ob\u010dutek oku\u0161anja nadomestil z ustvarjanjem in poslu\u0161anjem zvokov. \u010ce dela glasbo, je to tako, kot da bi pripravljal in oku\u0161al hrano. Zato iz kuharja postane glasbenik in skladatelj, ki zdaj z enako strastjo \u201dkuha\u201d zvoke, u\u017eiva v njihovih neskon\u010dnih kombinacijah in se slasti v zvo\u010dni ekstazi. Njegova usta so postala u\u0161esa.<\/p>\n<p>Predstava sledi zaporedju in dramaturgiji bogatega zvo\u010dnega kosila in se kon\u010da z delavnico, na kateri se obiskovalci v kuhanju nekaterih zvo\u010dnih jedi preizkusijo \u0161e sami.<\/p>\n<p>VIDEO<\/p>\n<p><iframe loading=\"lazy\" src=\"\/\/www.youtube.com\/embed\/0y2gwrJ-TCQ\" width=\"560\" height=\"314\" allowfullscreen=\"allowfullscreen\"><\/iframe><\/p>\n<hr \/>\n<p><i class=\"fas fa-link\"><\/i> <a href=\"https:\/\/peterkus.net\/si\/projects\/zvocna-kuhna\/\">https:\/\/peterkus.net\/si\/projects\/zvocna-kuhna\/<\/a><\/p>\n","protected":false},"excerpt":{"rendered":"<p>ponedeljek, 27. 3. 2023, ob 11.00 | Gledali\u0161ka in koncertna dvorana Lendava otro\u0161ka predstava za zaklju\u010deno skupino Organizator: Knji\u017enica \u2013 Kulturni center Lendava \u2013 Lendvai K\u00f6nyvt\u00e1r \u00e9s Kultur\u00e1lis K\u00f6zpont Zvo\u010dna kuhna je interaktivni zvo\u010dni performans za otroke nad 5 let in odrasle. V njej ne kuhamo hrane, temve\u010d zvoke.\u2028 Idejna zasnova in glasba: Peter Kus [&hellip;]<\/p>\n","protected":false},"author":2,"featured_media":10628,"parent":0,"menu_order":0,"comment_status":"closed","ping_status":"closed","template":"","meta":{"footnotes":""},"class_list":["post-11876","page","type-page","status-publish","has-post-thumbnail","hentry","post","post-with-thumbnail","post-with-thumbnail-icon"],"_links":{"self":[{"href":"https:\/\/www1.kkl.si\/sl\/wp-json\/wp\/v2\/pages\/11876","targetHints":{"allow":["GET"]}}],"collection":[{"href":"https:\/\/www1.kkl.si\/sl\/wp-json\/wp\/v2\/pages"}],"about":[{"href":"https:\/\/www1.kkl.si\/sl\/wp-json\/wp\/v2\/types\/page"}],"author":[{"embeddable":true,"href":"https:\/\/www1.kkl.si\/sl\/wp-json\/wp\/v2\/users\/2"}],"replies":[{"embeddable":true,"href":"https:\/\/www1.kkl.si\/sl\/wp-json\/wp\/v2\/comments?post=11876"}],"version-history":[{"count":3,"href":"https:\/\/www1.kkl.si\/sl\/wp-json\/wp\/v2\/pages\/11876\/revisions"}],"predecessor-version":[{"id":11901,"href":"https:\/\/www1.kkl.si\/sl\/wp-json\/wp\/v2\/pages\/11876\/revisions\/11901"}],"wp:featuredmedia":[{"embeddable":true,"href":"https:\/\/www1.kkl.si\/sl\/wp-json\/wp\/v2\/media\/10628"}],"wp:attachment":[{"href":"https:\/\/www1.kkl.si\/sl\/wp-json\/wp\/v2\/media?parent=11876"}],"curies":[{"name":"wp","href":"https:\/\/api.w.org\/{rel}","templated":true}]}}