{"id":11883,"date":"2023-03-23T17:47:04","date_gmt":"2023-03-23T16:47:04","guid":{"rendered":"https:\/\/www1.kkl.si\/?page_id=11883"},"modified":"2023-03-23T17:47:04","modified_gmt":"2023-03-23T16:47:04","slug":"luka-basi-koncert-ob-materinskem-dnevu","status":"publish","type":"page","link":"https:\/\/www1.kkl.si\/sl\/luka-basi-koncert-ob-materinskem-dnevu\/","title":{"rendered":"Luka Basi \u2013 koncert ob materinskem dnevu"},"content":{"rendered":"<div class=\"opis\"><i class=\"fas fa-clock\"><\/i> <strong>petek, 31. marec 2023, ob 20.00<\/strong> | Gledali\u0161ka in koncertna dvorana Lendava<img loading=\"lazy\" decoding=\"async\" class=\"alignright\" title=\"Pla\u010dljiva prireditev\" src=\"https:\/\/www1.kkl.si\/wp-content\/uploads\/\/2020\/07\/spored_simb_placljiva-1.svg\" alt=\"placljiva\" width=\"30\" height=\"30\" \/><br \/>\n<i class=\"fas fa-chevron-circle-right\"><\/i> <strong>koncert<br \/>\n<\/strong><i class=\"fas fa-ticket-alt\"><\/i> Vstopnina: <strong>22,90 \u20ac<\/strong><br \/>\n<i class=\"fas fa-info-circle\"><\/i> Vstopnice se lahko kupijo na <a href=\"https:\/\/lukabasi.com\/izdelek\/luka-basi-ob-materinskem-dnevu-31-3-2023-lendava-2\/\">lukabasi.com<\/a> ter na blagajni GKD Lendava ( 02 577 60 24)<br \/>\nOrganizator: <a href=\"https:\/\/lukabasi.com\/\">BaLu Music d.o.o.<\/a><\/div>\n<p><a href=\"https:\/\/www1.kkl.si\/wp-content\/uploads\/2023\/03\/Luka-Basi-_naslovna.jpg\" data-lbwps-width=\"2127\" data-lbwps-height=\"941\" data-lbwps-srcsmall=\"https:\/\/www1.kkl.si\/wp-content\/uploads\/2023\/03\/Luka-Basi-_naslovna-400x177.jpg\"><img loading=\"lazy\" decoding=\"async\" class=\"alignnone size-large wp-image-11884\" src=\"https:\/\/www1.kkl.si\/wp-content\/uploads\/2023\/03\/Luka-Basi-_naslovna-1500x664.jpg\" alt=\"\" width=\"1500\" height=\"664\" srcset=\"https:\/\/www1.kkl.si\/wp-content\/uploads\/2023\/03\/Luka-Basi-_naslovna-1500x664.jpg 1500w, https:\/\/www1.kkl.si\/wp-content\/uploads\/2023\/03\/Luka-Basi-_naslovna-400x177.jpg 400w\" sizes=\"auto, (max-width: 1500px) 100vw, 1500px\" \/><\/a><\/p>\n<p>Luka in ekipa obljubljajo nepozabno do\u017eivetje v \u010dudoviti atmosferi koncertne dvorane LENDAVA. \u0160tevilo vstopnic je MO\u010cNO OMEJENO. Pvih 50 vstopnic po NAJNI\u017dJI CENI! Mame, hvala, ker ste! \u2764\ufe0f<\/p>\n<p><a href=\"https:\/\/www1.kkl.si\/wp-content\/uploads\/2023\/03\/LUKA-BASI-KONCERT-OB-MATERINSKEM-DNEVU.jpg\" data-lbwps-width=\"1500\" data-lbwps-height=\"844\" data-lbwps-srcsmall=\"https:\/\/www1.kkl.si\/wp-content\/uploads\/2023\/03\/LUKA-BASI-KONCERT-OB-MATERINSKEM-DNEVU-400x225.jpg\"><img loading=\"lazy\" decoding=\"async\" class=\"alignnone wp-image-11835 size-large\" src=\"https:\/\/www1.kkl.si\/wp-content\/uploads\/2023\/03\/LUKA-BASI-KONCERT-OB-MATERINSKEM-DNEVU-1500x844.jpg\" alt=\"\" width=\"1500\" height=\"844\" srcset=\"https:\/\/www1.kkl.si\/wp-content\/uploads\/2023\/03\/LUKA-BASI-KONCERT-OB-MATERINSKEM-DNEVU.jpg 1500w, https:\/\/www1.kkl.si\/wp-content\/uploads\/2023\/03\/LUKA-BASI-KONCERT-OB-MATERINSKEM-DNEVU-400x225.jpg 400w\" sizes=\"auto, (max-width: 1500px) 100vw, 1500px\" \/><\/a><\/p>\n<p>Luka Basi je slovenski pevec in tekstopisec. Znan je predvsem po svojih osrednjih uspe\u0161nicah: <em>Istrijanko ru\u017eo moja<\/em>, <em>Meta<\/em>, <em>Taxi<\/em>, <em>Sedam no\u0107i<\/em>, <em>Seko moja<\/em> in <em>Kad vidin boga u\u017eivo<\/em> ter po sodelovanju z Jo\u0161kom \u010cagaljem &#8211; Joletom, Lidijo Ba\u010di\u0107, Lano Jur\u010devi\u0107, Markom \u0160kugorjem, in Ljubavnici.<\/p>\n<p><iframe loading=\"lazy\" src=\"\/\/www.youtube.com\/embed\/Be__9E3lh90\" width=\"560\" height=\"314\" allowfullscreen=\"allowfullscreen\"><\/iframe><\/p>\n<p><i class=\"fas fa-link\"><\/i> <a href=\"https:\/\/lukabasi.com\/\">https:\/\/lukabasi.com\/<\/a><\/p>\n","protected":false},"excerpt":{"rendered":"<p>petek, 31. marec 2023, ob 20.00 | Gledali\u0161ka in koncertna dvorana Lendava koncert Vstopnina: 22,90 \u20ac Vstopnice se lahko kupijo na lukabasi.com ter na blagajni GKD Lendava ( 02 577 60 24) Organizator: BaLu Music d.o.o. Luka in ekipa obljubljajo nepozabno do\u017eivetje v \u010dudoviti atmosferi koncertne dvorane LENDAVA. \u0160tevilo vstopnic je MO\u010cNO OMEJENO. Pvih 50 [&hellip;]<\/p>\n","protected":false},"author":2,"featured_media":11884,"parent":0,"menu_order":0,"comment_status":"closed","ping_status":"closed","template":"","meta":{"footnotes":""},"class_list":["post-11883","page","type-page","status-publish","has-post-thumbnail","hentry","post","post-with-thumbnail","post-with-thumbnail-icon"],"_links":{"self":[{"href":"https:\/\/www1.kkl.si\/sl\/wp-json\/wp\/v2\/pages\/11883","targetHints":{"allow":["GET"]}}],"collection":[{"href":"https:\/\/www1.kkl.si\/sl\/wp-json\/wp\/v2\/pages"}],"about":[{"href":"https:\/\/www1.kkl.si\/sl\/wp-json\/wp\/v2\/types\/page"}],"author":[{"embeddable":true,"href":"https:\/\/www1.kkl.si\/sl\/wp-json\/wp\/v2\/users\/2"}],"replies":[{"embeddable":true,"href":"https:\/\/www1.kkl.si\/sl\/wp-json\/wp\/v2\/comments?post=11883"}],"version-history":[{"count":1,"href":"https:\/\/www1.kkl.si\/sl\/wp-json\/wp\/v2\/pages\/11883\/revisions"}],"predecessor-version":[{"id":11886,"href":"https:\/\/www1.kkl.si\/sl\/wp-json\/wp\/v2\/pages\/11883\/revisions\/11886"}],"wp:featuredmedia":[{"embeddable":true,"href":"https:\/\/www1.kkl.si\/sl\/wp-json\/wp\/v2\/media\/11884"}],"wp:attachment":[{"href":"https:\/\/www1.kkl.si\/sl\/wp-json\/wp\/v2\/media?parent=11883"}],"curies":[{"name":"wp","href":"https:\/\/api.w.org\/{rel}","templated":true}]}}