{"id":12209,"date":"2023-04-21T11:58:05","date_gmt":"2023-04-21T09:58:05","guid":{"rendered":"https:\/\/www1.kkl.si\/?page_id=12209"},"modified":"2023-04-21T11:58:05","modified_gmt":"2023-04-21T09:58:05","slug":"slovensko-narodno-gledalisce-maribor-popolni-tujci","status":"publish","type":"page","link":"https:\/\/www1.kkl.si\/sl\/slovensko-narodno-gledalisce-maribor-popolni-tujci\/","title":{"rendered":"Slovensko narodno gledali\u0161\u010de Maribor: Popolni tujci"},"content":{"rendered":"<div class=\"opis\"><i class=\"fas fa-clock\"><\/i> <strong>torek, 16. maj 2023, ob 19.00<\/strong> | Gledali\u0161ka in koncertna dvorana Lendava<img loading=\"lazy\" decoding=\"async\" class=\"alignright\" title=\"Slovenski abonma\" src=\"https:\/\/www1.kkl.si\/wp-content\/uploads\/2020\/07\/spored_simb_abonma_si-1.svg\" alt=\"abonma_si\" width=\"30\" height=\"30\" \/><img loading=\"lazy\" decoding=\"async\" class=\"alignright\" title=\"Pla\u010dljiva prireditev\" src=\"https:\/\/www1.kkl.si\/wp-content\/uploads\/\/2020\/07\/spored_simb_placljiva-1.svg\" alt=\"placljiva\" width=\"30\" height=\"30\" \/><br \/>\n<i class=\"fas fa-chevron-circle-right\"><\/i> <strong>komi\u010dna drama<br \/>\n<\/strong><i class=\"fas fa-ticket-alt\"><\/i> Vstopnina: <strong>15 \u20ac<\/strong><br \/>\nOrganizator: <a href=\"https:\/\/www.kkl.si\/\">Knji\u017enica \u2013 Kulturni center Lendava \u2013 Lendvai K\u00f6nyvt\u00e1r \u00e9s Kultur\u00e1lis K\u00f6zpont<\/a><\/div>\n<p><a href=\"https:\/\/www1.kkl.si\/wp-content\/uploads\/2023\/04\/plakat_B1_popolni_tujci_2023_dvoj-1.jpg\" data-lbwps-width=\"2100\" data-lbwps-height=\"3000\" data-lbwps-srcsmall=\"https:\/\/www1.kkl.si\/wp-content\/uploads\/2023\/04\/plakat_B1_popolni_tujci_2023_dvoj-1.jpg\"><img loading=\"lazy\" decoding=\"async\" class=\"slika alignright wp-image-12210 size-medium\" src=\"https:\/\/www1.kkl.si\/wp-content\/uploads\/2023\/04\/plakat_B1_popolni_tujci_2023_dvoj-1-scaled-280x400.jpg\" alt=\"\" width=\"280\" height=\"400\" srcset=\"https:\/\/www1.kkl.si\/wp-content\/uploads\/2023\/04\/plakat_B1_popolni_tujci_2023_dvoj-1-scaled-280x400.jpg 280w, https:\/\/www1.kkl.si\/wp-content\/uploads\/2023\/04\/plakat_B1_popolni_tujci_2023_dvoj-1-scaled-1050x1500.jpg 1050w, https:\/\/www1.kkl.si\/wp-content\/uploads\/2023\/04\/plakat_B1_popolni_tujci_2023_dvoj-1-scaled.jpg 1792w\" sizes=\"auto, (max-width: 280px) 100vw, 280px\" \/><\/a>Trajanje:<em> 85 minut (1 ura in 25 minut), brez odmora<\/em><\/p>\n<p><strong>Zasedba<\/strong><\/p>\n<p>Ma\u0161a \u017dilavec \u2013 Eva, njegova \u017eena<br \/>\nGorazd \u017dilavec \u2013 Aleksander<br \/>\nMateja Pucko \u2013 Marta, njegova \u017eena<br \/>\nNejc Ropret \u2013 Danijel<br \/>\nAna Urbanc \u2013 Blanka, njegova \u017eena<br \/>\nEva Kra\u0161 \u2013 Blanka, njegova \u017eena<br \/>\nMatev\u017e Biber \u2013 Filip<\/p>\n<p><strong>Re\u017eiser<\/strong><br \/>\nTamara Damjanovi\u0107<br \/>\n<strong><br \/>\nUstvarjalci<\/strong><br \/>\nprevajalka, lektorica \u2013 Mojca Mari\u010d<br \/>\ndramaturginja \u2013\u00a0Maja Borin<br \/>\nscenograf \u2013 Dar \u2013 Marita \u0106opo<br \/>\navtor animacije \u2013\u00a0Mihael Mahkovic<br \/>\noblikovalec svetlobe \u2013\u00a0Luka Mati\u0107<br \/>\nskladateljica \u2013\u00a0Katarina Rankovi\u0107<\/p>\n<hr \/>\n<h2>Popolni tujci<\/h2>\n<div class=\"opis__desc--txt\">\n<p><em>Komi\u010dna drama o razkrivanju skrivnosti, ujetih v mobilne telefone.<\/em><\/p>\n<p>\u0160tirje dolgoletni prijatelji in njihove najdra\u017eje, z izjemo Filipa, katerega prijateljica je doma oble\u017eala z vro\u010dino, se dru\u017eijo na terasi in opazujejo lunin mrk. Ve\u010der mineva v \u010daru duhovitih zbadljivk, simpati\u010dnih \u0161al in aktualnih pogovorov o dru\u017einskih in intimnih zadevah. Ko tema pogovora nanese na informacije, ki jih skrivajo na\u0161i nepogre\u0161ljivi mobilni telefoni, se zbrana dru\u0161\u010dina juna\u0161ko odlo\u010di, da ni skrivnosti, ki bi jih tajili pred prijateljskim omizjem. Nedol\u017ena igra, da bo vsak od njih klice, SMS-e in MMS-e, ki bodo prihajali med ve\u010derjo, delil z vsemi zbranimi, spro\u017ei sprva zabavne reakcije, a lahkotnost igre se za\u010dne po\u010dasi izgubljati. Skrivnosti, ki bi morale ostati v majhnih glavah pametnih telefonov, spremenijo slike o zakoncih, partnerjih, ljubicah in prijateljih. Ta ve\u010der prav vsak od njih razkrije temno plat, ki jo uspe\u0161no skriva. A poti nazaj ve\u010d ni in nih\u010de ne ve, kam bo nedol\u017ena igra usmerila svoj tok. <span class=\"tidy-word-class-2\">Prvo slovensko uprizoritev\u00a0<em>Popolnih tujcev<\/em><\/span>\u00a0je po motivih istoimenskega izjemno uspe\u0161nega italijanskega filma iz leta 2016 zre\u017eirala perspektivna mlada hrva\u0161ka re\u017eiserka Tamara Damjanovi\u0107.<\/p>\n<\/div>\n<div class=\"opis__desc--txt synopsis-long show\">\n<h4>Nagrade<\/h4>\n<ul>\n<li>\u017dlahtna komedija po izboru strokovne \u017eirije na 29. festivalu Dnevi komedije v Celju, 2021<\/li>\n<li>Mateja Pucko, \u017elahtna komedijantka za vlogo Marte na 29. festivalu Dnevi komedije v Celju, 2021<\/li>\n<li>Gorazd \u017dilavec, \u017elahtni komedijant za vlogo Aleksandra na 29. festivalu Dnevi komedije v Celju, 2021<\/li>\n<\/ul>\n<\/div>\n<hr \/>\n<p>FOTOGALERIJA<\/p>\n\n\t\t<style type=\"text\/css\">\n\t\t\t#gallery-1 {\n\t\t\t\tmargin: auto;\n\t\t\t}\n\t\t\t#gallery-1 .gallery-item {\n\t\t\t\tfloat: left;\n\t\t\t\tmargin-top: 10px;\n\t\t\t\ttext-align: center;\n\t\t\t\twidth: 16%;\n\t\t\t}\n\t\t\t#gallery-1 img {\n\t\t\t\tborder: 2px solid #cfcfcf;\n\t\t\t}\n\t\t\t#gallery-1 .gallery-caption {\n\t\t\t\tmargin-left: 0;\n\t\t\t}\n\t\t\t\/* see gallery_shortcode() in wp-includes\/media.php *\/\n\t\t<\/style>\n\t\t<div id='gallery-1' class='gallery galleryid-12209 gallery-columns-6 gallery-size-thumbnail'><dl class='gallery-item'>\n\t\t\t<dt class='gallery-icon landscape'>\n\t\t\t\t<a href='https:\/\/www1.kkl.si\/wp-content\/uploads\/2023\/04\/popolni_tujci1.jpg'><img loading=\"lazy\" decoding=\"async\" width=\"150\" height=\"150\" src=\"https:\/\/www1.kkl.si\/wp-content\/uploads\/2023\/04\/popolni_tujci1-150x150.jpg\" class=\"attachment-thumbnail size-thumbnail\" alt=\"\" \/><\/a>\n\t\t\t<\/dt><\/dl><dl class='gallery-item'>\n\t\t\t<dt class='gallery-icon landscape'>\n\t\t\t\t<a href='https:\/\/www1.kkl.si\/wp-content\/uploads\/2023\/04\/popolni_tujci2.jpg'><img loading=\"lazy\" decoding=\"async\" width=\"150\" height=\"150\" src=\"https:\/\/www1.kkl.si\/wp-content\/uploads\/2023\/04\/popolni_tujci2-150x150.jpg\" class=\"attachment-thumbnail size-thumbnail\" alt=\"\" \/><\/a>\n\t\t\t<\/dt><\/dl><dl class='gallery-item'>\n\t\t\t<dt class='gallery-icon landscape'>\n\t\t\t\t<a href='https:\/\/www1.kkl.si\/wp-content\/uploads\/2023\/04\/popolni_tujci3.jpg'><img loading=\"lazy\" decoding=\"async\" width=\"150\" height=\"150\" src=\"https:\/\/www1.kkl.si\/wp-content\/uploads\/2023\/04\/popolni_tujci3-150x150.jpg\" class=\"attachment-thumbnail size-thumbnail\" alt=\"\" \/><\/a>\n\t\t\t<\/dt><\/dl><dl class='gallery-item'>\n\t\t\t<dt class='gallery-icon landscape'>\n\t\t\t\t<a href='https:\/\/www1.kkl.si\/wp-content\/uploads\/2023\/04\/popolni_tujci4.jpg'><img loading=\"lazy\" decoding=\"async\" width=\"150\" height=\"150\" src=\"https:\/\/www1.kkl.si\/wp-content\/uploads\/2023\/04\/popolni_tujci4-150x150.jpg\" class=\"attachment-thumbnail size-thumbnail\" alt=\"\" \/><\/a>\n\t\t\t<\/dt><\/dl><dl class='gallery-item'>\n\t\t\t<dt class='gallery-icon landscape'>\n\t\t\t\t<a href='https:\/\/www1.kkl.si\/wp-content\/uploads\/2023\/04\/popolni_tujci5.jpg'><img loading=\"lazy\" decoding=\"async\" width=\"150\" height=\"150\" src=\"https:\/\/www1.kkl.si\/wp-content\/uploads\/2023\/04\/popolni_tujci5-150x150.jpg\" class=\"attachment-thumbnail size-thumbnail\" alt=\"\" \/><\/a>\n\t\t\t<\/dt><\/dl><dl class='gallery-item'>\n\t\t\t<dt class='gallery-icon landscape'>\n\t\t\t\t<a href='https:\/\/www1.kkl.si\/wp-content\/uploads\/2023\/04\/popolni_tujci6.jpg'><img loading=\"lazy\" decoding=\"async\" width=\"150\" height=\"150\" src=\"https:\/\/www1.kkl.si\/wp-content\/uploads\/2023\/04\/popolni_tujci6-150x150.jpg\" class=\"attachment-thumbnail size-thumbnail\" alt=\"\" \/><\/a>\n\t\t\t<\/dt><\/dl><br style=\"clear: both\" \/>\n\t\t<\/div>\n\n<p><span style=\"font-size: 10pt;\">Fotografije: Damjan \u0160varc<br \/>\n<\/span><\/p>\n<hr \/>\n<p><i class=\"fas fa-link\"><\/i> <a href=\"https:\/\/www.sng-mb.si\/event\/popolni-tujci\/\">https:\/\/www.sng-mb.si\/event\/popolni-tujci\/<\/a><\/p>\n","protected":false},"excerpt":{"rendered":"<p>torek, 16. maj 2023, ob 19.00 | Gledali\u0161ka in koncertna dvorana Lendava komi\u010dna drama Vstopnina: 15 \u20ac Organizator: Knji\u017enica \u2013 Kulturni center Lendava \u2013 Lendvai K\u00f6nyvt\u00e1r \u00e9s Kultur\u00e1lis K\u00f6zpont Trajanje: 85 minut (1 ura in 25 minut), brez odmora Zasedba Ma\u0161a \u017dilavec \u2013 Eva, njegova \u017eena Gorazd \u017dilavec \u2013 Aleksander Mateja Pucko \u2013 Marta, njegova [&hellip;]<\/p>\n","protected":false},"author":2,"featured_media":0,"parent":0,"menu_order":0,"comment_status":"closed","ping_status":"closed","template":"","meta":{"footnotes":""},"class_list":["post-12209","page","type-page","status-publish","hentry","post"],"_links":{"self":[{"href":"https:\/\/www1.kkl.si\/sl\/wp-json\/wp\/v2\/pages\/12209","targetHints":{"allow":["GET"]}}],"collection":[{"href":"https:\/\/www1.kkl.si\/sl\/wp-json\/wp\/v2\/pages"}],"about":[{"href":"https:\/\/www1.kkl.si\/sl\/wp-json\/wp\/v2\/types\/page"}],"author":[{"embeddable":true,"href":"https:\/\/www1.kkl.si\/sl\/wp-json\/wp\/v2\/users\/2"}],"replies":[{"embeddable":true,"href":"https:\/\/www1.kkl.si\/sl\/wp-json\/wp\/v2\/comments?post=12209"}],"version-history":[{"count":1,"href":"https:\/\/www1.kkl.si\/sl\/wp-json\/wp\/v2\/pages\/12209\/revisions"}],"predecessor-version":[{"id":12224,"href":"https:\/\/www1.kkl.si\/sl\/wp-json\/wp\/v2\/pages\/12209\/revisions\/12224"}],"wp:attachment":[{"href":"https:\/\/www1.kkl.si\/sl\/wp-json\/wp\/v2\/media?parent=12209"}],"curies":[{"name":"wp","href":"https:\/\/api.w.org\/{rel}","templated":true}]}}