{"id":12233,"date":"2023-04-21T13:41:17","date_gmt":"2023-04-21T11:41:17","guid":{"rendered":"https:\/\/www1.kkl.si\/?page_id=12233"},"modified":"2023-04-21T14:18:16","modified_gmt":"2023-04-21T12:18:16","slug":"roman-sandor-entertainment-fun-fiction","status":"publish","type":"page","link":"https:\/\/www1.kkl.si\/sl\/roman-sandor-entertainment-fun-fiction\/","title":{"rendered":"Rom\u00e1n S\u00e1ndor Entertainment: Fun Fiction"},"content":{"rendered":"<div class=\"opis\"><i class=\"fas fa-clock\"><\/i> <strong><strong>2023. \u00e1prilis<\/strong><\/strong> <strong>26. szerda, 19.00<\/strong> | Gledali\u0161ka in koncertna dvorana Lendava<img loading=\"lazy\" decoding=\"async\" class=\"alignright\" title=\"Mad\u017earski abonma\" src=\"https:\/\/www1.kkl.si\/wp-content\/uploads\/\/2020\/07\/spored_simb_abonma_hu-1.svg\" alt=\"abonma_hu\" width=\"30\" height=\"30\" \/><img loading=\"lazy\" decoding=\"async\" class=\"alignright\" title=\"Pla\u010dljiva prireditev\" src=\"https:\/\/www1.kkl.si\/wp-content\/uploads\/\/2020\/07\/spored_simb_placljiva-1.svg\" alt=\"placljiva\" width=\"30\" height=\"30\" \/><br \/>\n<i class=\"fas fa-chevron-circle-right\"><\/i> <strong>plesna predstava<br \/>\n<\/strong><i class=\"fas fa-ticket-alt\"><\/i> Cena vstopnice: <strong>15 \u20ac<\/strong>, \u0161tudentje in upokojenci: <strong>12 \u20ac<\/strong><br \/>\n<i class=\"fas fa-info-circle\"><\/i> Vstopnice se lahko kupijo od 19. aprila 2023 na blagajni GKD Lendava<br \/>\nOrganizator: <a href=\"https:\/\/www.mnmi-zkmn.si\/\">MNMI-ZKMN<\/a><\/div>\n<p><strong><a href=\"https:\/\/www1.kkl.si\/wp-content\/uploads\/2023\/04\/fun_fiction.jpg\" data-lbwps-width=\"982\" data-lbwps-height=\"1350\" data-lbwps-srcsmall=\"https:\/\/www1.kkl.si\/wp-content\/uploads\/2023\/04\/fun_fiction-291x400.jpg\"><img loading=\"lazy\" decoding=\"async\" class=\"alignright size-medium wp-image-12011\" src=\"https:\/\/www1.kkl.si\/wp-content\/uploads\/2023\/04\/fun_fiction-291x400.jpg\" alt=\"\" width=\"282\" height=\"400\" \/><\/a>Fun Fiction \u2013 predstava Rom\u00e1n S\u00e1ndor Entertainment<\/strong><\/p>\n<p>Plesni koreograf S\u00e1ndor Rom\u00e1n je na novo omislil klasi\u010dno zgodbo in jo prenesel na oder. Glavni lik predstave je umetnik, \u0161armanten in lep playboy s klju\u010dem do vsakega \u017eenskega srca, ki mimogrede v svoji redni slu\u017ebi od bogata\u0161inj odtuji njihove drage dragulje. Vedno je glamurozen, vedno eleganten in vedno korak pred drugimi. In kaj je \u0161e potrebno za popolno zgodbo? Vedno neroden in ponesre\u010den detektiv, ki na svoj na\u010din naredi vse, da kon\u010dno ujame tatu. V najnovej\u0161i predstavi S\u00e1ndorja Romana je ta klasi\u010dna zgodba predstavljena z veliko humorja in obilico vrtoglavega plesa, ki privabi nasmeh na obraze gledalcev tudi v najtemnej\u0161ih dneh.<\/p>\n<p><i class=\"fas fa-link\"><\/i> <a href=\"https:\/\/romansandor.hu\/eloadasok\/\">https:\/\/romansandor.hu\/eloadasok\/<\/a><\/p>\n<hr \/>\n<p>FOTOGALERIJA<\/p>\n\n\t\t<style type=\"text\/css\">\n\t\t\t#gallery-1 {\n\t\t\t\tmargin: auto;\n\t\t\t}\n\t\t\t#gallery-1 .gallery-item {\n\t\t\t\tfloat: left;\n\t\t\t\tmargin-top: 10px;\n\t\t\t\ttext-align: center;\n\t\t\t\twidth: 16%;\n\t\t\t}\n\t\t\t#gallery-1 img {\n\t\t\t\tborder: 2px solid #cfcfcf;\n\t\t\t}\n\t\t\t#gallery-1 .gallery-caption {\n\t\t\t\tmargin-left: 0;\n\t\t\t}\n\t\t\t\/* see gallery_shortcode() in wp-includes\/media.php *\/\n\t\t<\/style>\n\t\t<div id='gallery-1' class='gallery galleryid-12233 gallery-columns-6 gallery-size-thumbnail'><dl class='gallery-item'>\n\t\t\t<dt class='gallery-icon landscape'>\n\t\t\t\t<a href='https:\/\/www1.kkl.si\/wp-content\/uploads\/2023\/04\/fun_fiction_promo2.jpg'><img loading=\"lazy\" decoding=\"async\" width=\"150\" height=\"150\" src=\"https:\/\/www1.kkl.si\/wp-content\/uploads\/2023\/04\/fun_fiction_promo2-150x150.jpg\" class=\"attachment-thumbnail size-thumbnail\" alt=\"\" \/><\/a>\n\t\t\t<\/dt><\/dl><dl class='gallery-item'>\n\t\t\t<dt class='gallery-icon landscape'>\n\t\t\t\t<a href='https:\/\/www1.kkl.si\/wp-content\/uploads\/2023\/04\/fun_fiction_promo3.jpg'><img loading=\"lazy\" decoding=\"async\" width=\"150\" height=\"150\" src=\"https:\/\/www1.kkl.si\/wp-content\/uploads\/2023\/04\/fun_fiction_promo3-150x150.jpg\" class=\"attachment-thumbnail size-thumbnail\" alt=\"\" \/><\/a>\n\t\t\t<\/dt><\/dl><dl class='gallery-item'>\n\t\t\t<dt class='gallery-icon portrait'>\n\t\t\t\t<a href='https:\/\/www1.kkl.si\/wp-content\/uploads\/2023\/04\/fun_fiction_promo4.jpg'><img loading=\"lazy\" decoding=\"async\" width=\"150\" height=\"150\" src=\"https:\/\/www1.kkl.si\/wp-content\/uploads\/2023\/04\/fun_fiction_promo4-150x150.jpg\" class=\"attachment-thumbnail size-thumbnail\" alt=\"\" \/><\/a>\n\t\t\t<\/dt><\/dl><dl class='gallery-item'>\n\t\t\t<dt class='gallery-icon portrait'>\n\t\t\t\t<a href='https:\/\/www1.kkl.si\/wp-content\/uploads\/2023\/04\/fun_fiction_promo5.jpg'><img loading=\"lazy\" decoding=\"async\" width=\"150\" height=\"150\" src=\"https:\/\/www1.kkl.si\/wp-content\/uploads\/2023\/04\/fun_fiction_promo5-150x150.jpg\" class=\"attachment-thumbnail size-thumbnail\" alt=\"\" \/><\/a>\n\t\t\t<\/dt><\/dl><dl class='gallery-item'>\n\t\t\t<dt class='gallery-icon landscape'>\n\t\t\t\t<a href='https:\/\/www1.kkl.si\/wp-content\/uploads\/2023\/04\/fun_fiction_promo6.jpg'><img loading=\"lazy\" decoding=\"async\" width=\"150\" height=\"150\" src=\"https:\/\/www1.kkl.si\/wp-content\/uploads\/2023\/04\/fun_fiction_promo6-150x150.jpg\" class=\"attachment-thumbnail size-thumbnail\" alt=\"\" \/><\/a>\n\t\t\t<\/dt><\/dl><dl class='gallery-item'>\n\t\t\t<dt class='gallery-icon portrait'>\n\t\t\t\t<a href='https:\/\/www1.kkl.si\/wp-content\/uploads\/2023\/04\/fun_fiction_promo7.jpg'><img loading=\"lazy\" decoding=\"async\" width=\"150\" height=\"150\" src=\"https:\/\/www1.kkl.si\/wp-content\/uploads\/2023\/04\/fun_fiction_promo7-150x150.jpg\" class=\"attachment-thumbnail size-thumbnail\" alt=\"\" \/><\/a>\n\t\t\t<\/dt><\/dl><br style=\"clear: both\" \/>\n\t\t<\/div>\n\n<p>&nbsp;<\/p>\n<hr \/>\n<p>VIDEO<\/p>\n<p><iframe loading=\"lazy\" src=\"\/\/www.youtube.com\/embed\/luIK0xVaM4Y\" width=\"560\" height=\"314\" allowfullscreen=\"allowfullscreen\" data-mce-fragment=\"1\"><\/iframe><\/p>\n<p>&nbsp;<\/p>\n<p><a href=\"https:\/\/www1.kkl.si\/wp-content\/uploads\/2023\/04\/fun_fiction_promo1.jpg\" data-lbwps-width=\"1024\" data-lbwps-height=\"939\" data-lbwps-srcsmall=\"https:\/\/www1.kkl.si\/wp-content\/uploads\/2023\/04\/fun_fiction_promo1-400x367.jpg\"><img loading=\"lazy\" decoding=\"async\" class=\"alignnone size-full wp-image-12179\" src=\"https:\/\/www1.kkl.si\/wp-content\/uploads\/2023\/04\/fun_fiction_promo1.jpg\" alt=\"\" width=\"1024\" height=\"939\" srcset=\"https:\/\/www1.kkl.si\/wp-content\/uploads\/2023\/04\/fun_fiction_promo1.jpg 1024w, https:\/\/www1.kkl.si\/wp-content\/uploads\/2023\/04\/fun_fiction_promo1-400x367.jpg 400w\" sizes=\"auto, (max-width: 1024px) 100vw, 1024px\" \/><\/a><\/p>\n","protected":false},"excerpt":{"rendered":"<p>2023. \u00e1prilis 26. szerda, 19.00 | Gledali\u0161ka in koncertna dvorana Lendava plesna predstava Cena vstopnice: 15 \u20ac, \u0161tudentje in upokojenci: 12 \u20ac Vstopnice se lahko kupijo od 19. aprila 2023 na blagajni GKD Lendava Organizator: MNMI-ZKMN Fun Fiction \u2013 predstava Rom\u00e1n S\u00e1ndor Entertainment Plesni koreograf S\u00e1ndor Rom\u00e1n je na novo omislil klasi\u010dno zgodbo in jo [&hellip;]<\/p>\n","protected":false},"author":2,"featured_media":12010,"parent":0,"menu_order":0,"comment_status":"closed","ping_status":"closed","template":"","meta":{"footnotes":""},"class_list":["post-12233","page","type-page","status-publish","has-post-thumbnail","hentry","post","post-with-thumbnail","post-with-thumbnail-icon"],"_links":{"self":[{"href":"https:\/\/www1.kkl.si\/sl\/wp-json\/wp\/v2\/pages\/12233","targetHints":{"allow":["GET"]}}],"collection":[{"href":"https:\/\/www1.kkl.si\/sl\/wp-json\/wp\/v2\/pages"}],"about":[{"href":"https:\/\/www1.kkl.si\/sl\/wp-json\/wp\/v2\/types\/page"}],"author":[{"embeddable":true,"href":"https:\/\/www1.kkl.si\/sl\/wp-json\/wp\/v2\/users\/2"}],"replies":[{"embeddable":true,"href":"https:\/\/www1.kkl.si\/sl\/wp-json\/wp\/v2\/comments?post=12233"}],"version-history":[{"count":4,"href":"https:\/\/www1.kkl.si\/sl\/wp-json\/wp\/v2\/pages\/12233\/revisions"}],"predecessor-version":[{"id":12242,"href":"https:\/\/www1.kkl.si\/sl\/wp-json\/wp\/v2\/pages\/12233\/revisions\/12242"}],"wp:featuredmedia":[{"embeddable":true,"href":"https:\/\/www1.kkl.si\/sl\/wp-json\/wp\/v2\/media\/12010"}],"wp:attachment":[{"href":"https:\/\/www1.kkl.si\/sl\/wp-json\/wp\/v2\/media?parent=12233"}],"curies":[{"name":"wp","href":"https:\/\/api.w.org\/{rel}","templated":true}]}}