{"id":12614,"date":"2023-05-05T13:18:30","date_gmt":"2023-05-05T11:18:30","guid":{"rendered":"https:\/\/www1.kkl.si\/?page_id=12614"},"modified":"2023-05-05T13:32:11","modified_gmt":"2023-05-05T11:32:11","slug":"mi-zmoremo-prireditev-ucencev-in-uciteljev-dos-ii-lendava","status":"publish","type":"page","link":"https:\/\/www1.kkl.si\/sl\/mi-zmoremo-prireditev-ucencev-in-uciteljev-dos-ii-lendava\/","title":{"rendered":"\u00bbMI ZMOREMO\u00ab, prireditev u\u010dencev in u\u010diteljev DO\u0160 II Lendava"},"content":{"rendered":"<div class=\"opis\"><i class=\"fas fa-clock\"><\/i> <strong>petek, 12. maj 2023, ob 17.00<\/strong> | Gledali\u0161ka in koncertna dvorana Lendava<img loading=\"lazy\" decoding=\"async\" class=\"alignright\" title=\"Brezpla\u010dna prireditev\" src=\"https:\/\/www1.kkl.si\/wp-content\/uploads\/2020\/07\/spored_simb_brezplacna-1.svg\" alt=\"brezplacna\" width=\"30\" height=\"30\" \/><br \/>\n<i class=\"fas fa-chevron-circle-right\"><\/i> <strong>prireditev<\/strong><br \/>\nOrganizator: <a href=\"https:\/\/www.dos2-lendava.si\/\">DO\u0160 II Lendava\/2. Sz. Lendvai K\u00c1I<\/a><\/div>\n<div>\n<p>U\u010denci Dvojezi\u010dne osnovne \u0161ole II LENDAVA se bodo predstavili z na\u0161o tradicionalno prireditvijo <strong>MI ZMOREMO<\/strong> z naslovom <strong>MENI DOBRO JE &#8230;<\/strong><strong>, ki bo v petek, <\/strong><strong>12. maja 2023, ob 17. uri<\/strong> v Gledali\u0161ki in koncertni dvorani v Lendavi.<\/p>\n<p>U\u010denci vas bodo z glasbo in plesom popeljali skozi razli\u010dna glasbena obdobja. <strong>Na svojstven na\u010din bodo izrazili svoje talente in spretnosti ter dokazali<\/strong>, da lahko tudi oni z vztrajnostjo, s trudom in predanostjo dose\u017eejo izjemne uspehe.<\/p>\n<p>Glasba ima \u010darobno mo\u010d, ki zdru\u017ei na\u0161a srca in du\u0161e, na\u0161o edinstvenost in razli\u010dnost!<\/p>\n<p>V preddverju Gledali\u0161ke in koncertne dvorane bo prav tako na ogled fotografska razstava Meni dobro je &#8230;<\/p>\n<p><em>Vljudno vabljeni.<\/em><\/p>\n<p><a href=\"https:\/\/www1.kkl.si\/wp-content\/uploads\/2023\/05\/DOS2_plakat_Mi_zmoremo_2023.jpg\" data-lbwps-width=\"1414\" data-lbwps-height=\"2000\" data-lbwps-srcsmall=\"https:\/\/www1.kkl.si\/wp-content\/uploads\/2023\/05\/DOS2_plakat_Mi_zmoremo_2023-283x400.jpg\"><img loading=\"lazy\" decoding=\"async\" class=\"alignnone size-large wp-image-12615\" src=\"https:\/\/www1.kkl.si\/wp-content\/uploads\/2023\/05\/DOS2_plakat_Mi_zmoremo_2023-1061x1500.jpg\" alt=\"\" width=\"1061\" height=\"1500\" srcset=\"https:\/\/www1.kkl.si\/wp-content\/uploads\/2023\/05\/DOS2_plakat_Mi_zmoremo_2023-1061x1500.jpg 1061w, https:\/\/www1.kkl.si\/wp-content\/uploads\/2023\/05\/DOS2_plakat_Mi_zmoremo_2023-283x400.jpg 283w, https:\/\/www1.kkl.si\/wp-content\/uploads\/2023\/05\/DOS2_plakat_Mi_zmoremo_2023.jpg 1414w\" sizes=\"auto, (max-width: 1061px) 100vw, 1061px\" \/><\/a><\/p>\n<\/div>\n","protected":false},"excerpt":{"rendered":"<p>petek, 12. maj 2023, ob 17.00 | Gledali\u0161ka in koncertna dvorana Lendava prireditev Organizator: DO\u0160 II Lendava\/2. Sz. Lendvai K\u00c1I U\u010denci Dvojezi\u010dne osnovne \u0161ole II LENDAVA se bodo predstavili z na\u0161o tradicionalno prireditvijo MI ZMOREMO z naslovom MENI DOBRO JE &#8230;, ki bo v petek, 12. maja 2023, ob 17. uri v Gledali\u0161ki in koncertni [&hellip;]<\/p>\n","protected":false},"author":2,"featured_media":12615,"parent":0,"menu_order":0,"comment_status":"closed","ping_status":"closed","template":"","meta":{"footnotes":""},"class_list":["post-12614","page","type-page","status-publish","has-post-thumbnail","hentry","post","post-with-thumbnail","post-with-thumbnail-icon"],"_links":{"self":[{"href":"https:\/\/www1.kkl.si\/sl\/wp-json\/wp\/v2\/pages\/12614","targetHints":{"allow":["GET"]}}],"collection":[{"href":"https:\/\/www1.kkl.si\/sl\/wp-json\/wp\/v2\/pages"}],"about":[{"href":"https:\/\/www1.kkl.si\/sl\/wp-json\/wp\/v2\/types\/page"}],"author":[{"embeddable":true,"href":"https:\/\/www1.kkl.si\/sl\/wp-json\/wp\/v2\/users\/2"}],"replies":[{"embeddable":true,"href":"https:\/\/www1.kkl.si\/sl\/wp-json\/wp\/v2\/comments?post=12614"}],"version-history":[{"count":1,"href":"https:\/\/www1.kkl.si\/sl\/wp-json\/wp\/v2\/pages\/12614\/revisions"}],"predecessor-version":[{"id":12617,"href":"https:\/\/www1.kkl.si\/sl\/wp-json\/wp\/v2\/pages\/12614\/revisions\/12617"}],"wp:featuredmedia":[{"embeddable":true,"href":"https:\/\/www1.kkl.si\/sl\/wp-json\/wp\/v2\/media\/12615"}],"wp:attachment":[{"href":"https:\/\/www1.kkl.si\/sl\/wp-json\/wp\/v2\/media?parent=12614"}],"curies":[{"name":"wp","href":"https:\/\/api.w.org\/{rel}","templated":true}]}}