{"id":12767,"date":"2023-05-21T09:22:05","date_gmt":"2023-05-21T07:22:05","guid":{"rendered":"https:\/\/www1.kkl.si\/?page_id=12767"},"modified":"2023-11-28T10:27:08","modified_gmt":"2023-11-28T09:27:08","slug":"spored-2023-06","status":"publish","type":"page","link":"https:\/\/www1.kkl.si\/sl\/spored-2023-06\/","title":{"rendered":"SPORED: junij 2023"},"content":{"rendered":"<p><strong>Leto 2023:<\/strong> <a href=\"https:\/\/www1.kkl.si\/sl\/spored-2023-01\/\">januar<\/a> | <a href=\"https:\/\/www1.kkl.si\/sl\/spored-2023-02\/\">februar<\/a> | <a href=\"https:\/\/www1.kkl.si\/sl\/spored-2023-03\/\">marec<\/a> | <a href=\"https:\/\/www1.kkl.si\/sl\/spored-2023-04\/\">april<\/a> | <a href=\"https:\/\/www1.kkl.si\/sl\/spored-2023-05\/\">maj<\/a> | <a href=\"https:\/\/www1.kkl.si\/sl\/spored-2023-06\/\">junij<\/a> | <a href=\"https:\/\/www1.kkl.si\/sl\/spored-2023-07\/\">julij<\/a> | <a href=\"https:\/\/www1.kkl.si\/sl\/spored-2023-08\/\">avgust <\/a>| <a href=\"https:\/\/www1.kkl.si\/sl\/spored-2023-09\/\">september<\/a> | <a href=\"https:\/\/www1.kkl.si\/sl\/spored-2023-10\/\">oktober<\/a> | <a href=\"https:\/\/www1.kkl.si\/sl\/spored-2023-11\/\">november<\/a> | <a href=\"https:\/\/www1.kkl.si\/sl\/spored-2023-12\/\">december<\/a> | <a href=\"https:\/\/www1.kkl.si\/sl\/arhiv-sporeda\/\">ARHIV<\/a><\/p>\n<table id=\"spored-legenda\" cellspacing=\"0\" cellpadding=\"5\">\n<tbody>\n<tr>\n<td><strong>LEGENDA<br \/>\nSIMBOLOV<\/strong><\/td>\n<td style=\"vertical-align: middle;\"><img loading=\"lazy\" decoding=\"async\" title=\"Slovenski abonma\" src=\"https:\/\/www1.kkl.si\/wp-content\/uploads\/2020\/07\/spored_simb_abonma_si-1.svg\" alt=\"abonma_si\" width=\"30\" height=\"30\" \/><\/td>\n<td>Slovenski<br \/>\nabonma<\/td>\n<td style=\"vertical-align: middle;\"><img loading=\"lazy\" decoding=\"async\" title=\"Mad\u017earski abonma\" src=\"https:\/\/www1.kkl.si\/wp-content\/uploads\/2020\/07\/spored_simb_abonma_hu-1.svg\" alt=\"abonma_hu\" width=\"30\" height=\"30\" \/><\/td>\n<td>Mad\u017earski<br \/>\nabonma<\/td>\n<td style=\"vertical-align: middle;\"><img loading=\"lazy\" decoding=\"async\" title=\"Zaklju\u010dena prireditev\" src=\"https:\/\/www1.kkl.si\/wp-content\/uploads\/2020\/07\/spored_simb_zakljucena-1.svg\" alt=\"zakljucena\" width=\"30\" height=\"30\" \/><\/td>\n<td>Zaklju\u010dena<br \/>\nprireditev<\/td>\n<td style=\"vertical-align: middle;\"><img loading=\"lazy\" decoding=\"async\" title=\"Brezpla\u010dna prireditev\" src=\"https:\/\/www1.kkl.si\/wp-content\/uploads\/2020\/07\/spored_simb_brezplacna-1.svg\" alt=\"brezplacna\" width=\"30\" height=\"30\" \/><\/td>\n<td>Brezpla\u010dna<br \/>\nprireditev<\/td>\n<td style=\"vertical-align: middle;\"><img loading=\"lazy\" decoding=\"async\" title=\"Pla\u010dljiva prireditev\" src=\"https:\/\/www1.kkl.si\/wp-content\/uploads\/2020\/07\/spored_simb_placljiva-1.svg\" alt=\"placljiva\" width=\"30\" height=\"30\" \/><\/td>\n<td>Pla\u010dljiva<br \/>\nprireditev<\/td>\n<td style=\"vertical-align: middle;\"><img loading=\"lazy\" decoding=\"async\" title=\"Novost, sprememba\" src=\"https:\/\/www1.kkl.si\/wp-content\/uploads\/2020\/07\/spored_simb_novost-1.svg\" alt=\"novost\" width=\"30\" height=\"30\" \/><\/td>\n<td>Novost,<br \/>\nsprememba<\/td>\n<\/tr>\n<\/tbody>\n<\/table>\n<table id=\"sporedtabela\" class=\"tablesorter\" style=\"width: 100%;\">\n<thead>\n<tr style=\"height: 24px;\">\n<th style=\"text-align: center; width: 7.41895%; height: 24px;\">DAN<\/th>\n<th class=\"sortless\" style=\"text-align: left; width: 92.0823%; height: 24px;\">PRIREDITEV<\/th>\n<\/tr>\n<\/thead>\n<tbody>\n<tr>\n<td style=\"width: 7.41895%;\">\n<p style=\"text-align: center;\"><span style=\"font-size: 24pt;\"><strong>1.<br \/>\n<\/strong><\/span><\/p>\n<p style=\"text-align: center;\">\u010detrtek<\/p>\n<p><strong>\u00a0<\/strong><\/p>\n<\/td>\n<td style=\"width: 92.0823%;\">\n<p><i class=\"fas fa-clock\"><\/i> <strong>18.00<\/strong> | Gledali\u0161ka in koncertna dvorana Lendava<a href=\"https:\/\/www1.kkl.si\/wp-content\/uploads\/2023\/05\/plakat_70cm_GSL_zakljucni_2023_DVOJ.jpg\" data-lbwps-width=\"1429\" data-lbwps-height=\"2000\" data-lbwps-srcsmall=\"https:\/\/www1.kkl.si\/wp-content\/uploads\/2023\/05\/plakat_70cm_GSL_zakljucni_2023_DVOJ-286x400.jpg\"><img loading=\"lazy\" decoding=\"async\" class=\"slika alignright wp-image-12768 size-thumbnail\" src=\"https:\/\/www1.kkl.si\/wp-content\/uploads\/2023\/05\/plakat_70cm_GSL_zakljucni_2023_DVOJ-150x150.jpg\" alt=\"\" width=\"150\" height=\"150\" \/><\/a><img loading=\"lazy\" decoding=\"async\" class=\"alignright\" title=\"Brezpla\u010dna prireditev\" src=\"https:\/\/www1.kkl.si\/wp-content\/uploads\/2020\/07\/spored_simb_brezplacna-1.svg\" alt=\"brezplacna\" width=\"30\" height=\"30\" \/><br \/>\n<strong>koncert<br \/>\n<\/strong><\/p>\n<p><a href=\"https:\/\/www1.kkl.si\/sl\/vabilo-zakljucni-koncert-ucencev-gs-lendava-v-solskem-letu-2022-2023\/\"><span style=\"font-size: 24pt;\"><strong>Zaklju\u010dni koncert u\u010dencev Glasbene \u0161ole Lendava<\/strong><\/span><\/a><\/p>\n<p><span style=\"font-size: 10pt;\">Organizator: <a href=\"http:\/\/www.gs-lendava.si\/\">Glasbena \u0161ola Lendava\/Zeneiskola Lendva<\/a><\/span><\/p>\n<\/td>\n<\/tr>\n<tr>\n<td style=\"width: 7.41895%;\">\n<p style=\"text-align: center;\"><strong><span style=\"font-size: 24pt;\">6.<\/span><br \/>\n<\/strong><\/p>\n<p style=\"text-align: center;\">torek<\/p>\n<p><strong>\u00a0<\/strong><\/p>\n<\/td>\n<td style=\"width: 92.0823%;\">\n<p><i class=\"fas fa-clock\"><\/i> <strong>9.00\u201313.00<\/strong> | Gledali\u0161ka in koncertna dvorana Lendava<a href=\"https:\/\/www1.kkl.si\/wp-content\/uploads\/2023\/06\/LENDAVSKI_RAZVOJNI_FORUM_2023.jpg\" data-lbwps-width=\"2432\" data-lbwps-height=\"1773\" data-lbwps-srcsmall=\"https:\/\/www1.kkl.si\/wp-content\/uploads\/2023\/06\/LENDAVSKI_RAZVOJNI_FORUM_2023-400x292.jpg\"><img loading=\"lazy\" decoding=\"async\" class=\"slika alignright wp-image-13004 size-thumbnail\" src=\"https:\/\/www1.kkl.si\/wp-content\/uploads\/2023\/06\/LENDAVSKI_RAZVOJNI_FORUM_2023-150x150.jpg\" alt=\"\" width=\"150\" height=\"150\" \/><\/a><img loading=\"lazy\" decoding=\"async\" class=\"alignright\" title=\"Brezpla\u010dna prireditev\" src=\"https:\/\/www1.kkl.si\/wp-content\/uploads\/2020\/07\/spored_simb_brezplacna-1.svg\" alt=\"brezplacna\" width=\"30\" height=\"30\" \/><img loading=\"lazy\" decoding=\"async\" class=\"alignright\" title=\"Zaklju\u010dena prireditev\" src=\"https:\/\/www1.kkl.si\/wp-content\/uploads\/2020\/07\/spored_simb_zakljucena-1.svg\" alt=\"zakljucena\" width=\"30\" height=\"30\" \/><br \/>\n<strong>forum<br \/>\n<\/strong><\/p>\n<p><strong><a href=\"https:\/\/www1.kkl.si\/sl\/lendavski-razvojni-forum\/\"><span style=\"font-size: 24pt;\">Lendavski razvojni forum<\/span><\/a><br \/>\n<\/strong><\/p>\n<p>Velika tehnolo\u0161ka nalo\u017eba v nadgradnjo proizvodnih zmogljivosti farmacevtskega podjetja Lek, d. d., v Lendavi bo kraju prinesla novo razse\u017enost in veliko prilo\u017enosti. Vsaka tak\u0161na nalo\u017eba v razvoju kraja pomeni nove okoli\u0161\u010dine in hkrati odpira \u0161tevilna vpra\u0161anja: kak\u0161ni so cilji, koliko novih delovnih mest bo odprtih, kaj vse to pomeni z razvoj kraja, kaj to pomeni iz okoljskega vidika, kateri so skupne prilo\u017enosti in seveda tudi izzivi. Pridru\u017eite se nam na zanimivi debati na Lendavskem razvojnem forumu <strong>6. junija 2023<\/strong>!<\/p>\n<blockquote>\n<p><i class=\"fas fa-info-circle\"><\/i> Udele\u017eba na dogodku je brezpla\u010dna, prijava pa, zaradi zagotovitve prostih mest, <strong>obvezna<\/strong>. <a href=\"https:\/\/akademija-finance.si\/kotizacija\/lendavski-razvojni-forum\/\">Za prijavo kliknite sem.<\/a><\/p>\n<\/blockquote>\n<p><span style=\"font-size: 10pt;\">Organizatorja: <a href=\"https:\/\/akademija-finance.si\/dogodki\/lendavski-razvojni-forum\/\">AKADEMIJA Finance<\/a> in <a href=\"https:\/\/lek.si\/\">LEK, \u010dlan skupine Sandoz<\/a><\/span><\/p>\n<\/td>\n<\/tr>\n<tr>\n<td style=\"width: 7.41895%;\">\n<p style=\"text-align: center;\"><span style=\"font-size: 24pt;\"><strong>7.<br \/>\n<\/strong><\/span><\/p>\n<p style=\"text-align: center;\">sreda<\/p>\n<p><strong>\u00a0<\/strong><\/p>\n<\/td>\n<td style=\"width: 92.0823%;\">\n<p><i class=\"fas fa-clock\"><\/i> <strong>17.30<\/strong> | Gledali\u0161ka in koncertna dvorana Lendava<a href=\"https:\/\/www1.kkl.si\/wp-content\/uploads\/2023\/06\/VABILO_Igriva_zgodba_na_odru_2023_web.jpg\" data-lbwps-width=\"2121\" data-lbwps-height=\"3000\" data-lbwps-srcsmall=\"https:\/\/www1.kkl.si\/wp-content\/uploads\/2023\/06\/VABILO_Igriva_zgodba_na_odru_2023_web.jpg\"><img loading=\"lazy\" decoding=\"async\" class=\"slika alignright wp-image-13082 size-thumbnail\" src=\"https:\/\/www1.kkl.si\/wp-content\/uploads\/2023\/06\/VABILO_Igriva_zgodba_na_odru_2023_web-scaled-e1685971773338-150x150.jpg\" alt=\"\" width=\"150\" height=\"150\" \/><\/a><img loading=\"lazy\" decoding=\"async\" class=\"alignright\" title=\"Brezpla\u010dna prireditev\" src=\"https:\/\/www1.kkl.si\/wp-content\/uploads\/2020\/07\/spored_simb_brezplacna-1.svg\" alt=\"brezplacna\" width=\"30\" height=\"30\" \/><br \/>\n<strong>revija\/prireditev<br \/>\n<\/strong><\/p>\n<p><a href=\"https:\/\/www1.kkl.si\/sl\/igriva-zgodba-na-odru-revija-lendavskih-otroskih-gledaliskih-skupin\/\"><strong><span class=\"excerpt\" style=\"font-size: 24pt;\">IGRIVA ZGODBA NA ODRU \u2013 revija lendavskih otro\u0161kih gledali\u0161kih skupin<\/span><\/strong><\/a><\/p>\n<p><strong>MILI<\/strong><br \/>\nLutkovna skupina Mavrica &#8211; Sz\u00edv\u00e1rv\u00e1ny \/ Vrtec Lendava<br \/>\numetni\u0161ko in pedago\u0161ko vodenje: Irma V\u00f6ro\u0161<\/p>\n<p><strong>ANGULI BANGULI<\/strong><br \/>\nGledali\u0161ka skupina Teatri\u010dek \/ DO\u0160 | Lendava, Kaleido<br \/>\numetni\u0161ko in pedago\u0161ko vodenje: Iva Nemec<\/p>\n<p><span style=\"font-size: 10pt;\">Organizator: <a href=\"https:\/\/kaleido-art.org\/\">KALEIDO &#8211; dru\u0161tvo za razvoj kreativnosti in potencialov, Alkot\u00f3k\u00e9szs\u00e9get \u00e9s Potenci\u00e1lt Fejleszt\u0151 Egyes\u00fclet<\/a><\/span><\/p>\n<\/td>\n<\/tr>\n<tr>\n<td style=\"width: 7.41895%;\">\n<p style=\"text-align: center;\"><strong><span style=\"font-size: 24pt;\">7.<\/span><br \/>\n<\/strong><\/p>\n<p style=\"text-align: center;\">sreda<\/p>\n<p><strong>\u00a0<\/strong><\/p>\n<\/td>\n<td style=\"width: 92.0823%;\">\n<p><i class=\"fas fa-clock\"><\/i> <strong>17.30<\/strong> | Gledali\u0161ka in koncertna dvorana Lendava<a href=\"https:\/\/www1.kkl.si\/wp-content\/uploads\/2023\/06\/anguli_banguli_DOS_I.jpg\" data-lbwps-width=\"1448\" data-lbwps-height=\"2048\" data-lbwps-srcsmall=\"https:\/\/www1.kkl.si\/wp-content\/uploads\/2023\/06\/anguli_banguli_DOS_I-283x400.jpg\"><img loading=\"lazy\" decoding=\"async\" class=\"slika alignright wp-image-13050 size-thumbnail\" src=\"https:\/\/www1.kkl.si\/wp-content\/uploads\/2023\/06\/anguli_banguli_DOS_I-150x150.jpg\" alt=\"\" width=\"150\" height=\"150\" \/><\/a><img loading=\"lazy\" decoding=\"async\" class=\"alignright\" title=\"Brezpla\u010dna prireditev\" src=\"https:\/\/www1.kkl.si\/wp-content\/uploads\/2020\/07\/spored_simb_brezplacna-1.svg\" alt=\"brezplacna\" width=\"30\" height=\"30\" \/><br \/>\n<strong>gledali\u0161ka predstava<br \/>\n<\/strong><\/p>\n<p><span class=\"excerpt\">IGRIVA ZGODBA NA ODRU \u2013 revija lendavskih otro\u0161kih gledali\u0161kih skupin | Gledali\u0161ka skupina Teatri\u010dek, DO\u0160 I Lendava in Kaleido:<br \/>\n<\/span><\/p>\n<p><a href=\"https:\/\/www1.kkl.si\/sl\/vabilo-na-gledalisko-predstavo-anguli-banguli-starodavna-carovnija-zarece-krogle\/\"><span style=\"font-size: 24pt;\"><strong>Anguli Banguli: Starodavna \u010darovnija \u017eare\u010de krogle<\/strong><\/span><\/a><\/p>\n<p>Umetni\u0161ko in pedago\u0161ko vodenje: Iva Nemec<\/p>\n<p><span style=\"font-size: 10pt;\">Organizator: <a href=\"https:\/\/kaleido-art.org\/\">KALEIDO &#8211; dru\u0161tvo za razvoj kreativnosti in potencialov, Alkot\u00f3k\u00e9szs\u00e9get \u00e9s Potenci\u00e1lt Fejleszt\u0151 Egyes\u00fclet<\/a><\/span><\/p>\n<\/td>\n<\/tr>\n<tr>\n<td style=\"width: 7.41895%;\">\n<p style=\"text-align: center;\"><strong><span style=\"font-size: 24pt;\">11.<\/span><br \/>\n<\/strong><\/p>\n<p style=\"text-align: center;\">nedelja<\/p>\n<p><strong>\u00a0<\/strong><\/p>\n<\/td>\n<td style=\"width: 92.0823%;\">\n<p><i class=\"fas fa-clock\"><\/i> <strong>19.00<\/strong> | Gledali\u0161ka in koncertna dvorana Lendava<a href=\"https:\/\/www1.kkl.si\/wp-content\/uploads\/2023\/06\/kpz_vita20_2023_SLO.jpg\" data-lbwps-width=\"2480\" data-lbwps-height=\"3508\" data-lbwps-srcsmall=\"https:\/\/www1.kkl.si\/wp-content\/uploads\/2023\/06\/kpz_vita20_2023_SLO.jpg\"><img loading=\"lazy\" decoding=\"async\" class=\"slika alignright wp-image-13031 size-thumbnail\" src=\"https:\/\/www1.kkl.si\/wp-content\/uploads\/2023\/06\/kpz_vita20_2023_SLO-scaled-e1685705484254-150x150.jpg\" alt=\"\" width=\"150\" height=\"150\" \/><\/a><img loading=\"lazy\" decoding=\"async\" class=\"alignright\" title=\"Brezpla\u010dna prireditev\" src=\"https:\/\/www1.kkl.si\/wp-content\/uploads\/2020\/07\/spored_simb_brezplacna-1.svg\" alt=\"brezplacna\" width=\"30\" height=\"30\" \/><br \/>\n<strong>koncert<br \/>\n<\/strong><\/p>\n<p><span style=\"font-size: 24pt;\"><strong><a href=\"https:\/\/www1.kkl.si\/sl\/vabilo-koncert-ob-20-obletnici-delovanja-komornega-pevskega-zbora-vita\/\">Koncert ob 20. obletnici delovanja Komornega pevskega zbora Vita<\/a><br \/>\n<\/strong><\/span><\/p>\n<p><span style=\"font-size: 10pt;\">Organizator: <a href=\"https:\/\/sites.google.com\/site\/kpzvitalendava\/\">KPZ Vita\/Vita Kamarak\u00f3rus<\/a><\/span><\/p>\n<\/td>\n<\/tr>\n<tr>\n<td style=\"width: 7.41895%;\">\n<p style=\"text-align: center;\"><strong><span style=\"font-size: 24pt;\">16.<\/span><br \/>\n<\/strong><\/p>\n<p style=\"text-align: center;\">petek<\/p>\n<p><strong>\u00a0<\/strong><\/p>\n<\/td>\n<td style=\"width: 92.0823%;\">\n<p><i class=\"fas fa-clock\"><\/i> <strong>18.00<\/strong> | Gledali\u0161ka in koncertna dvorana Lendava<a href=\"https:\/\/www1.kkl.si\/wp-content\/uploads\/2023\/06\/aljosa_bagola_predavanje.jpg\" data-lbwps-width=\"959\" data-lbwps-height=\"540\" data-lbwps-srcsmall=\"https:\/\/www1.kkl.si\/wp-content\/uploads\/2023\/06\/aljosa_bagola_predavanje-400x225.jpg\"><img loading=\"lazy\" decoding=\"async\" class=\"slika alignright wp-image-13183 size-thumbnail\" src=\"https:\/\/www1.kkl.si\/wp-content\/uploads\/2023\/06\/aljosa_bagola_predavanje-e1686906903309-150x145.jpg\" alt=\"\" width=\"150\" height=\"145\" \/><\/a><img loading=\"lazy\" decoding=\"async\" class=\"alignright\" title=\"Brezpla\u010dna prireditev\" src=\"https:\/\/www1.kkl.si\/wp-content\/uploads\/2020\/07\/spored_simb_brezplacna-1.svg\" alt=\"brezplacna\" width=\"30\" height=\"30\" \/><br \/>\n<strong>predavanje<br \/>\n<\/strong><\/p>\n<p>Tedni vse\u017eivljenjskega u\u010denja 2023:<\/p>\n<p class=\"entry-title\"><a href=\"https:\/\/www1.kkl.si\/sl\/tedni-vsezivljenjskega-ucenja-2023-predavanje-aljose-bagole-z-naslovom-kako-biti-v-redu\/\"><strong><span style=\"font-size: 24pt;\">Predavanje Aljo\u0161e Bagole <br \/>\nz naslovom Kako biti v redu<\/span><\/strong><\/a><\/p>\n<blockquote>\n<p>Za sodelovanje na predavanju je potrebna predhodna prijava na e-mail: <a href=\"mailto:prijava@lulendava.si\">prijava@lulendava.si<\/a>. Predavanje je za udele\u017eence <strong>brezpla\u010dno.<\/strong><\/p>\n<\/blockquote>\n<p><span style=\"font-size: 10pt;\">Organizator: <a href=\"https:\/\/www.lulendava.si\/\">Ljudska univerza Lendava \u2013 N\u00e9pi Egyetem Lendva\u00a0<\/a><\/span><\/p>\n<\/td>\n<\/tr>\n<tr style=\"background-color: #ffe6e6;\">\n<td style=\"width: 7.41895%; height: 264px;\">\n<p style=\"text-align: center;\"><strong><del><span style=\"font-size: 24pt;\">18.<\/span><\/del><br \/>\n<\/strong><\/p>\n<p style=\"text-align: center;\">nedelja<\/p>\n<p style=\"text-align: center;\"><strong><span style=\"font-size: 24pt;\">\u00a0<\/span><\/strong><\/p>\n<\/td>\n<td style=\"width: 92.0823%; height: 264px;\">\n<p><i class=\"fas fa-clock\"><\/i> <strong>17.00<\/strong> | Gledali\u0161ka in koncertna dvorana Lendava <strong><span class=\"odpade\">ODPADE! <\/span><\/strong><a href=\"https:\/\/www1.kkl.si\/wp-content\/uploads\/2023\/05\/bekakiraly1.jpg\" data-lbwps-width=\"1498\" data-lbwps-height=\"1000\" data-lbwps-srcsmall=\"https:\/\/www1.kkl.si\/wp-content\/uploads\/2023\/05\/bekakiraly1-400x267.jpg\"><img loading=\"lazy\" decoding=\"async\" class=\"slika alignright wp-image-12643 size-thumbnail\" src=\"https:\/\/www1.kkl.si\/wp-content\/uploads\/2023\/05\/bekakiraly1-150x150.jpg\" alt=\"\" width=\"150\" height=\"150\" \/><\/a><img loading=\"lazy\" decoding=\"async\" class=\"alignright\" title=\"Pla\u010dljiva prireditev\" src=\"https:\/\/www1.kkl.si\/wp-content\/uploads\/2020\/07\/spored_simb_placljiva-1.svg\" alt=\"placljiva\" width=\"30\" height=\"30\" \/><br \/>\n<strong>otro\u0161ka predstava v mad\u017earskem jeziku <span class=\"starost\">4+<\/span><\/strong><\/p>\n<p>Aranyszam\u00e1r B\u00e1bsz\u00ednh\u00e1z | Grimm testv\u00e9rek \u2013 Kardos T\u00fcnde \u2013 Sz\u00e1nt\u00f3 Vikt\u00f3ria:<\/p>\n<p><span style=\"font-size: 24pt;\"><a href=\"https:\/\/www1.kkl.si\/hu\/aranyszamar-babszinhaz-bekakiraly\/\"><strong>B\u00e9kakir\u00e1ly<\/strong><\/a><\/span><\/p>\n<p><strong><span style=\"color: #ff0000;\">OBVESTILO: Predstava zaradi bolezni odpade!<\/span><\/strong><\/p>\n<p><i class=\"fas fa-ticket-alt\"><\/i> Cena vstopnice: <strong>3 \u20ac<\/strong><\/p>\n<p><span style=\"font-size: 10pt;\">Organizator: <a href=\"https:\/\/www.kkl.si\/\">Knji\u017enica \u2013 Kulturni center Lendava \u2013 Lendvai K\u00f6nyvt\u00e1r \u00e9s Kultur\u00e1lis K\u00f6zpont<\/a><\/span><\/p>\n<\/td>\n<\/tr>\n<tr>\n<td style=\"width: 7.41895%;\">\n<p style=\"text-align: center;\"><strong><span style=\"font-size: 24pt;\">21.<\/span><br \/>\n<\/strong><\/p>\n<p style=\"text-align: center;\">sreda<\/p>\n<p><strong>\u00a0<\/strong><\/p>\n<\/td>\n<td style=\"width: 92.0823%;\">\n<p><i class=\"fas fa-clock\"><\/i> <strong>17.00<\/strong> | Gledali\u0161ka in koncertna dvorana Lendava<a href=\"https:\/\/www1.kkl.si\/wp-content\/uploads\/2023\/06\/plakat_koncert_nizji-visji_2023_dvoj.png\" data-lbwps-width=\"2143\" data-lbwps-height=\"3000\" data-lbwps-srcsmall=\"https:\/\/www1.kkl.si\/wp-content\/uploads\/2023\/06\/plakat_koncert_nizji-visji_2023_dvoj-286x400.png\"><img loading=\"lazy\" decoding=\"async\" class=\"slika alignright wp-image-13217 size-thumbnail\" src=\"https:\/\/www1.kkl.si\/wp-content\/uploads\/2023\/06\/plakat_koncert_nizji-visji_2023_dvoj-150x150.png\" alt=\"\" width=\"150\" height=\"150\" \/><\/a><img loading=\"lazy\" decoding=\"async\" class=\"alignright\" title=\"Zaklju\u010dena prireditev\" src=\"https:\/\/www1.kkl.si\/wp-content\/uploads\/2020\/07\/spored_simb_zakljucena-1.svg\" alt=\"zakljucena\" width=\"30\" height=\"30\" \/><br \/>\n<strong>koncert<br \/>\n<\/strong><\/p>\n<p><span style=\"font-size: 24pt;\"><strong>Zaklju\u010dni koncert u\u010dencev G\u0160 Lendava, ki zaklju\u010dujejo ni\u017ejo in vi\u0161jo stopnjo glasbene \u0161ole<\/strong><\/span><\/p>\n<p><span style=\"font-size: 10pt;\">Organizator: <a href=\"http:\/\/www.gs-lendava.si\/\">Glasbena \u0161ola Lendava\/Zeneiskola Lendva<\/a><\/span><\/p>\n<\/td>\n<\/tr>\n<tr>\n<td style=\"width: 7.41895%;\">\n<p style=\"text-align: center;\"><span style=\"font-size: 24pt;\"><strong>23.<br \/>\n<\/strong><\/span><\/p>\n<p style=\"text-align: center;\">petek<\/p>\n<p><strong>\u00a0<\/strong><\/p>\n<\/td>\n<td style=\"width: 92.0823%;\">\n<p><i class=\"fas fa-clock\"><\/i> <strong>19.00<\/strong> | preddverje Gledali\u0161ke in koncertne dvorane Lendava<a href=\"https:\/\/www1.kkl.si\/wp-content\/uploads\/2023\/06\/plakat_Razstava_LINDVA_2023.jpg\" data-lbwps-width=\"2100\" data-lbwps-height=\"3000\" data-lbwps-srcsmall=\"https:\/\/www1.kkl.si\/wp-content\/uploads\/2023\/06\/plakat_Razstava_LINDVA_2023.jpg\"><img loading=\"lazy\" decoding=\"async\" class=\"slika alignright wp-image-13140 size-thumbnail\" src=\"https:\/\/www1.kkl.si\/wp-content\/uploads\/2023\/06\/plakat_Razstava_LINDVA_2023-scaled-150x150.jpg\" alt=\"\" width=\"150\" height=\"150\" \/><\/a><img loading=\"lazy\" decoding=\"async\" class=\"alignright\" title=\"Brezpla\u010dna prireditev\" src=\"https:\/\/www1.kkl.si\/wp-content\/uploads\/2020\/07\/spored_simb_brezplacna-1.svg\" alt=\"brezplacna\" width=\"30\" height=\"30\" \/><br \/>\n<strong>rasztava<br \/>\n<\/strong><\/p>\n<p><a href=\"https:\/\/www1.kkl.si\/sl\/razstava-umetnost-ujeta-v-dim\/\"><span style=\"font-size: 24pt;\"><strong>Umetnost ujeta v dim<\/strong><\/span><\/a><\/p>\n<p><em>Razstava bo na ogled do 3. septembra 2023.<\/em><\/p>\n<p><span style=\"font-size: 10pt;\">Organizator: <a href=\"https:\/\/www.facebook.com\/Lindva.drustvozbirateljevPomurja\/\">Dru\u0161tvo zbirateljev Pomurja \u2013 Lindva \u2013 Muravid\u00e9ki r\u00e9gis\u00e9ggy\u0171jt\u00f6k egyes\u00fclete<\/a><\/span><\/p>\n<\/td>\n<\/tr>\n<tr>\n<td style=\"width: 7.41895%;\">\n<p style=\"text-align: center;\"><strong><span style=\"font-size: 24pt;\">23.<\/span><br \/>\n<\/strong><\/p>\n<p style=\"text-align: center;\">petek<\/p>\n<p><strong>\u00a0<\/strong><\/p>\n<\/td>\n<td style=\"width: 92.0823%;\">\n<p><i class=\"fas fa-clock\"><\/i> <strong>20.00<\/strong> | Gledali\u0161ka in koncertna dvorana Lendava<a href=\"https:\/\/www1.kkl.si\/wp-content\/uploads\/2023\/06\/plakat_dan_drzavnosti_2023.jpg\" data-lbwps-width=\"2143\" data-lbwps-height=\"3000\" data-lbwps-srcsmall=\"https:\/\/www1.kkl.si\/wp-content\/uploads\/2023\/06\/plakat_dan_drzavnosti_2023.jpg\"><img loading=\"lazy\" decoding=\"async\" class=\"slika alignright wp-image-13176 size-thumbnail\" src=\"https:\/\/www1.kkl.si\/wp-content\/uploads\/2023\/06\/plakat_dan_drzavnosti_2023-scaled-e1686900065674-150x150.jpg\" alt=\"\" width=\"150\" height=\"150\" \/><\/a><img loading=\"lazy\" decoding=\"async\" class=\"alignright\" title=\"Brezpla\u010dna prireditev\" src=\"https:\/\/www1.kkl.si\/wp-content\/uploads\/2020\/07\/spored_simb_brezplacna-1.svg\" alt=\"brezplacna\" width=\"30\" height=\"30\" \/><br \/>\n<strong>prireditev in balet<br \/>\n<\/strong><\/p>\n<p><a href=\"https:\/\/www1.kkl.si\/sl\/vabilo-dan-drzavnosti-2023-in-balet-pod-zvezdami\/\"><span style=\"font-size: 24pt;\"><strong>Slavnostna prireditev ob Dnevu dr\u017eavnosti 2023 in Balet pod zvezdami*<\/strong><\/span><\/a><\/p>\n<p><em>Balet pod zvezdami se pri\u010dne ob 21. uri.<\/em><\/p>\n<blockquote>\n<p><strong>OBVESTILO:<\/strong> zaradi napovedanega slabega vremena bo prireditev potekala v dvorani!<\/p>\n<\/blockquote>\n<p><span style=\"font-size: 10pt;\">Organizator: <a href=\"https:\/\/www.lendava.si\/\">Ob\u010dina Lendava-Lendva K\u00f6zs\u00e9g<\/a><br \/>\nSoorganizator: <a href=\"https:\/\/www.kkl.si\/\">Knji\u017enica \u2013 Kulturni center Lendava \u2013 Lendvai K\u00f6nyvt\u00e1r \u00e9s Kultur\u00e1lis K\u00f6zpont<\/a><\/span><\/p>\n<\/td>\n<\/tr>\n<tr>\n<td style=\"width: 7.41895%;\">\n<p style=\"text-align: center;\"><strong><span style=\"font-size: 24pt;\">24.<\/span><br \/>\n<\/strong><\/p>\n<p style=\"text-align: center;\">sobota<\/p>\n<p><strong>\u00a0<\/strong><\/p>\n<\/td>\n<td style=\"width: 92.0823%;\">\n<p><i class=\"fas fa-clock\"><\/i> <strong>9.00\u201313.00<\/strong> | preddverje Gledali\u0161ke in koncertne dvorane Lendava<a href=\"https:\/\/www1.kkl.si\/wp-content\/uploads\/2023\/06\/plakat_XVIII_srecanje_LINDVA_2023.jpg\" data-lbwps-width=\"2100\" data-lbwps-height=\"3000\" data-lbwps-srcsmall=\"https:\/\/www1.kkl.si\/wp-content\/uploads\/2023\/06\/plakat_XVIII_srecanje_LINDVA_2023.jpg\"><img loading=\"lazy\" decoding=\"async\" class=\"slika alignright wp-image-13146 size-thumbnail\" src=\"https:\/\/www1.kkl.si\/wp-content\/uploads\/2023\/06\/plakat_XVIII_srecanje_LINDVA_2023-scaled-e1686669763914-150x150.jpg\" alt=\"\" width=\"150\" height=\"150\" \/><\/a><img loading=\"lazy\" decoding=\"async\" class=\"alignright\" title=\"Brezpla\u010dna prireditev\" src=\"https:\/\/www1.kkl.si\/wp-content\/uploads\/2020\/07\/spored_simb_brezplacna-1.svg\" alt=\"brezplacna\" width=\"30\" height=\"30\" \/><br \/>\n<strong>sejem, razstava<br \/>\n<\/strong><\/p>\n<p><a href=\"https:\/\/www1.kkl.si\/sl\/xviii-mednarodno-srecanje-zbirateljev\/\"><span style=\"font-size: 24pt;\"><strong>XVIII. Mednarodno sre\u010danje zbirateljev<\/strong><\/span><\/a><\/p>\n<p><span style=\"font-size: 10pt;\">Organizator: <a href=\"https:\/\/www.facebook.com\/Lindva.drustvozbirateljevPomurja\/\">Dru\u0161tvo zbirateljev Pomurja \u2013 Lindva \u2013 Muravid\u00e9ki r\u00e9gis\u00e9ggy\u0171jt\u00f6k egyes\u00fclete<\/a><\/span><\/p>\n<\/td>\n<\/tr>\n<\/tbody>\n<\/table>\n<p style=\"text-align: center;\"><span style=\"font-size: 10pt;\">Organizatorji si pridr\u017eujejo pravico do spremembe programa.<\/span><\/p>\n","protected":false},"excerpt":{"rendered":"<p>Leto 2023: januar | februar | marec | april | maj | junij | julij | avgust | september | oktober | november | december | ARHIV LEGENDA SIMBOLOV Slovenski abonma Mad\u017earski abonma Zaklju\u010dena prireditev Brezpla\u010dna prireditev Pla\u010dljiva prireditev Novost, sprememba DAN PRIREDITEV 1. \u010detrtek \u00a0 18.00 | Gledali\u0161ka in koncertna dvorana Lendava koncert Zaklju\u010dni [&hellip;]<\/p>\n","protected":false},"author":2,"featured_media":0,"parent":0,"menu_order":0,"comment_status":"closed","ping_status":"closed","template":"","meta":{"footnotes":""},"class_list":["post-12767","page","type-page","status-publish","hentry","post"],"_links":{"self":[{"href":"https:\/\/www1.kkl.si\/sl\/wp-json\/wp\/v2\/pages\/12767","targetHints":{"allow":["GET"]}}],"collection":[{"href":"https:\/\/www1.kkl.si\/sl\/wp-json\/wp\/v2\/pages"}],"about":[{"href":"https:\/\/www1.kkl.si\/sl\/wp-json\/wp\/v2\/types\/page"}],"author":[{"embeddable":true,"href":"https:\/\/www1.kkl.si\/sl\/wp-json\/wp\/v2\/users\/2"}],"replies":[{"embeddable":true,"href":"https:\/\/www1.kkl.si\/sl\/wp-json\/wp\/v2\/comments?post=12767"}],"version-history":[{"count":70,"href":"https:\/\/www1.kkl.si\/sl\/wp-json\/wp\/v2\/pages\/12767\/revisions"}],"predecessor-version":[{"id":15410,"href":"https:\/\/www1.kkl.si\/sl\/wp-json\/wp\/v2\/pages\/12767\/revisions\/15410"}],"wp:attachment":[{"href":"https:\/\/www1.kkl.si\/sl\/wp-json\/wp\/v2\/media?parent=12767"}],"curies":[{"name":"wp","href":"https:\/\/api.w.org\/{rel}","templated":true}]}}