{"id":13068,"date":"2023-06-05T09:41:57","date_gmt":"2023-06-05T07:41:57","guid":{"rendered":"https:\/\/www1.kkl.si\/?page_id=13068"},"modified":"2023-06-05T19:59:32","modified_gmt":"2023-06-05T17:59:32","slug":"aranyszamar-babszinhaz-bekakiraly","status":"publish","type":"page","link":"https:\/\/www1.kkl.si\/sl\/aranyszamar-babszinhaz-bekakiraly\/","title":{"rendered":"Aranyszam\u00e1r B\u00e1bsz\u00ednh\u00e1z: B\u00e9kakir\u00e1ly"},"content":{"rendered":"<div class=\"opis\"><i class=\"fas fa-clock\"><\/i> <strong>nedelja, 18. junij 2023, ob 17.00<\/strong> | Gledali\u0161ka in koncertna dvorana Lendava<img loading=\"lazy\" decoding=\"async\" class=\"alignright\" title=\"Pla\u010dljiva prireditev\" src=\"https:\/\/www1.kkl.si\/wp-content\/uploads\/\/2020\/07\/spored_simb_placljiva-1.svg\" alt=\"placljiva\" width=\"30\" height=\"30\" \/><br \/>\n<i class=\"fas fa-chevron-circle-right\"><\/i> <strong>otro\u0161ka predstava v mad\u017earskem jeziku <span class=\"starost\">4+<\/span><br \/>\n<\/strong><i class=\"fas fa-ticket-alt\"><\/i> Cena vstopnice: <strong>3 \u20ac<\/strong><br \/>\nOrganizator: <a href=\"https:\/\/www.kkl.si\/\">Knji\u017enica \u2013 Kulturni center Lendava \u2013 Lendvai K\u00f6nyvt\u00e1r \u00e9s Kultur\u00e1lis K\u00f6zpont<\/a><\/div>\n<p><strong><a href=\"https:\/\/www1.kkl.si\/wp-content\/uploads\/2023\/05\/plakat_B2_mindentlatobeka_2023_DVOJ_web.jpg\" data-lbwps-width=\"1786\" data-lbwps-height=\"2500\" data-lbwps-srcsmall=\"https:\/\/www1.kkl.si\/wp-content\/uploads\/2023\/05\/plakat_B2_mindentlatobeka_2023_DVOJ_web-286x400.jpg\"><img loading=\"lazy\" decoding=\"async\" class=\"slika alignright wp-image-12493 size-medium\" src=\"https:\/\/www1.kkl.si\/wp-content\/uploads\/2023\/05\/plakat_B2_mindentlatobeka_2023_DVOJ_web.jpg\" alt=\"\" width=\"286\" height=\"400\" srcset=\"https:\/\/www1.kkl.si\/wp-content\/uploads\/2023\/05\/plakat_B2_mindentlatobeka_2023_DVOJ_web.jpg 1786w, https:\/\/www1.kkl.si\/wp-content\/uploads\/2023\/05\/plakat_B2_mindentlatobeka_2023_DVOJ_web-286x400.jpg 286w, https:\/\/www1.kkl.si\/wp-content\/uploads\/2023\/05\/plakat_B2_mindentlatobeka_2023_DVOJ_web-1072x1500.jpg 1072w\" sizes=\"auto, (max-width: 286px) 100vw, 286px\" \/><\/a><\/strong><em>Mad\u017earski opis predstave o \u017dabjem kralju:<\/em><\/p>\n<p><strong>Szerepl\u0151k:<\/strong> <br \/>\nBaranyai Anita<br \/>\n\u00c9rsek-Csan\u00e1di Gy\u00f6ngyi<br \/>\nT\u00f3th M\u00e1ty\u00e1s<\/p>\n<p><strong>Alkot\u00f3k:<\/strong><\/p>\n<p><strong>\u00edr\u00f3:<\/strong> Grimm-testv\u00e9rek \u00e9s Kardos T\u00fcnde<br \/>\n<strong>dramaturg:<\/strong> Sz\u00e1nt\u00f3 Vikt\u00f3ria<br \/>\n<strong>rendez\u0151:<\/strong> Halasi D\u00e1niel<br \/>\n<strong>zeneszerz\u0151:<\/strong> Monori Andr\u00e1s<br \/>\n<strong>tervez\u0151:<\/strong> Bodn\u00e1r Enik\u0151<\/p>\n<p>A k\u00f6zismert t\u00f6rt\u00e9net ez\u00fattal marionett sz\u00ednpadon elevenedik meg, amelyet Henrik, a B\u00e9kakir\u00e1ly h\u0171 szolg\u00e1ja \u00e9s egyben legjobb bar\u00e1tja m\u0171k\u00f6dtet.<\/p>\n<p>Mik\u00f6zben elmes\u00e9li az el\u00e1tkozott kir\u00e1lyfi \u00e9s a kir\u00e1lykisasszony bar\u00e1ts\u00e1g\u00e1nak hist\u00f3ri\u00e1j\u00e1t m\u00edves b\u00e1bok kelnek \u00e9letre \u00e9s sz\u00f3rakoztatj\u00e1k a n\u00e9z\u0151ket: kicsiket, nagyokat egyar\u00e1nt.<\/p>\n<p>A humorral \u00e1titatott t\u00f6rt\u00e9net egyszerre sz\u00f3l a legm\u00e9lyebb bar\u00e1ti kapcsolatokr\u00f3l, az elfogad\u00e1sr\u00f3l \u00e9s arr\u00f3l, hogyan l\u00e1thatjuk meg \u00f6nmagunk hib\u00e1it m\u00e1sok szem\u00e9n kereszt\u00fcl.<\/p>\n<p><i class=\"fas fa-link\"><\/i> <a href=\"https:\/\/aranyszamar.hu\/\">https:\/\/aranyszamar.hu\/<\/a><\/p>\n\n\t\t<style type=\"text\/css\">\n\t\t\t#gallery-1 {\n\t\t\t\tmargin: auto;\n\t\t\t}\n\t\t\t#gallery-1 .gallery-item {\n\t\t\t\tfloat: left;\n\t\t\t\tmargin-top: 10px;\n\t\t\t\ttext-align: center;\n\t\t\t\twidth: 50%;\n\t\t\t}\n\t\t\t#gallery-1 img {\n\t\t\t\tborder: 2px solid #cfcfcf;\n\t\t\t}\n\t\t\t#gallery-1 .gallery-caption {\n\t\t\t\tmargin-left: 0;\n\t\t\t}\n\t\t\t\/* see gallery_shortcode() in wp-includes\/media.php *\/\n\t\t<\/style>\n\t\t<div id='gallery-1' class='gallery galleryid-13068 gallery-columns-2 gallery-size-medium'><dl class='gallery-item'>\n\t\t\t<dt class='gallery-icon landscape'>\n\t\t\t\t<a href='https:\/\/www1.kkl.si\/wp-content\/uploads\/2023\/05\/bekakiraly1.jpg'><img loading=\"lazy\" decoding=\"async\" width=\"400\" height=\"267\" src=\"https:\/\/www1.kkl.si\/wp-content\/uploads\/2023\/05\/bekakiraly1-400x267.jpg\" class=\"attachment-medium size-medium\" alt=\"\" srcset=\"https:\/\/www1.kkl.si\/wp-content\/uploads\/2023\/05\/bekakiraly1-400x267.jpg 400w, https:\/\/www1.kkl.si\/wp-content\/uploads\/2023\/05\/bekakiraly1.jpg 1498w\" sizes=\"auto, (max-width: 400px) 100vw, 400px\" \/><\/a>\n\t\t\t<\/dt><\/dl><dl class='gallery-item'>\n\t\t\t<dt class='gallery-icon landscape'>\n\t\t\t\t<a href='https:\/\/www1.kkl.si\/wp-content\/uploads\/2023\/05\/bekakiraly2.jpg'><img loading=\"lazy\" decoding=\"async\" width=\"400\" height=\"267\" src=\"https:\/\/www1.kkl.si\/wp-content\/uploads\/2023\/05\/bekakiraly2-400x267.jpg\" class=\"attachment-medium size-medium\" alt=\"\" srcset=\"https:\/\/www1.kkl.si\/wp-content\/uploads\/2023\/05\/bekakiraly2-400x267.jpg 400w, https:\/\/www1.kkl.si\/wp-content\/uploads\/2023\/05\/bekakiraly2.jpg 1120w\" sizes=\"auto, (max-width: 400px) 100vw, 400px\" \/><\/a>\n\t\t\t<\/dt><\/dl><br style=\"clear: both\" \/>\n\t\t<\/div>\n\n<hr \/>\n<p>VIDE\u00d3AJ\u00c1NL\u00d3\/VIDEO<\/p>\n<p><iframe loading=\"lazy\" src=\"\/\/www.youtube.com\/embed\/aXlqLaYEMKA\" width=\"560\" height=\"314\" allowfullscreen=\"allowfullscreen\" data-mce-fragment=\"1\"><\/iframe><\/p>\n","protected":false},"excerpt":{"rendered":"<p>nedelja, 18. junij 2023, ob 17.00 | Gledali\u0161ka in koncertna dvorana Lendava otro\u0161ka predstava v mad\u017earskem jeziku 4+ Cena vstopnice: 3 \u20ac Organizator: Knji\u017enica \u2013 Kulturni center Lendava \u2013 Lendvai K\u00f6nyvt\u00e1r \u00e9s Kultur\u00e1lis K\u00f6zpont Mad\u017earski opis predstave o \u017dabjem kralju: Szerepl\u0151k: Baranyai Anita \u00c9rsek-Csan\u00e1di Gy\u00f6ngyi T\u00f3th M\u00e1ty\u00e1s Alkot\u00f3k: \u00edr\u00f3: Grimm-testv\u00e9rek \u00e9s Kardos T\u00fcnde dramaturg: Sz\u00e1nt\u00f3 [&hellip;]<\/p>\n","protected":false},"author":2,"featured_media":12643,"parent":0,"menu_order":0,"comment_status":"closed","ping_status":"closed","template":"","meta":{"footnotes":""},"class_list":["post-13068","page","type-page","status-publish","has-post-thumbnail","hentry","post","post-with-thumbnail","post-with-thumbnail-icon"],"_links":{"self":[{"href":"https:\/\/www1.kkl.si\/sl\/wp-json\/wp\/v2\/pages\/13068","targetHints":{"allow":["GET"]}}],"collection":[{"href":"https:\/\/www1.kkl.si\/sl\/wp-json\/wp\/v2\/pages"}],"about":[{"href":"https:\/\/www1.kkl.si\/sl\/wp-json\/wp\/v2\/types\/page"}],"author":[{"embeddable":true,"href":"https:\/\/www1.kkl.si\/sl\/wp-json\/wp\/v2\/users\/2"}],"replies":[{"embeddable":true,"href":"https:\/\/www1.kkl.si\/sl\/wp-json\/wp\/v2\/comments?post=13068"}],"version-history":[{"count":3,"href":"https:\/\/www1.kkl.si\/sl\/wp-json\/wp\/v2\/pages\/13068\/revisions"}],"predecessor-version":[{"id":13095,"href":"https:\/\/www1.kkl.si\/sl\/wp-json\/wp\/v2\/pages\/13068\/revisions\/13095"}],"wp:featuredmedia":[{"embeddable":true,"href":"https:\/\/www1.kkl.si\/sl\/wp-json\/wp\/v2\/media\/12643"}],"wp:attachment":[{"href":"https:\/\/www1.kkl.si\/sl\/wp-json\/wp\/v2\/media?parent=13068"}],"curies":[{"name":"wp","href":"https:\/\/api.w.org\/{rel}","templated":true}]}}