{"id":13094,"date":"2023-06-05T20:01:09","date_gmt":"2023-06-05T18:01:09","guid":{"rendered":"https:\/\/www1.kkl.si\/?page_id=13094"},"modified":"2023-06-06T08:49:36","modified_gmt":"2023-06-06T06:49:36","slug":"igriva-zgodba-na-odru-revija-lendavskih-otroskih-gledaliskih-skupin","status":"publish","type":"page","link":"https:\/\/www1.kkl.si\/sl\/igriva-zgodba-na-odru-revija-lendavskih-otroskih-gledaliskih-skupin\/","title":{"rendered":"IGRIVA ZGODBA NA ODRU \u2013 revija lendavskih otro\u0161kih gledali\u0161kih skupin"},"content":{"rendered":"<div class=\"opis\"><i class=\"fas fa-clock\"><\/i> <strong>sreda, 7. junij 2023, ob 17.30<\/strong> | Gledali\u0161ka in koncertna dvorana Lendava<img loading=\"lazy\" decoding=\"async\" class=\"alignright\" title=\"Brezpla\u010dna prireditev\" src=\"https:\/\/www1.kkl.si\/wp-content\/uploads\/2020\/07\/spored_simb_brezplacna-1.svg\" alt=\"brezplacna\" width=\"30\" height=\"30\" \/><br \/>\n<i class=\"fas fa-chevron-circle-right\"><\/i> <strong>revija\/prireditev<\/strong><br \/>\nOrganizator: <a href=\"https:\/\/kaleido-art.org\/\">KALEIDO \u2013 dru\u0161tvo za razvoj kreativnosti in potencialov, Alkot\u00f3k\u00e9szs\u00e9get \u00e9s Potenci\u00e1lt Fejleszt\u0151 Egyes\u00fclet<\/a><\/div>\n<p>Spo\u0161tovani star\u0161i, prijatelji in ljubitelji umetnosti!<\/p>\n<p>Vljudno vabljeni na revijo lendavskih otro\u0161kih gledali\u0161kih skupin, <br \/>\nki bo v Gledali\u0161ki in koncertni dvorani Lendava <strong>7. junija 2023 ob 17.30 uri<\/strong>.<\/p>\n<p>Program:<\/p>\n<p><strong>MILI<\/strong><br \/>\nLutkovna skupina Mavrica \u2013 Sz\u00edv\u00e1rv\u00e1ny \/ Vrtec Lendava<br \/>\numetni\u0161ko in pedago\u0161ko vodenje: Irma V\u00f6ro\u0161<\/p>\n<p><a href=\"https:\/\/www1.kkl.si\/sl\/vabilo-na-gledalisko-predstavo-anguli-banguli-starodavna-carovnija-zarece-krogle\/\"><strong>ANGULI BANGULI<\/strong><\/a><br \/>\nGledali\u0161ka skupina Teatri\u010dek \/ DO\u0160 | Lendava, Kaleido<br \/>\numetni\u0161ko in pedago\u0161ko vodenje: Iva Nemec<\/p>\n<p><a href=\"https:\/\/www1.kkl.si\/wp-content\/uploads\/2023\/06\/VABILO_Igriva_zgodba_na_odru_2023_web.jpg\" data-lbwps-width=\"2121\" data-lbwps-height=\"3000\" data-lbwps-srcsmall=\"https:\/\/www1.kkl.si\/wp-content\/uploads\/2023\/06\/VABILO_Igriva_zgodba_na_odru_2023_web.jpg\"><img loading=\"lazy\" decoding=\"async\" class=\"alignnone size-large wp-image-13082\" src=\"https:\/\/www1.kkl.si\/wp-content\/uploads\/2023\/06\/VABILO_Igriva_zgodba_na_odru_2023_web-scaled-1061x1500.jpg\" alt=\"\" width=\"1061\" height=\"1500\" srcset=\"https:\/\/www1.kkl.si\/wp-content\/uploads\/2023\/06\/VABILO_Igriva_zgodba_na_odru_2023_web-scaled-1061x1500.jpg 1061w, https:\/\/www1.kkl.si\/wp-content\/uploads\/2023\/06\/VABILO_Igriva_zgodba_na_odru_2023_web-scaled-283x400.jpg 283w, https:\/\/www1.kkl.si\/wp-content\/uploads\/2023\/06\/VABILO_Igriva_zgodba_na_odru_2023_web-scaled.jpg 1810w\" sizes=\"auto, (max-width: 1061px) 100vw, 1061px\" \/><\/a><\/p>\n","protected":false},"excerpt":{"rendered":"<p>sreda, 7. junij 2023, ob 17.30 | Gledali\u0161ka in koncertna dvorana Lendava revija\/prireditev Organizator: KALEIDO \u2013 dru\u0161tvo za razvoj kreativnosti in potencialov, Alkot\u00f3k\u00e9szs\u00e9get \u00e9s Potenci\u00e1lt Fejleszt\u0151 Egyes\u00fclet Spo\u0161tovani star\u0161i, prijatelji in ljubitelji umetnosti! Vljudno vabljeni na revijo lendavskih otro\u0161kih gledali\u0161kih skupin, ki bo v Gledali\u0161ki in koncertni dvorani Lendava 7. junija 2023 ob 17.30 uri. [&hellip;]<\/p>\n","protected":false},"author":2,"featured_media":13082,"parent":0,"menu_order":0,"comment_status":"closed","ping_status":"closed","template":"","meta":{"footnotes":""},"class_list":["post-13094","page","type-page","status-publish","has-post-thumbnail","hentry","post","post-with-thumbnail","post-with-thumbnail-icon"],"_links":{"self":[{"href":"https:\/\/www1.kkl.si\/sl\/wp-json\/wp\/v2\/pages\/13094","targetHints":{"allow":["GET"]}}],"collection":[{"href":"https:\/\/www1.kkl.si\/sl\/wp-json\/wp\/v2\/pages"}],"about":[{"href":"https:\/\/www1.kkl.si\/sl\/wp-json\/wp\/v2\/types\/page"}],"author":[{"embeddable":true,"href":"https:\/\/www1.kkl.si\/sl\/wp-json\/wp\/v2\/users\/2"}],"replies":[{"embeddable":true,"href":"https:\/\/www1.kkl.si\/sl\/wp-json\/wp\/v2\/comments?post=13094"}],"version-history":[{"count":6,"href":"https:\/\/www1.kkl.si\/sl\/wp-json\/wp\/v2\/pages\/13094\/revisions"}],"predecessor-version":[{"id":13115,"href":"https:\/\/www1.kkl.si\/sl\/wp-json\/wp\/v2\/pages\/13094\/revisions\/13115"}],"wp:featuredmedia":[{"embeddable":true,"href":"https:\/\/www1.kkl.si\/sl\/wp-json\/wp\/v2\/media\/13082"}],"wp:attachment":[{"href":"https:\/\/www1.kkl.si\/sl\/wp-json\/wp\/v2\/media?parent=13094"}],"curies":[{"name":"wp","href":"https:\/\/api.w.org\/{rel}","templated":true}]}}