{"id":13285,"date":"2023-06-21T14:17:07","date_gmt":"2023-06-21T12:17:07","guid":{"rendered":"https:\/\/www1.kkl.si\/?page_id=13285"},"modified":"2023-11-28T10:26:47","modified_gmt":"2023-11-28T09:26:47","slug":"spored-2023-07","status":"publish","type":"page","link":"https:\/\/www1.kkl.si\/sl\/spored-2023-07\/","title":{"rendered":"SPORED: julij 2023"},"content":{"rendered":"<p><strong>Leto 2023:<\/strong> <a href=\"https:\/\/www1.kkl.si\/sl\/spored-2023-01\/\">januar<\/a> | <a href=\"https:\/\/www1.kkl.si\/sl\/spored-2023-02\/\">februar<\/a> | <a href=\"https:\/\/www1.kkl.si\/sl\/spored-2023-03\/\">marec<\/a> | <a href=\"https:\/\/www1.kkl.si\/sl\/spored-2023-04\/\">april<\/a> | <a href=\"https:\/\/www1.kkl.si\/sl\/spored-2023-05\/\">maj<\/a> | <a href=\"https:\/\/www1.kkl.si\/sl\/spored-2023-06\/\">junij<\/a> | <a href=\"https:\/\/www1.kkl.si\/sl\/spored-2023-07\/\">julij<\/a> | <a href=\"https:\/\/www1.kkl.si\/sl\/spored-2023-08\/\">avgust <\/a>| <a href=\"https:\/\/www1.kkl.si\/sl\/spored-2023-09\/\">september<\/a> | <a href=\"https:\/\/www1.kkl.si\/sl\/spored-2023-10\/\">oktober<\/a> | <a href=\"https:\/\/www1.kkl.si\/sl\/spored-2023-11\/\">november<\/a> | <a href=\"https:\/\/www1.kkl.si\/sl\/spored-2023-12\/\">december<\/a> | <a href=\"https:\/\/www1.kkl.si\/sl\/arhiv-sporeda\/\">ARHIV<\/a><\/p>\n<table id=\"spored-legenda\" cellspacing=\"0\" cellpadding=\"5\">\n<tbody>\n<tr>\n<td><strong>LEGENDA<br \/>\nSIMBOLOV<\/strong><\/td>\n<td style=\"vertical-align: middle;\"><img loading=\"lazy\" decoding=\"async\" title=\"Slovenski abonma\" src=\"https:\/\/www1.kkl.si\/wp-content\/uploads\/2020\/07\/spored_simb_abonma_si-1.svg\" alt=\"abonma_si\" width=\"30\" height=\"30\" \/><\/td>\n<td>Slovenski<br \/>\nabonma<\/td>\n<td style=\"vertical-align: middle;\"><img loading=\"lazy\" decoding=\"async\" title=\"Mad\u017earski abonma\" src=\"https:\/\/www1.kkl.si\/wp-content\/uploads\/2020\/07\/spored_simb_abonma_hu-1.svg\" alt=\"abonma_hu\" width=\"30\" height=\"30\" \/><\/td>\n<td>Mad\u017earski<br \/>\nabonma<\/td>\n<td style=\"vertical-align: middle;\"><img loading=\"lazy\" decoding=\"async\" title=\"Zaklju\u010dena prireditev\" src=\"https:\/\/www1.kkl.si\/wp-content\/uploads\/2020\/07\/spored_simb_zakljucena-1.svg\" alt=\"zakljucena\" width=\"30\" height=\"30\" \/><\/td>\n<td>Zaklju\u010dena<br \/>\nprireditev<\/td>\n<td style=\"vertical-align: middle;\"><img loading=\"lazy\" decoding=\"async\" title=\"Brezpla\u010dna prireditev\" src=\"https:\/\/www1.kkl.si\/wp-content\/uploads\/2020\/07\/spored_simb_brezplacna-1.svg\" alt=\"brezplacna\" width=\"30\" height=\"30\" \/><\/td>\n<td>Brezpla\u010dna<br \/>\nprireditev<\/td>\n<td style=\"vertical-align: middle;\"><img loading=\"lazy\" decoding=\"async\" title=\"Pla\u010dljiva prireditev\" src=\"https:\/\/www1.kkl.si\/wp-content\/uploads\/2020\/07\/spored_simb_placljiva-1.svg\" alt=\"placljiva\" width=\"30\" height=\"30\" \/><\/td>\n<td>Pla\u010dljiva<br \/>\nprireditev<\/td>\n<td style=\"vertical-align: middle;\"><img loading=\"lazy\" decoding=\"async\" title=\"Novost, sprememba\" src=\"https:\/\/www1.kkl.si\/wp-content\/uploads\/2020\/07\/spored_simb_novost-1.svg\" alt=\"novost\" width=\"30\" height=\"30\" \/><\/td>\n<td>Novost,<br \/>\nsprememba<\/td>\n<\/tr>\n<\/tbody>\n<\/table>\n<table id=\"sporedtabela\" class=\"tablesorter\" style=\"width: 100%;\">\n<thead>\n<tr style=\"height: 24px;\">\n<th style=\"text-align: center; width: 7.41895%; height: 24px;\">DAN<\/th>\n<th class=\"sortless\" style=\"text-align: left; width: 92.0823%; height: 24px;\">PRIREDITEV<\/th>\n<\/tr>\n<\/thead>\n<tbody>\n<tr>\n<td style=\"width: 7.41895%;\">\n<p style=\"text-align: center;\"><span style=\"font-size: 24pt;\"><strong>10.<br \/>\n<\/strong><\/span><\/p>\n<p style=\"text-align: center;\">ponedeljek<\/p>\n<\/td>\n<td style=\"width: 92.0823%;\">\n<p><i class=\"fas fa-clock\"><\/i> <strong>18.00<\/strong> | Gledali\u0161ka in koncertna dvorana Lendava<img loading=\"lazy\" decoding=\"async\" class=\"alignright wp-image-13286\" src=\"https:\/\/www1.kkl.si\/wp-content\/uploads\/2023\/06\/DSSL-KKIL_logo_napis.svg\" alt=\"\" width=\"150\" height=\"151\" \/><img loading=\"lazy\" decoding=\"async\" class=\"alignright\" title=\"Zaklju\u010dena prireditev\" src=\"https:\/\/www1.kkl.si\/wp-content\/uploads\/2020\/07\/spored_simb_zakljucena-1.svg\" alt=\"zakljucena\" width=\"30\" height=\"30\" \/><br \/>\n<strong>slavnostna, kulturna prireditev<br \/>\n<\/strong><\/p>\n<p><span style=\"font-size: 24pt;\"><strong>Podelitev maturitetnih spri\u010deval<\/strong><\/span><\/p>\n<p><span style=\"font-size: 10pt;\">Organizator: <a href=\"https:\/\/www.kkl.si\/\">DS\u0160 Lendava \u2013 KKI, Lendva<\/a><\/span><\/p>\n<\/td>\n<\/tr>\n<\/tbody>\n<\/table>\n<p style=\"text-align: center;\"><span style=\"font-size: 10pt;\">Organizatorji si pridr\u017eujejo pravico do spremembe programa.<\/span><\/p>\n","protected":false},"excerpt":{"rendered":"<p>Leto 2023: januar | februar | marec | april | maj | junij | julij | avgust | september | oktober | november | december | ARHIV LEGENDA SIMBOLOV Slovenski abonma Mad\u017earski abonma Zaklju\u010dena prireditev Brezpla\u010dna prireditev Pla\u010dljiva prireditev Novost, sprememba DAN PRIREDITEV 10. ponedeljek 18.00 | Gledali\u0161ka in koncertna dvorana Lendava slavnostna, kulturna prireditev [&hellip;]<\/p>\n","protected":false},"author":2,"featured_media":0,"parent":0,"menu_order":0,"comment_status":"closed","ping_status":"closed","template":"","meta":{"footnotes":""},"class_list":["post-13285","page","type-page","status-publish","hentry","post"],"_links":{"self":[{"href":"https:\/\/www1.kkl.si\/sl\/wp-json\/wp\/v2\/pages\/13285","targetHints":{"allow":["GET"]}}],"collection":[{"href":"https:\/\/www1.kkl.si\/sl\/wp-json\/wp\/v2\/pages"}],"about":[{"href":"https:\/\/www1.kkl.si\/sl\/wp-json\/wp\/v2\/types\/page"}],"author":[{"embeddable":true,"href":"https:\/\/www1.kkl.si\/sl\/wp-json\/wp\/v2\/users\/2"}],"replies":[{"embeddable":true,"href":"https:\/\/www1.kkl.si\/sl\/wp-json\/wp\/v2\/comments?post=13285"}],"version-history":[{"count":6,"href":"https:\/\/www1.kkl.si\/sl\/wp-json\/wp\/v2\/pages\/13285\/revisions"}],"predecessor-version":[{"id":15409,"href":"https:\/\/www1.kkl.si\/sl\/wp-json\/wp\/v2\/pages\/13285\/revisions\/15409"}],"wp:attachment":[{"href":"https:\/\/www1.kkl.si\/sl\/wp-json\/wp\/v2\/media?parent=13285"}],"curies":[{"name":"wp","href":"https:\/\/api.w.org\/{rel}","templated":true}]}}