{"id":13369,"date":"2023-07-03T10:26:33","date_gmt":"2023-07-03T08:26:33","guid":{"rendered":"https:\/\/www1.kkl.si\/?page_id=13369"},"modified":"2023-08-04T13:09:02","modified_gmt":"2023-08-04T11:09:02","slug":"kazalisna-druzina-pinklec-hrvaska-cvrcak-i-mravi","status":"publish","type":"page","link":"https:\/\/www1.kkl.si\/sl\/kazalisna-druzina-pinklec-hrvaska-cvrcak-i-mravi\/","title":{"rendered":"Kazali\u0161na dru\u017eina Pinklec (Hrva\u0161ka): Cvr\u010dak i mravi"},"content":{"rendered":"<div class=\"opis\"><i class=\"fas fa-clock\"><\/i> <strong>petek, 4. avgust 2023, ob 18.30<\/strong> | Letni oder Gledali\u0161ke in koncertne dvorane Lendava<img loading=\"lazy\" decoding=\"async\" class=\"alignright\" title=\"Brezpla\u010dna prireditev\" src=\"https:\/\/www1.kkl.si\/wp-content\/uploads\/2020\/07\/spored_simb_brezplacna-1.svg\" alt=\"brezplacna\" width=\"30\" height=\"30\" \/><br \/>\n<i class=\"fas fa-chevron-circle-right\"><\/i> <strong>otro\u0161ka predstava v hrva\u0161kem jeziku <span class=\"starost\">4+<\/span><\/strong><br \/>\nOrganizator: <a href=\"https:\/\/www.kkl.si\/\">Knji\u017enica \u2013 Kulturni center Lendava \u2013 Lendvai K\u00f6nyvt\u00e1r \u00e9s Kultur\u00e1lis K\u00f6zpont<\/a><\/p>\n<p><span style=\"color: #ff0000;\"><i class=\"fas fa-exclamation-circle\"><\/i> <strong>Spo\u0161tovani, obve\u0161\u010damo vas, da bo zaradi slabega vremena predstava izvedena v dvorani.<\/strong><\/span><\/div>\n<p><a href=\"https:\/\/www1.kkl.si\/wp-content\/uploads\/2023\/06\/plakat_B2_poletni_program_2023.jpg\" data-lbwps-width=\"2143\" data-lbwps-height=\"3000\" data-lbwps-srcsmall=\"https:\/\/www1.kkl.si\/wp-content\/uploads\/2023\/06\/plakat_B2_poletni_program_2023.jpg\"><img loading=\"lazy\" decoding=\"async\" class=\"slika alignright wp-image-13356 size-medium\" src=\"https:\/\/www1.kkl.si\/wp-content\/uploads\/2023\/06\/plakat_B2_poletni_program_2023-scaled-286x400.jpg\" alt=\"\" width=\"286\" height=\"400\" srcset=\"https:\/\/www1.kkl.si\/wp-content\/uploads\/2023\/06\/plakat_B2_poletni_program_2023-scaled-286x400.jpg 286w, https:\/\/www1.kkl.si\/wp-content\/uploads\/2023\/06\/plakat_B2_poletni_program_2023-scaled-1072x1500.jpg 1072w, https:\/\/www1.kkl.si\/wp-content\/uploads\/2023\/06\/plakat_B2_poletni_program_2023-scaled.jpg 1829w\" sizes=\"auto, (max-width: 286px) 100vw, 286px\" \/><\/a>POLETNI PROGRAM 2023<br \/>\nPOLETNI LUTKOVNI PRISTAN LENDAVA 2023 \u2013 Mednarodni lutkovni festival<\/p>\n<p>Kazali\u0161na dru\u017eina Pinklec (Hrva\u0161ka): <br \/>\n<strong>Cvr\u010dak i mravi (\u010cri\u010dek in mravlje)<\/strong><\/p>\n<p>Ena od najbolj znanih Ezopovih pravljic pripoveduje o lenem \u010dri\u010dku, ki dobi prilo\u017enost za rojenje in posku\u0161a prepri\u010dati mravlje, da se mu pridru\u017eijo, ter o mravljah, ki vedno stojijo v kolonah pred kuhinjo in shranjujejo hrano za zimo.<\/p>\n<p><strong>Re\u017eiser: <\/strong>Romano Bogdan<\/p>\n<p><strong>Igrajo:<\/strong><\/p>\n<p>Mario Jak\u0161i\u0107<br \/>\nAleksandar Filo<br \/>\nDavor Dokleja<br \/>\nBruno Kontrec<\/p>\n<hr \/>\n<p><a href=\"https:\/\/www1.kkl.si\/wp-content\/uploads\/2023\/07\/pinklec_cvrcak_01.jpg\" data-lbwps-width=\"2560\" data-lbwps-height=\"1706\" data-lbwps-srcsmall=\"https:\/\/www1.kkl.si\/wp-content\/uploads\/2023\/07\/pinklec_cvrcak_01-400x267.jpg\"><img loading=\"lazy\" decoding=\"async\" class=\"alignnone size-large wp-image-13373\" src=\"https:\/\/www1.kkl.si\/wp-content\/uploads\/2023\/07\/pinklec_cvrcak_01-1500x1000.jpg\" alt=\"\" width=\"1500\" height=\"1000\" srcset=\"https:\/\/www1.kkl.si\/wp-content\/uploads\/2023\/07\/pinklec_cvrcak_01-1500x1000.jpg 1500w, https:\/\/www1.kkl.si\/wp-content\/uploads\/2023\/07\/pinklec_cvrcak_01-400x267.jpg 400w\" sizes=\"auto, (max-width: 1500px) 100vw, 1500px\" \/><\/a><\/p>\n<p><em>Hrva\u0161ki opis predstave:<\/em><\/p>\n<p>Jedna od najpoznatijih Ezopovih basni, donosi\u00a0 nam pri\u010du o lijenom cvr\u010dku koji je dane provodio sviraju\u0107i i poku\u0161avaju\u0107i nagovoriti mrave da mu se pridru\u017ee, i mravima koji su vrijedno stajali u kolonama ispred ku\u0107e i skladi\u0161tili hranu za zimu.<\/p>\n<p>Kroz moderni pristup propitkuju\u0107i posljedice rada i nemara, ova predstava postavlja neka od uvijek aktualnih dru\u0161tvenih pitanja. Kroz kontrast mrava kao radi\u0161nih ljudi kojima je va\u017eno materijalno se osigurati za budu\u0107nost, i cvr\u010dka kao neke vrste boema koji u\u017eiva u trenutku, pred gledatelje se stavlja opreka materijalnih dobara bez kojih nema napretka i umjetnosti \u010dija je va\u017enost tako\u0111er neosporiva.<\/p>\n<p>Ho\u0107e li cvr\u010dak pre\u017eivjeti zimu kad shvati da su mu ostali jedino njegovi instrumenti i ho\u0107e li ba\u0161 svi mravi odoljeti njegovoj pjesmi koja ih prati cijele dane?<\/p>\n<p>Gluma\u010dka igra \u010detvero glumaca vodi nas u svijet malih radoholi\u010dara i jednog boema, ostavljaju\u0107i nam prostora da sami zaklju\u010dimo tko je u ovoj pri\u010di negativac, a tko pozitivac, i postoji li uop\u0107e takva podjela u pri\u010di koja nam osim glavne poruke, u tragovima nosi i onu poznatu koja nas u\u010di da smo svi razli\u010diti?<\/p>\n<p>Predstava je predvi\u0111ena za djecu od 4 godina na vi\u0161e, a traje 40 minuta.<\/p>\n\n\t\t<style type=\"text\/css\">\n\t\t\t#gallery-1 {\n\t\t\t\tmargin: auto;\n\t\t\t}\n\t\t\t#gallery-1 .gallery-item {\n\t\t\t\tfloat: left;\n\t\t\t\tmargin-top: 10px;\n\t\t\t\ttext-align: center;\n\t\t\t\twidth: 16%;\n\t\t\t}\n\t\t\t#gallery-1 img {\n\t\t\t\tborder: 2px solid #cfcfcf;\n\t\t\t}\n\t\t\t#gallery-1 .gallery-caption {\n\t\t\t\tmargin-left: 0;\n\t\t\t}\n\t\t\t\/* see gallery_shortcode() in wp-includes\/media.php *\/\n\t\t<\/style>\n\t\t<div id='gallery-1' class='gallery galleryid-13369 gallery-columns-6 gallery-size-thumbnail'><dl class='gallery-item'>\n\t\t\t<dt class='gallery-icon landscape'>\n\t\t\t\t<a href='https:\/\/www1.kkl.si\/wp-content\/uploads\/2023\/07\/pinklec_cvrcak_02.jpg'><img loading=\"lazy\" decoding=\"async\" width=\"150\" height=\"150\" src=\"https:\/\/www1.kkl.si\/wp-content\/uploads\/2023\/07\/pinklec_cvrcak_02-150x150.jpg\" class=\"attachment-thumbnail size-thumbnail\" alt=\"\" \/><\/a>\n\t\t\t<\/dt><\/dl><dl class='gallery-item'>\n\t\t\t<dt class='gallery-icon portrait'>\n\t\t\t\t<a href='https:\/\/www1.kkl.si\/wp-content\/uploads\/2023\/07\/pinklec_cvrcak_03.jpg'><img loading=\"lazy\" decoding=\"async\" width=\"150\" height=\"150\" src=\"https:\/\/www1.kkl.si\/wp-content\/uploads\/2023\/07\/pinklec_cvrcak_03-150x150.jpg\" class=\"attachment-thumbnail size-thumbnail\" alt=\"\" \/><\/a>\n\t\t\t<\/dt><\/dl><dl class='gallery-item'>\n\t\t\t<dt class='gallery-icon landscape'>\n\t\t\t\t<a href='https:\/\/www1.kkl.si\/wp-content\/uploads\/2023\/07\/pinklec_cvrcak_04.jpg'><img loading=\"lazy\" decoding=\"async\" width=\"150\" height=\"150\" src=\"https:\/\/www1.kkl.si\/wp-content\/uploads\/2023\/07\/pinklec_cvrcak_04-150x150.jpg\" class=\"attachment-thumbnail size-thumbnail\" alt=\"\" \/><\/a>\n\t\t\t<\/dt><\/dl><dl class='gallery-item'>\n\t\t\t<dt class='gallery-icon landscape'>\n\t\t\t\t<a href='https:\/\/www1.kkl.si\/wp-content\/uploads\/2023\/07\/pinklec_cvrcak_05.jpg'><img loading=\"lazy\" decoding=\"async\" width=\"150\" height=\"150\" src=\"https:\/\/www1.kkl.si\/wp-content\/uploads\/2023\/07\/pinklec_cvrcak_05-150x150.jpg\" class=\"attachment-thumbnail size-thumbnail\" alt=\"\" \/><\/a>\n\t\t\t<\/dt><\/dl><dl class='gallery-item'>\n\t\t\t<dt class='gallery-icon landscape'>\n\t\t\t\t<a href='https:\/\/www1.kkl.si\/wp-content\/uploads\/2023\/07\/pinklec_cvrcak_06.jpg'><img loading=\"lazy\" decoding=\"async\" width=\"150\" height=\"150\" src=\"https:\/\/www1.kkl.si\/wp-content\/uploads\/2023\/07\/pinklec_cvrcak_06-150x150.jpg\" class=\"attachment-thumbnail size-thumbnail\" alt=\"\" \/><\/a>\n\t\t\t<\/dt><\/dl><dl class='gallery-item'>\n\t\t\t<dt class='gallery-icon landscape'>\n\t\t\t\t<a href='https:\/\/www1.kkl.si\/wp-content\/uploads\/2023\/07\/pinklec_cvrcak_07.jpg'><img loading=\"lazy\" decoding=\"async\" width=\"150\" height=\"150\" src=\"https:\/\/www1.kkl.si\/wp-content\/uploads\/2023\/07\/pinklec_cvrcak_07-150x150.jpg\" class=\"attachment-thumbnail size-thumbnail\" alt=\"\" \/><\/a>\n\t\t\t<\/dt><\/dl><br style=\"clear: both\" \/>\n\t\t<\/div>\n\n<p><strong>Redatelj: <\/strong>Romano Bogdan<br \/>\n<strong>Tekst i dramaturgija: <\/strong>Ivona Marciu\u0161<br \/>\n<strong>Scenografija i kostimi: <\/strong>Bruno Kontrec<br \/>\n<strong>Glazba: <\/strong>Igor Baksa<br \/>\n<strong>Oblikovanje rasvjete: <\/strong>Neven Taradi<br \/>\n<strong>Grafi\u010dko oblikovanje: <\/strong>Bruno Kontrec<\/p>\n<p><strong>Igraju:<\/strong><\/p>\n<p>Mario Jak\u0161i\u0107<br \/>\nAleksandar Filo<br \/>\nDavor Dokleja<br \/>\nBruno Kontrec<\/p>\n<p>Predstava je dio me\u0111unarodnog projekta\u00a0<em>ConnectUp \u2013 The Life of the Others,\u00a0<\/em>financiranog kroz program Creative Europe.<\/p>\n<p><strong>Dob:<\/strong> 4+<br \/>\n<strong>Trajanje:<\/strong> 40 min<\/p>\n<p><i class=\"fas fa-link\"><\/i> <a href=\"https:\/\/kdpinklec.com\/cvrcak-i-mravi-premijera\/\">https:\/\/kdpinklec.com\/cvrcak-i-mravi-premijera\/<\/a><\/p>\n<hr \/>\n<p>VIDEO<\/p>\n<p><iframe loading=\"lazy\" src=\"\/\/www.youtube.com\/embed\/QCm2Z9NpRjk\" width=\"560\" height=\"314\" allowfullscreen=\"allowfullscreen\"><\/iframe><\/p>\n<div class=\"x11i5rnm xat24cr x1mh8g0r x1vvkbs xtlvy1s\"><span style=\"font-size: 10pt;\">Vse prireditve so brezpla\u010dne.<\/span><br \/>\n<span style=\"font-size: 10pt;\">Pridr\u017eujemo si pravico do spremembe programa.<\/span><\/div>\n","protected":false},"excerpt":{"rendered":"<p>petek, 4. avgust 2023, ob 18.30 | Letni oder Gledali\u0161ke in koncertne dvorane Lendava otro\u0161ka predstava v hrva\u0161kem jeziku 4+ Organizator: Knji\u017enica \u2013 Kulturni center Lendava \u2013 Lendvai K\u00f6nyvt\u00e1r \u00e9s Kultur\u00e1lis K\u00f6zpont Spo\u0161tovani, obve\u0161\u010damo vas, da bo zaradi slabega vremena predstava izvedena v dvorani. POLETNI PROGRAM 2023 POLETNI LUTKOVNI PRISTAN LENDAVA 2023 \u2013 Mednarodni lutkovni [&hellip;]<\/p>\n","protected":false},"author":2,"featured_media":13373,"parent":0,"menu_order":0,"comment_status":"closed","ping_status":"closed","template":"","meta":{"footnotes":""},"class_list":["post-13369","page","type-page","status-publish","has-post-thumbnail","hentry","post","post-with-thumbnail","post-with-thumbnail-icon"],"_links":{"self":[{"href":"https:\/\/www1.kkl.si\/sl\/wp-json\/wp\/v2\/pages\/13369","targetHints":{"allow":["GET"]}}],"collection":[{"href":"https:\/\/www1.kkl.si\/sl\/wp-json\/wp\/v2\/pages"}],"about":[{"href":"https:\/\/www1.kkl.si\/sl\/wp-json\/wp\/v2\/types\/page"}],"author":[{"embeddable":true,"href":"https:\/\/www1.kkl.si\/sl\/wp-json\/wp\/v2\/users\/2"}],"replies":[{"embeddable":true,"href":"https:\/\/www1.kkl.si\/sl\/wp-json\/wp\/v2\/comments?post=13369"}],"version-history":[{"count":14,"href":"https:\/\/www1.kkl.si\/sl\/wp-json\/wp\/v2\/pages\/13369\/revisions"}],"predecessor-version":[{"id":13377,"href":"https:\/\/www1.kkl.si\/sl\/wp-json\/wp\/v2\/pages\/13369\/revisions\/13377"}],"wp:featuredmedia":[{"embeddable":true,"href":"https:\/\/www1.kkl.si\/sl\/wp-json\/wp\/v2\/media\/13373"}],"wp:attachment":[{"href":"https:\/\/www1.kkl.si\/sl\/wp-json\/wp\/v2\/media?parent=13369"}],"curies":[{"name":"wp","href":"https:\/\/api.w.org\/{rel}","templated":true}]}}