{"id":13424,"date":"2023-07-05T18:34:19","date_gmt":"2023-07-05T16:34:19","guid":{"rendered":"https:\/\/www1.kkl.si\/?page_id=13424"},"modified":"2023-08-04T21:23:26","modified_gmt":"2023-08-04T19:23:26","slug":"lusterdam","status":"publish","type":"page","link":"https:\/\/www1.kkl.si\/sl\/lusterdam\/","title":{"rendered":"Lusterdam"},"content":{"rendered":"<div class=\"opis\"><i class=\"fas fa-clock\"><\/i> <strong>sobota, 5. avgust 2023, ob 20.00<\/strong> | Letni oder Gledali\u0161ke in koncertne dvorane Lendava<img loading=\"lazy\" decoding=\"async\" class=\"alignright\" title=\"Brezpla\u010dna prireditev\" src=\"https:\/\/www1.kkl.si\/wp-content\/uploads\/2020\/07\/spored_simb_brezplacna-1.svg\" alt=\"brezplacna\" width=\"30\" height=\"30\" \/><br \/>\n<i class=\"fas fa-chevron-circle-right\"><\/i> <strong>koncert<\/strong><br \/>\nOrganizator: <a href=\"https:\/\/www.kkl.si\/\">Knji\u017enica \u2013 Kulturni center Lendava \u2013 Lendvai K\u00f6nyvt\u00e1r \u00e9s Kultur\u00e1lis K\u00f6zpont<\/a><\/div>\n<div>\n<span style=\"color: #ff0000;\"><i class=\"fas fa-exclamation-circle\"><\/i> <strong>Spo\u0161tovani, obve\u0161\u010damo vas, da je koncert skupine Lusterdam zaradi izrednih razmer prestavljen.<\/strong><\/span><\/div>\n<p><a href=\"https:\/\/www1.kkl.si\/wp-content\/uploads\/2023\/07\/Lusterdam-JernejKokol-HQ-9.jpg\" data-lbwps-width=\"1141\" data-lbwps-height=\"642\" data-lbwps-srcsmall=\"https:\/\/www1.kkl.si\/wp-content\/uploads\/2023\/07\/Lusterdam-JernejKokol-HQ-9-400x225.jpg\"><img loading=\"lazy\" decoding=\"async\" class=\"alignnone wp-image-13425 size-full\" src=\"https:\/\/www1.kkl.si\/wp-content\/uploads\/2023\/07\/Lusterdam-JernejKokol-HQ-9.jpg\" alt=\"\" width=\"1141\" height=\"642\" srcset=\"https:\/\/www1.kkl.si\/wp-content\/uploads\/2023\/07\/Lusterdam-JernejKokol-HQ-9.jpg 1141w, https:\/\/www1.kkl.si\/wp-content\/uploads\/2023\/07\/Lusterdam-JernejKokol-HQ-9-400x225.jpg 400w\" sizes=\"auto, (max-width: 1141px) 100vw, 1141px\" \/><\/a><\/p>\n<p><a href=\"https:\/\/www1.kkl.si\/wp-content\/uploads\/2023\/06\/plakat_B2_poletni_program_2023.jpg\" data-lbwps-width=\"2143\" data-lbwps-height=\"3000\" data-lbwps-srcsmall=\"https:\/\/www1.kkl.si\/wp-content\/uploads\/2023\/06\/plakat_B2_poletni_program_2023.jpg\"><img loading=\"lazy\" decoding=\"async\" class=\"slika alignright wp-image-13356 size-medium\" src=\"https:\/\/www1.kkl.si\/wp-content\/uploads\/2023\/06\/plakat_B2_poletni_program_2023-scaled-286x400.jpg\" alt=\"\" width=\"286\" height=\"400\" srcset=\"https:\/\/www1.kkl.si\/wp-content\/uploads\/2023\/06\/plakat_B2_poletni_program_2023-scaled-286x400.jpg 286w, https:\/\/www1.kkl.si\/wp-content\/uploads\/2023\/06\/plakat_B2_poletni_program_2023-scaled-1072x1500.jpg 1072w, https:\/\/www1.kkl.si\/wp-content\/uploads\/2023\/06\/plakat_B2_poletni_program_2023-scaled.jpg 1829w\" sizes=\"auto, (max-width: 286px) 100vw, 286px\" \/><\/a>POLETNI PROGRAM 2023<br \/>\n<strong>Lusterdam<\/strong><\/p>\n<p>Lusterdam so \u0161ele na za\u010detku svoje poti, a so z glasbo, ki jo ustvarjajo, prepri\u010dali \u017ee mnoge. \u010ceprav so skupaj le kratek \u010das, zasedbo sestavljajo izku\u0161eni glasbeniki (in filmarji): gonilna sila <strong>Hieronim Vilar<\/strong> (vokal, kitara), <strong>Mirko Medved<\/strong> (kitara), <strong>Jure Volgemut<\/strong> (bobni) in priznani re\u017eiser <strong>Ven Jemer\u0161i\u0107<\/strong> (bas). \u0160tiri\u010dlanska zasedba na valu vro\u010di\u010dnega hajpa izdaja prvenec in je tik pred tem, da se uveljavi kot ena od tistih nepozabnih glasbenih izku\u0161enj.<\/p>\n<p>Na prvencu zasedbe Lusterdam je deset avtorskih skladb (med njimi tudi \u2018Lepo mi godrnja\u0161\u2019), po katerih se pretakata post-rock in kitarski pop, s primesmi grungea in countryja.<\/p>\n<p>Pri snemanju albuma je zasedba sodelovala s priznanimi in uveljavljenimi producenti iz sveta glasbe kot so: Peter Penko (Laibach, Siddharta, Torul, TerraFolk), Drago Popovi\u0107 (Mi2, Hamo &amp; Tribute 2 Love, Zgre\u0161eni Primeri), Anej Ko\u010devar (La\u010dni Franc, Adam, Anavrin, Gu\u0161ti \u2026).<\/p>\n<p><i class=\"fas fa-link\"><\/i> <a href=\"https:\/\/lusterdam.si\/\">https:\/\/lusterdam.si\/<\/a><br \/>\n<i class=\"fab fa-youtube\"><\/i> <a href=\"https:\/\/www.youtube.com\/@Lusterdam\">https:\/\/www.youtube.com\/@Lusterdam<\/a><\/p>\n<p><iframe loading=\"lazy\" src=\"\/\/www.youtube.com\/embed\/Ob4GsbXMYnQ\" width=\"560\" height=\"314\" allowfullscreen=\"allowfullscreen\"><\/iframe><\/p>\n<p><iframe loading=\"lazy\" src=\"\/\/www.youtube.com\/embed\/SYqh8E7r-Rw\" width=\"560\" height=\"314\" allowfullscreen=\"allowfullscreen\"><\/iframe><\/p>\n<p><iframe loading=\"lazy\" src=\"\/\/www.youtube.com\/embed\/tUU4Wt6pat4\" width=\"560\" height=\"314\" allowfullscreen=\"allowfullscreen\"><\/iframe><\/p>\n<div class=\"x11i5rnm xat24cr x1mh8g0r x1vvkbs xtlvy1s\"><span style=\"font-size: 10pt;\">Vse prireditve so brezpla\u010dne.<\/span><br \/>\n<span style=\"font-size: 10pt;\">Pridr\u017eujemo si pravico do spremembe programa.<\/span><\/div>\n","protected":false},"excerpt":{"rendered":"<p>sobota, 5. avgust 2023, ob 20.00 | Letni oder Gledali\u0161ke in koncertne dvorane Lendava koncert Organizator: Knji\u017enica \u2013 Kulturni center Lendava \u2013 Lendvai K\u00f6nyvt\u00e1r \u00e9s Kultur\u00e1lis K\u00f6zpont Spo\u0161tovani, obve\u0161\u010damo vas, da je koncert skupine Lusterdam zaradi izrednih razmer prestavljen. POLETNI PROGRAM 2023 Lusterdam Lusterdam so \u0161ele na za\u010detku svoje poti, a so z glasbo, ki [&hellip;]<\/p>\n","protected":false},"author":2,"featured_media":13425,"parent":0,"menu_order":0,"comment_status":"closed","ping_status":"closed","template":"","meta":{"footnotes":""},"class_list":["post-13424","page","type-page","status-publish","has-post-thumbnail","hentry","post","post-with-thumbnail","post-with-thumbnail-icon"],"_links":{"self":[{"href":"https:\/\/www1.kkl.si\/sl\/wp-json\/wp\/v2\/pages\/13424","targetHints":{"allow":["GET"]}}],"collection":[{"href":"https:\/\/www1.kkl.si\/sl\/wp-json\/wp\/v2\/pages"}],"about":[{"href":"https:\/\/www1.kkl.si\/sl\/wp-json\/wp\/v2\/types\/page"}],"author":[{"embeddable":true,"href":"https:\/\/www1.kkl.si\/sl\/wp-json\/wp\/v2\/users\/2"}],"replies":[{"embeddable":true,"href":"https:\/\/www1.kkl.si\/sl\/wp-json\/wp\/v2\/comments?post=13424"}],"version-history":[{"count":10,"href":"https:\/\/www1.kkl.si\/sl\/wp-json\/wp\/v2\/pages\/13424\/revisions"}],"predecessor-version":[{"id":13525,"href":"https:\/\/www1.kkl.si\/sl\/wp-json\/wp\/v2\/pages\/13424\/revisions\/13525"}],"wp:featuredmedia":[{"embeddable":true,"href":"https:\/\/www1.kkl.si\/sl\/wp-json\/wp\/v2\/media\/13425"}],"wp:attachment":[{"href":"https:\/\/www1.kkl.si\/sl\/wp-json\/wp\/v2\/media?parent=13424"}],"curies":[{"name":"wp","href":"https:\/\/api.w.org\/{rel}","templated":true}]}}