{"id":13445,"date":"2023-07-06T17:24:07","date_gmt":"2023-07-06T15:24:07","guid":{"rendered":"https:\/\/www1.kkl.si\/?page_id=13445"},"modified":"2023-08-11T09:34:58","modified_gmt":"2023-08-11T07:34:58","slug":"lutkovno-gledalisce-pupilla-sosedska","status":"publish","type":"page","link":"https:\/\/www1.kkl.si\/sl\/lutkovno-gledalisce-pupilla-sosedska\/","title":{"rendered":"Lutkovno gledali\u0161\u010de Pupilla: Sosedska"},"content":{"rendered":"<div class=\"opis\"><i class=\"fas fa-clock\"><\/i> <strong>petek, 11. avgust 2023, ob 18.30<\/strong> | Letni oder Gledali\u0161ke in koncertne dvorane Lendava<img loading=\"lazy\" decoding=\"async\" class=\"alignright\" title=\"Brezpla\u010dna prireditev\" src=\"https:\/\/www1.kkl.si\/wp-content\/uploads\/2020\/07\/spored_simb_brezplacna-1.svg\" alt=\"brezplacna\" width=\"30\" height=\"30\" \/><br \/>\n<i class=\"fas fa-chevron-circle-right\"><\/i> <strong>lutkovna predstava <span class=\"starost\">3+<\/span><\/strong><br \/>\nOrganizator: <a href=\"https:\/\/www.kkl.si\/\">Knji\u017enica \u2013 Kulturni center Lendava \u2013 Lendvai K\u00f6nyvt\u00e1r \u00e9s Kultur\u00e1lis K\u00f6zpont<\/a><\/p>\n<hr \/>\n<p><i class=\"fas fa-info-circle\"><\/i> <em>V primeru slabega vremena bo prireditev potekala v dvorani.<\/em><\/div>\n<p><a href=\"https:\/\/www1.kkl.si\/wp-content\/uploads\/2023\/07\/pupilla.jpg\" data-lbwps-width=\"600\" data-lbwps-height=\"360\" data-lbwps-srcsmall=\"https:\/\/www1.kkl.si\/wp-content\/uploads\/2023\/07\/pupilla-400x240.jpg\"><img loading=\"lazy\" decoding=\"async\" class=\"size-full wp-image-13447 alignleft\" src=\"https:\/\/www1.kkl.si\/wp-content\/uploads\/2023\/07\/pupilla.jpg\" alt=\"\" width=\"600\" height=\"360\" srcset=\"https:\/\/www1.kkl.si\/wp-content\/uploads\/2023\/07\/pupilla.jpg 600w, https:\/\/www1.kkl.si\/wp-content\/uploads\/2023\/07\/pupilla-400x240.jpg 400w\" sizes=\"auto, (max-width: 600px) 100vw, 600px\" \/><\/a><a href=\"https:\/\/www1.kkl.si\/wp-content\/uploads\/2023\/06\/plakat_B2_poletni_program_2023.jpg\" data-lbwps-width=\"2143\" data-lbwps-height=\"3000\" data-lbwps-srcsmall=\"https:\/\/www1.kkl.si\/wp-content\/uploads\/2023\/06\/plakat_B2_poletni_program_2023.jpg\"><img loading=\"lazy\" decoding=\"async\" class=\"slika wp-image-13356 size-medium alignnone\" src=\"https:\/\/www1.kkl.si\/wp-content\/uploads\/2023\/06\/plakat_B2_poletni_program_2023-scaled-286x400.jpg\" alt=\"\" width=\"286\" height=\"400\" srcset=\"https:\/\/www1.kkl.si\/wp-content\/uploads\/2023\/06\/plakat_B2_poletni_program_2023-scaled-286x400.jpg 286w, https:\/\/www1.kkl.si\/wp-content\/uploads\/2023\/06\/plakat_B2_poletni_program_2023-scaled-1072x1500.jpg 1072w, https:\/\/www1.kkl.si\/wp-content\/uploads\/2023\/06\/plakat_B2_poletni_program_2023-scaled.jpg 1829w\" sizes=\"auto, (max-width: 286px) 100vw, 286px\" \/><\/a><\/p>\n<p>POLETNI PROGRAM 2023<\/p>\n<p>POLETNI LUTKOVNI PRISTAN LENDAVA 2023 \u2013 Mednarodni lutkovni festival<\/p>\n<p>Lutkovno gledali\u0161\u010de Pupilla (Slovenija): <strong>Sosedska<\/strong><\/p>\n<div class=\"x11i5rnm xat24cr x1mh8g0r x1vvkbs xtlvy1s\"><strong>Re\u017eija:<\/strong> Rita Bartal Kiss<strong><br \/>\nLikovna podoba:<\/strong> Sabina \u0160inko<br \/>\n<strong>Glasbena oprema:<\/strong> Valter Klemen\u010di\u010d<br \/>\n<strong>Igrata:<\/strong> Petra Kava\u0161 in Vitomir Vratari\u010d<br \/>\n<strong>Tehnika:<\/strong> Milan Gal<\/div>\n<div>\u00a0<\/div>\n<div class=\"x11i5rnm xat24cr x1mh8g0r x1vvkbs xtlvy1s\">\nPredstava Sosedska prikazuje metafori\u010dno zgodbo o prijateljstvu in sosedskih odnosih. Zgodbe se dogaja v mestecu, polnem skrivnosti in kaosa. Glavna protagonista se v tem kaosu znajdeta tako, da domi\u0161ljiji prepustita prosto pot in da se igrata v kot otroka v svetu predmetov in pojmov. Gre za dru\u017einsko predstavo, v kateri bodo otroci na\u0161li \u00bbpravlji\u010dno\u00ab nit, odrasli pa filozofijo in \u010dustveno zadovoljstvo po svoji meri. S predstavo \u017eelimo okrepiti in podpreti svobodo otro\u0161ke domi\u0161ljije in njeno osvoboditev od na\u0161ega predstavnega sveta.<\/div>\n<p><i class=\"fas fa-link\"><\/i> <a href=\"http:\/\/www.lutkepupilla.si\/\">http:\/\/www.lutkepupilla.si\/<\/a><\/p>\n<div class=\"x11i5rnm xat24cr x1mh8g0r x1vvkbs xtlvy1s\"><span style=\"font-size: 10pt;\">Vse prireditve so brezpla\u010dne.<\/span><br \/>\n<span style=\"font-size: 10pt;\">Pridr\u017eujemo si pravico do spremembe programa.<\/span><\/div>\n","protected":false},"excerpt":{"rendered":"<p>petek, 11. avgust 2023, ob 18.30 | Letni oder Gledali\u0161ke in koncertne dvorane Lendava lutkovna predstava 3+ Organizator: Knji\u017enica \u2013 Kulturni center Lendava \u2013 Lendvai K\u00f6nyvt\u00e1r \u00e9s Kultur\u00e1lis K\u00f6zpont V primeru slabega vremena bo prireditev potekala v dvorani. POLETNI PROGRAM 2023 POLETNI LUTKOVNI PRISTAN LENDAVA 2023 \u2013 Mednarodni lutkovni festival Lutkovno gledali\u0161\u010de Pupilla (Slovenija): Sosedska [&hellip;]<\/p>\n","protected":false},"author":2,"featured_media":13356,"parent":0,"menu_order":0,"comment_status":"closed","ping_status":"closed","template":"","meta":{"footnotes":""},"class_list":["post-13445","page","type-page","status-publish","has-post-thumbnail","hentry","post","post-with-thumbnail","post-with-thumbnail-icon"],"_links":{"self":[{"href":"https:\/\/www1.kkl.si\/sl\/wp-json\/wp\/v2\/pages\/13445","targetHints":{"allow":["GET"]}}],"collection":[{"href":"https:\/\/www1.kkl.si\/sl\/wp-json\/wp\/v2\/pages"}],"about":[{"href":"https:\/\/www1.kkl.si\/sl\/wp-json\/wp\/v2\/types\/page"}],"author":[{"embeddable":true,"href":"https:\/\/www1.kkl.si\/sl\/wp-json\/wp\/v2\/users\/2"}],"replies":[{"embeddable":true,"href":"https:\/\/www1.kkl.si\/sl\/wp-json\/wp\/v2\/comments?post=13445"}],"version-history":[{"count":18,"href":"https:\/\/www1.kkl.si\/sl\/wp-json\/wp\/v2\/pages\/13445\/revisions"}],"predecessor-version":[{"id":13676,"href":"https:\/\/www1.kkl.si\/sl\/wp-json\/wp\/v2\/pages\/13445\/revisions\/13676"}],"wp:featuredmedia":[{"embeddable":true,"href":"https:\/\/www1.kkl.si\/sl\/wp-json\/wp\/v2\/media\/13356"}],"wp:attachment":[{"href":"https:\/\/www1.kkl.si\/sl\/wp-json\/wp\/v2\/media?parent=13445"}],"curies":[{"name":"wp","href":"https:\/\/api.w.org\/{rel}","templated":true}]}}