{"id":13460,"date":"2023-07-06T18:39:53","date_gmt":"2023-07-06T16:39:53","guid":{"rendered":"https:\/\/www1.kkl.si\/?page_id=13460"},"modified":"2023-08-11T12:13:49","modified_gmt":"2023-08-11T10:13:49","slug":"gledalisce-odivo-volk-ki-je-padel-iz-knjige","status":"publish","type":"page","link":"https:\/\/www1.kkl.si\/sl\/gledalisce-odivo-volk-ki-je-padel-iz-knjige\/","title":{"rendered":"Gledali\u0161\u010de ODIVO: Volk, ki je padel iz knjige"},"content":{"rendered":"<div class=\"opis\"><i class=\"fas fa-clock\"><\/i> <strong>ponedeljek, 14. avgust 2023, ob 18.30<\/strong> | Letni oder Gledali\u0161ke in koncertne dvorane Lendava<img loading=\"lazy\" decoding=\"async\" class=\"alignright\" title=\"Brezpla\u010dna prireditev\" src=\"https:\/\/www1.kkl.si\/wp-content\/uploads\/2020\/07\/spored_simb_brezplacna-1.svg\" alt=\"brezplacna\" width=\"30\" height=\"30\" \/><br \/>\n<i class=\"fas fa-chevron-circle-right\"><\/i> <strong>lutkovna predstava v slova\u0161kem jeziku <span class=\"starost\">3+<\/span><\/strong><br \/>\nOrganizator: <a href=\"https:\/\/www.kkl.si\/\">Knji\u017enica \u2013 Kulturni center Lendava \u2013 Lendvai K\u00f6nyvt\u00e1r \u00e9s Kultur\u00e1lis K\u00f6zpont<\/a><\/p>\n<hr \/>\n<p><i class=\"fas fa-info-circle\"><\/i> <em>V primeru slabega vremena bo prireditev potekala v dvorani.<\/p>\n<p><\/em><span style=\"color: #ff0000;\"><i class=\"fas fa-exclamation-circle\"><\/i> <strong>Spo\u0161tovani, obve\u0161\u010damo vas, da predstava Gledali\u0161\u010da ODIVO (Slova\u0161ka) Volk, ki je padel iz knjige, zaradi Dneva solidarnosti (14. 8. 2023) odpade.<\/strong><\/span><em><br \/>\n<\/em><\/div>\n<p><a href=\"https:\/\/www1.kkl.si\/wp-content\/uploads\/2023\/07\/Odivo.jpg\" data-lbwps-width=\"2048\" data-lbwps-height=\"1365\" data-lbwps-srcsmall=\"https:\/\/www1.kkl.si\/wp-content\/uploads\/2023\/07\/Odivo-400x267.jpg\"><img loading=\"lazy\" decoding=\"async\" class=\"alignnone size-large wp-image-13467\" src=\"https:\/\/www1.kkl.si\/wp-content\/uploads\/2023\/07\/Odivo-1500x1000.jpg\" alt=\"\" width=\"1500\" height=\"1000\" srcset=\"https:\/\/www1.kkl.si\/wp-content\/uploads\/2023\/07\/Odivo-1500x1000.jpg 1500w, https:\/\/www1.kkl.si\/wp-content\/uploads\/2023\/07\/Odivo-400x267.jpg 400w, https:\/\/www1.kkl.si\/wp-content\/uploads\/2023\/07\/Odivo.jpg 2048w\" sizes=\"auto, (max-width: 1500px) 100vw, 1500px\" \/><\/a><\/p>\n<p><a href=\"https:\/\/www1.kkl.si\/wp-content\/uploads\/2023\/06\/plakat_B2_poletni_program_2023.jpg\" data-lbwps-width=\"2143\" data-lbwps-height=\"3000\" data-lbwps-srcsmall=\"https:\/\/www1.kkl.si\/wp-content\/uploads\/2023\/06\/plakat_B2_poletni_program_2023.jpg\"><img loading=\"lazy\" decoding=\"async\" class=\"slika wp-image-13356 size-medium alignright\" src=\"https:\/\/www1.kkl.si\/wp-content\/uploads\/2023\/06\/plakat_B2_poletni_program_2023-scaled-286x400.jpg\" alt=\"\" width=\"286\" height=\"400\" srcset=\"https:\/\/www1.kkl.si\/wp-content\/uploads\/2023\/06\/plakat_B2_poletni_program_2023-scaled-286x400.jpg 286w, https:\/\/www1.kkl.si\/wp-content\/uploads\/2023\/06\/plakat_B2_poletni_program_2023-scaled-1072x1500.jpg 1072w, https:\/\/www1.kkl.si\/wp-content\/uploads\/2023\/06\/plakat_B2_poletni_program_2023-scaled.jpg 1829w\" sizes=\"auto, (max-width: 286px) 100vw, 286px\" \/><\/a>POLETNI PROGRAM 2023<\/p>\n<p>POLETNI LUTKOVNI PRISTAN LENDAVA 2023 \u2013 Mednarodni lutkovni festival<\/p>\n<p>Gledali\u0161\u010de ODIVO (Slova\u0161ka):<br \/>\n<strong>Volk, ki je padel iz knjige<\/strong><\/p>\n<div class=\"showItem\">\n<p>Se vam je \u017ee zgodilo, da je iz va\u0161e najljub\u0161e knjige padel volk? In odtaval med vrstice drugih knjig? Volk, ki je padel iz knjige, tava skozi druge zgodbe, kjer sre\u010duje dinozavre, trka na vrata sedmih kozli\u010dkov in i\u0161\u010de svojo zgodbo.<\/p>\n<\/div>\n<div class=\"x11i5rnm xat24cr x1mh8g0r x1vvkbs xtlvy1s\"><span style=\"font-size: 10pt;\">Vse prireditve so brezpla\u010dne.<\/span><br \/>\n<span style=\"font-size: 10pt;\">Pridr\u017eujemo si pravico do spremembe programa.<\/span><\/div>\n","protected":false},"excerpt":{"rendered":"<p>ponedeljek, 14. avgust 2023, ob 18.30 | Letni oder Gledali\u0161ke in koncertne dvorane Lendava lutkovna predstava v slova\u0161kem jeziku 3+ Organizator: Knji\u017enica \u2013 Kulturni center Lendava \u2013 Lendvai K\u00f6nyvt\u00e1r \u00e9s Kultur\u00e1lis K\u00f6zpont V primeru slabega vremena bo prireditev potekala v dvorani. Spo\u0161tovani, obve\u0161\u010damo vas, da predstava Gledali\u0161\u010da ODIVO (Slova\u0161ka) Volk, ki je padel iz knjige, [&hellip;]<\/p>\n","protected":false},"author":2,"featured_media":13467,"parent":0,"menu_order":0,"comment_status":"closed","ping_status":"closed","template":"","meta":{"footnotes":""},"class_list":["post-13460","page","type-page","status-publish","has-post-thumbnail","hentry","post","post-with-thumbnail","post-with-thumbnail-icon"],"_links":{"self":[{"href":"https:\/\/www1.kkl.si\/sl\/wp-json\/wp\/v2\/pages\/13460","targetHints":{"allow":["GET"]}}],"collection":[{"href":"https:\/\/www1.kkl.si\/sl\/wp-json\/wp\/v2\/pages"}],"about":[{"href":"https:\/\/www1.kkl.si\/sl\/wp-json\/wp\/v2\/types\/page"}],"author":[{"embeddable":true,"href":"https:\/\/www1.kkl.si\/sl\/wp-json\/wp\/v2\/users\/2"}],"replies":[{"embeddable":true,"href":"https:\/\/www1.kkl.si\/sl\/wp-json\/wp\/v2\/comments?post=13460"}],"version-history":[{"count":4,"href":"https:\/\/www1.kkl.si\/sl\/wp-json\/wp\/v2\/pages\/13460\/revisions"}],"predecessor-version":[{"id":13700,"href":"https:\/\/www1.kkl.si\/sl\/wp-json\/wp\/v2\/pages\/13460\/revisions\/13700"}],"wp:featuredmedia":[{"embeddable":true,"href":"https:\/\/www1.kkl.si\/sl\/wp-json\/wp\/v2\/media\/13467"}],"wp:attachment":[{"href":"https:\/\/www1.kkl.si\/sl\/wp-json\/wp\/v2\/media?parent=13460"}],"curies":[{"name":"wp","href":"https:\/\/api.w.org\/{rel}","templated":true}]}}