{"id":13679,"date":"2023-08-11T10:34:07","date_gmt":"2023-08-11T08:34:07","guid":{"rendered":"https:\/\/www1.kkl.si\/?page_id=13679"},"modified":"2023-08-11T10:43:11","modified_gmt":"2023-08-11T08:43:11","slug":"glasbena-skupina-jazzperanto","status":"publish","type":"page","link":"https:\/\/www1.kkl.si\/sl\/glasbena-skupina-jazzperanto\/","title":{"rendered":"Glasbena skupina Jazzperanto"},"content":{"rendered":"<div class=\"opis\"><i class=\"fas fa-clock\"><\/i> <strong>petek, 25. avgust 2023, ob 20.00<\/strong> | Letni oder Gledali\u0161ke in koncertne dvorane Lendava<img loading=\"lazy\" decoding=\"async\" class=\"alignright\" title=\"Brezpla\u010dna prireditev\" src=\"https:\/\/www1.kkl.si\/wp-content\/uploads\/2020\/07\/spored_simb_brezplacna-1.svg\" alt=\"brezplacna\" width=\"30\" height=\"30\" \/><br \/>\n<i class=\"fas fa-chevron-circle-right\"><\/i> <strong>koncert<\/strong><br \/>\nOrganizator: <a href=\"https:\/\/www.mnmi-zkmn.si\/\">MNMI Lendva \u2013 ZKMN Lendava<\/a><\/p>\n<hr \/>\n<p><i class=\"fas fa-info-circle\"><\/i> <em>V primeru slabega vremena bo prireditev potekala v dvorani.<\/em><\/div>\n<p><a href=\"https:\/\/www1.kkl.si\/wp-content\/uploads\/2023\/08\/jazzperantoEL_-plakat.jpg\" data-lbwps-width=\"1772\" data-lbwps-height=\"1349\" data-lbwps-srcsmall=\"https:\/\/www1.kkl.si\/wp-content\/uploads\/2023\/08\/jazzperantoEL_-plakat-400x305.jpg\"><img loading=\"lazy\" decoding=\"async\" class=\"alignnone size-large wp-image-13681\" src=\"https:\/\/www1.kkl.si\/wp-content\/uploads\/2023\/08\/jazzperantoEL_-plakat-1500x1142.jpg\" alt=\"\" width=\"1500\" height=\"1142\" srcset=\"https:\/\/www1.kkl.si\/wp-content\/uploads\/2023\/08\/jazzperantoEL_-plakat-1500x1142.jpg 1500w, https:\/\/www1.kkl.si\/wp-content\/uploads\/2023\/08\/jazzperantoEL_-plakat-400x305.jpg 400w, https:\/\/www1.kkl.si\/wp-content\/uploads\/2023\/08\/jazzperantoEL_-plakat.jpg 1772w\" sizes=\"auto, (max-width: 1500px) 100vw, 1500px\" \/><\/a><\/p>\n<p>Festival Vinarium 2023<br \/>\nPredve\u010der prireditve Bogra\u010dfest 2023<\/p>\n<p><span style=\"font-size: 18pt;\"><strong>Glasbena skupina Jazzperanto<\/strong><\/span><\/p>\n<div class=\"elementor-element elementor-element-d57ab31 elementor-widget elementor-widget-heading\" data-id=\"d57ab31\" data-element_type=\"widget\" data-widget_type=\"heading.default\">\n<div>Skupina je bila ustanovljena spomladi leta 2017, \u010dlani pa prihajajo iz razli\u010dnih smeri glasbenega sveta. Zadali so si ustvariti glasbeno-duhovno-ustvarjalno delavnico, kjer melodije v njih predajo drugim preko glasbe v JAZZPERANTO stilu. Zasedba igra instrumentalno glasbo, ki zdru\u017euje elemente jazza, rocka, latino in funky glasbe.<\/div>\n<\/div>\n<div>\u00a0<\/div>\n<div>\u010clani skupine: <br \/>\n<strong>Borb\u00e1la Bratka<\/strong> \u2013 saksofon, <strong>Zolt\u00e1n Bubeny\u00e1k<\/strong>\u00a0 \u2013 bobni, <strong>K\u00e1roly Szab\u00f3<\/strong> \u2013 klaviatura, <strong>Bal\u00e1zs Galg\u00f3czi<\/strong> \u2013 kitara in <strong>Oliv\u00e9r Szalk\u00f3<\/strong> \u2013 bas kitara.<\/div>\n<div>\u00a0<\/div>\n<div><iframe loading=\"lazy\" src=\"\/\/www.youtube.com\/embed\/Rut4ErYOzwU\" width=\"560\" height=\"314\" allowfullscreen=\"allowfullscreen\"><\/iframe><\/div>\n<div>\u00a0<\/div>\n<div><iframe loading=\"lazy\" src=\"\/\/www.youtube.com\/embed\/_XzAsMaH58A\" width=\"560\" height=\"314\" allowfullscreen=\"allowfullscreen\"><\/iframe><\/div>\n<div>\u00a0<\/div>\n<div><iframe loading=\"lazy\" src=\"\/\/www.youtube.com\/embed\/_x3N0FzbFWE\" width=\"560\" height=\"314\" allowfullscreen=\"allowfullscreen\"><\/iframe><\/div>\n<div>\u00a0<\/div>\n<div><i class=\"fab fa-youtube\"><\/i> <a href=\"https:\/\/www.youtube.com\/@jazzperanto8374\">https:\/\/www.youtube.com\/@jazzperanto8374<\/a><\/div>\n<div><i class=\"fab fa-facebook-square\"><\/i> <a href=\"https:\/\/www.facebook.com\/jazzperanto\/\">https:\/\/www.facebook.com\/jazzperanto\/<\/a><\/div>\n","protected":false},"excerpt":{"rendered":"<p>petek, 25. avgust 2023, ob 20.00 | Letni oder Gledali\u0161ke in koncertne dvorane Lendava koncert Organizator: MNMI Lendva \u2013 ZKMN Lendava V primeru slabega vremena bo prireditev potekala v dvorani. Festival Vinarium 2023 Predve\u010der prireditve Bogra\u010dfest 2023 Glasbena skupina Jazzperanto Skupina je bila ustanovljena spomladi leta 2017, \u010dlani pa prihajajo iz razli\u010dnih smeri glasbenega sveta. [&hellip;]<\/p>\n","protected":false},"author":2,"featured_media":13681,"parent":0,"menu_order":0,"comment_status":"closed","ping_status":"closed","template":"","meta":{"footnotes":""},"class_list":["post-13679","page","type-page","status-publish","has-post-thumbnail","hentry","post","post-with-thumbnail","post-with-thumbnail-icon"],"_links":{"self":[{"href":"https:\/\/www1.kkl.si\/sl\/wp-json\/wp\/v2\/pages\/13679","targetHints":{"allow":["GET"]}}],"collection":[{"href":"https:\/\/www1.kkl.si\/sl\/wp-json\/wp\/v2\/pages"}],"about":[{"href":"https:\/\/www1.kkl.si\/sl\/wp-json\/wp\/v2\/types\/page"}],"author":[{"embeddable":true,"href":"https:\/\/www1.kkl.si\/sl\/wp-json\/wp\/v2\/users\/2"}],"replies":[{"embeddable":true,"href":"https:\/\/www1.kkl.si\/sl\/wp-json\/wp\/v2\/comments?post=13679"}],"version-history":[{"count":3,"href":"https:\/\/www1.kkl.si\/sl\/wp-json\/wp\/v2\/pages\/13679\/revisions"}],"predecessor-version":[{"id":13684,"href":"https:\/\/www1.kkl.si\/sl\/wp-json\/wp\/v2\/pages\/13679\/revisions\/13684"}],"wp:featuredmedia":[{"embeddable":true,"href":"https:\/\/www1.kkl.si\/sl\/wp-json\/wp\/v2\/media\/13681"}],"wp:attachment":[{"href":"https:\/\/www1.kkl.si\/sl\/wp-json\/wp\/v2\/media?parent=13679"}],"curies":[{"name":"wp","href":"https:\/\/api.w.org\/{rel}","templated":true}]}}