{"id":13887,"date":"2023-08-24T08:20:06","date_gmt":"2023-08-24T06:20:06","guid":{"rendered":"https:\/\/www1.kkl.si\/?page_id=13887"},"modified":"2023-11-28T10:20:21","modified_gmt":"2023-11-28T09:20:21","slug":"spored-2023-09","status":"publish","type":"page","link":"https:\/\/www1.kkl.si\/sl\/spored-2023-09\/","title":{"rendered":"SPORED: september 2023"},"content":{"rendered":"<p><strong>Leto 2023:<\/strong> <a href=\"https:\/\/www1.kkl.si\/sl\/spored-2023-01\/\">januar<\/a> | <a href=\"https:\/\/www1.kkl.si\/sl\/spored-2023-02\/\">februar<\/a> | <a href=\"https:\/\/www1.kkl.si\/sl\/spored-2023-03\/\">marec<\/a> | <a href=\"https:\/\/www1.kkl.si\/sl\/spored-2023-04\/\">april<\/a> | <a href=\"https:\/\/www1.kkl.si\/sl\/spored-2023-05\/\">maj<\/a> | <a href=\"https:\/\/www1.kkl.si\/sl\/spored-2023-06\/\">junij<\/a> | <a href=\"https:\/\/www1.kkl.si\/sl\/spored-2023-07\/\">julij<\/a> | <a href=\"https:\/\/www1.kkl.si\/sl\/spored-2023-08\/\">avgust <\/a>| <a href=\"https:\/\/www1.kkl.si\/sl\/spored-2023-09\/\">september<\/a> | <a href=\"https:\/\/www1.kkl.si\/sl\/spored-2023-10\/\">oktober<\/a> | <a href=\"https:\/\/www1.kkl.si\/sl\/spored-2023-11\/\">november<\/a> | <a href=\"https:\/\/www1.kkl.si\/sl\/spored-2023-12\/\">december<\/a> | <a href=\"https:\/\/www1.kkl.si\/sl\/arhiv-sporeda\/\">ARHIV<\/a><\/p>\n<table id=\"spored-legenda\" cellspacing=\"0\" cellpadding=\"5\">\n<tbody>\n<tr>\n<td><strong>LEGENDA<br \/>\nSIMBOLOV<\/strong><\/td>\n<td style=\"vertical-align: middle;\"><img loading=\"lazy\" decoding=\"async\" title=\"Slovenski abonma\" src=\"https:\/\/www1.kkl.si\/wp-content\/uploads\/2020\/07\/spored_simb_abonma_si-1.svg\" alt=\"abonma_si\" width=\"30\" height=\"30\" \/><\/td>\n<td>Slovenski<br \/>\nabonma<\/td>\n<td style=\"vertical-align: middle;\"><img loading=\"lazy\" decoding=\"async\" title=\"Mad\u017earski abonma\" src=\"https:\/\/www1.kkl.si\/wp-content\/uploads\/2020\/07\/spored_simb_abonma_hu-1.svg\" alt=\"abonma_hu\" width=\"30\" height=\"30\" \/><\/td>\n<td>Mad\u017earski<br \/>\nabonma<\/td>\n<td style=\"vertical-align: middle;\"><img loading=\"lazy\" decoding=\"async\" title=\"Zaklju\u010dena prireditev\" src=\"https:\/\/www1.kkl.si\/wp-content\/uploads\/2020\/07\/spored_simb_zakljucena-1.svg\" alt=\"zakljucena\" width=\"30\" height=\"30\" \/><\/td>\n<td>Zaklju\u010dena<br \/>\nprireditev<\/td>\n<td style=\"vertical-align: middle;\"><img loading=\"lazy\" decoding=\"async\" title=\"Brezpla\u010dna prireditev\" src=\"https:\/\/www1.kkl.si\/wp-content\/uploads\/2020\/07\/spored_simb_brezplacna-1.svg\" alt=\"brezplacna\" width=\"30\" height=\"30\" \/><\/td>\n<td>Brezpla\u010dna<br \/>\nprireditev<\/td>\n<td style=\"vertical-align: middle;\"><img loading=\"lazy\" decoding=\"async\" title=\"Pla\u010dljiva prireditev\" src=\"https:\/\/www1.kkl.si\/wp-content\/uploads\/2020\/07\/spored_simb_placljiva-1.svg\" alt=\"placljiva\" width=\"30\" height=\"30\" \/><\/td>\n<td>Pla\u010dljiva<br \/>\nprireditev<\/td>\n<td style=\"vertical-align: middle;\"><img loading=\"lazy\" decoding=\"async\" title=\"Novost, sprememba\" src=\"https:\/\/www1.kkl.si\/wp-content\/uploads\/2020\/07\/spored_simb_novost-1.svg\" alt=\"novost\" width=\"30\" height=\"30\" \/><\/td>\n<td>Novost,<br \/>\nsprememba<\/td>\n<\/tr>\n<\/tbody>\n<\/table>\n<table id=\"sporedtabela\" class=\"tablesorter\" style=\"width: 100%;\">\n<thead>\n<tr style=\"height: 24px;\">\n<th style=\"text-align: center; width: 7.41895%; height: 24px;\">DAN<\/th>\n<th class=\"sortless\" style=\"text-align: left; width: 92.0823%; height: 24px;\">PRIREDITEV<\/th>\n<\/tr>\n<\/thead>\n<tbody>\n<tr>\n<td style=\"width: 7.41895%;\">\n<p style=\"text-align: center;\"><strong><span style=\"font-size: 24pt;\">1.<\/span><br \/>\n<\/strong><\/p>\n<p style=\"text-align: center;\">petek<\/p>\n<\/td>\n<td style=\"width: 92.0823%;\">\n<p><i class=\"fas fa-clock\"><\/i> <strong>17.00<\/strong> | Avla Gledali\u0161ke in koncertne dvorane v Lendavi<a href=\"https:\/\/www1.kkl.si\/wp-content\/uploads\/2023\/08\/plakat_B1_vinogradniska_TMakovec_2023_A.jpg\" data-lbwps-width=\"2100\" data-lbwps-height=\"3000\" data-lbwps-srcsmall=\"https:\/\/www1.kkl.si\/wp-content\/uploads\/2023\/08\/plakat_B1_vinogradniska_TMakovec_2023_A.jpg\"><img loading=\"lazy\" decoding=\"async\" class=\"slika alignright wp-image-14233 size-thumbnail\" src=\"https:\/\/www1.kkl.si\/wp-content\/uploads\/2023\/08\/plakat_B1_vinogradniska_TMakovec_2023_A-scaled-e1695485727107-150x150.jpg\" alt=\"\" width=\"150\" height=\"150\" \/><\/a><img loading=\"lazy\" decoding=\"async\" class=\"alignright\" title=\"Brezpla\u010dna prireditev\" src=\"https:\/\/www1.kkl.si\/wp-content\/uploads\/2020\/07\/spored_simb_brezplacna-1.svg\" alt=\"brezplacna\" width=\"30\" height=\"30\" \/><br \/>\n<strong>razstava<\/strong><\/p>\n<p>Festival Vinarium 2023<\/p>\n<p><span style=\"font-size: 24pt;\"><a href=\"https:\/\/www1.kkl.si\/sl\/festival-vinarium-2023-na-zdravje-razstava-vinogradniskih-predmetov-iz-zbirke-tomislava-makovca\/\"><strong>NA ZDRAVJE! \u2013\u00a0Razstava vinogradni\u0161kih predmetov iz zbirke Tomislava Makovca<\/strong><\/a><\/span><\/p>\n<p>Razstava bo na ogled do 30. septembra 2023.<\/p>\n<p><span style=\"font-size: 10pt;\">Organizator: <a href=\"https:\/\/www.gml.si\/\">Galerija-Muzej Lendava &#8211; Gal\u00e9ria-M\u00fazeum Lendva<\/a> in <a href=\"http:\/\/www.zkd-lendava.com\/\">ZKD Lendava<\/a><br \/>\nPokrovitelj: <a href=\"https:\/\/www.lendava.si\/\">Ob\u010dina Lendava \u2013Lendva K\u00f6zs\u00e9g<\/a><\/span><\/p>\n<\/td>\n<\/tr>\n<tr>\n<td style=\"width: 7.41895%;\">\n<p style=\"text-align: center;\"><strong><span style=\"font-size: 24pt;\">1.<\/span><br \/>\n<\/strong><\/p>\n<p style=\"text-align: center;\">petek<\/p>\n<\/td>\n<td style=\"width: 92.0823%;\">\n<p><i class=\"fas fa-clock\"><\/i> <strong>20.00<\/strong> | Letni oder Gledali\u0161ke in koncertne dvorane Lendava<a href=\"https:\/\/www1.kkl.si\/wp-content\/uploads\/2023\/08\/plakat_A3_poletni_program2_2023.jpg\" data-lbwps-width=\"2121\" data-lbwps-height=\"3000\" data-lbwps-srcsmall=\"https:\/\/www1.kkl.si\/wp-content\/uploads\/2023\/08\/plakat_A3_poletni_program2_2023.jpg\"><img loading=\"lazy\" decoding=\"async\" class=\"slika alignright wp-image-13893 size-thumbnail\" src=\"https:\/\/www1.kkl.si\/wp-content\/uploads\/2023\/08\/plakat_A3_poletni_program2_2023-scaled-e1692858362576-150x150.jpg\" alt=\"\" width=\"150\" height=\"150\" \/><\/a><img loading=\"lazy\" decoding=\"async\" class=\"alignright\" title=\"Brezpla\u010dna prireditev\" src=\"https:\/\/www1.kkl.si\/wp-content\/uploads\/2020\/07\/spored_simb_brezplacna-1.svg\" alt=\"brezplacna\" width=\"30\" height=\"30\" \/><br \/>\n<strong>koncert<\/strong><\/p>\n<p>POLETNI PROGRAM 2023 \u2013 KONEC<\/p>\n<p><a href=\"https:\/\/www1.kkl.si\/sl\/glasbena-skupina-leonart\/\"><strong><span style=\"font-size: 24pt;\">Glasbena skupina Leonart<\/span><\/strong><\/a><\/p>\n<p><span style=\"color: #ff0000;\"><strong><i class=\"fas fa-exclamation-circle\"><\/i> OBVESTILO: koncert glasbene skupine Leonart bo v dvorani!<\/strong><\/span><\/p>\n<p><span style=\"font-size: 10pt;\">Organizator: <a href=\"https:\/\/www.kkl.si\/\">Knji\u017enica \u2013 Kulturni center Lendava \u2013 Lendvai K\u00f6nyvt\u00e1r \u00e9s Kultur\u00e1lis K\u00f6zpont<\/a><\/span><\/p>\n<\/td>\n<\/tr>\n<tr>\n<td style=\"width: 7.41895%;\">\n<p style=\"text-align: center;\"><strong><span style=\"font-size: 24pt;\">3.<\/span><br \/>\n<\/strong><\/p>\n<p style=\"text-align: center;\">nedelja<\/p>\n<\/td>\n<td style=\"width: 92.0823%;\">\n<p><i class=\"fas fa-clock\"><\/i> <strong>18.00<\/strong> | Letni oder Gledali\u0161ke in koncertne dvorane Lendava<a href=\"https:\/\/www1.kkl.si\/wp-content\/uploads\/2023\/08\/plakat_A3_poletni_program2_2023.jpg\" data-lbwps-width=\"2121\" data-lbwps-height=\"3000\" data-lbwps-srcsmall=\"https:\/\/www1.kkl.si\/wp-content\/uploads\/2023\/08\/plakat_A3_poletni_program2_2023.jpg\"><img loading=\"lazy\" decoding=\"async\" class=\"slika alignright wp-image-13893 size-thumbnail\" src=\"https:\/\/www1.kkl.si\/wp-content\/uploads\/2023\/08\/plakat_A3_poletni_program2_2023-scaled-e1692858362576-150x150.jpg\" alt=\"\" width=\"150\" height=\"150\" \/><\/a><img loading=\"lazy\" decoding=\"async\" class=\"alignright\" title=\"Brezpla\u010dna prireditev\" src=\"https:\/\/www1.kkl.si\/wp-content\/uploads\/2020\/07\/spored_simb_brezplacna-1.svg\" alt=\"brezplacna\" width=\"30\" height=\"30\" \/><br \/>\n<strong>otro\u0161ka predstava <span class=\"starost\">3+<\/span><br \/>\n<\/strong><\/p>\n<p>POLETNI PROGRAM 2023 \u2013 KONEC<\/p>\n<p>KUKUC gledali\u0161\u010de (Slovenija):<\/p>\n<p><a href=\"https:\/\/www1.kkl.si\/sl\/kukuc-gledalisce-crtek-v-mestu\/\"><strong><span style=\"font-size: 24pt;\">\u010crtek v mestu<\/span><\/strong><\/a><\/p>\n<p><span style=\"font-size: 10pt;\">Organizator: <a href=\"https:\/\/www.kkl.si\/\">Knji\u017enica \u2013 Kulturni center Lendava \u2013 Lendvai K\u00f6nyvt\u00e1r \u00e9s Kultur\u00e1lis K\u00f6zpont<\/a><\/span><\/p>\n<\/td>\n<\/tr>\n<tr>\n<td style=\"width: 7.41895%;\">\n<p style=\"text-align: center;\"><strong><span style=\"font-size: 24pt;\">4.<\/span><br \/>\n<\/strong><\/p>\n<p style=\"text-align: center;\">ponedeljek<\/p>\n<\/td>\n<td style=\"width: 92.0823%;\">\n<p><i class=\"fas fa-clock\"><\/i> <strong>11.00<\/strong> | Avla Gledali\u0161ke in koncertne dvorane Lendava (razstavni prostor)<a href=\"https:\/\/www1.kkl.si\/wp-content\/uploads\/2023\/08\/plakat_B2_Ceske_sledi_v_Sloveniji_GKDLend_2023.jpg\" data-lbwps-width=\"2857\" data-lbwps-height=\"4000\" data-lbwps-srcsmall=\"https:\/\/www1.kkl.si\/wp-content\/uploads\/2023\/08\/plakat_B2_Ceske_sledi_v_Sloveniji_GKDLend_2023.jpg\"><img loading=\"lazy\" decoding=\"async\" class=\"slika alignright wp-image-14019 size-thumbnail\" src=\"https:\/\/www1.kkl.si\/wp-content\/uploads\/2023\/08\/plakat_B2_Ceske_sledi_v_Sloveniji_GKDLend_2023-scaled-e1693037452945-150x150.jpg\" alt=\"\" width=\"150\" height=\"150\" \/><\/a><img loading=\"lazy\" decoding=\"async\" class=\"alignright\" title=\"Brezpla\u010dna prireditev\" src=\"https:\/\/www1.kkl.si\/wp-content\/uploads\/2020\/07\/spored_simb_brezplacna-1.svg\" alt=\"brezplacna\" width=\"30\" height=\"30\" \/><br \/>\n<strong>razstava<\/strong><\/p>\n<p><em>Juraj Chmiel v sodelovanju z Upravo Pra\u0161kega gradu predstavlja:<\/em><\/p>\n<p><a href=\"https:\/\/www1.kkl.si\/sl\/razstava-ceske-sledi-dediscina-cesko-slovenskih-odnosov-na-slovenskem\/\"><strong><span style=\"font-size: 24pt;\">\u010ce\u0161ke sledi<\/span><\/strong><\/a><\/p>\n<p><strong>Dedi\u0161\u010dina \u010de\u0161ko-slovenskih odnosov na Slovenskem<\/strong><\/p>\n<p>Razstava bo na ogled do 30. septembra 2023.<\/p>\n<p><span style=\"font-size: 10pt;\">Organizator: <a href=\"https:\/\/www.mzv.cz\/ljubljana\/en\/index.html\">\u010cesko veleposlani\u0161tvo v Ljubljani<\/a> v sodelovanju z <a href=\"https:\/\/www.lendava.si\/\">Ob\u010dino Lendava \u2013Lendva K\u00f6zs\u00e9g<\/a> in <a href=\"https:\/\/www.kkl.si\/\">Knji\u017enica \u2013 Kulturni center Lendava \u2013 Lendvai K\u00f6nyvt\u00e1r \u00e9s Kultur\u00e1lis K\u00f6zpont<\/a><\/span><\/p>\n<\/td>\n<\/tr>\n<tr>\n<td style=\"width: 7.41895%;\">\n<p style=\"text-align: center;\"><span style=\"font-size: 24pt;\"><strong>5.<br \/>\n<\/strong><\/span><\/p>\n<p style=\"text-align: center;\">torek<\/p>\n<\/td>\n<td style=\"width: 92.0823%;\">\n<p><i class=\"fas fa-clock\"><\/i> <strong>19.00<\/strong> | Gledali\u0161ka in koncertna dvorana Lendava<a href=\"https:\/\/www1.kkl.si\/wp-content\/uploads\/2023\/08\/2023_09_05-Urska_Klakocar_Zupancic-Gretin_greh-slo.jpg\" data-lbwps-width=\"1400\" data-lbwps-height=\"1979\" data-lbwps-srcsmall=\"https:\/\/www1.kkl.si\/wp-content\/uploads\/2023\/08\/2023_09_05-Urska_Klakocar_Zupancic-Gretin_greh-slo-283x400.jpg\"><img loading=\"lazy\" decoding=\"async\" class=\"slika alignright wp-image-14132 size-thumbnail\" src=\"https:\/\/www1.kkl.si\/wp-content\/uploads\/2023\/08\/2023_09_05-Urska_Klakocar_Zupancic-Gretin_greh-slo-e1693408177691-150x150.jpg\" alt=\"\" width=\"150\" height=\"150\" \/><\/a><img loading=\"lazy\" decoding=\"async\" class=\"alignright\" title=\"Brezpla\u010dna prireditev\" src=\"https:\/\/www1.kkl.si\/wp-content\/uploads\/2020\/07\/spored_simb_brezplacna-1.svg\" alt=\"brezplacna\" width=\"30\" height=\"30\" \/><br \/>\n<strong>predstavitev knjige<br \/>\n<\/strong><\/p>\n<p><a href=\"https:\/\/www1.kkl.si\/sl\/vabilo-predstavitev-romana-gretin-greh\/\"><span style=\"font-size: 24pt;\"><strong>Predstavitev romana \u00bbGretin greh\u00ab avtorice mag. Ur\u0161ke Klako\u010dar Zupan\u010di\u010d<\/strong><\/span><\/a><\/p>\n<div id=\"panel-42286-0-0-1\" class=\"so-panel widget_sow-editor\" data-index=\"1\">\n<div class=\"so-widget-sow-editor so-widget-sow-editor-base\">\n<div class=\"siteorigin-widget-tinymce textwidget\">\n<p>Pogovor z avtorico bo vodila direktorica KKC Lendava, dr. Judit Z\u00e1gorec-Csuka.<br \/>\nDogodek bodo popestrile Lidija Alt, Jerica Trojak in Jasna Ba\u010di, ki bodo brale odlomke iz romana.<\/p>\n<p><i class=\"fas fa-info-circle\"><\/i> Po predstavitvi bo mo\u017enost nakupa romana.<\/p>\n<\/div>\n<\/div>\n<\/div>\n<p><span style=\"font-size: 10pt;\">Organizator: <a href=\"https:\/\/www.kkl.si\/\">Knji\u017enica \u2013 Kulturni center Lendava \u2013 Lendvai K\u00f6nyvt\u00e1r \u00e9s Kultur\u00e1lis K\u00f6zpont<\/a><\/span><\/p>\n<\/td>\n<\/tr>\n<tr>\n<td style=\"width: 7.41895%;\">\n<p style=\"text-align: center;\"><span style=\"font-size: 24pt;\"><strong>9.<\/strong><\/span><\/p>\n<p style=\"text-align: center;\">petek<\/p>\n<\/td>\n<td style=\"width: 92.0823%;\">\n<p><i class=\"fas fa-clock\"><\/i> <strong>18.00<\/strong> | Gledali\u0161ka in koncertna dvorana Lendava<a href=\"https:\/\/www1.kkl.si\/wp-content\/uploads\/2023\/09\/vabilo_2023_MDI_50let-1.png\" data-lbwps-width=\"3543\" data-lbwps-height=\"1771\" data-lbwps-srcsmall=\"https:\/\/www1.kkl.si\/wp-content\/uploads\/2023\/09\/vabilo_2023_MDI_50let-1-400x200.png\"><img loading=\"lazy\" decoding=\"async\" class=\"slika alignright wp-image-14525 size-thumbnail\" src=\"https:\/\/www1.kkl.si\/wp-content\/uploads\/2023\/09\/vabilo_2023_MDI_50let-1-e1694002953211-150x150.png\" alt=\"\" width=\"150\" height=\"150\" \/><\/a><img loading=\"lazy\" decoding=\"async\" class=\"alignright\" title=\"Zaklju\u010dena prireditev\" src=\"https:\/\/www1.kkl.si\/wp-content\/uploads\/2020\/07\/spored_simb_zakljucena-1.svg\" alt=\"zakljucena\" width=\"30\" height=\"30\" \/><br \/>\n<strong>zaklju\u010dena prireditev<br \/>\n<\/strong><\/p>\n<p><span style=\"font-size: 24pt;\"><strong>50. obletnica delovanja Medob\u010dinskega dru\u0161tva invalidov Lendava<\/strong><\/span><\/p>\n<p><span style=\"font-size: 10pt;\">Organizator: <a href=\"https:\/\/www.zdis.si\/drustva\/pomurska-regija\/mdi-lendava\">MDI Lendava<\/a><\/span><\/p>\n<\/td>\n<\/tr>\n<tr>\n<td style=\"width: 7.41895%; text-align: center;\">\n<p style=\"text-align: center;\"><span style=\"font-size: 24pt;\"><strong>11.<br \/>\n<\/strong><\/span><\/p>\n<p>ponedeljek<\/td>\n<td style=\"width: 92.0823%;\">\n<p><a href=\"https:\/\/www1.kkl.si\/wp-content\/uploads\/2023\/08\/banfalvy_studio_elvis.jpg\" data-lbwps-width=\"1240\" data-lbwps-height=\"1772\" data-lbwps-srcsmall=\"https:\/\/www1.kkl.si\/wp-content\/uploads\/2023\/08\/banfalvy_studio_elvis-280x400.jpg\"><img loading=\"lazy\" decoding=\"async\" class=\"slika wp-image-13895 size-thumbnail alignright\" src=\"https:\/\/www1.kkl.si\/wp-content\/uploads\/2023\/08\/banfalvy_studio_elvis-e1692858650497-150x150.jpg\" alt=\"\" width=\"150\" height=\"150\" \/><\/a><i class=\"fas fa-clock\"><\/i> <strong>19.00<\/strong> | Gledali\u0161ka in koncertna dvorana Lendava<a href=\"https:\/\/www1.kkl.si\/wp-content\/uploads\/2023\/08\/banfalvy_studio_elvis.jpg\" data-lbwps-width=\"1240\" data-lbwps-height=\"1772\" data-lbwps-srcsmall=\"https:\/\/www1.kkl.si\/wp-content\/uploads\/2023\/08\/banfalvy_studio_elvis-280x400.jpg\"><img loading=\"lazy\" decoding=\"async\" class=\"alignright\" title=\"Pla\u010dljiva prireditev\" src=\"https:\/\/www1.kkl.si\/wp-content\/uploads\/2020\/07\/spored_simb_placljiva-1.svg\" alt=\"placljiva\" width=\"30\" height=\"30\" \/><\/a><img loading=\"lazy\" decoding=\"async\" class=\"alignright\" title=\"Mad\u017earski abonma\" src=\"https:\/\/www1.kkl.si\/wp-content\/uploads\/2020\/07\/spored_simb_abonma_hu-1.svg\" alt=\"abonma_hu\" width=\"30\" height=\"30\" \/><br \/>\n<strong>komedija v mad\u017earskem jeziku<\/strong><strong><br \/>\n<\/strong><\/p>\n<p>B\u00e1nfalvy St\u00fadi\u00f3 | <span class=\"x193iq5w xeuugli x13faqbe x1vvkbs x1xmvt09 x1lliihq x1s928wv xhkezso x1gmr53x x1cpjm7i x1fgarty x1943h6x xudqn12 x3x7a5m x6prxxf xvq8zen xo1l8bm xzsf02u x1yc453h\" dir=\"auto\">Miles Tredinnick:<\/span><\/p>\n<p><a href=\"https:\/\/www1.kkl.si\/sl\/banfalvy-studio-miles-tredinnick-elvis-oltar-miami\/\"><strong><span style=\"font-size: 24pt;\">Elvis, Olt\u00e1r, Miami<\/span><\/strong><\/a><\/p>\n<p><i class=\"fas fa-ticket-alt\"><\/i> Cena vstopnice: <strong>17 \u20ac, <\/strong>\u0161tudentje in upokojenci: <strong>13 \u20ac<\/strong><br \/>\nVstopnice se dobijo na na blagajni GKD Lendava pred predstavo.<br \/>\n<i class=\"fas fa-info-circle\"><\/i> Dodatne informacije: <strong>+386 (0)2 577 6660<\/strong> (Center B\u00e1nffy, Lendava)<\/p>\n<p><span style=\"font-size: 10pt;\">Organizator: <a href=\"https:\/\/www.mnmi-zkmn.si\/\">MNMI Lendva \u2013 ZKMN Lendava<\/a><\/span><\/p>\n<\/td>\n<\/tr>\n<\/tbody>\n<\/table>\n<p style=\"text-align: center;\"><span style=\"font-size: 10pt;\">Organizatorji si pridr\u017eujejo pravico do spremembe programa.<\/span><\/p>\n","protected":false},"excerpt":{"rendered":"<p>Leto 2023: januar | februar | marec | april | maj | junij | julij | avgust | september | oktober | november | december | ARHIV LEGENDA SIMBOLOV Slovenski abonma Mad\u017earski abonma Zaklju\u010dena prireditev Brezpla\u010dna prireditev Pla\u010dljiva prireditev Novost, sprememba DAN PRIREDITEV 1. petek 17.00 | Avla Gledali\u0161ke in koncertne dvorane v Lendavi razstava [&hellip;]<\/p>\n","protected":false},"author":2,"featured_media":0,"parent":0,"menu_order":0,"comment_status":"closed","ping_status":"closed","template":"","meta":{"footnotes":""},"class_list":["post-13887","page","type-page","status-publish","hentry","post"],"_links":{"self":[{"href":"https:\/\/www1.kkl.si\/sl\/wp-json\/wp\/v2\/pages\/13887","targetHints":{"allow":["GET"]}}],"collection":[{"href":"https:\/\/www1.kkl.si\/sl\/wp-json\/wp\/v2\/pages"}],"about":[{"href":"https:\/\/www1.kkl.si\/sl\/wp-json\/wp\/v2\/types\/page"}],"author":[{"embeddable":true,"href":"https:\/\/www1.kkl.si\/sl\/wp-json\/wp\/v2\/users\/2"}],"replies":[{"embeddable":true,"href":"https:\/\/www1.kkl.si\/sl\/wp-json\/wp\/v2\/comments?post=13887"}],"version-history":[{"count":42,"href":"https:\/\/www1.kkl.si\/sl\/wp-json\/wp\/v2\/pages\/13887\/revisions"}],"predecessor-version":[{"id":15407,"href":"https:\/\/www1.kkl.si\/sl\/wp-json\/wp\/v2\/pages\/13887\/revisions\/15407"}],"wp:attachment":[{"href":"https:\/\/www1.kkl.si\/sl\/wp-json\/wp\/v2\/media?parent=13887"}],"curies":[{"name":"wp","href":"https:\/\/api.w.org\/{rel}","templated":true}]}}