{"id":13899,"date":"2023-08-24T10:05:29","date_gmt":"2023-08-24T08:05:29","guid":{"rendered":"https:\/\/www1.kkl.si\/?page_id=13899"},"modified":"2023-08-28T07:58:24","modified_gmt":"2023-08-28T05:58:24","slug":"festival-vinarium-2023-romski-etno-vecer","status":"publish","type":"page","link":"https:\/\/www1.kkl.si\/sl\/festival-vinarium-2023-romski-etno-vecer\/","title":{"rendered":"Festival Vinarium 2023: Romski etno ve\u010der"},"content":{"rendered":"<div class=\"opis\"><i class=\"fas fa-clock\"><\/i> <strong>nedelja, 27. avgust 2023, ob 18.00<\/strong> | Letni oder Gledali\u0161ke in koncertne dvorane Lendava<img loading=\"lazy\" decoding=\"async\" class=\"alignright\" title=\"Brezpla\u010dna prireditev\" src=\"https:\/\/www1.kkl.si\/wp-content\/uploads\/2020\/07\/spored_simb_brezplacna-1.svg\" alt=\"brezplacna\" width=\"30\" height=\"30\" \/><br \/>\n<i class=\"fas fa-chevron-circle-right\"><\/i> <strong>etnolo\u0161ka prireditev, glasba, kulinarika<\/strong><br \/>\nOrganizator: Romsko kulturno dru\u0161tvo Romnji<\/div>\n<p><a href=\"https:\/\/www1.kkl.si\/wp-content\/uploads\/2023\/08\/FV2023_romski_etno_vecer.jpg\" data-lbwps-width=\"720\" data-lbwps-height=\"960\" data-lbwps-srcsmall=\"https:\/\/www1.kkl.si\/wp-content\/uploads\/2023\/08\/FV2023_romski_etno_vecer-300x400.jpg\"><img loading=\"lazy\" decoding=\"async\" class=\"slika alignright wp-image-13882 size-medium\" src=\"https:\/\/www1.kkl.si\/wp-content\/uploads\/2023\/08\/FV2023_romski_etno_vecer-300x400.jpg\" alt=\"\" width=\"300\" height=\"400\" srcset=\"https:\/\/www1.kkl.si\/wp-content\/uploads\/2023\/08\/FV2023_romski_etno_vecer-300x400.jpg 300w, https:\/\/www1.kkl.si\/wp-content\/uploads\/2023\/08\/FV2023_romski_etno_vecer.jpg 720w\" sizes=\"auto, (max-width: 300px) 100vw, 300px\" \/><\/a>Vljudno vabljeni na romski etno ve\u010der, ki poteka v sklopu Festivala Vinarium 2023 in bo v <strong>nedeljo, 27. avgusta 2023, ob 18. uri<\/strong> na letnem odru Gledali\u0161ke in koncertne dvorane Lendava!<\/p>\n<p>PROGRAM:<\/p>\n<ul>\n<li>Koncert: Romano Glauso<\/li>\n<li>Romski ples plesne skupine Romano Jilo in vede\u017eevanje<\/li>\n<li>Kulinarika: \u010drni hamburger in \u00bbhot dog\u00ab<\/li>\n<\/ul>\n<p><em>V primeru slabega vremena bo program potekal v dvorani.<br \/>\n<\/em><\/p>\n<p><em>Vstop je prost.<\/em><\/p>\n<hr \/>\n<p>PREDSTAVITEV NASTOPAJO\u010cIH<\/p>\n<p><span style=\"font-size: 18pt;\"><strong>Plesna skupina Romano Jilo<\/strong><\/span><\/p>\n<p><span id=\"descriptionTxt\" class=\"\">Plesna skupina Romano Jilo iz Dolge vasi, ki deluje v sklopu Romskega kulturnega dru\u0161tva Romnji, bo poskrbela za pravo plesno do\u017eivetje na letnem odru GKD Lendava. Dru\u0161tvo deluje od leta 2014 in nastopajo na \u0161tevilnih prireditvah v lendavski ob\u010dini in izven njenih meja. Aktivno sodelujejo z raznovrstnimi glasbeniki, romskimi glasbenimi skupinami in drugimi dru\u0161tvi.<br \/>\n<\/span><\/p>\n<p><iframe loading=\"lazy\" title=\"Romano Jilo &amp; Anastasia - Dan Romov Lendava 8.4.2015\" width=\"720\" height=\"405\" src=\"https:\/\/www.youtube.com\/embed\/OWUaDDcmCzI?feature=oembed\" frameborder=\"0\" allow=\"accelerometer; autoplay; clipboard-write; encrypted-media; gyroscope; picture-in-picture; web-share\" allowfullscreen><\/iframe><\/p>\n<p><iframe loading=\"lazy\" title=\"Lendavainfo.CoM \/\/ Nastopila glasbena skupina Romano Glauso s plesalkami Romano Jilo \/\/ 21.8.2018\" width=\"720\" height=\"405\" src=\"https:\/\/www.youtube.com\/embed\/lKsup233-ME?feature=oembed\" frameborder=\"0\" allow=\"accelerometer; autoplay; clipboard-write; encrypted-media; gyroscope; picture-in-picture; web-share\" allowfullscreen><\/iframe><\/p>\n<p><span style=\"font-size: 18pt;\"><strong>Romano Glauso<br \/>\n<\/strong><\/span><\/p>\n<p>Romano Glauso je romska glasbena skupina, ki je nastala v letu 2018 in se je \u0161ir\u0161i javnosti predstavila na \u0161tevilnih dogodkih v Pomurju in \u0161ir\u0161e.<\/p>\n<p>\u0160irijo ljubezen do romske glasbe in igrivo veselje s plesanjem po mizah in pitjem vina. Zase pravijo, da so mogo\u010de ena rahla posebnost v romskem glasbenem polju, saj \u017ee od samega za\u010detka njihovega delovanja neobremenjeno razvijajo avtorski pristop do romske glasbe. Ustvarjajo pesmi, ki gredo dobro v u\u0161esa, od romskih balad do \u017eivahnih plesnih ritmov romskega melosa.<\/p>\n<p><iframe loading=\"lazy\" title=\"ROMANO GLAUSO - Moja bejla z vara\u0161a (Moja Sobota)\" width=\"720\" height=\"405\" src=\"https:\/\/www.youtube.com\/embed\/qLqbIP3A80Q?feature=oembed\" frameborder=\"0\" allow=\"accelerometer; autoplay; clipboard-write; encrypted-media; gyroscope; picture-in-picture; web-share\" allowfullscreen><\/iframe><\/p>\n<p><iframe loading=\"lazy\" title=\"Monte Cristo in Romano Glauso: Sinja oj valamikur - Bila je neko\u010d\" width=\"720\" height=\"540\" src=\"https:\/\/www.youtube.com\/embed\/zSTYlgQUpeI?feature=oembed\" frameborder=\"0\" allow=\"accelerometer; autoplay; clipboard-write; encrypted-media; gyroscope; picture-in-picture; web-share\" allowfullscreen><\/iframe><\/p>\n<p><iframe loading=\"lazy\" title=\"ROMANO GLAUSO &amp; MOIRA   ME MAN MATJARAU\" width=\"720\" height=\"405\" src=\"https:\/\/www.youtube.com\/embed\/31EyyVx248c?feature=oembed\" frameborder=\"0\" allow=\"accelerometer; autoplay; clipboard-write; encrypted-media; gyroscope; picture-in-picture; web-share\" allowfullscreen><\/iframe><\/p>\n<p><iframe loading=\"lazy\" title=\"Romano Glauso - Kali gitaur\" width=\"720\" height=\"405\" src=\"https:\/\/www.youtube.com\/embed\/QG6_fQQRoh0?feature=oembed\" frameborder=\"0\" allow=\"accelerometer; autoplay; clipboard-write; encrypted-media; gyroscope; picture-in-picture; web-share\" allowfullscreen><\/iframe><\/p>\n<p><iframe loading=\"lazy\" title=\"Romano Glauso: Matijlek - Metulj\" width=\"720\" height=\"540\" src=\"https:\/\/www.youtube.com\/embed\/4_FhAFi5o-A?feature=oembed\" frameborder=\"0\" allow=\"accelerometer; autoplay; clipboard-write; encrypted-media; gyroscope; picture-in-picture; web-share\" allowfullscreen><\/iframe><\/p>\n<p><i class=\"fas fa-link\"><\/i> <a href=\"http:\/\/zveza-preporod.si\/romano-glauso\/\">http:\/\/zveza-preporod.si\/romano-glauso\/<\/a><br \/>\n<i class=\"fab fa-youtube\"><\/i> <a href=\"https:\/\/www.youtube.com\/@romanoglauso3210\">https:\/\/www.youtube.com\/@romanoglauso3210<\/a><\/p>\n","protected":false},"excerpt":{"rendered":"<p>nedelja, 27. avgust 2023, ob 18.00 | Letni oder Gledali\u0161ke in koncertne dvorane Lendava etnolo\u0161ka prireditev, glasba, kulinarika Organizator: Romsko kulturno dru\u0161tvo Romnji Vljudno vabljeni na romski etno ve\u010der, ki poteka v sklopu Festivala Vinarium 2023 in bo v nedeljo, 27. avgusta 2023, ob 18. uri na letnem odru Gledali\u0161ke in koncertne dvorane Lendava! PROGRAM: [&hellip;]<\/p>\n","protected":false},"author":2,"featured_media":13882,"parent":0,"menu_order":0,"comment_status":"closed","ping_status":"closed","template":"","meta":{"footnotes":""},"class_list":["post-13899","page","type-page","status-publish","has-post-thumbnail","hentry","post","post-with-thumbnail","post-with-thumbnail-icon"],"_links":{"self":[{"href":"https:\/\/www1.kkl.si\/sl\/wp-json\/wp\/v2\/pages\/13899","targetHints":{"allow":["GET"]}}],"collection":[{"href":"https:\/\/www1.kkl.si\/sl\/wp-json\/wp\/v2\/pages"}],"about":[{"href":"https:\/\/www1.kkl.si\/sl\/wp-json\/wp\/v2\/types\/page"}],"author":[{"embeddable":true,"href":"https:\/\/www1.kkl.si\/sl\/wp-json\/wp\/v2\/users\/2"}],"replies":[{"embeddable":true,"href":"https:\/\/www1.kkl.si\/sl\/wp-json\/wp\/v2\/comments?post=13899"}],"version-history":[{"count":6,"href":"https:\/\/www1.kkl.si\/sl\/wp-json\/wp\/v2\/pages\/13899\/revisions"}],"predecessor-version":[{"id":14080,"href":"https:\/\/www1.kkl.si\/sl\/wp-json\/wp\/v2\/pages\/13899\/revisions\/14080"}],"wp:featuredmedia":[{"embeddable":true,"href":"https:\/\/www1.kkl.si\/sl\/wp-json\/wp\/v2\/media\/13882"}],"wp:attachment":[{"href":"https:\/\/www1.kkl.si\/sl\/wp-json\/wp\/v2\/media?parent=13899"}],"curies":[{"name":"wp","href":"https:\/\/api.w.org\/{rel}","templated":true}]}}