{"id":13904,"date":"2023-08-24T10:40:48","date_gmt":"2023-08-24T08:40:48","guid":{"rendered":"https:\/\/www1.kkl.si\/?page_id=13904"},"modified":"2023-08-24T11:02:36","modified_gmt":"2023-08-24T09:02:36","slug":"festival-vinarium-2023-madzarski-etno-vecer","status":"publish","type":"page","link":"https:\/\/www1.kkl.si\/sl\/festival-vinarium-2023-madzarski-etno-vecer\/","title":{"rendered":"Festival Vinarium 2023: Mad\u017earski etno ve\u010der"},"content":{"rendered":"<div class=\"opis\"><i class=\"fas fa-clock\"><\/i> <strong>torek, 29. avgust 2023, ob 18.00<\/strong> | Letni oder Gledali\u0161ke in koncertne dvorane Lendava<img loading=\"lazy\" decoding=\"async\" class=\"alignright\" title=\"Brezpla\u010dna prireditev\" src=\"https:\/\/www1.kkl.si\/wp-content\/uploads\/2020\/07\/spored_simb_brezplacna-1.svg\" alt=\"brezplacna\" width=\"30\" height=\"30\" \/><br \/>\n<i class=\"fas fa-chevron-circle-right\"><\/i> <strong>etnolo\u0161ka prireditev, glasba, kulinarika<\/strong><br \/>\nOrganizator: <a href=\"https:\/\/www.mnmi-zkmn.si\/\">MNMI Lendva \u2013 ZKMN Lendava<\/a><\/div>\n<p><a href=\"https:\/\/www1.kkl.si\/wp-content\/uploads\/2023\/08\/FV2023_magyar_etno_est.jpg\" data-lbwps-width=\"1249\" data-lbwps-height=\"1772\" data-lbwps-srcsmall=\"https:\/\/www1.kkl.si\/wp-content\/uploads\/2023\/08\/FV2023_magyar_etno_est-282x400.jpg\"><img loading=\"lazy\" decoding=\"async\" class=\"slika alignright wp-image-13884 size-medium\" src=\"https:\/\/www1.kkl.si\/wp-content\/uploads\/2023\/08\/FV2023_magyar_etno_est-282x400.jpg\" alt=\"\" width=\"282\" height=\"400\" srcset=\"https:\/\/www1.kkl.si\/wp-content\/uploads\/2023\/08\/FV2023_magyar_etno_est-282x400.jpg 282w, https:\/\/www1.kkl.si\/wp-content\/uploads\/2023\/08\/FV2023_magyar_etno_est-1057x1500.jpg 1057w, https:\/\/www1.kkl.si\/wp-content\/uploads\/2023\/08\/FV2023_magyar_etno_est.jpg 1249w\" sizes=\"auto, (max-width: 282px) 100vw, 282px\" \/><\/a>Vljudno vabljeni na mad\u017earski etno ve\u010der, ki poteka v sklopu Festivala Vinarium 2023 in bo v <strong>torek, 29. avgusta 2023, ob 18. uri<\/strong> na letnem odru Gledali\u0161ke in koncertne dvorane Lendava!<br \/>\nZagotovljeni so pester program, dobro vzdu\u0161je ter mad\u017earske dobrote in dobra glasba \u2026<\/p>\n<p>PROGRAM:<\/p>\n<ul>\n<li>Interaktivni koncert za otroke: Belv\u00e1rosi bety\u00e1rok<\/li>\n<li>Plesna predstava: Varidance<\/li>\n<li>Koncert: Cimbaliband<\/li>\n<li>Kulinarika: ciganska pe\u010denka z d\u00f6d\u00f6lli, svinjski gola\u017e s tarhonjo, langa\u0161 (Vinogradi\u0161ko dru\u0161tvo \u010centiba)<\/li>\n<\/ul>\n<p><em>V primeru slabega vremena bo program potekal v dvorani.<br \/>\n<\/em><\/p>\n<p><em>Vstop je prost.<\/em><\/p>\n<hr \/>\n<p>PODROBNI OPIS<\/p>\n<p><span style=\"font-size: 18pt;\">18.00\u201321.00<br \/>\n<strong>rokodelske delavnice za otroke in odrasle<\/strong><\/span><\/p>\n<p><span style=\"font-size: 18pt;\">ob 18.30<br \/>\n<\/span><strong><span style=\"font-size: 18pt;\">Belv\u00e1rosi Bety\u00e1rok \u2013 interaktivni koncert za otroke<\/span><\/strong><\/p>\n<p>Belv\u00e1rosi Bety\u00e1rok je glasbena skupina, ki ustvarja za otroke in dru\u017eine, in jo je ustanovil glasbenik L\u00e1szl\u00f3 V\u00e1ray. Besedila njihovih pesmi so namenjena predvsem otrokom, vsebujejo pa tudi sporo\u010dila za odrasle. V pesmih obravnavajo vpra\u0161anja in pomembnej\u0161e teme, ki se porajajo otrokom (Mama, Autitkok).<\/p>\n<p>\u010clani: L\u00e1szl\u00f3 V\u00e1ray \u2013 vokal, kitare; Bal\u00e1zs Alasztics \u2013 saksofon; G\u00e1bor Kov\u00e1cs \u2013 cajon, tolkala<\/p>\n<p><iframe loading=\"lazy\" title=\"\u00c1llati t\u00f6rt\u00e9net  |  Belv\u00e1rosi Bety\u00e1rok   [sz\u00f6vegvide\u00f3]\" width=\"720\" height=\"405\" src=\"https:\/\/www.youtube.com\/embed\/Wj7ZvAgmBw0?feature=oembed\" frameborder=\"0\" allow=\"accelerometer; autoplay; clipboard-write; encrypted-media; gyroscope; picture-in-picture; web-share\" allowfullscreen><\/iframe><\/p>\n<p><iframe loading=\"lazy\" title=\"Autitkok | Belv\u00e1rosi Bety\u00e1rok\" width=\"720\" height=\"405\" src=\"https:\/\/www.youtube.com\/embed\/gbPWxtBqJAU?feature=oembed\" frameborder=\"0\" allow=\"accelerometer; autoplay; clipboard-write; encrypted-media; gyroscope; picture-in-picture; web-share\" allowfullscreen><\/iframe><\/p>\n<p><iframe loading=\"lazy\" title=\"Doromb dal  |  Belv\u00e1rosi Bety\u00e1rok  [koncertfelv\u00e9tel]\" width=\"720\" height=\"405\" src=\"https:\/\/www.youtube.com\/embed\/3vyb_CZIj38?feature=oembed\" frameborder=\"0\" allow=\"accelerometer; autoplay; clipboard-write; encrypted-media; gyroscope; picture-in-picture; web-share\" allowfullscreen><\/iframe><\/p>\n<p><iframe loading=\"lazy\" title=\"Bubor\u00e9kt\u00fcnd\u00e9r | Belv\u00e1rosi Bety\u00e1rok\" width=\"720\" height=\"405\" src=\"https:\/\/www.youtube.com\/embed\/aSs2tLtUNI4?feature=oembed\" frameborder=\"0\" allow=\"accelerometer; autoplay; clipboard-write; encrypted-media; gyroscope; picture-in-picture; web-share\" allowfullscreen><\/iframe><\/p>\n<p><i class=\"fas fa-link\"><\/i> <a href=\"https:\/\/www.betyarok.hu\/\">https:\/\/www.betyarok.hu\/<\/a><br \/>\n<i class=\"fab fa-youtube\"><\/i> <a href=\"https:\/\/www.youtube.com\/@Belvarosi_Betyarok\/\">https:\/\/www.youtube.com\/@Belvarosi_Betyarok\/<\/a><\/p>\n<p><span style=\"font-size: 18pt;\">ob 19.30<br \/>\n<strong>Varidance \u2013 plesna predstava<\/strong><\/span><\/p>\n<p>VARIDANCE navdih \u010drpa iz izjemno raznolikega mad\u017earskega plesnega izro\u010dila in kulture, ki sta edinstvena na svetu. Tradicionalne elemente zdru\u017euje z razli\u010dnimi plesnimi slogi in drugimi scenskimi umetnostmi ter jih pri\u010dara v sodoben in edinstven slog.<br \/>\nPlese, ki jih je zasnoval koreograf in zahtevajo resno strokovno znanje, \u010dlani ansambla izvajajo z lahkotno eleganco. So nadarjeni, usposobljeni in samozavestni; njihova mladostna zagnanost in predanost plesu se izra\u017eata v impresivnih in temperamentnih predstavah ter postaneta spektakularna odrska resni\u010dnost.<\/p>\n<p><iframe loading=\"lazy\" title=\"VARIDANCE.com\" width=\"720\" height=\"405\" src=\"https:\/\/www.youtube.com\/embed\/PJQOPCJ6360?feature=oembed\" frameborder=\"0\" allow=\"accelerometer; autoplay; clipboard-write; encrypted-media; gyroscope; picture-in-picture; web-share\" allowfullscreen><\/iframe><\/p>\n<p><iframe loading=\"lazy\" title=\"VARIDANCE \u2013 Benn\u00fcnk l\u00fcktet a vil\u00e1g...\" width=\"720\" height=\"405\" src=\"https:\/\/www.youtube.com\/embed\/SjH735GGxUw?feature=oembed\" frameborder=\"0\" allow=\"accelerometer; autoplay; clipboard-write; encrypted-media; gyroscope; picture-in-picture; web-share\" allowfullscreen><\/iframe><\/p>\n<p><iframe loading=\"lazy\" title=\"Varidance a Duna Karnev\u00e1lon\" width=\"720\" height=\"405\" src=\"https:\/\/www.youtube.com\/embed\/kmHV-pf6YCo?feature=oembed\" frameborder=\"0\" allow=\"accelerometer; autoplay; clipboard-write; encrypted-media; gyroscope; picture-in-picture; web-share\" allowfullscreen><\/iframe><\/p>\n<p><i class=\"fas fa-link\"><\/i> <a href=\"http:\/\/varidance.hu\/\">http:\/\/varidance.hu\/<\/a><br \/>\n<i class=\"fab fa-youtube\"><\/i> <a href=\"https:\/\/www.youtube.com\/@varidancebennunkluktetavil3186\">https:\/\/www.youtube.com\/@varidancebennunkluktetavil3186<\/a><\/p>\n<p><span style=\"font-size: 18pt;\">ob 20.30<br \/>\n<strong>Cimbaliband \u2013 koncert<\/strong><\/span><\/p>\n<p>Glasbena skupina Cimbaliband, ustanovljena leta 2008, mad\u017earsko glasbeno sceno vsako leto preseneti z ne\u010dim posebnim in sve\u017eim. Na enajstih albumih se vzhodnoevropski pridih prepleta z ljudsko glasbo ter priljubljenimi sodobnimi glasbenimi slogi. \u010clani skupine so izku\u0161eni ljudski glasbeniki, zato se v \u00bb\u010darovni\u0161ki kuhinji\u00ab Cimbalibanda kuhajo zvarki, ki temeljijo na pristni, iz korenin izvirajo\u010di glasbi. Glasbene dobrote nam postre\u017eejo tako, da skladbe temeljijo na prav posebnem instrumentu \u2013 CIMBALIH \u2013, za\u010dinjene pa so s kan\u010dkom jazza, latinske glasbe in balkanskih ritmov.<\/p>\n<p><iframe loading=\"lazy\" title=\"Cimbaliband Tri\u00f3 - Minor swing (Live @ Cs\u0171rd\u00f6ng\u00f6l\u0151)\" width=\"720\" height=\"405\" src=\"https:\/\/www.youtube.com\/embed\/ArhtD1TwkG4?feature=oembed\" frameborder=\"0\" allow=\"accelerometer; autoplay; clipboard-write; encrypted-media; gyroscope; picture-in-picture; web-share\" allowfullscreen><\/iframe><\/p>\n<p><iframe loading=\"lazy\" title=\"Cimbaliband feat. Pribojszki Matyi - Megyek az \u00faton (Szolnok Tisza Mozi)\" width=\"720\" height=\"405\" src=\"https:\/\/www.youtube.com\/embed\/S3CvnYhEntM?feature=oembed\" frameborder=\"0\" allow=\"accelerometer; autoplay; clipboard-write; encrypted-media; gyroscope; picture-in-picture; web-share\" allowfullscreen><\/iframe><\/p>\n<p><iframe loading=\"lazy\" title=\"Cimbaliband - H\u00e9tf\u0151 (Official HD)\" width=\"720\" height=\"405\" src=\"https:\/\/www.youtube.com\/embed\/K76VJntMFtU?feature=oembed\" frameborder=\"0\" allow=\"accelerometer; autoplay; clipboard-write; encrypted-media; gyroscope; picture-in-picture; web-share\" allowfullscreen><\/iframe><\/p>\n<p><iframe loading=\"lazy\" title=\"Cimbaliband a 32. M\u0171v\u00e9szetek V\u00f6lgye Vil\u00e1gzenei Sz\u00ednpad\u00e1n\" width=\"720\" height=\"405\" src=\"https:\/\/www.youtube.com\/embed\/OE4df5RWM2M?feature=oembed\" frameborder=\"0\" allow=\"accelerometer; autoplay; clipboard-write; encrypted-media; gyroscope; picture-in-picture; web-share\" allowfullscreen><\/iframe><\/p>\n<p><iframe loading=\"lazy\" title=\"Cimbaliband  - Oppadirida - Remaster\" width=\"720\" height=\"405\" src=\"https:\/\/www.youtube.com\/embed\/bfOC3i8yUdk?start=2&#038;feature=oembed\" frameborder=\"0\" allow=\"accelerometer; autoplay; clipboard-write; encrypted-media; gyroscope; picture-in-picture; web-share\" allowfullscreen><\/iframe><\/p>\n<p><i class=\"fas fa-link\"><\/i> <a href=\"https:\/\/cimbaliband.hu\">https:\/\/cimbaliband.hu<\/a><br \/>\n<i class=\"fab fa-youtube\"><\/i> <a href=\"https:\/\/www.youtube.com\/@cimbaliband\/videos\">https:\/\/www.youtube.com\/@cimbaliband\/videos<\/a><\/p>\n<hr \/>\n<p><strong>ZA DOBRO PIJA\u010cO IN JEDA\u010cO BO POSKRBELO DRU\u0160TVO VINOGRADNIKOV \u010cENTIBA<\/strong><br \/>\nciganska pe\u010denka s pra\u017eenimi d\u00f6d\u00f6li, svinjski gola\u017e z ribano ka\u0161o (tarhonya), langa\u0161i<\/p>\n<p><em>Vljudno vabljeni!<\/em><\/p>\n","protected":false},"excerpt":{"rendered":"<p>torek, 29. avgust 2023, ob 18.00 | Letni oder Gledali\u0161ke in koncertne dvorane Lendava etnolo\u0161ka prireditev, glasba, kulinarika Organizator: MNMI Lendva \u2013 ZKMN Lendava Vljudno vabljeni na mad\u017earski etno ve\u010der, ki poteka v sklopu Festivala Vinarium 2023 in bo v torek, 29. avgusta 2023, ob 18. uri na letnem odru Gledali\u0161ke in koncertne dvorane Lendava! [&hellip;]<\/p>\n","protected":false},"author":2,"featured_media":13884,"parent":0,"menu_order":0,"comment_status":"closed","ping_status":"closed","template":"","meta":{"footnotes":""},"class_list":["post-13904","page","type-page","status-publish","has-post-thumbnail","hentry","post","post-with-thumbnail","post-with-thumbnail-icon"],"_links":{"self":[{"href":"https:\/\/www1.kkl.si\/sl\/wp-json\/wp\/v2\/pages\/13904","targetHints":{"allow":["GET"]}}],"collection":[{"href":"https:\/\/www1.kkl.si\/sl\/wp-json\/wp\/v2\/pages"}],"about":[{"href":"https:\/\/www1.kkl.si\/sl\/wp-json\/wp\/v2\/types\/page"}],"author":[{"embeddable":true,"href":"https:\/\/www1.kkl.si\/sl\/wp-json\/wp\/v2\/users\/2"}],"replies":[{"embeddable":true,"href":"https:\/\/www1.kkl.si\/sl\/wp-json\/wp\/v2\/comments?post=13904"}],"version-history":[{"count":5,"href":"https:\/\/www1.kkl.si\/sl\/wp-json\/wp\/v2\/pages\/13904\/revisions"}],"predecessor-version":[{"id":13912,"href":"https:\/\/www1.kkl.si\/sl\/wp-json\/wp\/v2\/pages\/13904\/revisions\/13912"}],"wp:featuredmedia":[{"embeddable":true,"href":"https:\/\/www1.kkl.si\/sl\/wp-json\/wp\/v2\/media\/13884"}],"wp:attachment":[{"href":"https:\/\/www1.kkl.si\/sl\/wp-json\/wp\/v2\/media?parent=13904"}],"curies":[{"name":"wp","href":"https:\/\/api.w.org\/{rel}","templated":true}]}}