{"id":14033,"date":"2023-08-27T11:18:25","date_gmt":"2023-08-27T09:18:25","guid":{"rendered":"https:\/\/www1.kkl.si\/?page_id=14033"},"modified":"2023-08-27T11:18:25","modified_gmt":"2023-08-27T09:18:25","slug":"festival-vinarium-2023-hrvaski-etno-vecer-dalmacija-u-mom-oku","status":"publish","type":"page","link":"https:\/\/www1.kkl.si\/sl\/festival-vinarium-2023-hrvaski-etno-vecer-dalmacija-u-mom-oku\/","title":{"rendered":"Festival Vinarium 2023: Hrva\u0161ki etno ve\u010der &#8211; Dalmacija u mom oku"},"content":{"rendered":"<div class=\"opis\"><i class=\"fas fa-clock\"><\/i> <strong>sreda, 30. avgust 2023, ob 18.00<\/strong> | Letni oder Gledali\u0161ke in koncertne dvorane Lendava<img loading=\"lazy\" decoding=\"async\" class=\"alignright\" title=\"Brezpla\u010dna prireditev\" src=\"https:\/\/www1.kkl.si\/wp-content\/uploads\/2020\/07\/spored_simb_brezplacna-1.svg\" alt=\"brezplacna\" width=\"30\" height=\"30\" \/><br \/>\n<i class=\"fas fa-chevron-circle-right\"><\/i> <strong>etnolo\u0161ka prireditev, glasba, kulinarika<\/strong><br \/>\nOrganizator: <a href=\"http:\/\/hkd-pomurje.si\/\">HKD Pomurje<\/a><\/div>\n<p><a href=\"https:\/\/www1.kkl.si\/wp-content\/uploads\/2023\/08\/hrvaski_etno_vecer_HKD_plakat.jpg\" data-lbwps-width=\"1191\" data-lbwps-height=\"1684\" data-lbwps-srcsmall=\"https:\/\/www1.kkl.si\/wp-content\/uploads\/2023\/08\/hrvaski_etno_vecer_HKD_plakat-283x400.jpg\"><img loading=\"lazy\" decoding=\"async\" class=\"slika alignright wp-image-14034 size-medium\" src=\"https:\/\/www1.kkl.si\/wp-content\/uploads\/2023\/08\/hrvaski_etno_vecer_HKD_plakat-283x400.jpg\" alt=\"\" width=\"283\" height=\"400\" srcset=\"https:\/\/www1.kkl.si\/wp-content\/uploads\/2023\/08\/hrvaski_etno_vecer_HKD_plakat-283x400.jpg 283w, https:\/\/www1.kkl.si\/wp-content\/uploads\/2023\/08\/hrvaski_etno_vecer_HKD_plakat-1061x1500.jpg 1061w, https:\/\/www1.kkl.si\/wp-content\/uploads\/2023\/08\/hrvaski_etno_vecer_HKD_plakat.jpg 1191w\" sizes=\"auto, (max-width: 283px) 100vw, 283px\" \/><\/a>Vljudno vabljeni na hrva\u0161ki etno ve\u010der, ki poteka v sklopu Festivala Vinarium 2023 in bo v <strong>sredo, 30. avgusta 2023, ob 18. uri<\/strong> na letnem odru Gledali\u0161ke in koncertne dvorane Lendava!<\/p>\n<p>PROGRAM:<\/p>\n<ul>\n<li>Pevski nastop: Duet Bero\u010dka<\/li>\n<li>Solo pevski nastop: Chriztel Renae Aceveda<\/li>\n<li>Koncert: Klapa Dalmari<\/li>\n<li>Kulinarika: ocvrte jadranske ribice, ocvrt krompir\u010dek, fritule in doma\u010de dalmatinsko vino<\/li>\n<\/ul>\n<p><em>V primeru slabega vremena bo program potekal v dvorani.<br \/>\n<\/em><\/p>\n<p><em>Vstop je prost.<\/em><\/p>\n<hr \/>\n<p>PODROBNI OPIS<\/p>\n<p><span style=\"font-size: 18pt;\"><strong>Duet <span class=\"yt-core-attributed-string yt-core-attributed-string--white-space-pre-wrap\" role=\"text\"><span class=\"yt-core-attributed-string--link-inherit-color\">Bero\u010dka<\/span><\/span><\/strong><\/span><\/p>\n<p>Pod umetni\u0161kimi imenom Bero\u010dka, Selma Franov in Marinka Prelog delujeta od leta 2019. Pred kratkim je lu\u010d sveta ugledala <a href=\"https:\/\/www.youtube.com\/watch?v=DAbwLbQcWOs\">knji\u017eica z zgo\u0161\u010denko<\/a>, prvi album glasbenega projekta zbiranja, snemanja ter izvajanja ljudskih pesmi, ki presega dr\u017eavne meje. Duet deluje pod okriljem Zavoda Herbija Prlekija.<\/p>\n<p>Bero\u010dka sta Selma in Marinka, ki s subtilnostjo svojih vokalov predstavljata ob\u010duteni \u017eenski pogled na ljubezensko motiviko ljudskih pesmi Prlekije, Prekmurja in Me\u0111imurja.<\/p>\n<p><iframe loading=\"lazy\" title=\"Glasbeni nastop Bero\u010dka\" width=\"720\" height=\"405\" src=\"https:\/\/www.youtube.com\/embed\/Ji6Xgvp7nlg?feature=oembed\" frameborder=\"0\" allow=\"accelerometer; autoplay; clipboard-write; encrypted-media; gyroscope; picture-in-picture; web-share\" allowfullscreen><\/iframe><\/p>\n<p><span style=\"font-size: 18pt;\">Solo pevski nastop: <strong>Chriztel Renae Aceveda<\/strong><\/span><\/p>\n<p>\u010ceprav je hrva\u0161ki jezik podoben japonskemu in ga opisuje kot zelo zahtevnega, ga je 12-letna Chriztel, ki \u017eivi na Hrva\u0161kem \u0161ele tri leta, sprejela za maternega. Med\u017eimursko nare\u010dje ji je tako zlezlo pod ko\u017eo, da se je preizkusila v tradicionalnih pesmih.<\/p>\n<p><iframe loading=\"lazy\" title=\"Djevoj\u010dica an\u0111eoskog glasa\" width=\"720\" height=\"405\" src=\"https:\/\/www.youtube.com\/embed\/MY5VYhqzWnY?feature=oembed\" frameborder=\"0\" allow=\"accelerometer; autoplay; clipboard-write; encrypted-media; gyroscope; picture-in-picture; web-share\" allowfullscreen><\/iframe><\/p>\n<p><iframe loading=\"lazy\" title=\"Filipinski korijeni, ali Me\u0111imurje u srcu \u2013 upoznajte djevoj\u010dicu zaljubljenu u popevke | IN magazin\" width=\"720\" height=\"405\" src=\"https:\/\/www.youtube.com\/embed\/Znt1U8SZKCk?feature=oembed\" frameborder=\"0\" allow=\"accelerometer; autoplay; clipboard-write; encrypted-media; gyroscope; picture-in-picture; web-share\" allowfullscreen><\/iframe><\/p>\n<p><strong><span style=\"font-size: 18pt;\">Klapa Dalmari<\/span><\/strong><\/p>\n<p>Klapa Dalmari je ena najvidnej\u0161ih slovenskih klap, ki pod vodstvom v Mariboru \u017eive\u010dega Zagreb\u010dana Marka Mandira prepeva tradicionalne dalmatinske klapske pesmi. Klapa deluje, kot zasebna sekcija v sklopu najstarej\u0161ega hrva\u0161kega dru\u0161tva v Sloveniji, \u00bbHrvatskog kulturnog dru\u0161tva u Mariboru\u00ab. Ustanovljena je bila leta 2009 na iniciativo ljubiteljev klapskih pesmi v Mariboru. Dalmari, je besedna igra sestavljena iz Dalmacije in Maribora, ki izra\u017ea povezanost \u010dlanov in njihovo kulturno poslanstvo. Dalmari se trudi upreti estradizaciji klapskega petja in neguje avtenti\u010dno acapella petje.<\/p>\n<p>Klapa se je leta 2022 na drugem izbornem ve\u010deru <a href=\"https:\/\/fdk.hr\/klapa\/dalmari\/\">56. Festivala dalmatinskih klap v Omi\u0161u<\/a> uvrstila na prvo mesto med mo\u0161kimi klapami. S to uvrstitvijo so si Dalmari zagotovili nastop v presti\u017enem finalu festivala. V mo\u010dni konkurenci se je mariborska klapa odli\u010dno odrezala, dosegli so tretje mesto po izboru publike in zavidljivo \u010detrto mesto na tradicionalnem dalmatinskem festivalu. Klapa Dalmari je \u0161ele druga slovenska klapa, ki se je kadarkoli uvrstila na predizbor festivala in tudi prva slovenska klapa, ki ji je uspel preboj v finale.<\/p>\n<p>V Sloveniji obstaja veliko zanimanje za klapsko petje. Klapska pesem je najlep\u0161i spomin na dneve, pre\u017eivete na hrva\u0161kem jugu. Ravno zato glasbeni vodja klape Marko Mandir meni, da je ta vrsta glasbe nova barva na mostu prijateljstva, ki spaja Hrva\u0161ko in Slovenijo.<\/p>\n<p>\u010clanek na MMC\/RTV Slovenija iz leta 2015: <a href=\"https:\/\/www.rtvslo.si\/kultura\/glasba\/petje-v-dalmatinski-klapi-kot-izpolnitev-zivljenjskih-sanj\/360814\">Petje v dalmatinski klapi kot izpolnitev \u017eivljenjskih sanj<\/a><\/p>\n<p><i class=\"fab fa-facebook-square\"><\/i> <a href=\"https:\/\/www.facebook.com\/dalmari\/\">https:\/\/www.facebook.com\/dalmari\/<\/a><\/p>\n<p><iframe loading=\"lazy\" title=\"MORE - klapa Dalmari - FDK 2022 M\" width=\"720\" height=\"540\" src=\"https:\/\/www.youtube.com\/embed\/vxAUsZpetlE?feature=oembed\" frameborder=\"0\" allow=\"accelerometer; autoplay; clipboard-write; encrypted-media; gyroscope; picture-in-picture; web-share\" allowfullscreen><\/iframe><\/p>\n<p><iframe loading=\"lazy\" title=\"Vrati se mili \u0106ale - klapa Dalmari - FDK 2023\" width=\"720\" height=\"405\" src=\"https:\/\/www.youtube.com\/embed\/p9rEa7X1Dc4?feature=oembed\" frameborder=\"0\" allow=\"accelerometer; autoplay; clipboard-write; encrypted-media; gyroscope; picture-in-picture; web-share\" allowfullscreen><\/iframe><\/p>\n","protected":false},"excerpt":{"rendered":"<p>sreda, 30. avgust 2023, ob 18.00 | Letni oder Gledali\u0161ke in koncertne dvorane Lendava etnolo\u0161ka prireditev, glasba, kulinarika Organizator: HKD Pomurje Vljudno vabljeni na hrva\u0161ki etno ve\u010der, ki poteka v sklopu Festivala Vinarium 2023 in bo v sredo, 30. avgusta 2023, ob 18. uri na letnem odru Gledali\u0161ke in koncertne dvorane Lendava! PROGRAM: Pevski nastop: [&hellip;]<\/p>\n","protected":false},"author":2,"featured_media":0,"parent":0,"menu_order":0,"comment_status":"closed","ping_status":"closed","template":"","meta":{"footnotes":""},"class_list":["post-14033","page","type-page","status-publish","hentry","post"],"_links":{"self":[{"href":"https:\/\/www1.kkl.si\/sl\/wp-json\/wp\/v2\/pages\/14033","targetHints":{"allow":["GET"]}}],"collection":[{"href":"https:\/\/www1.kkl.si\/sl\/wp-json\/wp\/v2\/pages"}],"about":[{"href":"https:\/\/www1.kkl.si\/sl\/wp-json\/wp\/v2\/types\/page"}],"author":[{"embeddable":true,"href":"https:\/\/www1.kkl.si\/sl\/wp-json\/wp\/v2\/users\/2"}],"replies":[{"embeddable":true,"href":"https:\/\/www1.kkl.si\/sl\/wp-json\/wp\/v2\/comments?post=14033"}],"version-history":[{"count":2,"href":"https:\/\/www1.kkl.si\/sl\/wp-json\/wp\/v2\/pages\/14033\/revisions"}],"predecessor-version":[{"id":14117,"href":"https:\/\/www1.kkl.si\/sl\/wp-json\/wp\/v2\/pages\/14033\/revisions\/14117"}],"wp:attachment":[{"href":"https:\/\/www1.kkl.si\/sl\/wp-json\/wp\/v2\/media?parent=14033"}],"curies":[{"name":"wp","href":"https:\/\/api.w.org\/{rel}","templated":true}]}}