{"id":14341,"date":"2023-09-03T09:47:33","date_gmt":"2023-09-03T07:47:33","guid":{"rendered":"https:\/\/www1.kkl.si\/?page_id=14341"},"modified":"2023-09-06T14:27:36","modified_gmt":"2023-09-06T12:27:36","slug":"banfalvy-studio-miles-tredinnick-elvis-oltar-miami","status":"publish","type":"page","link":"https:\/\/www1.kkl.si\/sl\/banfalvy-studio-miles-tredinnick-elvis-oltar-miami\/","title":{"rendered":"B\u00e1nfalvy St\u00fadi\u00f3 | Miles Tredinnick: Elvis, Olt\u00e1r, Miami"},"content":{"rendered":"<div class=\"opis\"><i class=\"fas fa-clock\"><\/i> <strong>ponedeljek, 11. september, ob 19.00<\/strong> | Lendvai Sz\u00ednh\u00e1z- \u00e9s Hangversenyterem<img loading=\"lazy\" decoding=\"async\" class=\"alignright\" title=\"Pla\u010dljiva prireditev\" src=\"https:\/\/www1.kkl.si\/wp-content\/uploads\/\/2020\/07\/spored_simb_placljiva-1.svg\" alt=\"placljiva\" width=\"30\" height=\"30\" \/><img loading=\"lazy\" decoding=\"async\" class=\"alignright\" title=\"Mad\u017earski abonma\" src=\"https:\/\/www1.kkl.si\/wp-content\/uploads\/\/2020\/07\/spored_simb_abonma_hu-1.svg\" alt=\"abonma_hu\" width=\"30\" height=\"30\" \/><br \/>\n<i class=\"fas fa-chevron-circle-right\"><\/i> <strong><strong>komedija v mad\u017earskem jeziku<br \/>\n<\/strong><\/strong><i class=\"fas fa-ticket-alt\"><\/i> Cena vstopnice: <strong>17 \u20ac<\/strong>, \u0161tudentje in upokojenci: <strong>13 \u20ac<\/strong> | Vstopnice se dobijo na na blagajni GKD Lendava pred predstavo.<br \/>\n<i class=\"fas fa-info-circle\"><\/i> Dodatne informacije: <strong>+386 (0)2 577 6660<\/strong> (Center B\u00e1nffy, Lendava)<\/p>\n<hr \/>\n<p>Organizator: <a href=\"https:\/\/www.mnmi-zkmn.si\/\">MNMI Lendva \u2013 ZKMN Lendava<\/a><\/p>\n<\/div>\n<p><a href=\"https:\/\/www1.kkl.si\/wp-content\/uploads\/2023\/08\/banfalvy_studio_elvis.jpg\" data-lbwps-width=\"1240\" data-lbwps-height=\"1772\" data-lbwps-srcsmall=\"https:\/\/www1.kkl.si\/wp-content\/uploads\/2023\/08\/banfalvy_studio_elvis-280x400.jpg\"><img loading=\"lazy\" decoding=\"async\" class=\"slika alignright wp-image-13896 size-medium\" src=\"https:\/\/www1.kkl.si\/wp-content\/uploads\/2023\/08\/banfalvy_studio_elvis-280x400.jpg\" alt=\"\" width=\"280\" height=\"400\" srcset=\"https:\/\/www1.kkl.si\/wp-content\/uploads\/2023\/08\/banfalvy_studio_elvis-280x400.jpg 280w, https:\/\/www1.kkl.si\/wp-content\/uploads\/2023\/08\/banfalvy_studio_elvis-1050x1500.jpg 1050w, https:\/\/www1.kkl.si\/wp-content\/uploads\/2023\/08\/banfalvy_studio_elvis.jpg 1240w\" sizes=\"auto, (max-width: 280px) 100vw, 280px\" \/><\/a><em>Opis v mad\u017earskem jeziku:<\/em><\/p>\n<p>B\u00e1nfalvy St\u00fadi\u00f3 | <span class=\"x193iq5w xeuugli x13faqbe x1vvkbs x1xmvt09 x1lliihq x1s928wv xhkezso x1gmr53x x1cpjm7i x1fgarty x1943h6x xudqn12 x3x7a5m x6prxxf xvq8zen xo1l8bm xzsf02u x1yc453h\" dir=\"auto\">Miles Tredinnick: <br \/>\n<\/span><span style=\"font-size: 18pt;\"><strong>Elvis, Olt\u00e1r, Miami<\/strong><\/span><\/p>\n<p><strong>Szerepl\u0151k<\/strong><\/p>\n<p>Tom Weals \u2013 Beleznay Endre<br \/>\nAlice Martin \u2013 G\u00f6rg\u00e9nyi Fruzsina<br \/>\nBarney Weals \u2013 Vastag Tam\u00e1s<br \/>\nMuriel \u2013 Kond\u00e1kor Zs\u00f3fi<br \/>\nMary n\u00e9ni \u2013 B\u00e1nfalvy \u00c1gnes<br \/>\nFrankie \u2013 Urmai G\u00e1bor<br \/>\nHendy \u2013 Harmath Imre<\/p>\n<p><strong>T\u00f6rt\u00e9net<\/strong><\/p>\n<p>Elvis Olt\u00e1r Miami \u2013 A fordulatos, perg\u0151 kom\u00e9dia egy b\u0151r\u00f6ndcser\u00e9vel indul, amikor is az Elvis rajong\u00f3 Tom \u00e9s feles\u00e9ge Miamiba indulnak n\u00e1sz\u00fatra. A nagy k\u00f6d miatt t\u00f6rlik a j\u00e1ratukat, ez\u00e9rt csal\u00f3dottan hazat\u00e9rnek, majd otthon veszik \u00e9szre, hogy v\u00e9letlen\u00fcl m\u00e1s b\u0151r\u00f6ndj\u00e9t hozt\u00e1k el a rep\u00fcl\u0151t\u00e9rr\u0151l, \u00e9s a \u201cszerencs\u00e9s\u201d csere folyt\u00e1n f\u00e9l milli\u00f3 doll\u00e1r ker\u00fcl a birtokukba.<\/p>\n<p>Ford\u00edtotta: Benedek Albert<br \/>\nProducer: Horv\u00e1th Csaba, Oliver W. Horvath<br \/>\nRendez\u0151: Harmath Imre<br \/>\nD\u00edszlet- \u00e9s jelmeztervez\u0151: Gy\u0151ri Gabriella<br \/>\nRendez\u0151asszisztens: Pajzs N\u00f3ra<br \/>\n\u00dcgyel\u0151: Szikra B. Di\u00e1na<\/p>\n<hr \/>\n<p>FOT\u00d3GAL\u00c9RIA\/FOTOGALERIJA<\/p>\n\n\t\t<style type=\"text\/css\">\n\t\t\t#gallery-1 {\n\t\t\t\tmargin: auto;\n\t\t\t}\n\t\t\t#gallery-1 .gallery-item {\n\t\t\t\tfloat: left;\n\t\t\t\tmargin-top: 10px;\n\t\t\t\ttext-align: center;\n\t\t\t\twidth: 16%;\n\t\t\t}\n\t\t\t#gallery-1 img {\n\t\t\t\tborder: 2px solid #cfcfcf;\n\t\t\t}\n\t\t\t#gallery-1 .gallery-caption {\n\t\t\t\tmargin-left: 0;\n\t\t\t}\n\t\t\t\/* see gallery_shortcode() in wp-includes\/media.php *\/\n\t\t<\/style>\n\t\t<div id='gallery-1' class='gallery galleryid-14341 gallery-columns-6 gallery-size-thumbnail'><dl class='gallery-item'>\n\t\t\t<dt class='gallery-icon landscape'>\n\t\t\t\t<a href='https:\/\/www1.kkl.si\/wp-content\/uploads\/2023\/09\/elvis-oltar-miami01.jpg'><img loading=\"lazy\" decoding=\"async\" width=\"150\" height=\"150\" src=\"https:\/\/www1.kkl.si\/wp-content\/uploads\/2023\/09\/elvis-oltar-miami01-150x150.jpg\" class=\"attachment-thumbnail size-thumbnail\" alt=\"\" \/><\/a>\n\t\t\t<\/dt><\/dl><dl class='gallery-item'>\n\t\t\t<dt class='gallery-icon portrait'>\n\t\t\t\t<a href='https:\/\/www1.kkl.si\/wp-content\/uploads\/2023\/09\/elvis-oltar-miami02.jpg'><img loading=\"lazy\" decoding=\"async\" width=\"150\" height=\"150\" src=\"https:\/\/www1.kkl.si\/wp-content\/uploads\/2023\/09\/elvis-oltar-miami02-150x150.jpg\" class=\"attachment-thumbnail size-thumbnail\" alt=\"\" \/><\/a>\n\t\t\t<\/dt><\/dl><dl class='gallery-item'>\n\t\t\t<dt class='gallery-icon portrait'>\n\t\t\t\t<a href='https:\/\/www1.kkl.si\/wp-content\/uploads\/2023\/09\/elvis-oltar-miami03.jpg'><img loading=\"lazy\" decoding=\"async\" width=\"150\" height=\"150\" src=\"https:\/\/www1.kkl.si\/wp-content\/uploads\/2023\/09\/elvis-oltar-miami03-150x150.jpg\" class=\"attachment-thumbnail size-thumbnail\" alt=\"\" \/><\/a>\n\t\t\t<\/dt><\/dl><dl class='gallery-item'>\n\t\t\t<dt class='gallery-icon landscape'>\n\t\t\t\t<a href='https:\/\/www1.kkl.si\/wp-content\/uploads\/2023\/09\/elvis-oltar-miami04.jpg'><img loading=\"lazy\" decoding=\"async\" width=\"150\" height=\"150\" src=\"https:\/\/www1.kkl.si\/wp-content\/uploads\/2023\/09\/elvis-oltar-miami04-150x150.jpg\" class=\"attachment-thumbnail size-thumbnail\" alt=\"\" \/><\/a>\n\t\t\t<\/dt><\/dl><dl class='gallery-item'>\n\t\t\t<dt class='gallery-icon landscape'>\n\t\t\t\t<a href='https:\/\/www1.kkl.si\/wp-content\/uploads\/2023\/09\/elvis-oltar-miami05.jpg'><img loading=\"lazy\" decoding=\"async\" width=\"150\" height=\"150\" src=\"https:\/\/www1.kkl.si\/wp-content\/uploads\/2023\/09\/elvis-oltar-miami05-150x150.jpg\" class=\"attachment-thumbnail size-thumbnail\" alt=\"\" \/><\/a>\n\t\t\t<\/dt><\/dl><dl class='gallery-item'>\n\t\t\t<dt class='gallery-icon landscape'>\n\t\t\t\t<a href='https:\/\/www1.kkl.si\/wp-content\/uploads\/2023\/09\/elvis-oltar-miami06.jpg'><img loading=\"lazy\" decoding=\"async\" width=\"150\" height=\"150\" src=\"https:\/\/www1.kkl.si\/wp-content\/uploads\/2023\/09\/elvis-oltar-miami06-150x150.jpg\" class=\"attachment-thumbnail size-thumbnail\" alt=\"\" \/><\/a>\n\t\t\t<\/dt><\/dl><br style=\"clear: both\" \/><dl class='gallery-item'>\n\t\t\t<dt class='gallery-icon landscape'>\n\t\t\t\t<a href='https:\/\/www1.kkl.si\/wp-content\/uploads\/2023\/09\/elvis-oltar-miami07.jpg'><img loading=\"lazy\" decoding=\"async\" width=\"150\" height=\"150\" src=\"https:\/\/www1.kkl.si\/wp-content\/uploads\/2023\/09\/elvis-oltar-miami07-150x150.jpg\" class=\"attachment-thumbnail size-thumbnail\" alt=\"\" \/><\/a>\n\t\t\t<\/dt><\/dl><dl class='gallery-item'>\n\t\t\t<dt class='gallery-icon portrait'>\n\t\t\t\t<a href='https:\/\/www1.kkl.si\/wp-content\/uploads\/2023\/09\/elvis-oltar-miami08.jpg'><img loading=\"lazy\" decoding=\"async\" width=\"150\" height=\"150\" src=\"https:\/\/www1.kkl.si\/wp-content\/uploads\/2023\/09\/elvis-oltar-miami08-150x150.jpg\" class=\"attachment-thumbnail size-thumbnail\" alt=\"\" \/><\/a>\n\t\t\t<\/dt><\/dl>\n\t\t\t<br style='clear: both' \/>\n\t\t<\/div>\n\n<p>VIDE\u00d3\/VIDEO<\/p>\n<p><iframe loading=\"lazy\" title=\"B\u00e1nfalvy St\u00fadi\u00f3 - Elvis, Olt\u00e1r, Miami\" width=\"720\" height=\"405\" src=\"https:\/\/www.youtube.com\/embed\/7DMQx5xZ61I?feature=oembed\" frameborder=\"0\" allow=\"accelerometer; autoplay; clipboard-write; encrypted-media; gyroscope; picture-in-picture; web-share\" allowfullscreen><\/iframe><\/p>\n<p><i class=\"fas fa-link\"><\/i> <a href=\"https:\/\/banfalvy.com\/eloadasok\/elvis-oltar-miami\/\">https:\/\/banfalvy.com\/eloadasok\/elvis-oltar-miami\/<\/a><br \/>\n<i class=\"fab fa-facebook-square\"><\/i> <a href=\"https:\/\/www.facebook.com\/BanfalvyAgi\/\">https:\/\/www.facebook.com\/BanfalvyAgi\/<\/a><br \/>\n<i class=\"fab fa-instagram\"><\/i> <a href=\"https:\/\/www.instagram.com\/banfalvystudio\/\">https:\/\/www.instagram.com\/banfalvystudio\/<\/a><br \/>\n<i class=\"fab fa-youtube\"><\/i> <a href=\"https:\/\/www.youtube.com\/channel\/UC7rHdP97RZr1AlWYrA2USxw\/\">https:\/\/www.youtube.com\/channel\/UC7rHdP97RZr1AlWYrA2USxw\/<\/a><\/p>\n","protected":false},"excerpt":{"rendered":"<p>ponedeljek, 11. september, ob 19.00 | Lendvai Sz\u00ednh\u00e1z- \u00e9s Hangversenyterem komedija v mad\u017earskem jeziku Cena vstopnice: 17 \u20ac, \u0161tudentje in upokojenci: 13 \u20ac | Vstopnice se dobijo na na blagajni GKD Lendava pred predstavo. Dodatne informacije: +386 (0)2 577 6660 (Center B\u00e1nffy, Lendava) Organizator: MNMI Lendva \u2013 ZKMN Lendava Opis v mad\u017earskem jeziku: B\u00e1nfalvy St\u00fadi\u00f3 [&hellip;]<\/p>\n","protected":false},"author":2,"featured_media":13895,"parent":0,"menu_order":0,"comment_status":"closed","ping_status":"closed","template":"","meta":{"footnotes":""},"class_list":["post-14341","page","type-page","status-publish","has-post-thumbnail","hentry","post","post-with-thumbnail","post-with-thumbnail-icon"],"_links":{"self":[{"href":"https:\/\/www1.kkl.si\/sl\/wp-json\/wp\/v2\/pages\/14341","targetHints":{"allow":["GET"]}}],"collection":[{"href":"https:\/\/www1.kkl.si\/sl\/wp-json\/wp\/v2\/pages"}],"about":[{"href":"https:\/\/www1.kkl.si\/sl\/wp-json\/wp\/v2\/types\/page"}],"author":[{"embeddable":true,"href":"https:\/\/www1.kkl.si\/sl\/wp-json\/wp\/v2\/users\/2"}],"replies":[{"embeddable":true,"href":"https:\/\/www1.kkl.si\/sl\/wp-json\/wp\/v2\/comments?post=14341"}],"version-history":[{"count":6,"href":"https:\/\/www1.kkl.si\/sl\/wp-json\/wp\/v2\/pages\/14341\/revisions"}],"predecessor-version":[{"id":14535,"href":"https:\/\/www1.kkl.si\/sl\/wp-json\/wp\/v2\/pages\/14341\/revisions\/14535"}],"wp:featuredmedia":[{"embeddable":true,"href":"https:\/\/www1.kkl.si\/sl\/wp-json\/wp\/v2\/media\/13895"}],"wp:attachment":[{"href":"https:\/\/www1.kkl.si\/sl\/wp-json\/wp\/v2\/media?parent=14341"}],"curies":[{"name":"wp","href":"https:\/\/api.w.org\/{rel}","templated":true}]}}