{"id":14548,"date":"2023-09-25T18:15:34","date_gmt":"2023-09-25T16:15:34","guid":{"rendered":"https:\/\/www1.kkl.si\/?page_id=14548"},"modified":"2023-11-28T10:20:03","modified_gmt":"2023-11-28T09:20:03","slug":"spored-2023-10","status":"publish","type":"page","link":"https:\/\/www1.kkl.si\/sl\/spored-2023-10\/","title":{"rendered":"SPORED: oktober 2023"},"content":{"rendered":"<p><strong>Leto 2023:<\/strong> <a href=\"https:\/\/www1.kkl.si\/sl\/spored-2023-01\/\">januar<\/a> | <a href=\"https:\/\/www1.kkl.si\/sl\/spored-2023-02\/\">februar<\/a> | <a href=\"https:\/\/www1.kkl.si\/sl\/spored-2023-03\/\">marec<\/a> | <a href=\"https:\/\/www1.kkl.si\/sl\/spored-2023-04\/\">april<\/a> | <a href=\"https:\/\/www1.kkl.si\/sl\/spored-2023-05\/\">maj<\/a> | <a href=\"https:\/\/www1.kkl.si\/sl\/spored-2023-06\/\">junij<\/a> | <a href=\"https:\/\/www1.kkl.si\/sl\/spored-2023-07\/\">julij<\/a> | <a href=\"https:\/\/www1.kkl.si\/sl\/spored-2023-08\/\">avgust <\/a>| <a href=\"https:\/\/www1.kkl.si\/sl\/spored-2023-09\/\">september<\/a> | <a href=\"https:\/\/www1.kkl.si\/sl\/spored-2023-10\/\">oktober<\/a> | <a href=\"https:\/\/www1.kkl.si\/sl\/spored-2023-11\/\">november<\/a> | <a href=\"https:\/\/www1.kkl.si\/sl\/spored-2023-12\/\">december<\/a> | <a href=\"https:\/\/www1.kkl.si\/sl\/arhiv-sporeda\/\">ARHIV<\/a><\/p>\n<table id=\"spored-legenda\" cellspacing=\"0\" cellpadding=\"5\">\n<tbody>\n<tr>\n<td><strong>LEGENDA<br \/>\nSIMBOLOV<\/strong><\/td>\n<td style=\"vertical-align: middle;\"><img loading=\"lazy\" decoding=\"async\" title=\"Slovenski abonma\" src=\"https:\/\/www1.kkl.si\/wp-content\/uploads\/2020\/07\/spored_simb_abonma_si-1.svg\" alt=\"abonma_si\" width=\"30\" height=\"30\" \/><\/td>\n<td>Slovenski<br \/>\nabonma<\/td>\n<td style=\"vertical-align: middle;\"><img loading=\"lazy\" decoding=\"async\" title=\"Mad\u017earski abonma\" src=\"https:\/\/www1.kkl.si\/wp-content\/uploads\/2020\/07\/spored_simb_abonma_hu-1.svg\" alt=\"abonma_hu\" width=\"30\" height=\"30\" \/><\/td>\n<td>Mad\u017earski<br \/>\nabonma<\/td>\n<td style=\"vertical-align: middle;\"><img loading=\"lazy\" decoding=\"async\" title=\"Zaklju\u010dena prireditev\" src=\"https:\/\/www1.kkl.si\/wp-content\/uploads\/2020\/07\/spored_simb_zakljucena-1.svg\" alt=\"zakljucena\" width=\"30\" height=\"30\" \/><\/td>\n<td>Zaklju\u010dena<br \/>\nprireditev<\/td>\n<td style=\"vertical-align: middle;\"><img loading=\"lazy\" decoding=\"async\" title=\"Brezpla\u010dna prireditev\" src=\"https:\/\/www1.kkl.si\/wp-content\/uploads\/2020\/07\/spored_simb_brezplacna-1.svg\" alt=\"brezplacna\" width=\"30\" height=\"30\" \/><\/td>\n<td>Brezpla\u010dna<br \/>\nprireditev<\/td>\n<td style=\"vertical-align: middle;\"><img loading=\"lazy\" decoding=\"async\" title=\"Pla\u010dljiva prireditev\" src=\"https:\/\/www1.kkl.si\/wp-content\/uploads\/2020\/07\/spored_simb_placljiva-1.svg\" alt=\"placljiva\" width=\"30\" height=\"30\" \/><\/td>\n<td>Pla\u010dljiva<br \/>\nprireditev<\/td>\n<td style=\"vertical-align: middle;\"><img loading=\"lazy\" decoding=\"async\" title=\"Novost, sprememba\" src=\"https:\/\/www1.kkl.si\/wp-content\/uploads\/2020\/07\/spored_simb_novost-1.svg\" alt=\"novost\" width=\"30\" height=\"30\" \/><\/td>\n<td>Novost,<br \/>\nsprememba<\/td>\n<\/tr>\n<\/tbody>\n<\/table>\n<table id=\"sporedtabela\" class=\"tablesorter\" style=\"width: 100%;\">\n<thead>\n<tr style=\"height: 24px;\">\n<th style=\"text-align: center; width: 7.41895%; height: 24px;\">DAN<\/th>\n<th class=\"sortless\" style=\"text-align: left; width: 92.0823%; height: 24px;\">PRIREDITEV<\/th>\n<\/tr>\n<\/thead>\n<tbody>\n<tr>\n<td style=\"width: 7.41895%;\">\n<p style=\"text-align: center;\"><span style=\"font-size: 24pt;\"><strong>3.<br \/>\n<\/strong><\/span><\/p>\n<p style=\"text-align: center;\">torek<\/p>\n<\/td>\n<td style=\"width: 92.0823%;\">\n<p>Preddverje Gledali\u0161ke in koncertne dvorane Lendava<a href=\"https:\/\/www1.kkl.si\/wp-content\/uploads\/2023\/09\/plakat_3d_cebela_2023_CDLendava_splet.jpg\" data-lbwps-width=\"2149\" data-lbwps-height=\"3000\" data-lbwps-srcsmall=\"https:\/\/www1.kkl.si\/wp-content\/uploads\/2023\/09\/plakat_3d_cebela_2023_CDLendava_splet.jpg\"><img loading=\"lazy\" decoding=\"async\" class=\"slika alignright wp-image-14617 size-thumbnail\" src=\"https:\/\/www1.kkl.si\/wp-content\/uploads\/2023\/09\/plakat_3d_cebela_2023_CDLendava_splet-scaled-150x150.jpg\" alt=\"\" width=\"150\" height=\"150\" \/><\/a><img loading=\"lazy\" decoding=\"async\" class=\"alignright\" title=\"Brezpla\u010dna prireditev\" src=\"https:\/\/www1.kkl.si\/wp-content\/uploads\/2020\/07\/spored_simb_brezplacna-1.svg\" alt=\"brezplacna\" width=\"30\" height=\"30\" \/><br \/>\n<strong>razstava<\/strong><\/p>\n<p><a href=\"https:\/\/www1.kkl.si\/sl\/razstava-3d-cebela\/\"><span style=\"font-size: 24pt;\"><strong>3D \u010debela<\/strong><\/span><\/a><\/p>\n<p>JAVNA PREDSTAVITEV: v <strong>sredo, 4. 10. 2023, ob 18.00 uri<\/strong> v predprostoru GKD Lendava<\/p>\n<p><em>Razstava bo na ogled od 3. oktobra do 2. novembra 2023 v delovnem \u010dasu KKC Lendava.<br \/>\n<\/em><\/p>\n<p><span style=\"font-size: 10pt;\">Organizator: <a href=\"https:\/\/www.cdlendava.si\/\">\u010cebelarsko dru\u0161tvo Lendava<\/a> in <a href=\"https:\/\/www.kkl.si\/\">Knji\u017enica \u2013 Kulturni center Lendava \u2013 Lendvai K\u00f6nyvt\u00e1r \u00e9s Kultur\u00e1lis K\u00f6zpont<\/a><\/span><\/p>\n<\/td>\n<\/tr>\n<tr>\n<td style=\"width: 7.41895%;\">\n<p style=\"text-align: center;\"><strong><span style=\"font-size: 24pt;\">3.<\/span><br \/>\n<\/strong><\/p>\n<p style=\"text-align: center;\">torek<\/p>\n<\/td>\n<td style=\"width: 92.0823%;\">\n<p><i class=\"fas fa-clock\"><\/i> <strong>17.00<\/strong> | Gledali\u0161ka in koncertna dvorana Lendava<a href=\"https:\/\/www1.kkl.si\/wp-content\/uploads\/2023\/09\/plakat_B2_FRU-FRU_Pikec_Jezek_2023_DVOJ.jpg\" data-lbwps-width=\"1786\" data-lbwps-height=\"2500\" data-lbwps-srcsmall=\"https:\/\/www1.kkl.si\/wp-content\/uploads\/2023\/09\/plakat_B2_FRU-FRU_Pikec_Jezek_2023_DVOJ-286x400.jpg\"><img loading=\"lazy\" decoding=\"async\" class=\"slika alignright wp-image-14549 size-thumbnail\" src=\"https:\/\/www1.kkl.si\/wp-content\/uploads\/2023\/09\/plakat_B2_FRU-FRU_Pikec_Jezek_2023_DVOJ-150x150.jpg\" alt=\"\" width=\"150\" height=\"150\" \/><\/a><img loading=\"lazy\" decoding=\"async\" class=\"alignright\" title=\"Pla\u010dljiva prireditev\" src=\"https:\/\/www1.kkl.si\/wp-content\/uploads\/2020\/07\/spored_simb_placljiva-1.svg\" alt=\"placljiva\" width=\"30\" height=\"30\" \/><br \/>\n<strong>lutkovna predstava <span class=\"starost\">4+<\/span><\/strong><\/p>\n<p>Lutkovno gledali\u0161\u010de FRU-FRU<\/p>\n<p><a href=\"https:\/\/www1.kkl.si\/sl\/lutkovno-gledalisce-fru-fru-pikec-jezek-in-gasilko-jez\/\"><span style=\"font-size: 24pt;\"><strong>Pikec Je\u017eek in gasilko Je\u017e<\/strong><\/span><\/a><\/p>\n<p><i class=\"fas fa-ticket-alt\"><\/i> Cena vstopnice: <strong>3 \u20ac<\/strong><\/p>\n<p><span style=\"font-size: 10pt;\">Organizator: <a href=\"https:\/\/www.kkl.si\/\">Knji\u017enica \u2013 Kulturni center Lendava \u2013 Lendvai K\u00f6nyvt\u00e1r \u00e9s Kultur\u00e1lis K\u00f6zpont<\/a><\/span><\/p>\n<\/td>\n<\/tr>\n<tr>\n<td style=\"width: 7.41895%;\">\n<p style=\"text-align: center;\"><strong><span style=\"font-size: 24pt;\">5.<\/span><br \/>\n<\/strong><\/p>\n<p style=\"text-align: center;\">\u010detrtek<\/p>\n<\/td>\n<td style=\"width: 92.0823%;\">\n<p><i class=\"fas fa-clock\"><\/i> <strong>19.00<\/strong> | Gledali\u0161ka in koncertna dvorana Lendava<a href=\"https:\/\/www1.kkl.si\/wp-content\/uploads\/2023\/09\/Vabilo-Polka-je-ukazana-2023.jpg\" data-lbwps-width=\"1414\" data-lbwps-height=\"1999\" data-lbwps-srcsmall=\"https:\/\/www1.kkl.si\/wp-content\/uploads\/2023\/09\/Vabilo-Polka-je-ukazana-2023-283x400.jpg\"><img loading=\"lazy\" decoding=\"async\" class=\"slika alignright wp-image-14725 size-thumbnail\" src=\"https:\/\/www1.kkl.si\/wp-content\/uploads\/2023\/09\/Vabilo-Polka-je-ukazana-2023-150x150.jpg\" alt=\"\" width=\"150\" height=\"150\" \/><\/a><img loading=\"lazy\" decoding=\"async\" class=\"alignright\" title=\"Brezpla\u010dna prireditev\" src=\"https:\/\/www1.kkl.si\/wp-content\/uploads\/2020\/07\/spored_simb_brezplacna-1.svg\" alt=\"brezplacna\" width=\"30\" height=\"30\" \/><br \/>\n<strong>folklorni ve\u010der<br \/>\n<\/strong><\/p>\n<p><a href=\"https:\/\/www1.kkl.si\/sl\/vabilo-na-folklorni-vecer-polka-je-ukazana\/\"><strong><span style=\"font-size: 24pt;\">Polka je ukazana \u2013 v spomin na Mirka Ramov\u0161a<\/span><\/strong><\/a><\/p>\n<p>Nastopili bodo:<br \/>\nFolklorna skupina \u0161ole in vrtca Mi\u0161ka Kranjca Velika Polana, Folklorno dru\u0161tvo Lancova vas, Folklorna skupina KD Marko Beltinci, Folklorna skupina Zveze Slovencev na Mad\u017earskem Sakalovci, Folklorna skupina KD Mi\u0161ka Kranjca Velika Polana, Folklorna skupina KUD Beltinci, Akademska folklorna skupina France Marolt, Folklorno dru\u0161tvo Prekmurje Lendava<\/p>\n<p><span style=\"font-size: 10pt;\">Organizator:\u00a0<a href=\"https:\/\/www.jskd.si\/\">JSKD \u2013 Obmo\u010dna izpostava Lendava<\/a><\/span><\/p>\n<\/td>\n<\/tr>\n<tr>\n<td style=\"width: 7.41895%;\">\n<p style=\"text-align: center;\"><strong><span style=\"font-size: 24pt;\">6.<\/span><br \/>\n<\/strong><\/p>\n<p style=\"text-align: center;\">petek<\/p>\n<\/td>\n<td style=\"width: 92.0823%;\">\n<p><i class=\"fas fa-clock\"><\/i> <strong>19.00<\/strong> | Gledali\u0161ka in koncertna dvorana Lendava<a href=\"https:\/\/www1.kkl.si\/wp-content\/uploads\/2023\/09\/UDVARI_KAMARA_SZINH_vilag_es_vege-1.jpg\" data-lbwps-width=\"1500\" data-lbwps-height=\"2100\" data-lbwps-srcsmall=\"https:\/\/www1.kkl.si\/wp-content\/uploads\/2023\/09\/UDVARI_KAMARA_SZINH_vilag_es_vege-1-286x400.jpg\"><img loading=\"lazy\" decoding=\"async\" class=\"slika alignright wp-image-14607 size-thumbnail\" src=\"https:\/\/www1.kkl.si\/wp-content\/uploads\/2023\/09\/UDVARI_KAMARA_SZINH_vilag_es_vege-1-150x150.jpg\" alt=\"\" width=\"150\" height=\"150\" \/><\/a><img loading=\"lazy\" decoding=\"async\" class=\"alignright\" title=\"Brezpla\u010dna prireditev\" src=\"https:\/\/www1.kkl.si\/wp-content\/uploads\/2020\/07\/spored_simb_brezplacna-1.svg\" alt=\"brezplacna\" width=\"30\" height=\"30\" \/><img loading=\"lazy\" decoding=\"async\" class=\"alignright\" title=\"Mad\u017earski abonma\" src=\"https:\/\/www1.kkl.si\/wp-content\/uploads\/2020\/07\/spored_simb_abonma_hu-1.svg\" alt=\"abonma_hu\" width=\"30\" height=\"30\" \/><br \/>\n<strong>glasbeno-zgodovinska drama v mad\u017earskem jeziku<br \/>\n<\/strong><\/p>\n<p>UDVARI KAMARASZ\u00cdNH\u00c1Z | po delu Albert Wassa napisal Attila Andr\u00e1si\u00a0<br \/>\nv glavni vlogi Peter Pal (Lendava)<\/p>\n<p><a href=\"https:\/\/www1.kkl.si\/sl\/udvari-kamaraszinhaz-a-vilag-es-a-vege-koponyegek-forgataga\/\"><span style=\"font-size: 24pt;\"><strong>A vil\u00e1g \u00e9s a v\u00e9ge \u2013 K\u00f6p\u00f6nyegek forgataga<\/strong><\/span><\/a><\/p>\n<blockquote>\n<p><i class=\"fas fa-info-circle\"><\/i> Brezpla\u010dna predstava za vse obiskovalce gledali\u0161ke dvorane!<br \/>\n<strong>Brezpla\u010dne vstopnice<\/strong> se dobijo v Centru B\u00e1nffy (Glavna ulica 32) v Lendavi. <i class=\"fas fa-phone-alt\"><\/i> Telefon: (0)2 577 6660<\/p>\n<\/blockquote>\n<p><span style=\"font-size: 10pt;\">Organizator: <a href=\"https:\/\/www.mnmi-zkmn.si\/\">MNMI Lendva \u2013 ZKMN Lendava<\/a><\/span><\/p>\n<\/td>\n<\/tr>\n<tr>\n<td style=\"width: 7.41895%;\">\n<p style=\"text-align: center;\"><span style=\"font-size: 24pt;\"><strong>14.<br \/>\n<\/strong><\/span><\/p>\n<p style=\"text-align: center;\">sobota<\/p>\n<\/td>\n<td style=\"width: 92.0823%;\">\n<p><i class=\"fas fa-clock\"><\/i> <strong>19.00<\/strong> | Gledali\u0161ka in koncertna dvorana Lendava<a href=\"https:\/\/www1.kkl.si\/wp-content\/uploads\/2023\/10\/PortuLesszEL.jpg\" data-lbwps-width=\"1038\" data-lbwps-height=\"1476\" data-lbwps-srcsmall=\"https:\/\/www1.kkl.si\/wp-content\/uploads\/2023\/10\/PortuLesszEL-281x400.jpg\"><img loading=\"lazy\" decoding=\"async\" class=\"slika alignright wp-image-14733 size-thumbnail\" src=\"https:\/\/www1.kkl.si\/wp-content\/uploads\/2023\/10\/PortuLesszEL-e1696525368473-150x150.jpg\" alt=\"\" width=\"150\" height=\"150\" \/><\/a><img loading=\"lazy\" decoding=\"async\" class=\"alignright\" title=\"Pla\u010dljiva prireditev\" src=\"https:\/\/www1.kkl.si\/wp-content\/uploads\/2020\/07\/spored_simb_placljiva-1.svg\" alt=\"placljiva\" width=\"30\" height=\"30\" \/><br \/>\n<strong>gledali\u0161ka predstava v mad\u017earskem jeziku <span class=\"starost\">14+<\/span><\/strong><\/p>\n<p>LESZSZ T\u00c1RSULAT | <span dir=\"auto\">Egressy Zolt\u00e1n:<\/span><\/p>\n<p><a href=\"https:\/\/www1.kkl.si\/sl\/leszsz-tarsulat-egressy-zoltan-portugal\/\"><span style=\"font-size: 24pt;\"><strong>Portug\u00e1l<\/strong><\/span><\/a><\/p>\n<p><i class=\"fas fa-ticket-alt\"><\/i> Vstopnina: <strong>8 \u20ac, <\/strong>dijaki in \u0161tudentje <strong>5 \u20ac<\/strong>.<strong><br \/>\n<\/strong>Vstopnice se dobijo v Centru B\u00e1nffy (Glavna ulica 32) v Lendavi. <i class=\"fas fa-phone-alt\"><\/i> +386 (0)2 577 6660 <strong><br \/>\n<\/strong><\/p>\n<p><span style=\"font-size: 10pt;\">Szervez\u0151: <a href=\"https:\/\/www.mnmi-zkmn.si\/\">MNMI Lendva \u2013 ZKMN Lendava<\/a><\/span><\/p>\n<\/td>\n<\/tr>\n<tr>\n<td style=\"width: 7.41895%;\">\n<p style=\"text-align: center;\"><strong><span style=\"font-size: 24pt;\">16.<\/span><br \/>\n<\/strong><\/p>\n<p style=\"text-align: center;\">ponedeljek<\/p>\n<\/td>\n<td style=\"width: 92.0823%;\">\n<p><i class=\"fas fa-clock\"><\/i> <strong>19.00<\/strong> | Gledali\u0161ka in koncertna dvorana Lendava<a href=\"https:\/\/www1.kkl.si\/wp-content\/uploads\/2023\/08\/plakat_Abonma2023-2024_web.jpg\" data-lbwps-width=\"2100\" data-lbwps-height=\"3000\" data-lbwps-srcsmall=\"https:\/\/www1.kkl.si\/wp-content\/uploads\/2023\/08\/plakat_Abonma2023-2024_web.jpg\"><img loading=\"lazy\" decoding=\"async\" class=\"slika alignright wp-image-13733 size-thumbnail\" src=\"https:\/\/www1.kkl.si\/wp-content\/uploads\/2023\/08\/plakat_Abonma2023-2024_web-scaled-150x150.jpg\" alt=\"\" width=\"150\" height=\"150\" \/><\/a><img loading=\"lazy\" decoding=\"async\" class=\"alignright\" title=\"Pla\u010dljiva prireditev\" src=\"https:\/\/www1.kkl.si\/wp-content\/uploads\/2020\/07\/spored_simb_placljiva-1.svg\" alt=\"placljiva\" width=\"30\" height=\"30\" \/><img loading=\"lazy\" decoding=\"async\" class=\"alignright\" title=\"Slovenski abonma\" src=\"https:\/\/www1.kkl.si\/wp-content\/uploads\/2020\/07\/spored_simb_abonma_si-1.svg\" alt=\"abonma_si\" width=\"30\" height=\"30\" \/><br \/>\n<strong>drama<\/strong><\/p>\n<p>SNG Drama Maribor:<\/p>\n<p><a href=\"https:\/\/www1.kkl.si\/sl\/sng-drama-maribor-ne-ti-meni-alice-once-again\/\"><strong><span style=\"font-size: 24pt;\">Ne ti meni Alice (Once again)<\/span><\/strong><\/a><\/p>\n<p><i class=\"fas fa-ticket-alt\"><\/i> Cena vstopnice: v predprodaji: <strong>15 \u20ac<\/strong>, na dan predstave: <strong>18 \u20ac<\/strong><strong><br \/>\n<\/strong><i class=\"fas fa-phone-alt\"><\/i> +386 (0)2 577 60 24 (blagajna GKD Lendava)<\/p>\n<p><i class=\"fas fa-link\"><\/i> <a href=\"https:\/\/www1.kkl.si\/sl\/slovenski-gledaliski-abonma-v-sezoni-2023-2024\/\">Slovenski abonma 2023\/24<\/a><\/p>\n<p><span style=\"font-size: 10pt;\">Organizator: <a href=\"https:\/\/www.kkl.si\/\">Knji\u017enica \u2013 Kulturni center Lendava \u2013 Lendvai K\u00f6nyvt\u00e1r \u00e9s Kultur\u00e1lis K\u00f6zpont<\/a><\/span><\/p>\n<\/td>\n<\/tr>\n<tr>\n<td style=\"width: 7.41895%;\">\n<p style=\"text-align: center;\"><strong><span style=\"font-size: 24pt;\">20.<\/span><br \/>\n<\/strong><\/p>\n<p style=\"text-align: center;\">petek<\/p>\n<\/td>\n<td style=\"width: 92.0823%;\">\n<p><i class=\"fas fa-clock\"><\/i> <strong>18.00<\/strong> | Gledali\u0161ka in koncertna dvorana Lendava <a href=\"https:\/\/www1.kkl.si\/wp-content\/uploads\/2023\/10\/hettorony_2023_A2_lendva_Makovecz_plakat_jav.jpg\" data-lbwps-width=\"2121\" data-lbwps-height=\"3000\" data-lbwps-srcsmall=\"https:\/\/www1.kkl.si\/wp-content\/uploads\/2023\/10\/hettorony_2023_A2_lendva_Makovecz_plakat_jav.jpg\"><img loading=\"lazy\" decoding=\"async\" class=\"slika alignright wp-image-14793 size-thumbnail\" src=\"https:\/\/www1.kkl.si\/wp-content\/uploads\/2023\/10\/hettorony_2023_A2_lendva_Makovecz_plakat_jav-scaled-e1697480334115-150x150.jpg\" alt=\"\" width=\"150\" height=\"150\" \/><\/a><img loading=\"lazy\" decoding=\"async\" class=\"alignright\" title=\"Brezpla\u010dna prireditev\" src=\"https:\/\/www1.kkl.si\/wp-content\/uploads\/2020\/07\/spored_simb_brezplacna-1.svg\" alt=\"brezplacna\" width=\"30\" height=\"30\" \/><br \/>\n<strong>kulturna prireditev, razstava, koncert<br \/>\n<\/strong><\/p>\n<div class=\"spored-vsebina\">Prireditev v spomin na arhitekta Imreta Makovcza<br \/>\nGlasbena hi\u0161a Fon\u00f3 iz Budimpe\u0161te predstavlja:<\/div>\n<p><a href=\"https:\/\/www1.kkl.si\/sl\/hettorony-fesztival-2023-festival-sedmih-stolpov\/\"><span style=\"font-size: 24pt;\"><strong>H\u00e9ttorony Fesztiv\u00e1l 2023 (Festival sedmih stolpov)<\/strong><\/span><\/a><\/p>\n<p>PROGRAM:<\/p>\n<p><strong>18.00<\/strong> \u2013 Postavitev potujo\u010dega stolpa Makovecz<br \/>\n<strong>18.15<\/strong> \u2013 Koncert Branka B\u00e1sits in Szlobod\u00e1n Wertetics<\/p>\n<p><span style=\"font-size: 10pt;\">A rendezv\u00e9ny a MOL-\u00daj Eur\u00f3pa Alap\u00edtv\u00e1ny \u2013 Hat\u00e1rtalan ny\u00e1r 2023 programsorozat r\u00e9sze!<\/span><br \/>\n<span style=\"font-size: 10pt;\">Dogodek je del projekta MOL-Fundacija za novo Evropo \u2013 Poletje brez meja 2023!<\/span><\/p>\n<p><span style=\"font-size: 10pt;\">Organizator: <a href=\"http:\/\/www.hettoronyfesztival.hu\/kapcsolat\/\">Fon\u00f3 Budai Zeneh\u00e1z<\/a><\/span><\/p>\n<\/td>\n<\/tr>\n<tr>\n<td style=\"width: 7.41895%;\">\n<p style=\"text-align: center;\"><strong><span style=\"font-size: 24pt;\">26.<\/span><br \/>\n<\/strong><\/p>\n<p style=\"text-align: center;\">\u010detrtek<\/p>\n<\/td>\n<td style=\"width: 92.0823%;\">\n<p><i class=\"fas fa-clock\"><\/i> <strong>10.00<\/strong> | avla Gledali\u0161ka in koncertna dvorana Lendava<a href=\"https:\/\/www1.kkl.si\/wp-content\/uploads\/2023\/10\/plakat_27praznik_OL_B1.jpg\" data-lbwps-width=\"1750\" data-lbwps-height=\"2500\" data-lbwps-srcsmall=\"https:\/\/www1.kkl.si\/wp-content\/uploads\/2023\/10\/plakat_27praznik_OL_B1-280x400.jpg\"><img loading=\"lazy\" decoding=\"async\" class=\"slika alignright wp-image-14905 size-thumbnail\" src=\"https:\/\/www1.kkl.si\/wp-content\/uploads\/2023\/10\/plakat_27praznik_OL_B1-e1697814706547-150x150.jpg\" alt=\"\" width=\"150\" height=\"150\" \/><\/a><img loading=\"lazy\" decoding=\"async\" class=\"alignright\" title=\"Brezpla\u010dna prireditev\" src=\"https:\/\/www1.kkl.si\/wp-content\/uploads\/2020\/07\/spored_simb_brezplacna-1.svg\" alt=\"brezplacna\" width=\"30\" height=\"30\" \/><br \/>\n<strong>predstavitev knjige, razstava<br \/>\n<\/strong><\/p>\n<div>27. praznik Ob\u010dine Lendava in 120 let nogometa v Lendavi<\/div>\n<div><a href=\"https:\/\/www1.kkl.si\/sl\/vabilo-27-praznik-obcine-lendava-osrednja-slovesnost-s-podelitvijo-priznanj\/\"><strong><span style=\"font-size: 24pt;\">Predstavitev knjige 120 let nogometa v Lendavi in otvoritev istoimenske razstave<\/span><\/strong><\/a><\/div>\n<p><span style=\"font-size: 10pt;\">Organizator: <a href=\"https:\/\/www.lendava.si\/\">Ob\u010dina Lendava \u2013 Lendva K\u00f6zs\u00e9g<\/a> in <a href=\"https:\/\/www.kkl.si\/\">Knji\u017enica \u2013 Kulturni center Lendava \u2013 Lendvai K\u00f6nyvt\u00e1r \u00e9s Kultur\u00e1lis K\u00f6zpont<\/a><\/span><\/p>\n<\/td>\n<\/tr>\n<tr>\n<td style=\"width: 7.41895%;\">\n<p style=\"text-align: center;\"><strong><span style=\"font-size: 24pt;\">26.<\/span><br \/>\n<\/strong><\/p>\n<p style=\"text-align: center;\">\u010detrtek<\/p>\n<\/td>\n<td style=\"width: 92.0823%;\">\n<p><i class=\"fas fa-clock\"><\/i> <strong>19.00<\/strong> | Gledali\u0161ka in koncertna dvorana Lendava <a href=\"https:\/\/www1.kkl.si\/wp-content\/uploads\/2023\/10\/plakat_27praznik_OL_B1.jpg\" data-lbwps-width=\"1750\" data-lbwps-height=\"2500\" data-lbwps-srcsmall=\"https:\/\/www1.kkl.si\/wp-content\/uploads\/2023\/10\/plakat_27praznik_OL_B1-280x400.jpg\"><img loading=\"lazy\" decoding=\"async\" class=\"slika alignright wp-image-14905 size-thumbnail\" src=\"https:\/\/www1.kkl.si\/wp-content\/uploads\/2023\/10\/plakat_27praznik_OL_B1-e1697814706547-150x150.jpg\" alt=\"\" width=\"150\" height=\"150\" \/><\/a><img loading=\"lazy\" decoding=\"async\" class=\"alignright\" title=\"Brezpla\u010dna prireditev\" src=\"https:\/\/www1.kkl.si\/wp-content\/uploads\/2020\/07\/spored_simb_brezplacna-1.svg\" alt=\"brezplacna\" width=\"30\" height=\"30\" \/><br \/>\n<strong>slovesnost, kulturna prireditev<br \/>\n<\/strong><\/p>\n<div>27. praznik Ob\u010dine Lendava in 120 let nogometa v Lendavi<\/div>\n<div><a href=\"https:\/\/www1.kkl.si\/sl\/vabilo-27-praznik-obcine-lendava-osrednja-slovesnost-s-podelitvijo-priznanj\/\"><span style=\"font-size: 24pt;\"><strong>Osrednja slovesnost s podelitvijo ob\u010dinskih priznanj<\/strong><\/span><\/a><\/div>\n<p><span style=\"font-size: 10pt;\">Organizator: <a href=\"https:\/\/www.lendava.si\/\">Ob\u010dina Lendava \u2013 Lendva K\u00f6zs\u00e9g<\/a> in <a href=\"https:\/\/www.kkl.si\/\">Knji\u017enica \u2013 Kulturni center Lendava \u2013 Lendvai K\u00f6nyvt\u00e1r \u00e9s Kultur\u00e1lis K\u00f6zpont<\/a><\/span><\/p>\n<\/td>\n<\/tr>\n<tr>\n<td style=\"width: 7.41895%;\">\n<p style=\"text-align: center;\"><strong><span style=\"font-size: 24pt;\">28.<\/span><br \/>\n<\/strong><\/p>\n<p style=\"text-align: center;\">sobota<\/p>\n<\/td>\n<td style=\"width: 92.0823%;\">\n<p><i class=\"fas fa-clock\"><\/i> <strong>8.00\u201313.00<\/strong> | avla Gledali\u0161ke in koncertne dvorane Lendava<a href=\"https:\/\/www1.kkl.si\/wp-content\/uploads\/2023\/10\/PETOFI200_plakat.jpg\" data-lbwps-width=\"1748\" data-lbwps-height=\"2500\" data-lbwps-srcsmall=\"https:\/\/www1.kkl.si\/wp-content\/uploads\/2023\/10\/PETOFI200_plakat-280x400.jpg\"><img loading=\"lazy\" decoding=\"async\" class=\"slika alignright wp-image-14960 size-thumbnail\" src=\"https:\/\/www1.kkl.si\/wp-content\/uploads\/2023\/10\/PETOFI200_plakat-150x150.jpg\" alt=\"\" width=\"150\" height=\"150\" \/><\/a><img loading=\"lazy\" decoding=\"async\" class=\"alignright\" title=\"Brezpla\u010dna prireditev\" src=\"https:\/\/www1.kkl.si\/wp-content\/uploads\/2020\/07\/spored_simb_brezplacna-1.svg\" alt=\"brezplacna\" width=\"30\" height=\"30\" \/><br \/>\n<strong>razstava<br \/>\n<\/strong><\/p>\n<div><span style=\"font-size: 24pt;\"><a href=\"https:\/\/www1.kkl.si\/hu\/atropulok-hosszaban-hazamon-vandorkiallitas-petofi-sandor-szuletesenek-200-evforduloja-alkalmabol\/\"><strong>\u00bbPreletim svojo domovino.\u00ab<\/strong><\/a><\/span><\/div>\n<div>Potujo\u010da razstava ob 200. obletnici rojstva S\u00e1ndorja Pet\u0151fija<\/div>\n<div>\u00a0<\/div>\n<div>\n<blockquote>\n<p><img loading=\"lazy\" decoding=\"async\" class=\"alignleft size-thumbnail wp-image-1489\" src=\"https:\/\/www1.kkl.si\/wp-content\/uploads\/2020\/03\/obvestilo_200px-150x150.png\" alt=\"\" width=\"150\" height=\"150\" srcset=\"https:\/\/www1.kkl.si\/wp-content\/uploads\/2020\/03\/obvestilo_200px-150x150.png 150w, https:\/\/www1.kkl.si\/wp-content\/uploads\/2020\/03\/obvestilo_200px.png 200w\" sizes=\"auto, (max-width: 150px) 100vw, 150px\" \/>Sporo\u010damo vam, da bo potujo\u010da razstava \u00bbPreletim svojo domovino.\u00ab \u2013 Potujo\u010da razstava ob 200. obletnici rojstva S\u00e1ndorja Pet\u0151fija <strong>na ogled le pred zgradbo Gledali\u0161ke in koncertne dvorane<\/strong>. Razstave v avli ne bo.<\/p>\n<p>Hvala za razumevanje!<\/p>\n<\/blockquote>\n<\/div>\n<p><span style=\"font-size: 10pt;\">Organizator: <a href=\"https:\/\/ljubljana.mfa.gov.hu\/\">Veleposlani\u0161tvo Mad\u017earske v Sloveniji<\/a> in <a href=\"https:\/\/culture.hu\/sl\/ljubljana\">Lisztov In\u0161titut v Ljubljani<\/a><\/span><\/p>\n<\/td>\n<\/tr>\n<tr>\n<td style=\"width: 7.41895%;\">\n<p style=\"text-align: center;\"><span style=\"font-size: 24pt;\"><strong>30.<br \/>\n<\/strong><\/span><\/p>\n<p style=\"text-align: center;\">ponedeljek<\/p>\n<\/td>\n<td style=\"width: 92.0823%;\">\n<p><i class=\"fas fa-clock\"><\/i> <strong>20.00<\/strong> | Gledali\u0161ka in koncertna dvorana Lendava <a href=\"https:\/\/www1.kkl.si\/wp-content\/uploads\/2023\/10\/trubar23.jpg\" data-lbwps-width=\"3766\" data-lbwps-height=\"5360\" data-lbwps-srcsmall=\"https:\/\/www1.kkl.si\/wp-content\/uploads\/2023\/10\/trubar23.jpg\"><img loading=\"lazy\" decoding=\"async\" class=\"alignright size-thumbnail wp-image-14992\" src=\"https:\/\/www1.kkl.si\/wp-content\/uploads\/2023\/10\/trubar23-scaled-150x150.jpg\" alt=\"\" width=\"150\" height=\"150\" \/><\/a><img loading=\"lazy\" decoding=\"async\" class=\"alignright\" title=\"Zaklju\u010dena prireditev\" src=\"https:\/\/www1.kkl.si\/wp-content\/uploads\/2020\/07\/spored_simb_zakljucena-1.svg\" alt=\"zakljucena\" width=\"30\" height=\"30\" \/><br \/>\n<strong>slovesnost<\/strong><\/p>\n<p><a href=\"https:\/\/www1.kkl.si\/sl\/drzavna-proslava-ob-dnevu-reformacije\/\"><span style=\"font-size: 24pt;\"><strong>Dr\u017eavna proslava ob dnevu reformacije*<\/strong><\/span><\/a><\/p>\n<p><strong>Zaklju\u010dena prireditev.<\/strong> Gledali\u0161ka in koncertna dvorana Lendava bo ta dan zaprta za javnost, <span style=\"color: #ff0000;\">blagajna ne bo obratovala<\/span>. Hvala za razumevanje!<\/p>\n<blockquote>\n<p>Prireditev bo mogo\u010de v neposrednem prenosu spremljati\u00a0na <strong>I. programu Televizije in I. programu Radia Slovenija\u00a0ter\u00a0na <a href=\"https:\/\/www.rtvslo.si\/\">spletnem portalu RTV Slovenija<\/a><\/strong>.<\/p>\n<\/blockquote>\n<p><span style=\"font-size: 10pt;\">Organizator: <a href=\"https:\/\/www.gov.si\/drzavni-organi\/vladne-sluzbe\/protokol\/\">Protokol Vlade Republike Slovenije<\/a><\/span><\/p>\n<\/td>\n<\/tr>\n<\/tbody>\n<\/table>\n<p style=\"text-align: center;\"><span style=\"font-size: 10pt;\">Organizatorji si pridr\u017eujejo pravico do spremembe programa.<\/span><\/p>\n","protected":false},"excerpt":{"rendered":"<p>Leto 2023: januar | februar | marec | april | maj | junij | julij | avgust | september | oktober | november | december | ARHIV LEGENDA SIMBOLOV Slovenski abonma Mad\u017earski abonma Zaklju\u010dena prireditev Brezpla\u010dna prireditev Pla\u010dljiva prireditev Novost, sprememba DAN PRIREDITEV 3. torek Preddverje Gledali\u0161ke in koncertne dvorane Lendava razstava 3D \u010debela JAVNA [&hellip;]<\/p>\n","protected":false},"author":2,"featured_media":0,"parent":0,"menu_order":0,"comment_status":"closed","ping_status":"closed","template":"","meta":{"footnotes":""},"class_list":["post-14548","page","type-page","status-publish","hentry","post"],"_links":{"self":[{"href":"https:\/\/www1.kkl.si\/sl\/wp-json\/wp\/v2\/pages\/14548","targetHints":{"allow":["GET"]}}],"collection":[{"href":"https:\/\/www1.kkl.si\/sl\/wp-json\/wp\/v2\/pages"}],"about":[{"href":"https:\/\/www1.kkl.si\/sl\/wp-json\/wp\/v2\/types\/page"}],"author":[{"embeddable":true,"href":"https:\/\/www1.kkl.si\/sl\/wp-json\/wp\/v2\/users\/2"}],"replies":[{"embeddable":true,"href":"https:\/\/www1.kkl.si\/sl\/wp-json\/wp\/v2\/comments?post=14548"}],"version-history":[{"count":60,"href":"https:\/\/www1.kkl.si\/sl\/wp-json\/wp\/v2\/pages\/14548\/revisions"}],"predecessor-version":[{"id":15406,"href":"https:\/\/www1.kkl.si\/sl\/wp-json\/wp\/v2\/pages\/14548\/revisions\/15406"}],"wp:attachment":[{"href":"https:\/\/www1.kkl.si\/sl\/wp-json\/wp\/v2\/media?parent=14548"}],"curies":[{"name":"wp","href":"https:\/\/api.w.org\/{rel}","templated":true}]}}