{"id":14891,"date":"2023-10-19T14:47:33","date_gmt":"2023-10-19T12:47:33","guid":{"rendered":"https:\/\/www1.kkl.si\/?page_id=14891"},"modified":"2023-10-31T10:04:10","modified_gmt":"2023-10-31T09:04:10","slug":"slovensko-mladinsko-gledalisce-paloma","status":"publish","type":"page","link":"https:\/\/www1.kkl.si\/sl\/slovensko-mladinsko-gledalisce-paloma\/","title":{"rendered":"Slovensko mladinsko gledali\u0161\u010de: PALOMA"},"content":{"rendered":"<div class=\"opis\"><i class=\"fas fa-clock\"><\/i> <strong>\u010detrtek, 23. november 2023, 19.00<\/strong> | Gledali\u0161ka in koncertna dvorana Lendava<img loading=\"lazy\" decoding=\"async\" class=\"alignright\" title=\"Pla\u010dljiva prireditev\" src=\"https:\/\/www1.kkl.si\/wp-content\/uploads\/2020\/07\/spored_simb_placljiva-1.svg\" alt=\"placljiva\" width=\"30\" height=\"30\" \/><img loading=\"lazy\" decoding=\"async\" class=\"alignright\" title=\"Slovenski abonma\" src=\"https:\/\/www1.kkl.si\/wp-content\/uploads\/2020\/07\/spored_simb_abonma_si-1.svg\" alt=\"abonma_si\" width=\"30\" height=\"30\" \/><br \/>\n<i class=\"fas fa-chevron-circle-right\"><\/i> <strong>komedija<br \/>\n<\/strong><i class=\"fas fa-ticket-alt\"><\/i> Cena vstopnice: v predprodaji <strong>15 \u20ac<\/strong>, na dan predstave <strong>18 \u20ac<\/strong><br \/>\nVstopnico lahko kupite na blagajni GKD Lendava. <i class=\"fas fa-phone-alt\"><\/i> Telefon: (0)2 577 60 24<strong><br \/>\n<\/strong>Organizator: <a href=\"https:\/\/www.kkl.si\/\">Knji\u017enica \u2013 Kulturni center Lendava \u2013 Lendvai K\u00f6nyvt\u00e1r \u00e9s Kultur\u00e1lis K\u00f6zpont<\/a><\/div>\n<p><a href=\"https:\/\/www1.kkl.si\/wp-content\/uploads\/2023\/10\/plakat_ABONMA2023_Paloma_DVOJ.jpg\" data-lbwps-width=\"2100\" data-lbwps-height=\"3000\" data-lbwps-srcsmall=\"https:\/\/www1.kkl.si\/wp-content\/uploads\/2023\/10\/plakat_ABONMA2023_Paloma_DVOJ.jpg\"><img loading=\"lazy\" decoding=\"async\" class=\"slika alignright wp-image-14893 size-medium\" src=\"https:\/\/www1.kkl.si\/wp-content\/uploads\/2023\/10\/plakat_ABONMA2023_Paloma_DVOJ-scaled-280x400.jpg\" alt=\"\" width=\"280\" height=\"400\" srcset=\"https:\/\/www1.kkl.si\/wp-content\/uploads\/2023\/10\/plakat_ABONMA2023_Paloma_DVOJ-scaled-280x400.jpg 280w, https:\/\/www1.kkl.si\/wp-content\/uploads\/2023\/10\/plakat_ABONMA2023_Paloma_DVOJ-scaled-1050x1500.jpg 1050w, https:\/\/www1.kkl.si\/wp-content\/uploads\/2023\/10\/plakat_ABONMA2023_Paloma_DVOJ-scaled.jpg 1792w\" sizes=\"auto, (max-width: 280px) 100vw, 280px\" \/><\/a>Slovensko mladinsko gledali\u0161\u010de:<\/p>\n<p><strong><span style=\"font-size: 24pt;\">PALOMA<\/span><\/strong>, komedija<\/p>\n<p><strong>Re\u017eija:<\/strong> Brina Klampfer<br \/>\n<strong>Koprodukcija:<\/strong> Slovensko mladinsko gledali\u0161\u010de, AGRFT in dru\u0161tvo KUD Krik<br \/>\n<strong>Zasedba:<\/strong> Dario Varga, Romana \u0160alehar, Iztok Drabik Jug, Tamara Avgu\u0161tin, Stane Tomazin, Draga Poto\u010dnjak, Tadej \u010cau\u0161evi\u0107 \u2013 bobni, Liam Hlede \u2013 kitara, Marijan Sajovic &#8211; bas kitara<\/p>\n<p>Duhovita, grenko-sladka uprizoritev se naslanja na zgodbo o tovarni Paloma \u2013 Sladkogorska, ki je proizvajala higienski papir za vso nekdanjo Jugoslavijo in ki je pravzaprav razlog, da se je okoli nje razvilo naselje. Mlada ekipa ustvarjalcev se je lotila razmisleka o nostalgi\u010dnosti za socialisti\u010dnim obdobjem, za spominom, vpisanim v generacije, ki so ga okusile, in tiste, ki ga niso \u2013 ali predstava o nekdanjih \u00bbbolj\u0161ih\u00ab \u010dasih temelji na resni\u010dnosti ali je vse skupaj le utvara? Intimne zgodbe krajanov, iz katerih izhaja, pa hkrati odpirajo vrsto \u0161ir\u0161ih dru\u017ebenih tem: Kako so politi\u010dni projekti izgradnje krajev vplivali na \u017eivljenja ljudi? Kak\u0161na je v takem kontekstu usoda malega \u010dloveka? Kako s tem shajati danes?<\/p>\n\n\t\t<style type=\"text\/css\">\n\t\t\t#gallery-1 {\n\t\t\t\tmargin: auto;\n\t\t\t}\n\t\t\t#gallery-1 .gallery-item {\n\t\t\t\tfloat: left;\n\t\t\t\tmargin-top: 10px;\n\t\t\t\ttext-align: center;\n\t\t\t\twidth: 16%;\n\t\t\t}\n\t\t\t#gallery-1 img {\n\t\t\t\tborder: 2px solid #cfcfcf;\n\t\t\t}\n\t\t\t#gallery-1 .gallery-caption {\n\t\t\t\tmargin-left: 0;\n\t\t\t}\n\t\t\t\/* see gallery_shortcode() in wp-includes\/media.php *\/\n\t\t<\/style>\n\t\t<div id='gallery-1' class='gallery galleryid-14891 gallery-columns-6 gallery-size-thumbnail'><dl class='gallery-item'>\n\t\t\t<dt class='gallery-icon landscape'>\n\t\t\t\t<a href='https:\/\/www1.kkl.si\/wp-content\/uploads\/2023\/08\/paloma1.jpg'><img loading=\"lazy\" decoding=\"async\" width=\"150\" height=\"150\" src=\"https:\/\/www1.kkl.si\/wp-content\/uploads\/2023\/08\/paloma1-150x150.jpg\" class=\"attachment-thumbnail size-thumbnail\" alt=\"\" \/><\/a>\n\t\t\t<\/dt><\/dl><dl class='gallery-item'>\n\t\t\t<dt class='gallery-icon landscape'>\n\t\t\t\t<a href='https:\/\/www1.kkl.si\/wp-content\/uploads\/2023\/08\/paloma2.jpg'><img loading=\"lazy\" decoding=\"async\" width=\"150\" height=\"150\" src=\"https:\/\/www1.kkl.si\/wp-content\/uploads\/2023\/08\/paloma2-150x150.jpg\" class=\"attachment-thumbnail size-thumbnail\" alt=\"\" \/><\/a>\n\t\t\t<\/dt><\/dl><dl class='gallery-item'>\n\t\t\t<dt class='gallery-icon landscape'>\n\t\t\t\t<a href='https:\/\/www1.kkl.si\/wp-content\/uploads\/2023\/08\/paloma3.jpg'><img loading=\"lazy\" decoding=\"async\" width=\"150\" height=\"150\" src=\"https:\/\/www1.kkl.si\/wp-content\/uploads\/2023\/08\/paloma3-150x150.jpg\" class=\"attachment-thumbnail size-thumbnail\" alt=\"\" \/><\/a>\n\t\t\t<\/dt><\/dl><dl class='gallery-item'>\n\t\t\t<dt class='gallery-icon landscape'>\n\t\t\t\t<a href='https:\/\/www1.kkl.si\/wp-content\/uploads\/2023\/08\/paloma4.jpg'><img loading=\"lazy\" decoding=\"async\" width=\"150\" height=\"150\" src=\"https:\/\/www1.kkl.si\/wp-content\/uploads\/2023\/08\/paloma4-150x150.jpg\" class=\"attachment-thumbnail size-thumbnail\" alt=\"\" \/><\/a>\n\t\t\t<\/dt><\/dl><dl class='gallery-item'>\n\t\t\t<dt class='gallery-icon landscape'>\n\t\t\t\t<a href='https:\/\/www1.kkl.si\/wp-content\/uploads\/2023\/08\/paloma5.jpg'><img loading=\"lazy\" decoding=\"async\" width=\"150\" height=\"150\" src=\"https:\/\/www1.kkl.si\/wp-content\/uploads\/2023\/08\/paloma5-150x150.jpg\" class=\"attachment-thumbnail size-thumbnail\" alt=\"\" \/><\/a>\n\t\t\t<\/dt><\/dl><dl class='gallery-item'>\n\t\t\t<dt class='gallery-icon landscape'>\n\t\t\t\t<a href='https:\/\/www1.kkl.si\/wp-content\/uploads\/2023\/08\/paloma6.jpg'><img loading=\"lazy\" decoding=\"async\" width=\"150\" height=\"150\" src=\"https:\/\/www1.kkl.si\/wp-content\/uploads\/2023\/08\/paloma6-150x150.jpg\" class=\"attachment-thumbnail size-thumbnail\" alt=\"\" \/><\/a>\n\t\t\t<\/dt><\/dl><br style=\"clear: both\" \/>\n\t\t<\/div>\n\n<p>VIDEO:<\/p>\n<p><iframe loading=\"lazy\" src=\"\/\/www.youtube.com\/embed\/hBynJzIBRY0\" width=\"560\" height=\"314\" allowfullscreen=\"allowfullscreen\"><\/iframe><\/p>\n<p><i class=\"fas fa-link\"><\/i> <a href=\"https:\/\/mladinsko.com\/sl\/program\/97\/paloma\/\">https:\/\/mladinsko.com\/sl\/program\/97\/paloma\/<\/a><\/p>\n<hr \/>\n<p>KKCL Slovenski abonma 2023\/24<\/p>\n<p>Povezava: <a href=\"https:\/\/www1.kkl.si\/sl\/slovenski-abonma-2023-2024\/\">https:\/\/www1.kkl.si\/sl\/slovenski-abonma-2023-2024\/<\/a><\/p>\n<p><a href=\"https:\/\/www1.kkl.si\/sl\/slovenski-abonma-2023-2024\/\"><img loading=\"lazy\" decoding=\"async\" class=\"alignnone wp-image-13869 size-large\" src=\"https:\/\/www1.kkl.si\/wp-content\/uploads\/2023\/08\/2023_08_26_slo_abonma-1500x400.jpg\" alt=\"\" width=\"1500\" height=\"400\" srcset=\"https:\/\/www1.kkl.si\/wp-content\/uploads\/2023\/08\/2023_08_26_slo_abonma.jpg 1500w, https:\/\/www1.kkl.si\/wp-content\/uploads\/2023\/08\/2023_08_26_slo_abonma-400x107.jpg 400w\" sizes=\"auto, (max-width: 1500px) 100vw, 1500px\" \/><\/a><\/p>\n","protected":false},"excerpt":{"rendered":"<p>\u010detrtek, 23. november 2023, 19.00 | Gledali\u0161ka in koncertna dvorana Lendava komedija Cena vstopnice: v predprodaji 15 \u20ac, na dan predstave 18 \u20ac Vstopnico lahko kupite na blagajni GKD Lendava. Telefon: (0)2 577 60 24 Organizator: Knji\u017enica \u2013 Kulturni center Lendava \u2013 Lendvai K\u00f6nyvt\u00e1r \u00e9s Kultur\u00e1lis K\u00f6zpont Slovensko mladinsko gledali\u0161\u010de: PALOMA, komedija Re\u017eija: Brina Klampfer [&hellip;]<\/p>\n","protected":false},"author":2,"featured_media":14893,"parent":0,"menu_order":0,"comment_status":"closed","ping_status":"closed","template":"","meta":{"footnotes":""},"class_list":["post-14891","page","type-page","status-publish","has-post-thumbnail","hentry","post","post-with-thumbnail","post-with-thumbnail-icon"],"_links":{"self":[{"href":"https:\/\/www1.kkl.si\/sl\/wp-json\/wp\/v2\/pages\/14891","targetHints":{"allow":["GET"]}}],"collection":[{"href":"https:\/\/www1.kkl.si\/sl\/wp-json\/wp\/v2\/pages"}],"about":[{"href":"https:\/\/www1.kkl.si\/sl\/wp-json\/wp\/v2\/types\/page"}],"author":[{"embeddable":true,"href":"https:\/\/www1.kkl.si\/sl\/wp-json\/wp\/v2\/users\/2"}],"replies":[{"embeddable":true,"href":"https:\/\/www1.kkl.si\/sl\/wp-json\/wp\/v2\/comments?post=14891"}],"version-history":[{"count":4,"href":"https:\/\/www1.kkl.si\/sl\/wp-json\/wp\/v2\/pages\/14891\/revisions"}],"predecessor-version":[{"id":15086,"href":"https:\/\/www1.kkl.si\/sl\/wp-json\/wp\/v2\/pages\/14891\/revisions\/15086"}],"wp:featuredmedia":[{"embeddable":true,"href":"https:\/\/www1.kkl.si\/sl\/wp-json\/wp\/v2\/media\/14893"}],"wp:attachment":[{"href":"https:\/\/www1.kkl.si\/sl\/wp-json\/wp\/v2\/media?parent=14891"}],"curies":[{"name":"wp","href":"https:\/\/api.w.org\/{rel}","templated":true}]}}