{"id":15048,"date":"2023-10-30T19:11:01","date_gmt":"2023-10-30T18:11:01","guid":{"rendered":"https:\/\/www1.kkl.si\/?page_id=15048"},"modified":"2023-10-31T09:59:30","modified_gmt":"2023-10-31T08:59:30","slug":"mestno-gledalisce-ptuj-icankar","status":"publish","type":"page","link":"https:\/\/www1.kkl.si\/sl\/mestno-gledalisce-ptuj-icankar\/","title":{"rendered":"Mestno gledali\u0161\u010de Ptuj: iCANKAR"},"content":{"rendered":"<div class=\"opis\"><i class=\"fas fa-clock\"><\/i> <strong>ponedeljek, 13. november 2023<\/strong> | Gledali\u0161ka in koncertna dvorana Lendava<img loading=\"lazy\" decoding=\"async\" class=\"alignright\" title=\"Zaklju\u010dena prireditev\" src=\"https:\/\/www1.kkl.si\/wp-content\/uploads\/2020\/07\/spored_simb_zakljucena-1.svg\" alt=\"zakljucena\" width=\"30\" height=\"30\" \/><br \/>\n<i class=\"fas fa-chevron-circle-right\"><\/i> <strong>gledali\u0161ka predstava<\/strong><strong> | zaklju\u010dena predstava za \u0161ole<br \/>\n<\/strong>Organizator: <a href=\"https:\/\/www.kkl.si\/\">Knji\u017enica \u2013 Kulturni center Lendava \u2013 Lendvai K\u00f6nyvt\u00e1r \u00e9s Kultur\u00e1lis K\u00f6zpont<\/a><\/div>\n<p><a href=\"https:\/\/www1.kkl.si\/wp-content\/uploads\/2023\/10\/icankar01_naslovna.jpg\" data-lbwps-width=\"573\" data-lbwps-height=\"860\" data-lbwps-srcsmall=\"https:\/\/www1.kkl.si\/wp-content\/uploads\/2023\/10\/icankar01_naslovna-267x400.jpg\"><img loading=\"lazy\" decoding=\"async\" class=\"alignright wp-image-15049 size-medium\" src=\"https:\/\/www1.kkl.si\/wp-content\/uploads\/2023\/10\/icankar01_naslovna-267x400.jpg\" alt=\"\" width=\"267\" height=\"400\" srcset=\"https:\/\/www1.kkl.si\/wp-content\/uploads\/2023\/10\/icankar01_naslovna-267x400.jpg 267w, https:\/\/www1.kkl.si\/wp-content\/uploads\/2023\/10\/icankar01_naslovna.jpg 573w\" sizes=\"auto, (max-width: 267px) 100vw, 267px\" \/><\/a>iCANKAR<\/p>\n<p>Predstava je uvr\u0161\u010dena v Katalog kakovostnih gledali\u0161kih predstav in pedago\u0161kih programov za otroke in mladino po mnenju strokovne komisije Slovenskega gledali\u0161kega in\u0161tituta.<br \/>\nDetektivka za mlade, primerna za II. in III. VIO<\/p>\n<p><strong>Koprodukcija Mestnega gledali\u0161\u010da Ptuj, Zavoda Margareta Schwarzwald in Cankarjevega doma Ljubljana<\/strong><\/p>\n<p><em>Predstava traja 50 minut.<\/em><\/p>\n<p>Mladi po Cankarju dostikrat neradi se\u017eejo, saj ima pridih \u0161ole, s tem pa predznak dolgo\u010dasnosti. Tudi sicer je njegov jezik bogat s simboli in besedami, za katere si mora \u010dlovek vzeti \u010das. V \u010dasu, ko je termin zvezda zlorabljen do obisti, bomo mladim pokazali, kaj to resni\u010dno pomeni \u2013 Ivan Cankar je bil to \u017ee sto let nazaj. Iz njegovih pisem je razvidno, da je znal biti mil, rahlo\u010duten in duhovit, hkrati pa tudi piker, sarkasti\u010den in oster. Predvsem pa \u010dlovek akcije. In, kot se zvezdi priti\u010de, tudi \u017eenske so ga obo\u017eevale. To bo napeta zgodba (detektivka za mlade), sestavljena iz resni\u010dnih dogodkov njegovega \u017eivljenja in dogodkov, ki jih je spletla njegova domi\u0161ljija. V predstavi iCankar bodo gledalci pobli\u017eje spoznali pisatelja in prelomne dogodke iz njegovega \u017eivljenja. Cankarja, ki bi z lahkoto bil s svojimi idejami tudi tukaj in zdaj. Ti dogodki se bodo prepletali z nekaterimi njegovimi literarnimi zgodbami, ki bodo tvorile celoto. Cankar tako pride bli\u017ee, ne izgubi pa svoje skrivnostnosti in pomenskosti.<\/p>\n<p><span style=\"font-size: 24pt;\"><a href=\"https:\/\/www1.kkl.si\/wp-content\/uploads\/2023\/10\/icankar02.jpg\" data-lbwps-width=\"860\" data-lbwps-height=\"573\" data-lbwps-srcsmall=\"https:\/\/www1.kkl.si\/wp-content\/uploads\/2023\/10\/icankar02-400x267.jpg\"><img loading=\"lazy\" decoding=\"async\" class=\"alignright size-medium wp-image-15051\" src=\"https:\/\/www1.kkl.si\/wp-content\/uploads\/2023\/10\/icankar02-400x267.jpg\" alt=\"\" width=\"400\" height=\"267\" srcset=\"https:\/\/www1.kkl.si\/wp-content\/uploads\/2023\/10\/icankar02-400x267.jpg 400w, https:\/\/www1.kkl.si\/wp-content\/uploads\/2023\/10\/icankar02.jpg 860w\" sizes=\"auto, (max-width: 400px) 100vw, 400px\" \/><\/a>Zasedba<\/span><\/p>\n<p>Re\u017eiserka: <strong>Maru\u0161a Kink<\/strong><br \/>\nIgrajo: <strong>Nata\u0161a Keser\/Ma\u0161a Gro\u0161elj, Jure Kopu\u0161ar\/Vid Klemenc, Domen Vali\u010d<\/strong><\/p>\n<p>Scenografka in kostumografka: Tina Bon\u010da<br \/>\nAvtor glasbe: Kristijan Krajn\u010dan<br \/>\nLektor: Simon \u0160erbinek<br \/>\nOblikovalec svetlobe: Jaka Varmu\u017e, Simon Puhar<br \/>\nOblikovalec zvoka: Danijel Vogrinec<br \/>\nVideo in projekcija: Sandi \u017duran<\/p>\n<p>Tehni\u010dna ekipa:<br \/>\nLu\u010dni mojster: Simon Puhar<br \/>\nTonski mojster: Danijel Vogrinec<br \/>\nRekviziterka in garderoberka: Irena Me\u0161ko<br \/>\nOdrski mojster: Andrej Cizerl Kodri\u010d<br \/>\nTehni\u010dni delavec: Sandi \u017duran<\/p>\n\n\t\t<style type=\"text\/css\">\n\t\t\t#gallery-1 {\n\t\t\t\tmargin: auto;\n\t\t\t}\n\t\t\t#gallery-1 .gallery-item {\n\t\t\t\tfloat: left;\n\t\t\t\tmargin-top: 10px;\n\t\t\t\ttext-align: center;\n\t\t\t\twidth: 50%;\n\t\t\t}\n\t\t\t#gallery-1 img {\n\t\t\t\tborder: 2px solid #cfcfcf;\n\t\t\t}\n\t\t\t#gallery-1 .gallery-caption {\n\t\t\t\tmargin-left: 0;\n\t\t\t}\n\t\t\t\/* see gallery_shortcode() in wp-includes\/media.php *\/\n\t\t<\/style>\n\t\t<div id='gallery-1' class='gallery galleryid-15048 gallery-columns-2 gallery-size-medium'><dl class='gallery-item'>\n\t\t\t<dt class='gallery-icon landscape'>\n\t\t\t\t<a href='https:\/\/www1.kkl.si\/wp-content\/uploads\/2023\/10\/icankar03.jpg'><img loading=\"lazy\" decoding=\"async\" width=\"400\" height=\"267\" src=\"https:\/\/www1.kkl.si\/wp-content\/uploads\/2023\/10\/icankar03-400x267.jpg\" class=\"attachment-medium size-medium\" alt=\"\" srcset=\"https:\/\/www1.kkl.si\/wp-content\/uploads\/2023\/10\/icankar03-400x267.jpg 400w, https:\/\/www1.kkl.si\/wp-content\/uploads\/2023\/10\/icankar03.jpg 860w\" sizes=\"auto, (max-width: 400px) 100vw, 400px\" \/><\/a>\n\t\t\t<\/dt><\/dl><dl class='gallery-item'>\n\t\t\t<dt class='gallery-icon landscape'>\n\t\t\t\t<a href='https:\/\/www1.kkl.si\/wp-content\/uploads\/2023\/10\/icankar04.jpg'><img loading=\"lazy\" decoding=\"async\" width=\"400\" height=\"267\" src=\"https:\/\/www1.kkl.si\/wp-content\/uploads\/2023\/10\/icankar04-400x267.jpg\" class=\"attachment-medium size-medium\" alt=\"\" srcset=\"https:\/\/www1.kkl.si\/wp-content\/uploads\/2023\/10\/icankar04-400x267.jpg 400w, https:\/\/www1.kkl.si\/wp-content\/uploads\/2023\/10\/icankar04.jpg 860w\" sizes=\"auto, (max-width: 400px) 100vw, 400px\" \/><\/a>\n\t\t\t<\/dt><\/dl><br style=\"clear: both\" \/>\n\t\t<\/div>\n\n<p><i class=\"fas fa-link\"><\/i> <a href=\"https:\/\/www.mgp.si\/project\/icankar\/\">https:\/\/www.mgp.si\/project\/icankar\/<\/a><\/p>\n<p>Predstavo v Gledali\u0161ki in koncertni dvorani Lendava je podprlo <a href=\"https:\/\/www.gov.si\/drzavni-organi\/ministrstva\/ministrstvo-za-kulturo\/\">Ministrstvo za kulturo Republike Slovenije<\/a>.<\/p>\n","protected":false},"excerpt":{"rendered":"<p>ponedeljek, 13. november 2023 | Gledali\u0161ka in koncertna dvorana Lendava gledali\u0161ka predstava | zaklju\u010dena predstava za \u0161ole Organizator: Knji\u017enica \u2013 Kulturni center Lendava \u2013 Lendvai K\u00f6nyvt\u00e1r \u00e9s Kultur\u00e1lis K\u00f6zpont iCANKAR Predstava je uvr\u0161\u010dena v Katalog kakovostnih gledali\u0161kih predstav in pedago\u0161kih programov za otroke in mladino po mnenju strokovne komisije Slovenskega gledali\u0161kega in\u0161tituta. Detektivka za mlade, [&hellip;]<\/p>\n","protected":false},"author":2,"featured_media":15049,"parent":0,"menu_order":0,"comment_status":"closed","ping_status":"closed","template":"","meta":{"footnotes":""},"class_list":["post-15048","page","type-page","status-publish","has-post-thumbnail","hentry","post","post-with-thumbnail","post-with-thumbnail-icon"],"_links":{"self":[{"href":"https:\/\/www1.kkl.si\/sl\/wp-json\/wp\/v2\/pages\/15048","targetHints":{"allow":["GET"]}}],"collection":[{"href":"https:\/\/www1.kkl.si\/sl\/wp-json\/wp\/v2\/pages"}],"about":[{"href":"https:\/\/www1.kkl.si\/sl\/wp-json\/wp\/v2\/types\/page"}],"author":[{"embeddable":true,"href":"https:\/\/www1.kkl.si\/sl\/wp-json\/wp\/v2\/users\/2"}],"replies":[{"embeddable":true,"href":"https:\/\/www1.kkl.si\/sl\/wp-json\/wp\/v2\/comments?post=15048"}],"version-history":[{"count":8,"href":"https:\/\/www1.kkl.si\/sl\/wp-json\/wp\/v2\/pages\/15048\/revisions"}],"predecessor-version":[{"id":15079,"href":"https:\/\/www1.kkl.si\/sl\/wp-json\/wp\/v2\/pages\/15048\/revisions\/15079"}],"wp:featuredmedia":[{"embeddable":true,"href":"https:\/\/www1.kkl.si\/sl\/wp-json\/wp\/v2\/media\/15049"}],"wp:attachment":[{"href":"https:\/\/www1.kkl.si\/sl\/wp-json\/wp\/v2\/media?parent=15048"}],"curies":[{"name":"wp","href":"https:\/\/api.w.org\/{rel}","templated":true}]}}