{"id":15188,"date":"2023-11-15T08:15:01","date_gmt":"2023-11-15T07:15:01","guid":{"rendered":"https:\/\/www1.kkl.si\/?page_id=15188"},"modified":"2023-11-28T08:00:55","modified_gmt":"2023-11-28T07:00:55","slug":"pesti-muvesz-szinhaz-fogi-gyermekszinhaz-balint-agnes-az-elvarazsolt-egerkisasszony","status":"publish","type":"page","link":"https:\/\/www1.kkl.si\/sl\/pesti-muvesz-szinhaz-fogi-gyermekszinhaz-balint-agnes-az-elvarazsolt-egerkisasszony\/","title":{"rendered":"Pesti M\u0171v\u00e9sz Sz\u00ednh\u00e1z \u2013 FOGI GYERMEKSZ\u00cdNH\u00c1Z | B\u00e1lint \u00c1gnes:  Az elvar\u00e1zsolt eg\u00e9rkisasszony"},"content":{"rendered":"<div class=\"opis\"><i class=\"fas fa-clock\"><\/i> <strong>sobota, 25. november 2023, 16.00<\/strong> | Gledali\u0161ka in koncertna dvorana Lendava<img loading=\"lazy\" decoding=\"async\" class=\"alignright\" title=\"Brezpla\u010dna prireditev\" src=\"https:\/\/www1.kkl.si\/wp-content\/uploads\/2020\/07\/spored_simb_brezplacna-1.svg\" alt=\"brezplacna\" width=\"30\" height=\"30\" \/><br \/>\n<i class=\"fas fa-chevron-circle-right\"><\/i> <strong>otro\u0161ka predstava v mad\u017earskem jeziku<br \/>\n<\/strong><i class=\"fas fa-info-circle\"><\/i> Vstop je brezpla\u010den.<strong><br \/>\n<\/strong>Organizator: <a href=\"https:\/\/www.kkl.si\/\">Knji\u017enica \u2013 Kulturni center Lendava \u2013 Lendvai K\u00f6nyvt\u00e1r \u00e9s Kultur\u00e1lis K\u00f6zpont<\/a><\/p>\n<blockquote><p>Po otro\u0161ki predstavi bodo ustvarjalne delavnice za otroke \u2013 <strong>Gledali\u0161ke skrivnosti<\/strong>.<\/p><\/blockquote>\n<\/div>\n<p><em>Mad\u017earski opis:<\/em><\/p>\n<p><a href=\"https:\/\/www1.kkl.si\/wp-content\/uploads\/2023\/11\/plakat_B1_egerkisasszony_2023-1.jpg\" data-lbwps-width=\"2100\" data-lbwps-height=\"3000\" data-lbwps-srcsmall=\"https:\/\/www1.kkl.si\/wp-content\/uploads\/2023\/11\/plakat_B1_egerkisasszony_2023-1.jpg\"><img loading=\"lazy\" decoding=\"async\" class=\"slika alignright wp-image-15340 size-medium\" src=\"https:\/\/www1.kkl.si\/wp-content\/uploads\/2023\/11\/plakat_B1_egerkisasszony_2023-1-scaled-280x400.jpg\" alt=\"\" width=\"280\" height=\"400\" srcset=\"https:\/\/www1.kkl.si\/wp-content\/uploads\/2023\/11\/plakat_B1_egerkisasszony_2023-1-scaled-280x400.jpg 280w, https:\/\/www1.kkl.si\/wp-content\/uploads\/2023\/11\/plakat_B1_egerkisasszony_2023-1-scaled-1050x1500.jpg 1050w, https:\/\/www1.kkl.si\/wp-content\/uploads\/2023\/11\/plakat_B1_egerkisasszony_2023-1-scaled.jpg 1792w\" sizes=\"auto, (max-width: 280px) 100vw, 280px\" \/><\/a>Pesti M\u0171v\u00e9sz Sz\u00ednh\u00e1z \u2013 Fogi Gyermeksz\u00ednh\u00e1z<\/p>\n<p><span style=\"font-size: 24pt;\">Az elvar\u00e1zsolt eg\u00e9rkisasszony<\/span><\/p>\n<p>A t\u00f6rt\u00e9netben Cukorany\u00f3 h\u00e1z\u00e1ba fogad k\u00e9t csavarg\u00f3 kisegeret: F\u00e1nit \u00e9s Surran\u00f3t. F\u00e1ni sz\u00f3fogadatlans\u00e1ga miatt m\u00e9zeskal\u00e1cs-boszork\u00e1nny\u00e1 v\u00e1ltozik. F\u00e1ni, hogy mentse Surran\u00f3t Hercsula macska el\u0151l, m\u00e9g arra is hajland\u00f3, hogy a rettent\u0151 kand\u00far szolg\u00e1lat\u00e1ba szeg\u0151dj\u00f6n. Cukorany\u00f3 mindent t\u0171v\u00e9 tesz a kisegerek\u00e9rt \u00e9s siker\u00fcl megmentenie \u0151ket a macska karmai k\u00f6z\u00fcl, v\u00e9g\u00fcl pedig F\u00e1ni a sok megpr\u00f3b\u00e1ltat\u00e1s \u00e9s kaland ut\u00e1n visszav\u00e1ltozik kiseg\u00e9rr\u00e9.<\/p>\n<p><strong>Szerepl\u0151k:<\/strong><\/p>\n<p>Cukorany\u00f3: Supp Gabi &#8211; Szab\u00f3 Zsuzsa<br \/>\nVasorr\u00fa B\u00e1ba:\u00a0 Fritz \u00c9va<br \/>\nF\u00e1ni: Magyar Vikt\u00f3ria<br \/>\nVer\u00e9b Valdem\u00e1r: Ott J\u00f3zsef<br \/>\nHercsula Macska: Umbr\u00e1th L\u00e1szl\u00f3<br \/>\nSurran\u00f3 kamasz eg\u00e9r: Czet\u0151 \u00c1d\u00e1m &#8211; Budai M\u00e1rton Zolt\u00e1n &#8211; Petri Viktor<br \/>\nVadmacska: Fogarassy Andr\u00e1s &#8211; Egri L\u00e1szl\u00f3<\/p>\n<p><strong>\u00cdr\u00f3:<\/strong> B\u00e1lint \u00c1gnes<br \/>\n<strong>Zene:<\/strong> Rossa L\u00e1szl\u00f3<br \/>\n<strong>Dalsz\u00f6veg:<\/strong> Bencze Bal\u00e1zs<br \/>\n<strong>D\u00edszlet:<\/strong> Hal\u00e1sz G P\u00e9ter<br \/>\n<strong>Jelmez:<\/strong> Reidinger M\u00e1ria<br \/>\n<strong>Rendez\u0151:<\/strong> Szab\u00f3 Zsuzsa<\/p>\n<hr \/>\n<p>K\u00c9PGAL\u00c9RIA\/FOTOGALERIJA<\/p>\n\n\t\t<style type=\"text\/css\">\n\t\t\t#gallery-1 {\n\t\t\t\tmargin: auto;\n\t\t\t}\n\t\t\t#gallery-1 .gallery-item {\n\t\t\t\tfloat: left;\n\t\t\t\tmargin-top: 10px;\n\t\t\t\ttext-align: center;\n\t\t\t\twidth: 16%;\n\t\t\t}\n\t\t\t#gallery-1 img {\n\t\t\t\tborder: 2px solid #cfcfcf;\n\t\t\t}\n\t\t\t#gallery-1 .gallery-caption {\n\t\t\t\tmargin-left: 0;\n\t\t\t}\n\t\t\t\/* see gallery_shortcode() in wp-includes\/media.php *\/\n\t\t<\/style>\n\t\t<div id='gallery-1' class='gallery galleryid-15188 gallery-columns-6 gallery-size-thumbnail'><dl class='gallery-item'>\n\t\t\t<dt class='gallery-icon landscape'>\n\t\t\t\t<a href='https:\/\/www1.kkl.si\/wp-content\/uploads\/2023\/11\/egerkisasszony1.jpg'><img loading=\"lazy\" decoding=\"async\" width=\"150\" height=\"150\" src=\"https:\/\/www1.kkl.si\/wp-content\/uploads\/2023\/11\/egerkisasszony1-150x150.jpg\" class=\"attachment-thumbnail size-thumbnail\" alt=\"\" \/><\/a>\n\t\t\t<\/dt><\/dl><dl class='gallery-item'>\n\t\t\t<dt class='gallery-icon landscape'>\n\t\t\t\t<a href='https:\/\/www1.kkl.si\/wp-content\/uploads\/2023\/11\/egerkisasszony3.jpg'><img loading=\"lazy\" decoding=\"async\" width=\"150\" height=\"150\" src=\"https:\/\/www1.kkl.si\/wp-content\/uploads\/2023\/11\/egerkisasszony3-150x150.jpg\" class=\"attachment-thumbnail size-thumbnail\" alt=\"\" \/><\/a>\n\t\t\t<\/dt><\/dl><dl class='gallery-item'>\n\t\t\t<dt class='gallery-icon portrait'>\n\t\t\t\t<a href='https:\/\/www1.kkl.si\/wp-content\/uploads\/2023\/11\/egerkisasszony2.jpg'><img loading=\"lazy\" decoding=\"async\" width=\"150\" height=\"150\" src=\"https:\/\/www1.kkl.si\/wp-content\/uploads\/2023\/11\/egerkisasszony2-150x150.jpg\" class=\"attachment-thumbnail size-thumbnail\" alt=\"\" \/><\/a>\n\t\t\t<\/dt><\/dl><dl class='gallery-item'>\n\t\t\t<dt class='gallery-icon landscape'>\n\t\t\t\t<a href='https:\/\/www1.kkl.si\/wp-content\/uploads\/2023\/11\/egerkisasszony4.jpg'><img loading=\"lazy\" decoding=\"async\" width=\"150\" height=\"150\" src=\"https:\/\/www1.kkl.si\/wp-content\/uploads\/2023\/11\/egerkisasszony4-150x150.jpg\" class=\"attachment-thumbnail size-thumbnail\" alt=\"\" \/><\/a>\n\t\t\t<\/dt><\/dl><dl class='gallery-item'>\n\t\t\t<dt class='gallery-icon landscape'>\n\t\t\t\t<a href='https:\/\/www1.kkl.si\/wp-content\/uploads\/2023\/11\/egerkisasszony5.jpg'><img loading=\"lazy\" decoding=\"async\" width=\"150\" height=\"150\" src=\"https:\/\/www1.kkl.si\/wp-content\/uploads\/2023\/11\/egerkisasszony5-150x150.jpg\" class=\"attachment-thumbnail size-thumbnail\" alt=\"\" \/><\/a>\n\t\t\t<\/dt><\/dl><dl class='gallery-item'>\n\t\t\t<dt class='gallery-icon landscape'>\n\t\t\t\t<a href='https:\/\/www1.kkl.si\/wp-content\/uploads\/2023\/11\/egerkisasszony6.jpg'><img loading=\"lazy\" decoding=\"async\" width=\"150\" height=\"150\" src=\"https:\/\/www1.kkl.si\/wp-content\/uploads\/2023\/11\/egerkisasszony6-150x150.jpg\" class=\"attachment-thumbnail size-thumbnail\" alt=\"\" \/><\/a>\n\t\t\t<\/dt><\/dl><br style=\"clear: both\" \/>\n\t\t<\/div>\n\n<hr \/>\n<p>VIDE\u00d3\/VIDEO:<\/p>\n<p><iframe loading=\"lazy\" src=\"\/\/www.youtube.com\/embed\/-_Sj2MFbEJo\" width=\"560\" height=\"314\" allowfullscreen=\"allowfullscreen\"><\/iframe><\/p>\n<p><i class=\"fas fa-link\"><\/i> <a href=\"https:\/\/www.pestimuveszszinhaz.hu\/index.php?option=com_content&amp;view=article&amp;id=111&amp;Itemid=374\">https:\/\/www.pestimuveszszinhaz.hu\/index.php?option=com_content&amp;view=article&amp;id=111&amp;Itemid=374<\/a><br \/>\n<i class=\"fas fa-link\"><\/i> <a href=\"https:\/\/port.hu\/adatlap\/szindarab\/gyerekprogram\/az-elvarazsolt-egerkisasszony\/directing-34306\">https:\/\/port.hu\/adatlap\/szindarab\/gyerekprogram\/az-elvarazsolt-egerkisasszony\/directing-34306<\/a><\/p>\n<hr \/>\n<p>Predstavo v Gledali\u0161ki in koncertni dvorani Lendava je podprla <a href=\"https:\/\/lendva.info\/go\/555\/R_lunk?lang=SI\">Mad\u017earska samoupravna narodna skupnost Ob\u010dine Lendava<\/a>.\/A Lendvai Sz\u00ednh\u00e1z- \u00e9s Hangversenyteremben tartott el\u0151ad\u00e1st a <a href=\"https:\/\/lendva.info\/go\/555\/R_lunk?lang=HU\">Lendva K\u00f6zs\u00e9gi Magyar Nemzeti \u00d6nkorm\u00e1nyzati K\u00f6z\u00f6ss\u00e9g<\/a> t\u00e1mogatta.<\/p>\n","protected":false},"excerpt":{"rendered":"<p>sobota, 25. november 2023, 16.00 | Gledali\u0161ka in koncertna dvorana Lendava otro\u0161ka predstava v mad\u017earskem jeziku Vstop je brezpla\u010den. Organizator: Knji\u017enica \u2013 Kulturni center Lendava \u2013 Lendvai K\u00f6nyvt\u00e1r \u00e9s Kultur\u00e1lis K\u00f6zpont Po otro\u0161ki predstavi bodo ustvarjalne delavnice za otroke \u2013 Gledali\u0161ke skrivnosti. Mad\u017earski opis: Pesti M\u0171v\u00e9sz Sz\u00ednh\u00e1z \u2013 Fogi Gyermeksz\u00ednh\u00e1z Az elvar\u00e1zsolt eg\u00e9rkisasszony A t\u00f6rt\u00e9netben [&hellip;]<\/p>\n","protected":false},"author":2,"featured_media":0,"parent":0,"menu_order":0,"comment_status":"closed","ping_status":"closed","template":"","meta":{"footnotes":""},"class_list":["post-15188","page","type-page","status-publish","hentry","post"],"_links":{"self":[{"href":"https:\/\/www1.kkl.si\/sl\/wp-json\/wp\/v2\/pages\/15188","targetHints":{"allow":["GET"]}}],"collection":[{"href":"https:\/\/www1.kkl.si\/sl\/wp-json\/wp\/v2\/pages"}],"about":[{"href":"https:\/\/www1.kkl.si\/sl\/wp-json\/wp\/v2\/types\/page"}],"author":[{"embeddable":true,"href":"https:\/\/www1.kkl.si\/sl\/wp-json\/wp\/v2\/users\/2"}],"replies":[{"embeddable":true,"href":"https:\/\/www1.kkl.si\/sl\/wp-json\/wp\/v2\/comments?post=15188"}],"version-history":[{"count":12,"href":"https:\/\/www1.kkl.si\/sl\/wp-json\/wp\/v2\/pages\/15188\/revisions"}],"predecessor-version":[{"id":15390,"href":"https:\/\/www1.kkl.si\/sl\/wp-json\/wp\/v2\/pages\/15188\/revisions\/15390"}],"wp:attachment":[{"href":"https:\/\/www1.kkl.si\/sl\/wp-json\/wp\/v2\/media?parent=15188"}],"curies":[{"name":"wp","href":"https:\/\/api.w.org\/{rel}","templated":true}]}}