{"id":15249,"date":"2023-11-16T17:00:45","date_gmt":"2023-11-16T16:00:45","guid":{"rendered":"https:\/\/www1.kkl.si\/?page_id=15249"},"modified":"2023-11-16T17:03:47","modified_gmt":"2023-11-16T16:03:47","slug":"eci-peci-kreativno-gledalisce-bozickova-carobna-knjiga-zelja","status":"publish","type":"page","link":"https:\/\/www1.kkl.si\/sl\/eci-peci-kreativno-gledalisce-bozickova-carobna-knjiga-zelja\/","title":{"rendered":"ECI PECI kreativno gledali\u0161\u010de: Bo\u017ei\u010dkova \u010darobna knjiga \u017eelja"},"content":{"rendered":"<div class=\"opis\"><i class=\"fas fa-clock\"><\/i> <strong>sreda, 29. november 2023, 17.00<\/strong> | Gledali\u0161ka in koncertna dvorana Lendava<img loading=\"lazy\" decoding=\"async\" class=\"alignright\" title=\"Brezpla\u010dna prireditev\" src=\"https:\/\/www1.kkl.si\/wp-content\/uploads\/2020\/07\/spored_simb_brezplacna-1.svg\" alt=\"brezplacna\" width=\"30\" height=\"30\" \/><br \/>\n<i class=\"fas fa-chevron-circle-right\"><\/i> <strong>otro\u0161ka predstava <span class=\"starost\">3+<\/span><br \/>\n<\/strong><i class=\"fas fa-info-circle\"><\/i> Vstop je brezpla\u010den.<strong><br \/>\n<\/strong>Organizator: <a href=\"https:\/\/www.kkl.si\/\">Knji\u017enica \u2013 Kulturni center Lendava \u2013 Lendvai K\u00f6nyvt\u00e1r \u00e9s Kultur\u00e1lis K\u00f6zpont<\/a><\/p>\n<blockquote>\n<p>Predstavi sledi <strong>Magi\u010dno rajanje<\/strong>, plesne delavnice (45 min)<\/p>\n<\/blockquote>\n<\/div>\n<p class=\"sppb-addon-title\"><span style=\"font-size: 18pt;\"><a href=\"https:\/\/www1.kkl.si\/wp-content\/uploads\/2023\/11\/plakat_B1_bozickova_knjiga_2023.jpg\" data-lbwps-width=\"1400\" data-lbwps-height=\"2000\" data-lbwps-srcsmall=\"https:\/\/www1.kkl.si\/wp-content\/uploads\/2023\/11\/plakat_B1_bozickova_knjiga_2023-280x400.jpg\"><img loading=\"lazy\" decoding=\"async\" class=\"alignright size-medium wp-image-15220\" src=\"https:\/\/www1.kkl.si\/wp-content\/uploads\/2023\/11\/plakat_B1_bozickova_knjiga_2023-280x400.jpg\" alt=\"\" width=\"280\" height=\"400\" srcset=\"https:\/\/www1.kkl.si\/wp-content\/uploads\/2023\/11\/plakat_B1_bozickova_knjiga_2023-280x400.jpg 280w, https:\/\/www1.kkl.si\/wp-content\/uploads\/2023\/11\/plakat_B1_bozickova_knjiga_2023-1050x1500.jpg 1050w, https:\/\/www1.kkl.si\/wp-content\/uploads\/2023\/11\/plakat_B1_bozickova_knjiga_2023.jpg 1400w\" sizes=\"auto, (max-width: 280px) 100vw, 280px\" \/><\/a>BO\u017dI\u010cKOVA \u010cAROBNA KNJIGA \u017dELJA<\/span><\/p>\n<p><em>(Lutkovna predstava \/ trajanje: 30 min)<\/em><\/p>\n<p>Ste se kdaj vpra\u0161ali kako lahko Bo\u017ei\u010dek uresni\u010di \u017eelje vsakega otroka na svetu? Le kje se skriva vsa ta \u010darovnija? V Bo\u017ei\u010dkovi \u010darobni knjigi \u017eelja seveda!<\/p>\n<p>Predstava <strong>BO\u017dI\u010cKOVA \u010cAROBNA KNJIGA \u017dELJA<\/strong> nas popelje v prazni\u010dno sosesko, kjer je bo\u017ei\u010dna \u010darovnija \u017ee pozabljena. \u0160kratovka Tina torej mora dokazati, da bo\u017ei\u010dna \u010darovnija res obstaja. Skozi serijo hudomu\u0161nih in sme\u0161nih poskusov, da bi s pomo\u010djo \u010darobne knjige uresni\u010dila bo\u017ei\u010dne \u017eelje osamljenega Tineta, popelje otroke v prazni\u010dni svet likov in barv.<\/p>\n<p>Nepri\u010dakovano pa se na tej magi\u010dni pustolov\u0161\u010dini zgodi najmo\u010dnej\u0161a bo\u017ei\u010dna \u010darovnija &#8211; <strong>PRIJATELJSTVO!<\/strong><\/p>\n<p>Saj najpomembnej\u0161i \u010dar bo\u017ei\u010da je, da nas zdru\u017ei in naredi \u010darobne.<\/p>\n<p><span style=\"font-size: 18pt;\">Sodelujo\u010di<\/span><\/p>\n<p><strong>Besedilo: <\/strong>slovensko otro\u0161ko ljudsko izro\u010dilo in ekipa Eci Peci<strong><br \/>\nRe\u017eija in dramaturgija: <\/strong>Ekipa Eci Peci<strong><br \/>\nAnimatorji: <\/strong>Janja Erpi\u010d, Patrik Komljenovi\u0107, Mojca Prigl<strong><br \/>\nLikovna in grafi\u010dna zasnova predstave: <\/strong>Patrik Komljenovi\u0107<strong><br \/>\nIzdelava lutk: <\/strong>Patrik Komljenovi\u0107, Boris Leskovar in Sebastjan Su\u0161nik<strong><br \/>\nAvtor glasbe: <\/strong>Jernej \u0160travs<strong><br \/>\nVokali: <\/strong>Jernej \u0160travs in Katja Vu\u010dkovi\u010d Zinrajh<\/p>\n<p><span style=\"font-size: 18pt;\">Obravnavane teme<\/span><\/p>\n<p>Predstava obravnava temo prijateljstva in odnosov med ljudmi. Na hudomu\u0161en in zabaven na\u010din poka\u017ee otrokom da \u010deprav smo si razli\u010dni, razli\u010dnih mnenj, izgleda ali starosti, lahko imamo vseeno drug drugega radi in najdemo skupne interese. Skozi serijo magi\u010dnih urokov bomo otroke popeljali v svet oblik, kjer bodo spoznali osnovne geometrijske like in kako lahko z razli\u010dnim sestavljanjem, ustvarimo popolnoma nove oblike. Z zanimivimi ugankami bodo skupaj posku\u0161ali prepoznati osnovne barve, nato pa se preizkusili \u0161e v barvnem me\u0161anju, skozi katerega bodo spoznali barvni spekter.<\/p>\n<p><span style=\"font-size: 18pt;\">Spremljevalno rajanje za otroke<\/span><\/p>\n<p><i>Z otroki bomo po predstavi skupaj zaplesali na \u010darobne prazni\u010dne pesmice in tako utrdili na\u0161a prijateljstva z hudomu\u0161nimi plesnimi koreografijami.<\/i><\/p>\n<hr \/>\n<p>FOTOGALERIJA<\/p>\n\n\t\t<style type=\"text\/css\">\n\t\t\t#gallery-1 {\n\t\t\t\tmargin: auto;\n\t\t\t}\n\t\t\t#gallery-1 .gallery-item {\n\t\t\t\tfloat: left;\n\t\t\t\tmargin-top: 10px;\n\t\t\t\ttext-align: center;\n\t\t\t\twidth: 25%;\n\t\t\t}\n\t\t\t#gallery-1 img {\n\t\t\t\tborder: 2px solid #cfcfcf;\n\t\t\t}\n\t\t\t#gallery-1 .gallery-caption {\n\t\t\t\tmargin-left: 0;\n\t\t\t}\n\t\t\t\/* see gallery_shortcode() in wp-includes\/media.php *\/\n\t\t<\/style>\n\t\t<div id='gallery-1' class='gallery galleryid-15249 gallery-columns-4 gallery-size-thumbnail'><dl class='gallery-item'>\n\t\t\t<dt class='gallery-icon portrait'>\n\t\t\t\t<a href='https:\/\/www1.kkl.si\/wp-content\/uploads\/2023\/11\/eci-peci_bozickova_knjiga1.jpg'><img loading=\"lazy\" decoding=\"async\" width=\"150\" height=\"150\" src=\"https:\/\/www1.kkl.si\/wp-content\/uploads\/2023\/11\/eci-peci_bozickova_knjiga1-150x150.jpg\" class=\"attachment-thumbnail size-thumbnail\" alt=\"\" \/><\/a>\n\t\t\t<\/dt><\/dl><dl class='gallery-item'>\n\t\t\t<dt class='gallery-icon landscape'>\n\t\t\t\t<a href='https:\/\/www1.kkl.si\/wp-content\/uploads\/2023\/11\/eci-peci_bozickova_knjiga2.jpg'><img loading=\"lazy\" decoding=\"async\" width=\"150\" height=\"150\" src=\"https:\/\/www1.kkl.si\/wp-content\/uploads\/2023\/11\/eci-peci_bozickova_knjiga2-150x150.jpg\" class=\"attachment-thumbnail size-thumbnail\" alt=\"\" \/><\/a>\n\t\t\t<\/dt><\/dl><dl class='gallery-item'>\n\t\t\t<dt class='gallery-icon landscape'>\n\t\t\t\t<a href='https:\/\/www1.kkl.si\/wp-content\/uploads\/2023\/11\/eci-peci_bozickova_knjiga3.jpg'><img loading=\"lazy\" decoding=\"async\" width=\"150\" height=\"150\" src=\"https:\/\/www1.kkl.si\/wp-content\/uploads\/2023\/11\/eci-peci_bozickova_knjiga3-150x150.jpg\" class=\"attachment-thumbnail size-thumbnail\" alt=\"\" \/><\/a>\n\t\t\t<\/dt><\/dl><dl class='gallery-item'>\n\t\t\t<dt class='gallery-icon landscape'>\n\t\t\t\t<a href='https:\/\/www1.kkl.si\/wp-content\/uploads\/2023\/11\/eci-peci_bozickova_knjiga4.jpg'><img loading=\"lazy\" decoding=\"async\" width=\"150\" height=\"150\" src=\"https:\/\/www1.kkl.si\/wp-content\/uploads\/2023\/11\/eci-peci_bozickova_knjiga4-150x150.jpg\" class=\"attachment-thumbnail size-thumbnail\" alt=\"\" \/><\/a>\n\t\t\t<\/dt><\/dl><br style=\"clear: both\" \/>\n\t\t<\/div>\n\n<hr \/>\n<p><i class=\"fas fa-link\"><\/i> <a href=\"https:\/\/www.ecipeci.si\/ponudba\/predstave\/bozickova-knjiga-zelja\">https:\/\/www.ecipeci.si\/ponudba\/predstave\/bozickova-knjiga-zelja<\/a><\/p>\n","protected":false},"excerpt":{"rendered":"<p>sreda, 29. november 2023, 17.00 | Gledali\u0161ka in koncertna dvorana Lendava otro\u0161ka predstava 3+ Vstop je brezpla\u010den. Organizator: Knji\u017enica \u2013 Kulturni center Lendava \u2013 Lendvai K\u00f6nyvt\u00e1r \u00e9s Kultur\u00e1lis K\u00f6zpont Predstavi sledi Magi\u010dno rajanje, plesne delavnice (45 min) BO\u017dI\u010cKOVA \u010cAROBNA KNJIGA \u017dELJA (Lutkovna predstava \/ trajanje: 30 min) Ste se kdaj vpra\u0161ali kako lahko Bo\u017ei\u010dek uresni\u010di [&hellip;]<\/p>\n","protected":false},"author":2,"featured_media":15220,"parent":0,"menu_order":0,"comment_status":"closed","ping_status":"closed","template":"","meta":{"footnotes":""},"class_list":["post-15249","page","type-page","status-publish","has-post-thumbnail","hentry","post","post-with-thumbnail","post-with-thumbnail-icon"],"_links":{"self":[{"href":"https:\/\/www1.kkl.si\/sl\/wp-json\/wp\/v2\/pages\/15249","targetHints":{"allow":["GET"]}}],"collection":[{"href":"https:\/\/www1.kkl.si\/sl\/wp-json\/wp\/v2\/pages"}],"about":[{"href":"https:\/\/www1.kkl.si\/sl\/wp-json\/wp\/v2\/types\/page"}],"author":[{"embeddable":true,"href":"https:\/\/www1.kkl.si\/sl\/wp-json\/wp\/v2\/users\/2"}],"replies":[{"embeddable":true,"href":"https:\/\/www1.kkl.si\/sl\/wp-json\/wp\/v2\/comments?post=15249"}],"version-history":[{"count":5,"href":"https:\/\/www1.kkl.si\/sl\/wp-json\/wp\/v2\/pages\/15249\/revisions"}],"predecessor-version":[{"id":15262,"href":"https:\/\/www1.kkl.si\/sl\/wp-json\/wp\/v2\/pages\/15249\/revisions\/15262"}],"wp:featuredmedia":[{"embeddable":true,"href":"https:\/\/www1.kkl.si\/sl\/wp-json\/wp\/v2\/media\/15220"}],"wp:attachment":[{"href":"https:\/\/www1.kkl.si\/sl\/wp-json\/wp\/v2\/media?parent=15249"}],"curies":[{"name":"wp","href":"https:\/\/api.w.org\/{rel}","templated":true}]}}