{"id":15298,"date":"2023-11-23T08:58:10","date_gmt":"2023-11-23T07:58:10","guid":{"rendered":"https:\/\/www1.kkl.si\/?page_id=15298"},"modified":"2023-11-23T09:27:33","modified_gmt":"2023-11-23T08:27:33","slug":"siti-teater-btc-mali-otroci-veliki-problemi","status":"publish","type":"page","link":"https:\/\/www1.kkl.si\/sl\/siti-teater-btc-mali-otroci-veliki-problemi\/","title":{"rendered":"SiTi Teater BTC: Mali otroci, veliki problemi"},"content":{"rendered":"<div class=\"opis\"><i class=\"fas fa-clock\"><\/i> <strong>ponedeljek, 11. december 2023, 19.00<\/strong> | Gledali\u0161ka in koncertna dvorana Lendava<img loading=\"lazy\" decoding=\"async\" class=\"alignright\" title=\"Brezpla\u010dna prireditev\" src=\"https:\/\/www1.kkl.si\/wp-content\/uploads\/2020\/07\/spored_simb_brezplacna-1.svg\" alt=\"brezplacna\" width=\"30\" height=\"30\" \/><br \/>\n<i class=\"fas fa-chevron-circle-right\"><\/i> <strong>stand-up komedija<\/strong><br \/>\n<i class=\"fas fa-info-circle\"><\/i> Vstop je brezpla\u010den. Brezpla\u010dne vstopnice bodo na voljo na blagajni GKD Lendava.<strong><br \/>\n<\/strong>Organizator: <a href=\"https:\/\/www.kkl.si\/\">Knji\u017enica \u2013 Kulturni center Lendava \u2013 Lendvai K\u00f6nyvt\u00e1r \u00e9s Kultur\u00e1lis K\u00f6zpont<\/a><\/div>\n<p><img loading=\"lazy\" decoding=\"async\" class=\"alignnone size-large wp-image-15299\" src=\"https:\/\/www1.kkl.si\/wp-content\/uploads\/2023\/11\/siti_mali_otroci_naslovna-1500x454.jpg\" alt=\"\" width=\"1500\" height=\"454\" srcset=\"https:\/\/www1.kkl.si\/wp-content\/uploads\/2023\/11\/siti_mali_otroci_naslovna.jpg 1500w, https:\/\/www1.kkl.si\/wp-content\/uploads\/2023\/11\/siti_mali_otroci_naslovna-400x121.jpg 400w\" sizes=\"auto, (max-width: 1500px) 100vw, 1500px\" \/><\/p>\n<p class=\"sppb-addon-title\"><span style=\"font-size: 18pt;\"><a href=\"https:\/\/www1.kkl.si\/wp-content\/uploads\/2023\/11\/plakat_B1_december_2023_DVOJ.jpg\" data-lbwps-width=\"2100\" data-lbwps-height=\"3000\" data-lbwps-srcsmall=\"https:\/\/www1.kkl.si\/wp-content\/uploads\/2023\/11\/plakat_B1_december_2023_DVOJ.jpg\"><img loading=\"lazy\" decoding=\"async\" class=\"slika alignright wp-image-15283 size-medium\" src=\"https:\/\/www1.kkl.si\/wp-content\/uploads\/2023\/11\/plakat_B1_december_2023_DVOJ-scaled-280x400.jpg\" alt=\"\" width=\"280\" height=\"400\" srcset=\"https:\/\/www1.kkl.si\/wp-content\/uploads\/2023\/11\/plakat_B1_december_2023_DVOJ-scaled-280x400.jpg 280w, https:\/\/www1.kkl.si\/wp-content\/uploads\/2023\/11\/plakat_B1_december_2023_DVOJ-scaled-1050x1500.jpg 1050w, https:\/\/www1.kkl.si\/wp-content\/uploads\/2023\/11\/plakat_B1_december_2023_DVOJ-scaled.jpg 1792w\" sizes=\"auto, (max-width: 280px) 100vw, 280px\" \/><\/a>Mali otroci, veliki problemi<\/span><br \/>\nstand-up komedija<\/p>\n<p>&#8220;Mali otroci, mali problemi, veliki otroci, veliki problemi!&#8221; je pregovor, ki ga je sli\u0161al \u017ee vsak star\u0161. Pa je resni\u010den? Je uvertura v star\u0161evstvo res preprosta in te\u017eavnost tega poklica zraste \u0161ele z leti? S temi in podobnimi vpra\u0161anji se bosta v stand up predstavi ukvarjala mlada o\u010dka, <strong>Uro\u0161 Kuzman<\/strong> in <strong>Ale\u0161 Novak<\/strong>, prvi z dvema \u0161oloobveznima pretepa\u010dema in drugi s sve\u017ee pokakano plenico v rokah. \u010cigavi problemi so ve\u010dji? Ne vemo! Vemo pa, da bosta oba vesela prilo\u017enosti, da lahko za poldrugo uro smeha pobegneta v va\u0161o dru\u017ebo. Ker saj veste, kaj pravijo, ko ima\u0161 enkrat otroke, je vsak izgovor dober, da gre\u0161 z doma!<\/p>\n<p>\n<span style=\"font-size: 18pt;\">Sodelujo\u010di<\/span><\/p>\n<p>Scenografija: <strong>David Andrej Francky<\/strong> in <strong>Boris Britov\u0161ek<\/strong><br \/>\nGlasbena oprema: <strong>Andrej Ho\u010devar<\/strong><br \/>\nKostumi: <strong>Nena Hribar<\/strong><br \/>\nOblikovanje: <strong>Jure Tovrljan<\/strong><br \/>\nFotografija: <strong>Jure Dobel\u0161ek<\/strong><\/p>\n<p>Igrata: <strong>Uro\u0161 Kuzman<\/strong> in <strong>Ale\u0161 Novak<\/strong><i><\/i><\/p>\n<hr \/>\n<p>FOTOGALERIJA<\/p>\n\n\t\t<style type=\"text\/css\">\n\t\t\t#gallery-1 {\n\t\t\t\tmargin: auto;\n\t\t\t}\n\t\t\t#gallery-1 .gallery-item {\n\t\t\t\tfloat: left;\n\t\t\t\tmargin-top: 10px;\n\t\t\t\ttext-align: center;\n\t\t\t\twidth: 20%;\n\t\t\t}\n\t\t\t#gallery-1 img {\n\t\t\t\tborder: 2px solid #cfcfcf;\n\t\t\t}\n\t\t\t#gallery-1 .gallery-caption {\n\t\t\t\tmargin-left: 0;\n\t\t\t}\n\t\t\t\/* see gallery_shortcode() in wp-includes\/media.php *\/\n\t\t<\/style>\n\t\t<div id='gallery-1' class='gallery galleryid-15298 gallery-columns-5 gallery-size-thumbnail'><dl class='gallery-item'>\n\t\t\t<dt class='gallery-icon landscape'>\n\t\t\t\t<a href='https:\/\/www1.kkl.si\/wp-content\/uploads\/2023\/11\/Kuzman_Novak_social_ig_post_b.jpg'><img loading=\"lazy\" decoding=\"async\" width=\"150\" height=\"150\" src=\"https:\/\/www1.kkl.si\/wp-content\/uploads\/2023\/11\/Kuzman_Novak_social_ig_post_b-150x150.jpg\" class=\"attachment-thumbnail size-thumbnail\" alt=\"\" srcset=\"https:\/\/www1.kkl.si\/wp-content\/uploads\/2023\/11\/Kuzman_Novak_social_ig_post_b-150x150.jpg 150w, https:\/\/www1.kkl.si\/wp-content\/uploads\/2023\/11\/Kuzman_Novak_social_ig_post_b-400x400.jpg 400w, https:\/\/www1.kkl.si\/wp-content\/uploads\/2023\/11\/Kuzman_Novak_social_ig_post_b.jpg 625w\" sizes=\"auto, (max-width: 150px) 100vw, 150px\" \/><\/a>\n\t\t\t<\/dt><\/dl><dl class='gallery-item'>\n\t\t\t<dt class='gallery-icon landscape'>\n\t\t\t\t<a href='https:\/\/www1.kkl.si\/wp-content\/uploads\/2023\/11\/mali_otroci2_Matej-Pusnik-8977_b.jpg'><img loading=\"lazy\" decoding=\"async\" width=\"150\" height=\"150\" src=\"https:\/\/www1.kkl.si\/wp-content\/uploads\/2023\/11\/mali_otroci2_Matej-Pusnik-8977_b-150x150.jpg\" class=\"attachment-thumbnail size-thumbnail\" alt=\"\" \/><\/a>\n\t\t\t<\/dt><\/dl><dl class='gallery-item'>\n\t\t\t<dt class='gallery-icon landscape'>\n\t\t\t\t<a href='https:\/\/www1.kkl.si\/wp-content\/uploads\/2023\/11\/mali_otroci3_Matej-Pusnik-9026_b.jpg'><img loading=\"lazy\" decoding=\"async\" width=\"150\" height=\"150\" src=\"https:\/\/www1.kkl.si\/wp-content\/uploads\/2023\/11\/mali_otroci3_Matej-Pusnik-9026_b-150x150.jpg\" class=\"attachment-thumbnail size-thumbnail\" alt=\"\" \/><\/a>\n\t\t\t<\/dt><\/dl><dl class='gallery-item'>\n\t\t\t<dt class='gallery-icon landscape'>\n\t\t\t\t<a href='https:\/\/www1.kkl.si\/wp-content\/uploads\/2023\/11\/mali_otroci4_Matej-Pusnik-9316_b.jpg'><img loading=\"lazy\" decoding=\"async\" width=\"150\" height=\"150\" src=\"https:\/\/www1.kkl.si\/wp-content\/uploads\/2023\/11\/mali_otroci4_Matej-Pusnik-9316_b-150x150.jpg\" class=\"attachment-thumbnail size-thumbnail\" alt=\"\" \/><\/a>\n\t\t\t<\/dt><\/dl><dl class='gallery-item'>\n\t\t\t<dt class='gallery-icon landscape'>\n\t\t\t\t<a href='https:\/\/www1.kkl.si\/wp-content\/uploads\/2023\/11\/mali_otroci5_Matej-Pusnik-9731_b.jpg'><img loading=\"lazy\" decoding=\"async\" width=\"150\" height=\"150\" src=\"https:\/\/www1.kkl.si\/wp-content\/uploads\/2023\/11\/mali_otroci5_Matej-Pusnik-9731_b-150x150.jpg\" class=\"attachment-thumbnail size-thumbnail\" alt=\"\" \/><\/a>\n\t\t\t<\/dt><\/dl><br style=\"clear: both\" \/>\n\t\t<\/div>\n\n<p>VIDEO (INTERVJU Z IGRALCEMA)<\/p>\n<p><iframe loading=\"lazy\" title=\"KAJ DOGAJA - URO\u0160 KUZMAN IN ALE\u0160 NOVAK\" width=\"720\" height=\"405\" src=\"https:\/\/www.youtube.com\/embed\/pZ8EEf90VHU?feature=oembed\" frameborder=\"0\" allow=\"accelerometer; autoplay; clipboard-write; encrypted-media; gyroscope; picture-in-picture; web-share\" allowfullscreen><\/iframe><\/p>\n<p><i class=\"fas fa-link\"><\/i> <a href=\"https:\/\/www.sititeater.si\/predstave-siti-teatra-btc\/mali-otroci-veliki-problemi\/\">https:\/\/www.sititeater.si\/predstave-siti-teatra-btc\/mali-otroci-veliki-problemi\/<\/a><\/p>\n<hr \/>\n<p><em>Prireditev v Gledali\u0161ki in koncertni dvorani Lendava je podprlo <a href=\"https:\/\/www.gov.si\/drzavni-organi\/ministrstva\/ministrstvo-za-kulturo\/\">Ministrstvo za kulturo Republike Slovenije<\/a>.<\/em><\/p>\n","protected":false},"excerpt":{"rendered":"<p>ponedeljek, 11. december 2023, 19.00 | Gledali\u0161ka in koncertna dvorana Lendava stand-up komedija Vstop je brezpla\u010den. Brezpla\u010dne vstopnice bodo na voljo na blagajni GKD Lendava. Organizator: Knji\u017enica \u2013 Kulturni center Lendava \u2013 Lendvai K\u00f6nyvt\u00e1r \u00e9s Kultur\u00e1lis K\u00f6zpont Mali otroci, veliki problemi stand-up komedija &#8220;Mali otroci, mali problemi, veliki otroci, veliki problemi!&#8221; je pregovor, ki ga [&hellip;]<\/p>\n","protected":false},"author":2,"featured_media":15283,"parent":0,"menu_order":0,"comment_status":"closed","ping_status":"closed","template":"","meta":{"footnotes":""},"class_list":["post-15298","page","type-page","status-publish","has-post-thumbnail","hentry","post","post-with-thumbnail","post-with-thumbnail-icon"],"_links":{"self":[{"href":"https:\/\/www1.kkl.si\/sl\/wp-json\/wp\/v2\/pages\/15298","targetHints":{"allow":["GET"]}}],"collection":[{"href":"https:\/\/www1.kkl.si\/sl\/wp-json\/wp\/v2\/pages"}],"about":[{"href":"https:\/\/www1.kkl.si\/sl\/wp-json\/wp\/v2\/types\/page"}],"author":[{"embeddable":true,"href":"https:\/\/www1.kkl.si\/sl\/wp-json\/wp\/v2\/users\/2"}],"replies":[{"embeddable":true,"href":"https:\/\/www1.kkl.si\/sl\/wp-json\/wp\/v2\/comments?post=15298"}],"version-history":[{"count":6,"href":"https:\/\/www1.kkl.si\/sl\/wp-json\/wp\/v2\/pages\/15298\/revisions"}],"predecessor-version":[{"id":15319,"href":"https:\/\/www1.kkl.si\/sl\/wp-json\/wp\/v2\/pages\/15298\/revisions\/15319"}],"wp:featuredmedia":[{"embeddable":true,"href":"https:\/\/www1.kkl.si\/sl\/wp-json\/wp\/v2\/media\/15283"}],"wp:attachment":[{"href":"https:\/\/www1.kkl.si\/sl\/wp-json\/wp\/v2\/media?parent=15298"}],"curies":[{"name":"wp","href":"https:\/\/api.w.org\/{rel}","templated":true}]}}